{"id":20808,"date":"2020-06-20T22:59:35","date_gmt":"2020-06-20T19:59:35","guid":{"rendered":"https:\/\/woodinout.net\/product\/traformsorterare-pussel\/"},"modified":"2022-04-06T09:03:45","modified_gmt":"2022-04-06T06:03:45","slug":"traformssorterare","status":"publish","type":"product","link":"https:\/\/woodinout.net\/sv\/product\/traformssorterare\/","title":{"rendered":"Tr\u00e4formsorterare &#8211; pussel"},"content":{"rendered":"<p>Tr\u00e4formsorterare &#8211; v\u00e4rdefull, uppskattad av f\u00f6r\u00e4ldrar och snygg Baby g\u00e5va! Montessori babyleksaker \u00e4r v\u00e4lk\u00e4nda \u00f6ver hela v\u00e4rlden, denna babyformsorterare \u00e4r en av dem.<br \/>\nTr\u00e4sorteringsleksaker \u00e4r den b\u00e4sta babyutvecklingspresenten till dina n\u00e4ra och k\u00e4ra. Vi kommer att g\u00f6ra detta tr\u00e4pussel till en personlig g\u00e5va med din \u00f6nskade text p\u00e5 baksidan graverad. Tr\u00e4block \u00e4r s\u00e5 snygga, passar alla stilar barnkammare inredning. Tr\u00e4inl\u00e4rningsleksaker \u00e4r det vi g\u00f6r b\u00e4st p\u00e5 Woodinout, f\u00e5 denna tr\u00e4formsorterare och g\u00e5 med i familjen av glada kunder!<\/p>\n<p>Kommer att f\u00f6rb\u00e4ttra finmotorik;<br \/>\nKommer att utveckla \u00f6gonhandkoordinering;<br \/>\nBaby kommer att l\u00e4ra sig formnamn;<\/p>\n<p>Hitta fler Montessori-inspirerade babyg\u00e5vor <a href=\"https:\/\/woodinout.net\/product-category\/wooden-toys\/baby-toys\/\">H\u00c4R.<\/a><\/p>\n<p>Kit inneh\u00e5ller av:<br \/>\nTr\u00e4form sorteringsbr\u00e4da<br \/>\n9 former\/tr\u00e4block<\/p>\n<p>M\u00c5TT<\/p>\n<p>Tal<br \/>\nH\u00f6jd: ~6.7 inches<br \/>\nL\u00e4ngd: ~7.9 inches<br \/>\nTjocklek: ~0.6 inches<\/p>\n<p>F\u00c4RGER OCH MATERIAL<br \/>\nF\u00e4rg: m\u00f6rkbrun och naturlig oljad.<br \/>\nLeksaken \u00e4r tillverkad av NATURLIGT MASSIVT TR\u00c4.<br \/>\nObservera att f\u00e4rgerna kan variera beroende p\u00e5 inst\u00e4llningar f\u00f6r datorsk\u00e4rmar och ljusning.<\/p>\n<p>F\u00f6r fler id\u00e9er, f\u00f6lj oss p\u00e5 <a href=\"https:\/\/www.instagram.com\/woodinout\/\">INSTAGRAM<\/a> &amp; <a href=\"https:\/\/www.facebook.com\/Woodinout.net\">FACEBOOK<\/a><\/p>\n","protected":false},"excerpt":{"rendered":"<p>Tr\u00e4formsorterare &#8211; v\u00e4rdefull, uppskattad av f\u00f6r\u00e4ldrar och snygg Baby g\u00e5va! Montessori babyleksaker \u00e4r v\u00e4lk\u00e4nda \u00f6ver hela v\u00e4rlden, denna babyformsorterare \u00e4r en av dem. Tr\u00e4sorteringsleksaker \u00e4r den b\u00e4sta babyutvecklingspresenten till dina n\u00e4ra och k\u00e4ra. Vi kommer att g\u00f6ra detta tr\u00e4pussel till en personlig g\u00e5va med din \u00f6nskade text p\u00e5 baksidan graverad. Tr\u00e4block \u00e4r s\u00e5 snygga, passar [&hellip;]<\/p>\n","protected":false},"featured_media":17132,"template":"","meta":{"_monsterinsights_skip_tracking":false,"_monsterinsights_sitenote_active":false,"_monsterinsights_sitenote_note":"","_monsterinsights_sitenote_category":0},"product_cat":[1442,1432,1437,1428],"product_tag":[1507,1491,1486,1525,1496,1482,1513,1475,1456,1466,1520,1502,1446],"yoast_head":"<!-- This site is optimized with the Yoast SEO plugin v22.1 - https:\/\/yoast.com\/wordpress\/plugins\/seo\/ -->\n<title>Tr\u00e4formsorterare - pussel - Woodinout \u00a9 Montessori leksaker<\/title>\n<meta name=\"description\" content=\"Tidiga pedagogiska leksaker f\u00f6r baby m\u00e5ste vara - Naturliga och handgjorda. Denna tr\u00e4formsorterare - pussel \u00e4r exakt det! \u00d6ver hela v\u00e4rlden frakt.\" \/>\n<meta name=\"robots\" content=\"index, follow, max-snippet:-1, max-image-preview:large, max-video-preview:-1\" \/>\n<link rel=\"canonical\" href=\"https:\/\/woodinout.net\/sv\/product\/traformssorterare\/\" \/>\n<meta property=\"og:locale\" content=\"sv_SE\" \/>\n<meta property=\"og:type\" content=\"article\" \/>\n<meta property=\"og:title\" content=\"Tr\u00e4formsorterare - pussel - Woodinout \u00a9 Montessori leksaker\" \/>\n<meta property=\"og:description\" content=\"Tidiga pedagogiska leksaker f\u00f6r baby m\u00e5ste vara - Naturliga och handgjorda. Denna tr\u00e4formsorterare - pussel \u00e4r exakt det! \u00d6ver hela v\u00e4rlden frakt.\" \/>\n<meta property=\"og:url\" content=\"https:\/\/woodinout.net\/sv\/product\/traformssorterare\/\" \/>\n<meta property=\"og:site_name\" content=\"Woodinout \u00a9\" \/>\n<meta property=\"article:modified_time\" content=\"2022-04-06T06:03:45+00:00\" \/>\n<meta property=\"og:image\" content=\"https:\/\/woodinout.net\/wp-content\/uploads\/2020\/06\/Wood-shape-sorter-1.jpg\" \/>\n\t<meta property=\"og:image:width\" content=\"853\" \/>\n\t<meta property=\"og:image:height\" content=\"1280\" \/>\n\t<meta property=\"og:image:type\" content=\"image\/jpeg\" \/>\n<meta name=\"twitter:card\" content=\"summary_large_image\" \/>\n<meta name=\"twitter:label1\" content=\"Ber\u00e4knad l\u00e4stid\" \/>\n\t<meta name=\"twitter:data1\" content=\"1 minut\" \/>\n<script type=\"application\/ld+json\" class=\"yoast-schema-graph\">{\"@context\":\"https:\/\/schema.org\",\"@graph\":[{\"@type\":\"WebPage\",\"@id\":\"https:\/\/woodinout.net\/sv\/product\/traformssorterare\/\",\"url\":\"https:\/\/woodinout.net\/sv\/product\/traformssorterare\/\",\"name\":\"Tr\u00e4formsorterare - pussel - Woodinout \u00a9 Montessori leksaker\",\"isPartOf\":{\"@id\":\"https:\/\/woodinout.net\/sv\/#website\"},\"datePublished\":\"2020-06-20T19:59:35+00:00\",\"dateModified\":\"2022-04-06T06:03:45+00:00\",\"description\":\"Tidiga pedagogiska leksaker f\u00f6r baby m\u00e5ste vara - Naturliga och handgjorda. Denna tr\u00e4formsorterare - pussel \u00e4r exakt det! \u00d6ver hela v\u00e4rlden frakt.\",\"breadcrumb\":{\"@id\":\"https:\/\/woodinout.net\/sv\/product\/traformssorterare\/#breadcrumb\"},\"inLanguage\":\"sv-SE\",\"potentialAction\":[{\"@type\":\"ReadAction\",\"target\":[\"https:\/\/woodinout.net\/sv\/product\/traformssorterare\/\"]}]},{\"@type\":\"BreadcrumbList\",\"@id\":\"https:\/\/woodinout.net\/sv\/product\/traformssorterare\/#breadcrumb\",\"itemListElement\":[{\"@type\":\"ListItem\",\"position\":1,\"name\":\"Home\",\"item\":\"https:\/\/woodinout.net\/sv\/\"},{\"@type\":\"ListItem\",\"position\":2,\"name\":\"Shop\",\"item\":\"https:\/\/woodinout.net\/shop\/\"},{\"@type\":\"ListItem\",\"position\":3,\"name\":\"Tr\u00e4formsorterare &#8211; pussel\"}]},{\"@type\":\"WebSite\",\"@id\":\"https:\/\/woodinout.net\/sv\/#website\",\"url\":\"https:\/\/woodinout.net\/sv\/\",\"name\":\"Woodinout \u00a9\",\"description\":\"Wooden Montessori toys, gifts, home and events decor details\",\"potentialAction\":[{\"@type\":\"SearchAction\",\"target\":{\"@type\":\"EntryPoint\",\"urlTemplate\":\"https:\/\/woodinout.net\/sv\/?s={search_term_string}\"},\"query-input\":\"required name=search_term_string\"}],\"inLanguage\":\"sv-SE\"}]}<\/script>\n<!-- \/ Yoast SEO plugin. -->","yoast_head_json":{"title":"Tr\u00e4formsorterare - pussel - Woodinout \u00a9 Montessori leksaker","description":"Tidiga pedagogiska leksaker f\u00f6r baby m\u00e5ste vara - Naturliga och handgjorda. Denna tr\u00e4formsorterare - pussel \u00e4r exakt det! \u00d6ver hela v\u00e4rlden frakt.","robots":{"index":"index","follow":"follow","max-snippet":"max-snippet:-1","max-image-preview":"max-image-preview:large","max-video-preview":"max-video-preview:-1"},"canonical":"https:\/\/woodinout.net\/sv\/product\/traformssorterare\/","og_locale":"sv_SE","og_type":"article","og_title":"Tr\u00e4formsorterare - pussel - Woodinout \u00a9 Montessori leksaker","og_description":"Tidiga pedagogiska leksaker f\u00f6r baby m\u00e5ste vara - Naturliga och handgjorda. Denna tr\u00e4formsorterare - pussel \u00e4r exakt det! \u00d6ver hela v\u00e4rlden frakt.","og_url":"https:\/\/woodinout.net\/sv\/product\/traformssorterare\/","og_site_name":"Woodinout \u00a9","article_modified_time":"2022-04-06T06:03:45+00:00","og_image":[{"width":853,"height":1280,"url":"https:\/\/woodinout.net\/wp-content\/uploads\/2020\/06\/Wood-shape-sorter-1.jpg","type":"image\/jpeg"}],"twitter_card":"summary_large_image","twitter_misc":{"Ber\u00e4knad l\u00e4stid":"1 minut"},"schema":{"@context":"https:\/\/schema.org","@graph":[{"@type":"WebPage","@id":"https:\/\/woodinout.net\/sv\/product\/traformssorterare\/","url":"https:\/\/woodinout.net\/sv\/product\/traformssorterare\/","name":"Tr\u00e4formsorterare - pussel - Woodinout \u00a9 Montessori leksaker","isPartOf":{"@id":"https:\/\/woodinout.net\/sv\/#website"},"datePublished":"2020-06-20T19:59:35+00:00","dateModified":"2022-04-06T06:03:45+00:00","description":"Tidiga pedagogiska leksaker f\u00f6r baby m\u00e5ste vara - Naturliga och handgjorda. Denna tr\u00e4formsorterare - pussel \u00e4r exakt det! \u00d6ver hela v\u00e4rlden frakt.","breadcrumb":{"@id":"https:\/\/woodinout.net\/sv\/product\/traformssorterare\/#breadcrumb"},"inLanguage":"sv-SE","potentialAction":[{"@type":"ReadAction","target":["https:\/\/woodinout.net\/sv\/product\/traformssorterare\/"]}]},{"@type":"BreadcrumbList","@id":"https:\/\/woodinout.net\/sv\/product\/traformssorterare\/#breadcrumb","itemListElement":[{"@type":"ListItem","position":1,"name":"Home","item":"https:\/\/woodinout.net\/sv\/"},{"@type":"ListItem","position":2,"name":"Shop","item":"https:\/\/woodinout.net\/shop\/"},{"@type":"ListItem","position":3,"name":"Tr\u00e4formsorterare &#8211; pussel"}]},{"@type":"WebSite","@id":"https:\/\/woodinout.net\/sv\/#website","url":"https:\/\/woodinout.net\/sv\/","name":"Woodinout \u00a9","description":"Wooden Montessori toys, gifts, home and events decor details","potentialAction":[{"@type":"SearchAction","target":{"@type":"EntryPoint","urlTemplate":"https:\/\/woodinout.net\/sv\/?s={search_term_string}"},"query-input":"required name=search_term_string"}],"inLanguage":"sv-SE"}]}},"_links":{"self":[{"href":"https:\/\/woodinout.net\/sv\/wp-json\/wp\/v2\/product\/20808"}],"collection":[{"href":"https:\/\/woodinout.net\/sv\/wp-json\/wp\/v2\/product"}],"about":[{"href":"https:\/\/woodinout.net\/sv\/wp-json\/wp\/v2\/types\/product"}],"wp:featuredmedia":[{"embeddable":true,"href":"https:\/\/woodinout.net\/sv\/wp-json\/wp\/v2\/media\/17132"}],"wp:attachment":[{"href":"https:\/\/woodinout.net\/sv\/wp-json\/wp\/v2\/media?parent=20808"}],"wp:term":[{"taxonomy":"product_cat","embeddable":true,"href":"https:\/\/woodinout.net\/sv\/wp-json\/wp\/v2\/product_cat?post=20808"},{"taxonomy":"product_tag","embeddable":true,"href":"https:\/\/woodinout.net\/sv\/wp-json\/wp\/v2\/product_tag?post=20808"}],"curies":[{"name":"wp","href":"https:\/\/api.w.org\/{rel}","templated":true}]}}