{"id":20807,"date":"2020-06-20T22:42:00","date_gmt":"2020-06-20T19:42:00","guid":{"rendered":"https:\/\/woodinout.net\/product\/trasparningsnummer-1-till-10-brada\/"},"modified":"2020-06-20T22:42:00","modified_gmt":"2020-06-20T19:42:00","slug":"trasparningsbrada-med-siffror-och-rakning","status":"publish","type":"product","link":"https:\/\/woodinout.net\/sv\/product\/trasparningsbrada-med-siffror-och-rakning\/","title":{"rendered":"Tr\u00e4sp\u00e5rningsnummer 1 till 10 br\u00e4da"},"content":{"rendered":"<p>Tr\u00e4sp\u00e5rningsnummer 1 till 10 br\u00e4da med siffror och r\u00e4kning. V\u00e5ra utbildningsn\u00e4mnder \u00e4r ett roligt s\u00e4tt att l\u00e4ra sig skriva. Att sp\u00e5ra tr\u00e4nummer \u00e4r ett enkelt och roligt s\u00e4tt att l\u00e4ra sig att skriva dem. Inspirerad av Montessori matematikmaterial \u00e4r denna sp\u00e5rningsmall ocks\u00e5 perfekt f\u00f6r att resa &#8211; INGET MER gn\u00e4ll i bilen &#8211; att l\u00e4ra sig p\u00e5 spr\u00e5ng \u00e4r intressant. Vill g\u00f6ra f\u00f6r\u00e4ldrar glada, pedagogiska g\u00e5vor till barn \u00e4r vad de verkligen uppskattar. G\u00f6r det personlig g\u00e5va! &#8211; Vi graverar ditt \u00f6nskade meddelande p\u00e5 baksidan. Waldorf leksaker \u00e4r svaret p\u00e5 anv\u00e4ndbara &amp; v\u00e4rdefulla sm\u00e5barn g\u00e5vor. Hitta fler f\u00f6rskoleleksaker gjorda av tr\u00e4 i v\u00e5r butik: etsy.com\/shop\/woodinout<\/p>\n<p>Kit inneh\u00e5ller av:<br \/>\nSp\u00e5rningstavla f\u00f6r siffror<br \/>\nTr\u00e4penna<\/p>\n<p>Kommer att f\u00f6rb\u00e4ttra motoriken<\/p>\n<p>M\u00c5TT<br \/>\nH\u00f6jd: ~6 tum<br \/>\nL\u00e4ngd: ~10 inches<br \/>\nBr\u00e4dtjocklek: ~0,6 tum<\/p>\n<p>F\u00c4RGER OCH MATERIAL<br \/>\nBakgrund: m\u00f6rkbrun eller naturoljad.<br \/>\nLeksaken \u00e4r tillverkad av NATURLIGT MASSIVT TR\u00c4 och milj\u00f6v\u00e4nliga f\u00e4rger\/oljor.<br \/>\nObservera att f\u00e4rgerna kan variera beroende p\u00e5 inst\u00e4llningar f\u00f6r datorsk\u00e4rmar och ljusning.<\/p>\n","protected":false},"excerpt":{"rendered":"<p>Tr\u00e4sp\u00e5rningsnummer 1 till 10 br\u00e4da med siffror och r\u00e4kning. V\u00e5ra utbildningsn\u00e4mnder \u00e4r ett roligt s\u00e4tt att l\u00e4ra sig skriva. Att sp\u00e5ra tr\u00e4nummer \u00e4r ett enkelt och roligt s\u00e4tt att l\u00e4ra sig att skriva dem. Inspirerad av Montessori matematikmaterial \u00e4r denna sp\u00e5rningsmall ocks\u00e5 perfekt f\u00f6r att resa &#8211; INGET MER gn\u00e4ll i bilen &#8211; att l\u00e4ra [&hellip;]<\/p>\n","protected":false},"featured_media":16972,"template":"","meta":{"_monsterinsights_skip_tracking":false,"_monsterinsights_sitenote_active":false,"_monsterinsights_sitenote_note":"","_monsterinsights_sitenote_category":0},"product_cat":[1471,1469,1428],"product_tag":[1491,1486,1482,1475,1456,1466,1514,1508,1521,1446],"yoast_head":"<!-- This site is optimized with the Yoast SEO plugin v22.1 - https:\/\/yoast.com\/wordpress\/plugins\/seo\/ -->\n<title>Tr\u00e4sp\u00e5rningsnummer 1 till 10 br\u00e4da - Woodinout \u00a9<\/title>\n<meta name=\"description\" content=\"Att sp\u00e5ra nummer 1 till 10 \u00e4r nu L\u00e4tt - Kul - Snyggt. \u00c5teranv\u00e4ndbar tr\u00e4br\u00e4da med sp\u00e5rbara nummer - Handgjord och milj\u00f6v\u00e4nlig.\" \/>\n<meta name=\"robots\" content=\"index, follow, max-snippet:-1, max-image-preview:large, max-video-preview:-1\" \/>\n<link rel=\"canonical\" href=\"https:\/\/woodinout.net\/sv\/product\/trasparningsbrada-med-siffror-och-rakning\/\" \/>\n<meta property=\"og:locale\" content=\"sv_SE\" \/>\n<meta property=\"og:type\" content=\"article\" \/>\n<meta property=\"og:title\" content=\"Tr\u00e4sp\u00e5rningsnummer 1 till 10 br\u00e4da - Woodinout \u00a9\" \/>\n<meta property=\"og:description\" content=\"Att sp\u00e5ra nummer 1 till 10 \u00e4r nu L\u00e4tt - Kul - Snyggt. \u00c5teranv\u00e4ndbar tr\u00e4br\u00e4da med sp\u00e5rbara nummer - Handgjord och milj\u00f6v\u00e4nlig.\" \/>\n<meta property=\"og:url\" content=\"https:\/\/woodinout.net\/sv\/product\/trasparningsbrada-med-siffror-och-rakning\/\" \/>\n<meta property=\"og:site_name\" content=\"Woodinout \u00a9\" \/>\n<meta property=\"og:image\" content=\"https:\/\/woodinout.net\/wp-content\/uploads\/2020\/06\/Wooden-Tracing-board-with-numbers-and-counting-2.jpg\" \/>\n\t<meta property=\"og:image:width\" content=\"853\" \/>\n\t<meta property=\"og:image:height\" content=\"1280\" \/>\n\t<meta property=\"og:image:type\" content=\"image\/jpeg\" \/>\n<meta name=\"twitter:card\" content=\"summary_large_image\" \/>\n<meta name=\"twitter:label1\" content=\"Ber\u00e4knad l\u00e4stid\" \/>\n\t<meta name=\"twitter:data1\" content=\"1 minut\" \/>\n<script type=\"application\/ld+json\" class=\"yoast-schema-graph\">{\"@context\":\"https:\/\/schema.org\",\"@graph\":[{\"@type\":\"WebPage\",\"@id\":\"https:\/\/woodinout.net\/sv\/product\/trasparningsbrada-med-siffror-och-rakning\/\",\"url\":\"https:\/\/woodinout.net\/sv\/product\/trasparningsbrada-med-siffror-och-rakning\/\",\"name\":\"Tr\u00e4sp\u00e5rningsnummer 1 till 10 br\u00e4da - Woodinout \u00a9\",\"isPartOf\":{\"@id\":\"https:\/\/woodinout.net\/sv\/#website\"},\"datePublished\":\"2020-06-20T19:42:00+00:00\",\"dateModified\":\"2020-06-20T19:42:00+00:00\",\"description\":\"Att sp\u00e5ra nummer 1 till 10 \u00e4r nu L\u00e4tt - Kul - Snyggt. \u00c5teranv\u00e4ndbar tr\u00e4br\u00e4da med sp\u00e5rbara nummer - Handgjord och milj\u00f6v\u00e4nlig.\",\"breadcrumb\":{\"@id\":\"https:\/\/woodinout.net\/sv\/product\/trasparningsbrada-med-siffror-och-rakning\/#breadcrumb\"},\"inLanguage\":\"sv-SE\",\"potentialAction\":[{\"@type\":\"ReadAction\",\"target\":[\"https:\/\/woodinout.net\/sv\/product\/trasparningsbrada-med-siffror-och-rakning\/\"]}]},{\"@type\":\"BreadcrumbList\",\"@id\":\"https:\/\/woodinout.net\/sv\/product\/trasparningsbrada-med-siffror-och-rakning\/#breadcrumb\",\"itemListElement\":[{\"@type\":\"ListItem\",\"position\":1,\"name\":\"Home\",\"item\":\"https:\/\/woodinout.net\/sv\/\"},{\"@type\":\"ListItem\",\"position\":2,\"name\":\"Shop\",\"item\":\"https:\/\/woodinout.net\/shop\/\"},{\"@type\":\"ListItem\",\"position\":3,\"name\":\"Tr\u00e4sp\u00e5rningsnummer 1 till 10 br\u00e4da\"}]},{\"@type\":\"WebSite\",\"@id\":\"https:\/\/woodinout.net\/sv\/#website\",\"url\":\"https:\/\/woodinout.net\/sv\/\",\"name\":\"Woodinout \u00a9\",\"description\":\"Wooden Montessori toys, gifts, home and events decor details\",\"potentialAction\":[{\"@type\":\"SearchAction\",\"target\":{\"@type\":\"EntryPoint\",\"urlTemplate\":\"https:\/\/woodinout.net\/sv\/?s={search_term_string}\"},\"query-input\":\"required name=search_term_string\"}],\"inLanguage\":\"sv-SE\"}]}<\/script>\n<!-- \/ Yoast SEO plugin. -->","yoast_head_json":{"title":"Tr\u00e4sp\u00e5rningsnummer 1 till 10 br\u00e4da - Woodinout \u00a9","description":"Att sp\u00e5ra nummer 1 till 10 \u00e4r nu L\u00e4tt - Kul - Snyggt. \u00c5teranv\u00e4ndbar tr\u00e4br\u00e4da med sp\u00e5rbara nummer - Handgjord och milj\u00f6v\u00e4nlig.","robots":{"index":"index","follow":"follow","max-snippet":"max-snippet:-1","max-image-preview":"max-image-preview:large","max-video-preview":"max-video-preview:-1"},"canonical":"https:\/\/woodinout.net\/sv\/product\/trasparningsbrada-med-siffror-och-rakning\/","og_locale":"sv_SE","og_type":"article","og_title":"Tr\u00e4sp\u00e5rningsnummer 1 till 10 br\u00e4da - Woodinout \u00a9","og_description":"Att sp\u00e5ra nummer 1 till 10 \u00e4r nu L\u00e4tt - Kul - Snyggt. \u00c5teranv\u00e4ndbar tr\u00e4br\u00e4da med sp\u00e5rbara nummer - Handgjord och milj\u00f6v\u00e4nlig.","og_url":"https:\/\/woodinout.net\/sv\/product\/trasparningsbrada-med-siffror-och-rakning\/","og_site_name":"Woodinout \u00a9","og_image":[{"width":853,"height":1280,"url":"https:\/\/woodinout.net\/wp-content\/uploads\/2020\/06\/Wooden-Tracing-board-with-numbers-and-counting-2.jpg","type":"image\/jpeg"}],"twitter_card":"summary_large_image","twitter_misc":{"Ber\u00e4knad l\u00e4stid":"1 minut"},"schema":{"@context":"https:\/\/schema.org","@graph":[{"@type":"WebPage","@id":"https:\/\/woodinout.net\/sv\/product\/trasparningsbrada-med-siffror-och-rakning\/","url":"https:\/\/woodinout.net\/sv\/product\/trasparningsbrada-med-siffror-och-rakning\/","name":"Tr\u00e4sp\u00e5rningsnummer 1 till 10 br\u00e4da - Woodinout \u00a9","isPartOf":{"@id":"https:\/\/woodinout.net\/sv\/#website"},"datePublished":"2020-06-20T19:42:00+00:00","dateModified":"2020-06-20T19:42:00+00:00","description":"Att sp\u00e5ra nummer 1 till 10 \u00e4r nu L\u00e4tt - Kul - Snyggt. \u00c5teranv\u00e4ndbar tr\u00e4br\u00e4da med sp\u00e5rbara nummer - Handgjord och milj\u00f6v\u00e4nlig.","breadcrumb":{"@id":"https:\/\/woodinout.net\/sv\/product\/trasparningsbrada-med-siffror-och-rakning\/#breadcrumb"},"inLanguage":"sv-SE","potentialAction":[{"@type":"ReadAction","target":["https:\/\/woodinout.net\/sv\/product\/trasparningsbrada-med-siffror-och-rakning\/"]}]},{"@type":"BreadcrumbList","@id":"https:\/\/woodinout.net\/sv\/product\/trasparningsbrada-med-siffror-och-rakning\/#breadcrumb","itemListElement":[{"@type":"ListItem","position":1,"name":"Home","item":"https:\/\/woodinout.net\/sv\/"},{"@type":"ListItem","position":2,"name":"Shop","item":"https:\/\/woodinout.net\/shop\/"},{"@type":"ListItem","position":3,"name":"Tr\u00e4sp\u00e5rningsnummer 1 till 10 br\u00e4da"}]},{"@type":"WebSite","@id":"https:\/\/woodinout.net\/sv\/#website","url":"https:\/\/woodinout.net\/sv\/","name":"Woodinout \u00a9","description":"Wooden Montessori toys, gifts, home and events decor details","potentialAction":[{"@type":"SearchAction","target":{"@type":"EntryPoint","urlTemplate":"https:\/\/woodinout.net\/sv\/?s={search_term_string}"},"query-input":"required name=search_term_string"}],"inLanguage":"sv-SE"}]}},"_links":{"self":[{"href":"https:\/\/woodinout.net\/sv\/wp-json\/wp\/v2\/product\/20807"}],"collection":[{"href":"https:\/\/woodinout.net\/sv\/wp-json\/wp\/v2\/product"}],"about":[{"href":"https:\/\/woodinout.net\/sv\/wp-json\/wp\/v2\/types\/product"}],"wp:featuredmedia":[{"embeddable":true,"href":"https:\/\/woodinout.net\/sv\/wp-json\/wp\/v2\/media\/16972"}],"wp:attachment":[{"href":"https:\/\/woodinout.net\/sv\/wp-json\/wp\/v2\/media?parent=20807"}],"wp:term":[{"taxonomy":"product_cat","embeddable":true,"href":"https:\/\/woodinout.net\/sv\/wp-json\/wp\/v2\/product_cat?post=20807"},{"taxonomy":"product_tag","embeddable":true,"href":"https:\/\/woodinout.net\/sv\/wp-json\/wp\/v2\/product_tag?post=20807"}],"curies":[{"name":"wp","href":"https:\/\/api.w.org\/{rel}","templated":true}]}}