{"id":22701,"date":"2022-03-19T18:41:32","date_gmt":"2022-03-19T16:41:32","guid":{"rendered":"https:\/\/woodinout.net\/aterbetalnings-och-returpolicy\/"},"modified":"2022-03-19T18:41:32","modified_gmt":"2022-03-19T16:41:32","slug":"aterbetalnings-och-returpolicy","status":"publish","type":"page","link":"https:\/\/woodinout.net\/sv\/aterbetalnings-och-returpolicy\/","title":{"rendered":"\u00c5terbetalnings- och returpolicy"},"content":{"rendered":"\n<p><b>Det h\u00e4r \u00e4r en exempelsida.<\/b><\/p>\n\n\n\n<h3>\u00d6verblick<\/h3>\n\n\n\n<p>V\u00e5r \u00e5terbetalnings- och returpolicy varar i 30 dagar. Om det har g\u00e5tt 30 dagar sedan ditt k\u00f6p kan vi inte erbjuda dig full \u00e5terbetalning eller byte.<\/p>\n\n\n\n<p>F\u00f6r att vara ber\u00e4ttigad till en retur m\u00e5ste din vara vara oanv\u00e4nd och i samma skick som du fick den. Det m\u00e5ste ocks\u00e5 finnas i originalf\u00f6rpackningen.<\/p>\n\n\n\n<p>Flera typer av varor \u00e4r undantagna fr\u00e5n att returneras. F\u00f6rg\u00e4ngliga varor som mat, blommor, tidningar eller tidskrifter kan inte returneras. Vi accepterar inte heller produkter som \u00e4r intima eller sanit\u00e4ra varor, farliga material eller brandfarliga v\u00e4tskor eller gaser.<\/p>\n\n\n\n<p>Ytterligare artiklar som inte kan returneras:<\/p>\n\n\n\n<ul>\n<li>Presentkort<\/li>\n<li>Nedladdningsbara programvaruprodukter<\/li>\n<li>Vissa h\u00e4lso- och personliga v\u00e5rdartiklar<\/li>\n<\/ul>\n\n\n\n<p>F\u00f6r att slutf\u00f6ra din retur beh\u00f6ver vi ett kvitto eller ink\u00f6psbevis.<\/p>\n\n\n\n<p>Skicka inte tillbaka ditt k\u00f6p till tillverkaren.<\/p>\n\n\n\n<p>Det finns vissa situationer d\u00e4r endast partiella \u00e5terbetalningar beviljas:<\/p>\n\n\n\n<ul>\n<li>Bok med tydliga tecken p\u00e5 anv\u00e4ndning<\/li>\n<li>CD, DVD, VHS-band, programvara, videospel, kassettband eller vinylskiva som har \u00f6ppnats.<\/li>\n<li>Alla f\u00f6rem\u00e5l som inte \u00e4r i sitt ursprungliga skick, \u00e4r skadade eller saknar delar av sk\u00e4l som inte beror p\u00e5 v\u00e5rt fel.<\/li>\n<li>Alla varor som returneras mer \u00e4n 30 dagar efter leverans<\/li>\n<\/ul>\n\n\n\n<h2>\u00c5terbetalningar<\/h2>\n\n\n\n<p>N\u00e4r din retur har mottagits och inspekterats skickar vi dig ett e-postmeddelande f\u00f6r att meddela dig att vi har f\u00e5tt din returnerade artikel. Vi kommer ocks\u00e5 att meddela dig om godk\u00e4nnande eller avslag p\u00e5 din \u00e5terbetalning.<\/p>\n\n\n\n<p>Om du godk\u00e4nns kommer din \u00e5terbetalning att behandlas och en kredit kommer automatiskt att till\u00e4mpas p\u00e5 ditt kreditkort eller din ursprungliga betalningsmetod inom ett visst antal dagar.<\/p>\n\n\n\n<b>F\u00f6rsenade eller uteblivna \u00e5terbetalningar<\/b>\n\n\n\n<p>Om du inte har f\u00e5tt n\u00e5gon \u00e5terbetalning \u00e4nnu, kontrollera f\u00f6rst ditt bankkonto igen.<\/p>\n\n\n\n<p>Kontakta sedan ditt kreditkortsf\u00f6retag, det kan ta lite tid innan din \u00e5terbetalning publiceras officiellt.<\/p>\n\n\n\n<p>Kontakta sedan din bank. Det finns ofta en viss behandlingstid innan en \u00e5terbetalning bokf\u00f6rs.<\/p>\n\n\n\n<p>Om du har gjort allt detta och du fortfarande inte har f\u00e5tt din \u00e5terbetalning \u00e4nnu, v\u00e4nligen kontakta oss p\u00e5 {email address}.<\/p>\n\n\n\n<b>Rea artiklar<\/b>\n\n\n\n<p>Endast artiklar till ordinarie pris kan \u00e5terbetalas. F\u00f6rs\u00e4ljningsartiklar kan inte \u00e5terbetalas.<\/p>\n\n\n\n<h2>Utbyte<\/h2>\n\n\n\n<p>Vi ers\u00e4tter endast artiklar om de \u00e4r defekta eller skadade. Om du beh\u00f6ver byta ut den mot samma artikel, skicka oss ett e-postmeddelande p\u00e5 {email address} och skicka din vara till: {physical address}.<\/p>\n\n\n\n<h2>G\u00e5vor<\/h2>\n\n\n\n<p>Om varan var markerad som en g\u00e5va n\u00e4r den k\u00f6ptes och skickades direkt till dig f\u00e5r du en presentkredit f\u00f6r v\u00e4rdet av din retur. N\u00e4r den returnerade varan har mottagits skickas ett presentkort till dig.<\/p>\n\n\n\n<p>Om varan inte var markerad som en g\u00e5va n\u00e4r den k\u00f6ptes, eller om presentgivaren fick best\u00e4llningen skickad till sig sj\u00e4lv f\u00f6r att ge till dig senare, skickar vi en \u00e5terbetalning till presentgivaren och de kommer att f\u00e5 reda p\u00e5 din retur.<\/p>\n\n\n\n<h2>Frakt returer<\/h2>\n\n\n\n<p>F\u00f6r att returnera din produkt ska du skicka din produkt till: {fysisk adress}.<\/p>\n\n\n\n<p>Du kommer att vara ansvarig f\u00f6r att betala f\u00f6r dina egna fraktkostnader f\u00f6r att returnera din vara. Fraktkostnader \u00e5terbetalas inte. Om du f\u00e5r en \u00e5terbetalning kommer kostnaden f\u00f6r returfrakt att dras av fr\u00e5n din \u00e5terbetalning.<\/p>\n\n\n\n<p>Beroende p\u00e5 var du bor kan den tid det kan ta f\u00f6r din utbytta produkt att n\u00e5 dig variera.<\/p>\n\n\n\n<p>Om du returnerar dyrare artiklar kan du \u00f6verv\u00e4ga att anv\u00e4nda en sp\u00e5rbar frakttj\u00e4nst eller k\u00f6pa fraktf\u00f6rs\u00e4kring. Vi garanterar inte att vi kommer att f\u00e5 din returnerade vara.<\/p>\n\n\n\n<h2>Beh\u00f6ver du hj\u00e4lp?<\/h2>\n\n\n\n<p>Kontakta oss p\u00e5 {email} f\u00f6r fr\u00e5gor relaterade till \u00e5terbetalningar och returer.<\/p>\n","protected":false},"excerpt":{"rendered":"<p>Det h\u00e4r \u00e4r en exempelsida. \u00d6verblick V\u00e5r \u00e5terbetalnings- och returpolicy varar i 30 dagar. Om det har g\u00e5tt 30 dagar sedan ditt k\u00f6p kan vi inte erbjuda dig full \u00e5terbetalning eller byte. F\u00f6r att vara ber\u00e4ttigad till en retur m\u00e5ste din vara vara oanv\u00e4nd och i samma skick som du fick den. Det m\u00e5ste ocks\u00e5 [&hellip;]<\/p>\n","protected":false},"author":1,"featured_media":0,"parent":0,"menu_order":0,"comment_status":"closed","ping_status":"closed","template":"","meta":{"_monsterinsights_skip_tracking":false,"_monsterinsights_sitenote_active":false,"_monsterinsights_sitenote_note":"","_monsterinsights_sitenote_category":0,"footnotes":""},"yoast_head":"<!-- This site is optimized with the Yoast SEO plugin v22.1 - https:\/\/yoast.com\/wordpress\/plugins\/seo\/ -->\n<title>\u00c5terbetalnings- och returpolicy - Woodinout \u00a9<\/title>\n<meta name=\"robots\" content=\"index, follow, max-snippet:-1, max-image-preview:large, max-video-preview:-1\" \/>\n<link rel=\"canonical\" href=\"https:\/\/woodinout.net\/sv\/aterbetalnings-och-returpolicy\/\" \/>\n<meta property=\"og:locale\" content=\"sv_SE\" \/>\n<meta property=\"og:type\" content=\"article\" \/>\n<meta property=\"og:title\" content=\"\u00c5terbetalnings- och returpolicy - Woodinout \u00a9\" \/>\n<meta property=\"og:description\" content=\"Det h\u00e4r \u00e4r en exempelsida. \u00d6verblick V\u00e5r \u00e5terbetalnings- och returpolicy varar i 30 dagar. Om det har g\u00e5tt 30 dagar sedan ditt k\u00f6p kan vi inte erbjuda dig full \u00e5terbetalning eller byte. F\u00f6r att vara ber\u00e4ttigad till en retur m\u00e5ste din vara vara oanv\u00e4nd och i samma skick som du fick den. Det m\u00e5ste ocks\u00e5 [&hellip;]\" \/>\n<meta property=\"og:url\" content=\"https:\/\/woodinout.net\/sv\/aterbetalnings-och-returpolicy\/\" \/>\n<meta property=\"og:site_name\" content=\"Woodinout \u00a9\" \/>\n<meta name=\"twitter:card\" content=\"summary_large_image\" \/>\n<meta name=\"twitter:label1\" content=\"Ber\u00e4knad l\u00e4stid\" \/>\n\t<meta name=\"twitter:data1\" content=\"3 minuter\" \/>\n<script type=\"application\/ld+json\" class=\"yoast-schema-graph\">{\"@context\":\"https:\/\/schema.org\",\"@graph\":[{\"@type\":\"WebPage\",\"@id\":\"https:\/\/woodinout.net\/sv\/aterbetalnings-och-returpolicy\/\",\"url\":\"https:\/\/woodinout.net\/sv\/aterbetalnings-och-returpolicy\/\",\"name\":\"\u00c5terbetalnings- och returpolicy - Woodinout \u00a9\",\"isPartOf\":{\"@id\":\"https:\/\/woodinout.net\/sv\/#website\"},\"datePublished\":\"2022-03-19T16:41:32+00:00\",\"dateModified\":\"2022-03-19T16:41:32+00:00\",\"breadcrumb\":{\"@id\":\"https:\/\/woodinout.net\/sv\/aterbetalnings-och-returpolicy\/#breadcrumb\"},\"inLanguage\":\"sv-SE\",\"potentialAction\":[{\"@type\":\"ReadAction\",\"target\":[\"https:\/\/woodinout.net\/sv\/aterbetalnings-och-returpolicy\/\"]}]},{\"@type\":\"BreadcrumbList\",\"@id\":\"https:\/\/woodinout.net\/sv\/aterbetalnings-och-returpolicy\/#breadcrumb\",\"itemListElement\":[{\"@type\":\"ListItem\",\"position\":1,\"name\":\"Home\",\"item\":\"https:\/\/woodinout.net\/sv\/\"},{\"@type\":\"ListItem\",\"position\":2,\"name\":\"\u00c5terbetalnings- och returpolicy\"}]},{\"@type\":\"WebSite\",\"@id\":\"https:\/\/woodinout.net\/sv\/#website\",\"url\":\"https:\/\/woodinout.net\/sv\/\",\"name\":\"Woodinout \u00a9\",\"description\":\"Wooden Montessori toys, gifts, home and events decor details\",\"potentialAction\":[{\"@type\":\"SearchAction\",\"target\":{\"@type\":\"EntryPoint\",\"urlTemplate\":\"https:\/\/woodinout.net\/sv\/?s={search_term_string}\"},\"query-input\":\"required name=search_term_string\"}],\"inLanguage\":\"sv-SE\"}]}<\/script>\n<!-- \/ Yoast SEO plugin. -->","yoast_head_json":{"title":"\u00c5terbetalnings- och returpolicy - Woodinout \u00a9","robots":{"index":"index","follow":"follow","max-snippet":"max-snippet:-1","max-image-preview":"max-image-preview:large","max-video-preview":"max-video-preview:-1"},"canonical":"https:\/\/woodinout.net\/sv\/aterbetalnings-och-returpolicy\/","og_locale":"sv_SE","og_type":"article","og_title":"\u00c5terbetalnings- och returpolicy - Woodinout \u00a9","og_description":"Det h\u00e4r \u00e4r en exempelsida. \u00d6verblick V\u00e5r \u00e5terbetalnings- och returpolicy varar i 30 dagar. Om det har g\u00e5tt 30 dagar sedan ditt k\u00f6p kan vi inte erbjuda dig full \u00e5terbetalning eller byte. F\u00f6r att vara ber\u00e4ttigad till en retur m\u00e5ste din vara vara oanv\u00e4nd och i samma skick som du fick den. Det m\u00e5ste ocks\u00e5 [&hellip;]","og_url":"https:\/\/woodinout.net\/sv\/aterbetalnings-och-returpolicy\/","og_site_name":"Woodinout \u00a9","twitter_card":"summary_large_image","twitter_misc":{"Ber\u00e4knad l\u00e4stid":"3 minuter"},"schema":{"@context":"https:\/\/schema.org","@graph":[{"@type":"WebPage","@id":"https:\/\/woodinout.net\/sv\/aterbetalnings-och-returpolicy\/","url":"https:\/\/woodinout.net\/sv\/aterbetalnings-och-returpolicy\/","name":"\u00c5terbetalnings- och returpolicy - Woodinout \u00a9","isPartOf":{"@id":"https:\/\/woodinout.net\/sv\/#website"},"datePublished":"2022-03-19T16:41:32+00:00","dateModified":"2022-03-19T16:41:32+00:00","breadcrumb":{"@id":"https:\/\/woodinout.net\/sv\/aterbetalnings-och-returpolicy\/#breadcrumb"},"inLanguage":"sv-SE","potentialAction":[{"@type":"ReadAction","target":["https:\/\/woodinout.net\/sv\/aterbetalnings-och-returpolicy\/"]}]},{"@type":"BreadcrumbList","@id":"https:\/\/woodinout.net\/sv\/aterbetalnings-och-returpolicy\/#breadcrumb","itemListElement":[{"@type":"ListItem","position":1,"name":"Home","item":"https:\/\/woodinout.net\/sv\/"},{"@type":"ListItem","position":2,"name":"\u00c5terbetalnings- och returpolicy"}]},{"@type":"WebSite","@id":"https:\/\/woodinout.net\/sv\/#website","url":"https:\/\/woodinout.net\/sv\/","name":"Woodinout \u00a9","description":"Wooden Montessori toys, gifts, home and events decor details","potentialAction":[{"@type":"SearchAction","target":{"@type":"EntryPoint","urlTemplate":"https:\/\/woodinout.net\/sv\/?s={search_term_string}"},"query-input":"required name=search_term_string"}],"inLanguage":"sv-SE"}]}},"_links":{"self":[{"href":"https:\/\/woodinout.net\/sv\/wp-json\/wp\/v2\/pages\/22701"}],"collection":[{"href":"https:\/\/woodinout.net\/sv\/wp-json\/wp\/v2\/pages"}],"about":[{"href":"https:\/\/woodinout.net\/sv\/wp-json\/wp\/v2\/types\/page"}],"author":[{"embeddable":true,"href":"https:\/\/woodinout.net\/sv\/wp-json\/wp\/v2\/users\/1"}],"replies":[{"embeddable":true,"href":"https:\/\/woodinout.net\/sv\/wp-json\/wp\/v2\/comments?post=22701"}],"version-history":[{"count":0,"href":"https:\/\/woodinout.net\/sv\/wp-json\/wp\/v2\/pages\/22701\/revisions"}],"wp:attachment":[{"href":"https:\/\/woodinout.net\/sv\/wp-json\/wp\/v2\/media?parent=22701"}],"curies":[{"name":"wp","href":"https:\/\/api.w.org\/{rel}","templated":true}]}}