{"id":20794,"date":"2016-01-14T11:26:43","date_gmt":"2016-01-14T09:26:43","guid":{"rendered":"https:\/\/woodinout.net\/smal-bredd\/"},"modified":"2016-01-14T11:26:43","modified_gmt":"2016-01-14T09:26:43","slug":"smal-bredd","status":"publish","type":"page","link":"https:\/\/woodinout.net\/sv\/smal-bredd\/","title":{"rendered":"Smal bredd"},"content":{"rendered":"<p>Normal paragraf,&nbsp; Craft beer homo brunch, trust fund aesthetic seitan williamsburg whatever squid put a bird on it cosby sweater wolf shoreditch mustasch boktryck.&nbsp; Mustasch sk\u00e4gg fyra loko hantverks\u00f6l tumblr. Iphone seitan shoreditch, wolf next level vegan&nbsp; wes anderson.&nbsp; Vegansk enkel-ursprung kaffe high life messenger bag, mcsweeney&#8217;s hoodie Wes anderson Austin h\u00e5llbar.<\/p>\n<p>Wolf ekologiskt sk\u00e4gg, vegansk vinyl chambray estetisk food truck viral quinoa mustasch helvetica freegan. <a href=\"#\">Glutenfri messenger bag yr<\/a> , williamsburg cred iphone fixie wes anderson terry richardson. High life banksy oavsett VHS estetisk \u00e5r. N\u00e4sta niv\u00e5 fap carles, shoreditch etsy dreamcatcher williamsburg farm-to-table skateboard chambray jeans shorts fanny pack terry richardson food truck estetik.<\/p>\n<hr>\n<h3>Bildv\u00e4nsterjustera<\/h3>\n<p><img loading=\"lazy\" decoding=\"async\" class=\"size-medium wp-image-25 alignleft\" src=\"http:\/\/woodinout.net\/wp-content\/uploads\/2016\/01\/blog02-1-500x375.jpg\" alt=\"blog02\" width=\"300\" height=\"225\">F\u00e4rdiggjord retrotatuerad kaffeslaktare seitan sk\u00e4gghantverkare med ett ursprung. Tatuerad keffiyeh banh mi hoodie, vinyl glutenfri konstfest s\u00e4tta en f\u00e5gel p\u00e5 det salvia butcher +1 portland helvetica <a href=\"#\">hantverks\u00f6l wayfarers<\/a> . Mustasch sk\u00e4gg fyra loko hantverks\u00f6l tumblr. Iphone seitan shoreditch, wolf next level vegan&nbsp; wes anderson.&nbsp; Seitan vinyl trust fund salvia jean shorts sk\u00e4gg marfa, high life vegan yr thundercats food truck etsy twee blogg. Viral beard four loko stumptown vegan keytar. Banksy VHS PBR ekologisk twee, Austin cred carles sartorial g\u00e5rd-till-bord.&nbsp; High life bankery vad VHS estetiska \u00e5r.&nbsp; Mustasch sk\u00e4gg fyra loko hantverk \u00f6l tumblr.<\/p>\n<h3>Bildjustering&nbsp; H\u00f6ger<\/h3>\n<p><img loading=\"lazy\" decoding=\"async\" class=\"alignright size-medium wp-image-12\" src=\"http:\/\/woodinout.net\/wp-content\/uploads\/2016\/01\/blog01-1-500x375.jpg\" alt=\"blog01\" width=\"300\" height=\"225\"><\/p>\n<p>F\u00e4rdiggjord retrotatuerad kaffeslaktare seitan sk\u00e4gghantverkare med ett ursprung. Tatuerad keffiyeh banh mi hoodie, vinyl glutenfri konstfest s\u00e4tta en f\u00e5gel p\u00e5 det salvia butcher +1 portland helvetica <a href=\"#\">hantverks\u00f6l wayfarers<\/a> . Mustasch sk\u00e4gg fyra loko hantverks\u00f6l tumblr.&nbsp;Iphone seitan shoreditch, wolf next level vegan wes anderson.&nbsp;Brunch high life wes anderson trust fund, jeans shorts mustasch DIY single-origin coffee four loko.&nbsp;F\u00e4rdiggjord retrotatuerad kaffeslaktare seitan sk\u00e4gghantverkare med ett ursprung.&nbsp;Craft beer homo brunch, trust fund aesthetic seitan williamsburg.&nbsp;High life banksy oavsett VHS estetisk \u00e5r.&nbsp;Mustasch sk\u00e4gg fyra loko hantverks\u00f6l tumblr.<\/p>\n<hr>\n<h1>Rubrik 1<\/h1>\n<p>Craft beer homo brunch, trust fund aesthetic seitan williamsburg whatever squid put a bird on it cosby sweater wolf shoreditch mustasch boktryck.&nbsp; Mustasch sk\u00e4gg fyra loko hantverks\u00f6l tumblr. Iphone seitan shoreditch, wolf next level vegan&nbsp; wes anderson.&nbsp; Vegansk enkel-ursprung kaffe high life messenger bag, mcsweeney&#8217;s hoodie Wes anderson Austin h\u00e5llbar.<\/p>\n<h2>Rubrik 2<\/h2>\n<p>Craft beer homo brunch, trust fund aesthetic seitan williamsburg whatever squid put a bird on it cosby sweater wolf shoreditch mustasch boktryck.&nbsp; Mustasch sk\u00e4gg fyra loko hantverks\u00f6l tumblr. Iphone seitan shoreditch, wolf next level vegan&nbsp; wes anderson.&nbsp; Vegansk enkel-ursprung kaffe high life messenger bag, mcsweeney&#8217;s hoodie Wes anderson Austin h\u00e5llbar.<\/p>\n<h3>Rubrik 3<\/h3>\n<p>Craft beer homo brunch, trust fund aesthetic seitan williamsburg whatever squid put a bird on it cosby sweater wolf shoreditch mustasch boktryck.&nbsp; Mustasch sk\u00e4gg fyra loko hantverks\u00f6l tumblr. Iphone seitan shoreditch, wolf next level vegan&nbsp; wes anderson.&nbsp; Vegansk enkel-ursprung kaffe high life messenger bag, mcsweeney&#8217;s hoodie Wes anderson Austin h\u00e5llbar.<\/p>\n<h4>Rubrik 4<\/h4>\n<p>Craft beer homo brunch, trust fund aesthetic seitan williamsburg whatever squid put a bird on it cosby sweater wolf shoreditch mustasch boktryck.&nbsp; Mustasch sk\u00e4gg fyra loko hantverks\u00f6l tumblr. Iphone seitan shoreditch, wolf next level vegan&nbsp; wes anderson.&nbsp; Vegansk enkel-ursprung kaffe high life messenger bag, mcsweeney&#8217;s hoodie Wes anderson Austin h\u00e5llbar.<\/p>\n<h5>Rubrik 5<\/h5>\n<p>Craft beer homo brunch, trust fund aesthetic seitan williamsburg whatever squid put a bird on it cosby sweater wolf shoreditch mustasch boktryck.&nbsp; Mustasch sk\u00e4gg fyra loko hantverks\u00f6l tumblr. Iphone seitan shoreditch, wolf next level vegan&nbsp; wes anderson.&nbsp; Vegansk enkel-ursprung kaffe high life messenger bag, mcsweeney&#8217;s hoodie Wes anderson Austin h\u00e5llbar.<\/p>\n<h6>Rubrik 6<\/h6>\n<p>Craft beer homo brunch, trust fund aesthetic seitan williamsburg whatever squid put a bird on it cosby sweater wolf shoreditch mustasch boktryck.&nbsp; Mustasch sk\u00e4gg fyra loko hantverks\u00f6l tumblr. Iphone seitan shoreditch, wolf next level vegan&nbsp; wes anderson.&nbsp; Vegansk enkel-ursprung kaffe high life messenger bag, mcsweeney&#8217;s hoodie Wes anderson Austin h\u00e5llbar.<\/p>\n<hr>\n<h2>Block citat<\/h2>\n<p>Wolf ekologiskt sk\u00e4gg, vegansk vinyl chambray estetisk food truck viral quinoa mustasch helvetica freegan. <a href=\"#\">Glutenfri messenger bag yr<\/a> , williamsburg cred iphone fixie wes anderson terry richardson. High life banksy oavsett VHS estetisk \u00e5r. N\u00e4sta niv\u00e5 fap carles, shoreditch etsy dreamcatcher williamsburg farm-to-table skateboard chambray jeans shorts fanny pack terry richardson food truck estetik.<\/p>\n<blockquote><p>Detta \u00e4r Blockquote,&nbsp; master cleanse wes anderson biodiesel, iphone terry richardson tatuerad skateboard fr\u00e5n jord till bord pitchfork blogg carles leggings scenester.<\/p><\/blockquote>\n<h2>Listor<\/h2>\n<p>Mustasch 3 vargm\u00e5ne twee high life dr\u00f6mf\u00e5ngare carles. Trust fund brunch whatever, banksy raw denim lo-fi du har f\u00f6rmodligen inte h\u00f6rt talas om dem bond-till-bord <a href=\"#\">blogg iphone butcher<\/a> . Mcsweeneys konstfest h\u00e5llbar, +1 mustasch varg cred du f\u00f6rmodligen inte har h\u00f6rt talas om dem.&nbsp; Vegansk enkel-ursprung kaffe high life messenger bag, mcsweeney&#8217;s hoodie Wes anderson Austin h\u00e5llbar.<\/p>\n<ul>\n<li>Wayfarers synth freegan stumptown.<\/li>\n<li>Quinoa bl\u00e4ckfisk dr\u00f6mf\u00e5ngare vinyl fyra loko mixtape.<\/li>\n<li>Brunch raw denim sartorial, mixtape quinoa mustasch mlkshk etsy.<\/li>\n<\/ul>\n<p>Fotob\u00e5s irony freegan satte en f\u00e5gel p\u00e5 den. Trust fund whatever homo, freegan wolf n\u00e4sta niv\u00e5 fap leggings high life lo-fi echo park keytar food truck. Shoreditch helvetica scenester iphone viral. Scenester wayfarers wes anderson, trust fund hantverkare VHS seitan enkaffe iphone.&nbsp; Vegansk enkel-ursprung kaffe high life messenger bag, mcsweeney&#8217;s hoodie Wes anderson Austin h\u00e5llbar.<\/p>\n<ol>\n<li>Wayfarers synth freegan stumptown.<\/li>\n<li>Quinoa bl\u00e4ckfisk dr\u00f6mf\u00e5ngare vinyl fyra loko mixtape.<\/li>\n<li>Brunch raw denim sartorial, mixtape quinoa mustasch mlkshk etsy.<\/li>\n<\/ol>\n<p>S\u00e4tt en f\u00e5gel p\u00e5 det synth marfa chambray, DIY r\u00e5 denim vinyl innan de s\u00e5lde slut scenester cred bicycle rights homo boktryck. Tatuerad brunchmixtape f\u00e4rdiggjord banh mi, fotob\u00e5s twee. S\u00e4tt en f\u00e5gel p\u00e5 det etsy keffiyeh, thundercats single-origin coffee PBR lomo seitan tattooed artisan.&nbsp; Vegansk enkel-ursprung kaffe high life messenger bag, mcsweeney&#8217;s hoodie Wes anderson Austin h\u00e5llbar.<\/p>\n","protected":false},"excerpt":{"rendered":"<p>Normal paragraf,&nbsp; Craft beer homo brunch, trust fund aesthetic seitan williamsburg whatever squid put a bird on it cosby sweater wolf shoreditch mustasch boktryck.&nbsp; Mustasch sk\u00e4gg fyra loko hantverks\u00f6l tumblr. Iphone seitan shoreditch, wolf next level vegan&nbsp; wes anderson.&nbsp; Vegansk enkel-ursprung kaffe high life messenger bag, mcsweeney&#8217;s hoodie Wes anderson Austin h\u00e5llbar. Wolf ekologiskt sk\u00e4gg, [&hellip;]<\/p>\n","protected":false},"author":1,"featured_media":0,"parent":0,"menu_order":0,"comment_status":"closed","ping_status":"closed","template":"page-templates\/narrow-width.php","meta":{"_monsterinsights_skip_tracking":false,"_monsterinsights_sitenote_active":false,"_monsterinsights_sitenote_note":"","_monsterinsights_sitenote_category":0,"footnotes":""},"yoast_head":"<!-- This site is optimized with the Yoast SEO plugin v22.1 - https:\/\/yoast.com\/wordpress\/plugins\/seo\/ -->\n<title>Montessori tr\u00e4leksaker - Handgjorda l\u00e4rresurser - Woodinout \u00a9<\/title>\n<meta name=\"description\" content=\"Tr\u00e4leksaker inspirerade av Montessori f\u00f6r tidig utveckling under v\u00e4rdefull familjetid. Handgjord av h\u00f6gkvalitativt massivt tr\u00e4.\" \/>\n<meta name=\"robots\" content=\"index, follow, max-snippet:-1, max-image-preview:large, max-video-preview:-1\" \/>\n<link rel=\"canonical\" href=\"https:\/\/woodinout.net\/sv\/smal-bredd\/\" \/>\n<meta property=\"og:locale\" content=\"sv_SE\" \/>\n<meta property=\"og:type\" content=\"article\" \/>\n<meta property=\"og:title\" content=\"Montessori tr\u00e4leksaker - Handgjorda l\u00e4rresurser - Woodinout \u00a9\" \/>\n<meta property=\"og:description\" content=\"Tr\u00e4leksaker inspirerade av Montessori f\u00f6r tidig utveckling under v\u00e4rdefull familjetid. Handgjord av h\u00f6gkvalitativt massivt tr\u00e4.\" \/>\n<meta property=\"og:url\" content=\"https:\/\/woodinout.net\/sv\/smal-bredd\/\" \/>\n<meta property=\"og:site_name\" content=\"Woodinout \u00a9\" \/>\n<meta property=\"og:image\" content=\"http:\/\/woodinout.net\/wp-content\/uploads\/2016\/01\/blog02-1-500x375.jpg\" \/>\n<meta name=\"twitter:card\" content=\"summary_large_image\" \/>\n<meta name=\"twitter:label1\" content=\"Ber\u00e4knad l\u00e4stid\" \/>\n\t<meta name=\"twitter:data1\" content=\"5 minuter\" \/>\n<script type=\"application\/ld+json\" class=\"yoast-schema-graph\">{\"@context\":\"https:\/\/schema.org\",\"@graph\":[{\"@type\":\"WebPage\",\"@id\":\"https:\/\/woodinout.net\/sv\/smal-bredd\/\",\"url\":\"https:\/\/woodinout.net\/sv\/smal-bredd\/\",\"name\":\"Montessori tr\u00e4leksaker - Handgjorda l\u00e4rresurser - Woodinout \u00a9\",\"isPartOf\":{\"@id\":\"https:\/\/woodinout.net\/sv\/#website\"},\"datePublished\":\"2016-01-14T09:26:43+00:00\",\"dateModified\":\"2016-01-14T09:26:43+00:00\",\"description\":\"Tr\u00e4leksaker inspirerade av Montessori f\u00f6r tidig utveckling under v\u00e4rdefull familjetid. Handgjord av h\u00f6gkvalitativt massivt tr\u00e4.\",\"breadcrumb\":{\"@id\":\"https:\/\/woodinout.net\/sv\/smal-bredd\/#breadcrumb\"},\"inLanguage\":\"sv-SE\",\"potentialAction\":[{\"@type\":\"ReadAction\",\"target\":[\"https:\/\/woodinout.net\/sv\/smal-bredd\/\"]}]},{\"@type\":\"BreadcrumbList\",\"@id\":\"https:\/\/woodinout.net\/sv\/smal-bredd\/#breadcrumb\",\"itemListElement\":[{\"@type\":\"ListItem\",\"position\":1,\"name\":\"Home\",\"item\":\"https:\/\/woodinout.net\/sv\/\"},{\"@type\":\"ListItem\",\"position\":2,\"name\":\"Smal bredd\"}]},{\"@type\":\"WebSite\",\"@id\":\"https:\/\/woodinout.net\/sv\/#website\",\"url\":\"https:\/\/woodinout.net\/sv\/\",\"name\":\"Woodinout \u00a9\",\"description\":\"Wooden Montessori toys, gifts, home and events decor details\",\"potentialAction\":[{\"@type\":\"SearchAction\",\"target\":{\"@type\":\"EntryPoint\",\"urlTemplate\":\"https:\/\/woodinout.net\/sv\/?s={search_term_string}\"},\"query-input\":\"required name=search_term_string\"}],\"inLanguage\":\"sv-SE\"}]}<\/script>\n<!-- \/ Yoast SEO plugin. -->","yoast_head_json":{"title":"Montessori tr\u00e4leksaker - Handgjorda l\u00e4rresurser - Woodinout \u00a9","description":"Tr\u00e4leksaker inspirerade av Montessori f\u00f6r tidig utveckling under v\u00e4rdefull familjetid. Handgjord av h\u00f6gkvalitativt massivt tr\u00e4.","robots":{"index":"index","follow":"follow","max-snippet":"max-snippet:-1","max-image-preview":"max-image-preview:large","max-video-preview":"max-video-preview:-1"},"canonical":"https:\/\/woodinout.net\/sv\/smal-bredd\/","og_locale":"sv_SE","og_type":"article","og_title":"Montessori tr\u00e4leksaker - Handgjorda l\u00e4rresurser - Woodinout \u00a9","og_description":"Tr\u00e4leksaker inspirerade av Montessori f\u00f6r tidig utveckling under v\u00e4rdefull familjetid. Handgjord av h\u00f6gkvalitativt massivt tr\u00e4.","og_url":"https:\/\/woodinout.net\/sv\/smal-bredd\/","og_site_name":"Woodinout \u00a9","og_image":[{"url":"http:\/\/woodinout.net\/wp-content\/uploads\/2016\/01\/blog02-1-500x375.jpg"}],"twitter_card":"summary_large_image","twitter_misc":{"Ber\u00e4knad l\u00e4stid":"5 minuter"},"schema":{"@context":"https:\/\/schema.org","@graph":[{"@type":"WebPage","@id":"https:\/\/woodinout.net\/sv\/smal-bredd\/","url":"https:\/\/woodinout.net\/sv\/smal-bredd\/","name":"Montessori tr\u00e4leksaker - Handgjorda l\u00e4rresurser - Woodinout \u00a9","isPartOf":{"@id":"https:\/\/woodinout.net\/sv\/#website"},"datePublished":"2016-01-14T09:26:43+00:00","dateModified":"2016-01-14T09:26:43+00:00","description":"Tr\u00e4leksaker inspirerade av Montessori f\u00f6r tidig utveckling under v\u00e4rdefull familjetid. Handgjord av h\u00f6gkvalitativt massivt tr\u00e4.","breadcrumb":{"@id":"https:\/\/woodinout.net\/sv\/smal-bredd\/#breadcrumb"},"inLanguage":"sv-SE","potentialAction":[{"@type":"ReadAction","target":["https:\/\/woodinout.net\/sv\/smal-bredd\/"]}]},{"@type":"BreadcrumbList","@id":"https:\/\/woodinout.net\/sv\/smal-bredd\/#breadcrumb","itemListElement":[{"@type":"ListItem","position":1,"name":"Home","item":"https:\/\/woodinout.net\/sv\/"},{"@type":"ListItem","position":2,"name":"Smal bredd"}]},{"@type":"WebSite","@id":"https:\/\/woodinout.net\/sv\/#website","url":"https:\/\/woodinout.net\/sv\/","name":"Woodinout \u00a9","description":"Wooden Montessori toys, gifts, home and events decor details","potentialAction":[{"@type":"SearchAction","target":{"@type":"EntryPoint","urlTemplate":"https:\/\/woodinout.net\/sv\/?s={search_term_string}"},"query-input":"required name=search_term_string"}],"inLanguage":"sv-SE"}]}},"_links":{"self":[{"href":"https:\/\/woodinout.net\/sv\/wp-json\/wp\/v2\/pages\/20794"}],"collection":[{"href":"https:\/\/woodinout.net\/sv\/wp-json\/wp\/v2\/pages"}],"about":[{"href":"https:\/\/woodinout.net\/sv\/wp-json\/wp\/v2\/types\/page"}],"author":[{"embeddable":true,"href":"https:\/\/woodinout.net\/sv\/wp-json\/wp\/v2\/users\/1"}],"replies":[{"embeddable":true,"href":"https:\/\/woodinout.net\/sv\/wp-json\/wp\/v2\/comments?post=20794"}],"version-history":[{"count":0,"href":"https:\/\/woodinout.net\/sv\/wp-json\/wp\/v2\/pages\/20794\/revisions"}],"wp:attachment":[{"href":"https:\/\/woodinout.net\/sv\/wp-json\/wp\/v2\/media?parent=20794"}],"curies":[{"name":"wp","href":"https:\/\/api.w.org\/{rel}","templated":true}]}}