{"id":20789,"date":"2017-09-22T20:55:50","date_gmt":"2017-09-22T17:55:50","guid":{"rendered":"https:\/\/woodinout.net\/faq\/"},"modified":"2017-09-22T20:55:50","modified_gmt":"2017-09-22T17:55:50","slug":"faq","status":"publish","type":"page","link":"https:\/\/woodinout.net\/sv\/faq\/","title":{"rendered":"FAQ"},"content":{"rendered":"<p>H\u00e4r hittar du de mest popul\u00e4ra fr\u00e5gorna vi f\u00e5r. Om du inte hittade det svar du ville ha, v\u00e4nligen kontakta oss. Vi hj\u00e4lper till.<\/p>\n<p><strong>Hur l\u00e4nge tillverkar du produkter?<\/strong><\/p>\n<p>Vanligtvis tillverkas best\u00e4llda produkter inom 5-10 arbetsdagar efter betalning. Om det \u00e4r en enskild order kan produktionen vara l\u00e4ngre &#8211; 7-10 arbetsdagar. Om du beh\u00f6ver f\u00e5 produkten snabbare, kontakta de angivna kontakterna. Vi \u00e4r flexibla och vid behov kan vi tillverka produkten inom 1 dag.<\/p>\n<p><b>Leveransinformation  <\/b><\/p>\n<p>WOODINOUT-fartyg fr\u00e5n ett Litauen (Europa).<\/p>\n<p>Frakt \u00f6ver hela v\u00e4rlden!<\/p>\n<p>Via nationell registrerad posttj\u00e4nst.<\/p>\n<ul>\n<li>Frakt tar 10-25 arbetsdagar (beror p\u00e5 din leveransadressplats)\n<ul>\n<li>USA: 2-4 veckor<\/li>\n<li>Nordamerika: 2-4 veckor<\/li>\n<li>Europa: 1-2 veckor<\/li>\n<li>Australien, Nya Zeeland och Oceanien: 3-4 veckor<\/li>\n<\/ul>\n<\/li>\n<\/ul>\n<ul>\n<li>Artiklar skickas som prioriterad registrerad flygpost.<\/li>\n<\/ul>\n<p>Via Fedex express:<\/p>\n<ul>\n<li>Frakt tar 2-5 arbetsdagar (beror p\u00e5 din leveransadressplats)<\/li>\n<\/ul>\n<p>Vi g\u00f6r v\u00e5rt b\u00e4sta f\u00f6r att uppfylla dessa leveransber\u00e4kningar, men kan inte garantera dem. Den faktiska leveranstiden beror p\u00e5 vilken leveransmetod du v\u00e4ljer.<\/p>\n<p><strong>Betalningsmetoder?<\/strong><\/p>\n<ul>\n<li>Betalkort eller kreditkort<\/li>\n<li>PayPal betalningar<\/li>\n<\/ul>\n<p><strong>Betalningsmetoder vi accepterar<\/strong><\/p>\n<p>\u2022 Betalkort eller kreditkort<br \/>\n\u2022 PayPal betalningar<\/p>\n<p><strong>Kan jag returnera produkterna?<\/strong><\/p>\n<p>Returer accepteras enligt f\u00f6ljande villkor:<\/p>\n<ul>\n<li>K\u00f6paren kan returnera varorna inom 14 (fjorton) dagar fr\u00e5n leveransdagen och informera s\u00e4ljaren via e-post<\/li>\n<li>S\u00e4rskild returblankett m\u00e5ste fyllas i och skickas tillsammans med paketet. Formul\u00e4ret m\u00e5ste inneh\u00e5lla ordernummer och annan kontaktinformation som angavs under kassan<\/li>\n<li>Returnerade artiklar m\u00e5ste vara i ursprungligt skick, oanv\u00e4nda och oskadade<\/li>\n<li>Artiklar m\u00e5ste inneh\u00e5lla alla delar av originalupps\u00e4ttningen\/f\u00f6rpackningen<\/li>\n<li>Objekten m\u00e5ste vara i originalform och dimensioner \u2013 ingen anpassning<\/li>\n<\/ul>\n<p><strong>VIKTIGA UNDANTAG:<\/strong><\/p>\n<ul>\n<li>Returer accepteras inte f\u00f6r anpassade och anpassade objekt<\/li>\n<li>Frakt- och returkostnader och avgifter t\u00e4cks av k\u00f6paren. Denna del \u00e5terbetalas inte<\/li>\n<\/ul>\n<p><strong>\u00c5TERBETALNING<\/strong><\/p>\n<ul>\n<li>\u00c5terbetalning sker inom 14 dagar efter att paketet returnerats<\/li>\n<\/ul>\n<p><strong>UTBYTE<\/strong><\/p>\n<ul>\n<li>Utbyten accepteras. I s\u00e5dana fall b\u00f6r du g\u00f6ra en ny best\u00e4llning<\/li>\n<\/ul>\n<p>Pengar f\u00f6r returnerade artiklar \u00f6verf\u00f6rs endast till betalarens bankkonto.<\/p>\n<p><strong>Jag vill ha en individuell produkt, g\u00f6r du det?<\/strong><\/p>\n<p>Ja, f\u00f6r det mesta producerar vi enskilda best\u00e4llningar enligt din \u00f6nskan. Om du har n\u00e5gon aning, kontakta oss.<\/p>\n","protected":false},"excerpt":{"rendered":"<p>H\u00e4r hittar du de mest popul\u00e4ra fr\u00e5gorna vi f\u00e5r. Om du inte hittade det svar du ville ha, v\u00e4nligen kontakta oss. Vi hj\u00e4lper till. Hur l\u00e4nge tillverkar du produkter? Vanligtvis tillverkas best\u00e4llda produkter inom 5-10 arbetsdagar efter betalning. Om det \u00e4r en enskild order kan produktionen vara l\u00e4ngre &#8211; 7-10 arbetsdagar. Om du beh\u00f6ver f\u00e5 [&hellip;]<\/p>\n","protected":false},"author":1,"featured_media":0,"parent":0,"menu_order":0,"comment_status":"closed","ping_status":"closed","template":"","meta":{"_monsterinsights_skip_tracking":false,"_monsterinsights_sitenote_active":false,"_monsterinsights_sitenote_note":"","_monsterinsights_sitenote_category":0,"footnotes":""},"yoast_head":"<!-- This site is optimized with the Yoast SEO plugin v22.1 - https:\/\/yoast.com\/wordpress\/plugins\/seo\/ -->\n<title>FAQ Montessori-leksaker - Woodinout \u00a9<\/title>\n<meta name=\"description\" content=\"Milj\u00f6v\u00e4nlig, handgjord av inl\u00e4rningsleksaker i massivt tr\u00e4 av h\u00f6g kvalitet. Skaffa dem och g\u00e5 med i den stora familjen av n\u00f6jda kunder h\u00e4r p\u00e5 Woodinout-butiken.\" \/>\n<meta name=\"robots\" content=\"index, follow, max-snippet:-1, max-image-preview:large, max-video-preview:-1\" \/>\n<link rel=\"canonical\" href=\"https:\/\/woodinout.net\/sv\/faq\/\" \/>\n<meta property=\"og:locale\" content=\"sv_SE\" \/>\n<meta property=\"og:type\" content=\"article\" \/>\n<meta property=\"og:title\" content=\"FAQ Montessori-leksaker - Woodinout \u00a9\" \/>\n<meta property=\"og:description\" content=\"Milj\u00f6v\u00e4nlig, handgjord av inl\u00e4rningsleksaker i massivt tr\u00e4 av h\u00f6g kvalitet. Skaffa dem och g\u00e5 med i den stora familjen av n\u00f6jda kunder h\u00e4r p\u00e5 Woodinout-butiken.\" \/>\n<meta property=\"og:url\" content=\"https:\/\/woodinout.net\/sv\/faq\/\" \/>\n<meta property=\"og:site_name\" content=\"Woodinout \u00a9\" \/>\n<meta name=\"twitter:card\" content=\"summary_large_image\" \/>\n<meta name=\"twitter:label1\" content=\"Ber\u00e4knad l\u00e4stid\" \/>\n\t<meta name=\"twitter:data1\" content=\"2 minuter\" \/>\n<script type=\"application\/ld+json\" class=\"yoast-schema-graph\">{\"@context\":\"https:\/\/schema.org\",\"@graph\":[{\"@type\":\"WebPage\",\"@id\":\"https:\/\/woodinout.net\/sv\/faq\/\",\"url\":\"https:\/\/woodinout.net\/sv\/faq\/\",\"name\":\"FAQ Montessori-leksaker - Woodinout \u00a9\",\"isPartOf\":{\"@id\":\"https:\/\/woodinout.net\/sv\/#website\"},\"datePublished\":\"2017-09-22T17:55:50+00:00\",\"dateModified\":\"2017-09-22T17:55:50+00:00\",\"description\":\"Milj\u00f6v\u00e4nlig, handgjord av inl\u00e4rningsleksaker i massivt tr\u00e4 av h\u00f6g kvalitet. Skaffa dem och g\u00e5 med i den stora familjen av n\u00f6jda kunder h\u00e4r p\u00e5 Woodinout-butiken.\",\"breadcrumb\":{\"@id\":\"https:\/\/woodinout.net\/sv\/faq\/#breadcrumb\"},\"inLanguage\":\"sv-SE\",\"potentialAction\":[{\"@type\":\"ReadAction\",\"target\":[\"https:\/\/woodinout.net\/sv\/faq\/\"]}]},{\"@type\":\"BreadcrumbList\",\"@id\":\"https:\/\/woodinout.net\/sv\/faq\/#breadcrumb\",\"itemListElement\":[{\"@type\":\"ListItem\",\"position\":1,\"name\":\"Home\",\"item\":\"https:\/\/woodinout.net\/sv\/\"},{\"@type\":\"ListItem\",\"position\":2,\"name\":\"FAQ\"}]},{\"@type\":\"WebSite\",\"@id\":\"https:\/\/woodinout.net\/sv\/#website\",\"url\":\"https:\/\/woodinout.net\/sv\/\",\"name\":\"Woodinout \u00a9\",\"description\":\"Wooden Montessori toys, gifts, home and events decor details\",\"potentialAction\":[{\"@type\":\"SearchAction\",\"target\":{\"@type\":\"EntryPoint\",\"urlTemplate\":\"https:\/\/woodinout.net\/sv\/?s={search_term_string}\"},\"query-input\":\"required name=search_term_string\"}],\"inLanguage\":\"sv-SE\"}]}<\/script>\n<!-- \/ Yoast SEO plugin. -->","yoast_head_json":{"title":"FAQ Montessori-leksaker - Woodinout \u00a9","description":"Milj\u00f6v\u00e4nlig, handgjord av inl\u00e4rningsleksaker i massivt tr\u00e4 av h\u00f6g kvalitet. Skaffa dem och g\u00e5 med i den stora familjen av n\u00f6jda kunder h\u00e4r p\u00e5 Woodinout-butiken.","robots":{"index":"index","follow":"follow","max-snippet":"max-snippet:-1","max-image-preview":"max-image-preview:large","max-video-preview":"max-video-preview:-1"},"canonical":"https:\/\/woodinout.net\/sv\/faq\/","og_locale":"sv_SE","og_type":"article","og_title":"FAQ Montessori-leksaker - Woodinout \u00a9","og_description":"Milj\u00f6v\u00e4nlig, handgjord av inl\u00e4rningsleksaker i massivt tr\u00e4 av h\u00f6g kvalitet. Skaffa dem och g\u00e5 med i den stora familjen av n\u00f6jda kunder h\u00e4r p\u00e5 Woodinout-butiken.","og_url":"https:\/\/woodinout.net\/sv\/faq\/","og_site_name":"Woodinout \u00a9","twitter_card":"summary_large_image","twitter_misc":{"Ber\u00e4knad l\u00e4stid":"2 minuter"},"schema":{"@context":"https:\/\/schema.org","@graph":[{"@type":"WebPage","@id":"https:\/\/woodinout.net\/sv\/faq\/","url":"https:\/\/woodinout.net\/sv\/faq\/","name":"FAQ Montessori-leksaker - Woodinout \u00a9","isPartOf":{"@id":"https:\/\/woodinout.net\/sv\/#website"},"datePublished":"2017-09-22T17:55:50+00:00","dateModified":"2017-09-22T17:55:50+00:00","description":"Milj\u00f6v\u00e4nlig, handgjord av inl\u00e4rningsleksaker i massivt tr\u00e4 av h\u00f6g kvalitet. Skaffa dem och g\u00e5 med i den stora familjen av n\u00f6jda kunder h\u00e4r p\u00e5 Woodinout-butiken.","breadcrumb":{"@id":"https:\/\/woodinout.net\/sv\/faq\/#breadcrumb"},"inLanguage":"sv-SE","potentialAction":[{"@type":"ReadAction","target":["https:\/\/woodinout.net\/sv\/faq\/"]}]},{"@type":"BreadcrumbList","@id":"https:\/\/woodinout.net\/sv\/faq\/#breadcrumb","itemListElement":[{"@type":"ListItem","position":1,"name":"Home","item":"https:\/\/woodinout.net\/sv\/"},{"@type":"ListItem","position":2,"name":"FAQ"}]},{"@type":"WebSite","@id":"https:\/\/woodinout.net\/sv\/#website","url":"https:\/\/woodinout.net\/sv\/","name":"Woodinout \u00a9","description":"Wooden Montessori toys, gifts, home and events decor details","potentialAction":[{"@type":"SearchAction","target":{"@type":"EntryPoint","urlTemplate":"https:\/\/woodinout.net\/sv\/?s={search_term_string}"},"query-input":"required name=search_term_string"}],"inLanguage":"sv-SE"}]}},"_links":{"self":[{"href":"https:\/\/woodinout.net\/sv\/wp-json\/wp\/v2\/pages\/20789"}],"collection":[{"href":"https:\/\/woodinout.net\/sv\/wp-json\/wp\/v2\/pages"}],"about":[{"href":"https:\/\/woodinout.net\/sv\/wp-json\/wp\/v2\/types\/page"}],"author":[{"embeddable":true,"href":"https:\/\/woodinout.net\/sv\/wp-json\/wp\/v2\/users\/1"}],"replies":[{"embeddable":true,"href":"https:\/\/woodinout.net\/sv\/wp-json\/wp\/v2\/comments?post=20789"}],"version-history":[{"count":0,"href":"https:\/\/woodinout.net\/sv\/wp-json\/wp\/v2\/pages\/20789\/revisions"}],"wp:attachment":[{"href":"https:\/\/woodinout.net\/sv\/wp-json\/wp\/v2\/media?parent=20789"}],"curies":[{"name":"wp","href":"https:\/\/api.w.org\/{rel}","templated":true}]}}