{"id":20783,"date":"2020-02-06T11:53:49","date_gmt":"2020-02-06T09:53:49","guid":{"rendered":"https:\/\/woodinout.net\/betalningar-och-returer\/"},"modified":"2020-02-06T11:53:49","modified_gmt":"2020-02-06T09:53:49","slug":"betalningar-och-returer","status":"publish","type":"page","link":"https:\/\/woodinout.net\/sv\/betalningar-och-returer\/","title":{"rendered":"BETALNINGAR OCH RETURER"},"content":{"rendered":"<p><strong>Betalningsmetoder vi accepterar<\/strong><\/p>\n<p>\u2022 Betalkort eller kreditkort<br \/>\n\u2022 PayPal betalningar<\/p>\n<p><strong>Kan jag returnera produkterna?<\/strong><\/p>\n<p>Returer accepteras enligt f\u00f6ljande villkor:<\/p>\n<ul>\n<li>K\u00f6paren kan returnera varorna inom 14 (fjorton) dagar fr\u00e5n leveransdagen och informera s\u00e4ljaren via e-post<\/li>\n<li>S\u00e4rskild returblankett m\u00e5ste fyllas i och skickas tillsammans med paketet. Formul\u00e4ret m\u00e5ste inneh\u00e5lla ordernummer och annan kontaktinformation som angavs under kassan<\/li>\n<li>Returnerade artiklar m\u00e5ste vara i ursprungligt skick, oanv\u00e4nda och oskadade<\/li>\n<li>Artiklar m\u00e5ste inneh\u00e5lla alla delar av originalupps\u00e4ttningen\/f\u00f6rpackningen<\/li>\n<li>Objekten m\u00e5ste vara i originalform och dimensioner \u2013 ingen anpassning<\/li>\n<\/ul>\n<p><strong>VIKTIGA UNDANTAG:<\/strong><\/p>\n<ul>\n<li>Returer accepteras inte f\u00f6r anpassade och anpassade objekt<\/li>\n<li>Frakt- och returkostnader och avgifter t\u00e4cks av k\u00f6paren. Denna del \u00e5terbetalas inte<\/li>\n<\/ul>\n<p><strong>\u00c5TERBETALNING<\/strong><\/p>\n<ul>\n<li>\u00c5terbetalning sker inom 14 dagar efter att paketet returnerats<\/li>\n<\/ul>\n<p><strong>UTBYTE<\/strong><\/p>\n<ul>\n<li>Utbyten accepteras. I s\u00e5dana fall b\u00f6r du g\u00f6ra en ny best\u00e4llning<\/li>\n<\/ul>\n<p>Pengar f\u00f6r returnerade artiklar \u00f6verf\u00f6rs endast till betalarens bankkonto.<\/p>\n","protected":false},"excerpt":{"rendered":"<p>Betalningsmetoder vi accepterar \u2022 Betalkort eller kreditkort \u2022 PayPal betalningar Kan jag returnera produkterna? Returer accepteras enligt f\u00f6ljande villkor: K\u00f6paren kan returnera varorna inom 14 (fjorton) dagar fr\u00e5n leveransdagen och informera s\u00e4ljaren via e-post S\u00e4rskild returblankett m\u00e5ste fyllas i och skickas tillsammans med paketet. Formul\u00e4ret m\u00e5ste inneh\u00e5lla ordernummer och annan kontaktinformation som angavs under kassan [&hellip;]<\/p>\n","protected":false},"author":1,"featured_media":0,"parent":0,"menu_order":0,"comment_status":"closed","ping_status":"closed","template":"","meta":{"_monsterinsights_skip_tracking":false,"_monsterinsights_sitenote_active":false,"_monsterinsights_sitenote_note":"","_monsterinsights_sitenote_category":0,"footnotes":""},"yoast_head":"<!-- This site is optimized with the Yoast SEO plugin v22.1 - https:\/\/yoast.com\/wordpress\/plugins\/seo\/ -->\n<title>BETALNINGAR OCH RETURER - Tr\u00e4leksaker Shop Woodinout \u00a9<\/title>\n<meta name=\"description\" content=\"Tr\u00e4leksaker inspirerade av Montessori f\u00f6r tidig utveckling under v\u00e4rdefull familjetid. Handgjord av h\u00f6gkvalitativt massivt tr\u00e4.\" \/>\n<meta name=\"robots\" content=\"index, follow, max-snippet:-1, max-image-preview:large, max-video-preview:-1\" \/>\n<link rel=\"canonical\" href=\"https:\/\/woodinout.net\/sv\/betalningar-och-returer\/\" \/>\n<meta property=\"og:locale\" content=\"sv_SE\" \/>\n<meta property=\"og:type\" content=\"article\" \/>\n<meta property=\"og:title\" content=\"BETALNINGAR OCH RETURER - Tr\u00e4leksaker Shop Woodinout \u00a9\" \/>\n<meta property=\"og:description\" content=\"Tr\u00e4leksaker inspirerade av Montessori f\u00f6r tidig utveckling under v\u00e4rdefull familjetid. Handgjord av h\u00f6gkvalitativt massivt tr\u00e4.\" \/>\n<meta property=\"og:url\" content=\"https:\/\/woodinout.net\/sv\/betalningar-och-returer\/\" \/>\n<meta property=\"og:site_name\" content=\"Woodinout \u00a9\" \/>\n<meta name=\"twitter:card\" content=\"summary_large_image\" \/>\n<meta name=\"twitter:label1\" content=\"Ber\u00e4knad l\u00e4stid\" \/>\n\t<meta name=\"twitter:data1\" content=\"1 minut\" \/>\n<script type=\"application\/ld+json\" class=\"yoast-schema-graph\">{\"@context\":\"https:\/\/schema.org\",\"@graph\":[{\"@type\":\"WebPage\",\"@id\":\"https:\/\/woodinout.net\/sv\/betalningar-och-returer\/\",\"url\":\"https:\/\/woodinout.net\/sv\/betalningar-och-returer\/\",\"name\":\"BETALNINGAR OCH RETURER - Tr\u00e4leksaker Shop Woodinout \u00a9\",\"isPartOf\":{\"@id\":\"https:\/\/woodinout.net\/sv\/#website\"},\"datePublished\":\"2020-02-06T09:53:49+00:00\",\"dateModified\":\"2020-02-06T09:53:49+00:00\",\"description\":\"Tr\u00e4leksaker inspirerade av Montessori f\u00f6r tidig utveckling under v\u00e4rdefull familjetid. Handgjord av h\u00f6gkvalitativt massivt tr\u00e4.\",\"breadcrumb\":{\"@id\":\"https:\/\/woodinout.net\/sv\/betalningar-och-returer\/#breadcrumb\"},\"inLanguage\":\"sv-SE\",\"potentialAction\":[{\"@type\":\"ReadAction\",\"target\":[\"https:\/\/woodinout.net\/sv\/betalningar-och-returer\/\"]}]},{\"@type\":\"BreadcrumbList\",\"@id\":\"https:\/\/woodinout.net\/sv\/betalningar-och-returer\/#breadcrumb\",\"itemListElement\":[{\"@type\":\"ListItem\",\"position\":1,\"name\":\"Home\",\"item\":\"https:\/\/woodinout.net\/sv\/\"},{\"@type\":\"ListItem\",\"position\":2,\"name\":\"BETALNINGAR OCH RETURER\"}]},{\"@type\":\"WebSite\",\"@id\":\"https:\/\/woodinout.net\/sv\/#website\",\"url\":\"https:\/\/woodinout.net\/sv\/\",\"name\":\"Woodinout \u00a9\",\"description\":\"Wooden Montessori toys, gifts, home and events decor details\",\"potentialAction\":[{\"@type\":\"SearchAction\",\"target\":{\"@type\":\"EntryPoint\",\"urlTemplate\":\"https:\/\/woodinout.net\/sv\/?s={search_term_string}\"},\"query-input\":\"required name=search_term_string\"}],\"inLanguage\":\"sv-SE\"}]}<\/script>\n<!-- \/ Yoast SEO plugin. -->","yoast_head_json":{"title":"BETALNINGAR OCH RETURER - Tr\u00e4leksaker Shop Woodinout \u00a9","description":"Tr\u00e4leksaker inspirerade av Montessori f\u00f6r tidig utveckling under v\u00e4rdefull familjetid. Handgjord av h\u00f6gkvalitativt massivt tr\u00e4.","robots":{"index":"index","follow":"follow","max-snippet":"max-snippet:-1","max-image-preview":"max-image-preview:large","max-video-preview":"max-video-preview:-1"},"canonical":"https:\/\/woodinout.net\/sv\/betalningar-och-returer\/","og_locale":"sv_SE","og_type":"article","og_title":"BETALNINGAR OCH RETURER - Tr\u00e4leksaker Shop Woodinout \u00a9","og_description":"Tr\u00e4leksaker inspirerade av Montessori f\u00f6r tidig utveckling under v\u00e4rdefull familjetid. Handgjord av h\u00f6gkvalitativt massivt tr\u00e4.","og_url":"https:\/\/woodinout.net\/sv\/betalningar-och-returer\/","og_site_name":"Woodinout \u00a9","twitter_card":"summary_large_image","twitter_misc":{"Ber\u00e4knad l\u00e4stid":"1 minut"},"schema":{"@context":"https:\/\/schema.org","@graph":[{"@type":"WebPage","@id":"https:\/\/woodinout.net\/sv\/betalningar-och-returer\/","url":"https:\/\/woodinout.net\/sv\/betalningar-och-returer\/","name":"BETALNINGAR OCH RETURER - Tr\u00e4leksaker Shop Woodinout \u00a9","isPartOf":{"@id":"https:\/\/woodinout.net\/sv\/#website"},"datePublished":"2020-02-06T09:53:49+00:00","dateModified":"2020-02-06T09:53:49+00:00","description":"Tr\u00e4leksaker inspirerade av Montessori f\u00f6r tidig utveckling under v\u00e4rdefull familjetid. Handgjord av h\u00f6gkvalitativt massivt tr\u00e4.","breadcrumb":{"@id":"https:\/\/woodinout.net\/sv\/betalningar-och-returer\/#breadcrumb"},"inLanguage":"sv-SE","potentialAction":[{"@type":"ReadAction","target":["https:\/\/woodinout.net\/sv\/betalningar-och-returer\/"]}]},{"@type":"BreadcrumbList","@id":"https:\/\/woodinout.net\/sv\/betalningar-och-returer\/#breadcrumb","itemListElement":[{"@type":"ListItem","position":1,"name":"Home","item":"https:\/\/woodinout.net\/sv\/"},{"@type":"ListItem","position":2,"name":"BETALNINGAR OCH RETURER"}]},{"@type":"WebSite","@id":"https:\/\/woodinout.net\/sv\/#website","url":"https:\/\/woodinout.net\/sv\/","name":"Woodinout \u00a9","description":"Wooden Montessori toys, gifts, home and events decor details","potentialAction":[{"@type":"SearchAction","target":{"@type":"EntryPoint","urlTemplate":"https:\/\/woodinout.net\/sv\/?s={search_term_string}"},"query-input":"required name=search_term_string"}],"inLanguage":"sv-SE"}]}},"_links":{"self":[{"href":"https:\/\/woodinout.net\/sv\/wp-json\/wp\/v2\/pages\/20783"}],"collection":[{"href":"https:\/\/woodinout.net\/sv\/wp-json\/wp\/v2\/pages"}],"about":[{"href":"https:\/\/woodinout.net\/sv\/wp-json\/wp\/v2\/types\/page"}],"author":[{"embeddable":true,"href":"https:\/\/woodinout.net\/sv\/wp-json\/wp\/v2\/users\/1"}],"replies":[{"embeddable":true,"href":"https:\/\/woodinout.net\/sv\/wp-json\/wp\/v2\/comments?post=20783"}],"version-history":[{"count":0,"href":"https:\/\/woodinout.net\/sv\/wp-json\/wp\/v2\/pages\/20783\/revisions"}],"wp:attachment":[{"href":"https:\/\/woodinout.net\/sv\/wp-json\/wp\/v2\/media?parent=20783"}],"curies":[{"name":"wp","href":"https:\/\/api.w.org\/{rel}","templated":true}]}}