{"id":20761,"date":"2016-08-04T09:36:11","date_gmt":"2016-08-04T06:36:11","guid":{"rendered":"https:\/\/woodinout.net\/tjanster\/"},"modified":"2016-08-04T09:36:11","modified_gmt":"2016-08-04T06:36:11","slug":"tjanster","status":"publish","type":"page","link":"https:\/\/woodinout.net\/sv\/tjanster\/","title":{"rendered":"Tj\u00e4nster"},"content":{"rendered":"<p><strong>Lasergravyr<\/strong><\/p>\n<p>Lasergravyr p\u00e5 tr\u00e4, plywood, akryl\/organiskt glas, l\u00e4der, g\u00f6rs med h\u00f6gkvalitativ utrustning med CO2 laserk\u00e4lla. Graverade f\u00f6rem\u00e5l kan vara i olika storlekar: fr\u00e5n den minsta till 600mm * 900mm. Ett objekts h\u00f6jd kan vara upp till 300 mm.<\/p>\n<p><strong>Lasersk\u00e4rning<\/strong><\/p>\n<p>Lasersk\u00e4rning av tr\u00e4, plywood, akrylglas, l\u00e4der, papper, kartong, g\u00f6rs med h\u00f6gkvalitativ utrustning med CO2 laserk\u00e4lla. Olika sk\u00e4rdjup \u00e4r m\u00f6jliga.<\/p>\n<p>&nbsp;<\/p>\n<p><strong>CNC-fr\u00e4sning<\/strong><\/p>\n<p>Vi erbjuder CNC-fr\u00e4sning av l\u00f6vtr\u00e4, plywood, MDF, akryl \/ organiskt glas. Arbetsomr\u00e5det \u00e4r 1500mm * 3000mm, luftkyld 6kW HSD (Italien) spindel \u00e4r installerad i denna maskin. Fyllning \u00e4r ocks\u00e5 m\u00f6jlig. Vi designar 3D-reliefer som kan fr\u00e4sas av CNC-maskin senare.<\/p>\n<p>&nbsp;<\/p>\n<p>&nbsp;<\/p>\n<p><strong>Bearbetning av l\u00f6vtr\u00e4<\/strong><\/p>\n<p>Vi kan bearbeta l\u00f6vtr\u00e4br\u00e4dor. V\u00e5ra erbjudna tj\u00e4nster omfattar tv\u00e4rsk\u00e4rning, fr\u00e4sning, slipning, hyvling etc. V\u00e4nligen kontakta oss via e-post via telefon f\u00f6r mer detaljerad information.<\/p>\n<p><strong>&nbsp;<\/strong><\/p>\n<p><strong>Special-\/anpassade best\u00e4llningar<\/strong><\/p>\n<p>Om du har n\u00e5gon id\u00e9 du vill f\u00f6rverkliga \u2013 v\u00e4nligen kontakta oss s\u00e5 ska vi producera den. Vi designar och producerar personliga g\u00e5vor, aff\u00e4rsg\u00e5vor, inredning, m\u00f6bler etc. Vi erbjuder dig hela paketet \u2013 fr\u00e5n design till slutproduktion.<\/p>\n","protected":false},"excerpt":{"rendered":"<p>Lasergravyr Lasergravyr p\u00e5 tr\u00e4, plywood, akryl\/organiskt glas, l\u00e4der, g\u00f6rs med h\u00f6gkvalitativ utrustning med CO2 laserk\u00e4lla. Graverade f\u00f6rem\u00e5l kan vara i olika storlekar: fr\u00e5n den minsta till 600mm * 900mm. Ett objekts h\u00f6jd kan vara upp till 300 mm. Lasersk\u00e4rning Lasersk\u00e4rning av tr\u00e4, plywood, akrylglas, l\u00e4der, papper, kartong, g\u00f6rs med h\u00f6gkvalitativ utrustning med CO2 laserk\u00e4lla. Olika [&hellip;]<\/p>\n","protected":false},"author":1,"featured_media":0,"parent":0,"menu_order":0,"comment_status":"closed","ping_status":"closed","template":"","meta":{"_monsterinsights_skip_tracking":false,"_monsterinsights_sitenote_active":false,"_monsterinsights_sitenote_note":"","_monsterinsights_sitenote_category":0,"footnotes":""},"yoast_head":"<!-- This site is optimized with the Yoast SEO plugin v22.1 - https:\/\/yoast.com\/wordpress\/plugins\/seo\/ -->\n<title>Tj\u00e4nster Montessori-leksaker - Woodinout \u00a9<\/title>\n<meta name=\"description\" content=\"Milj\u00f6v\u00e4nlig, handgjord av inl\u00e4rningsleksaker i massivt tr\u00e4 av h\u00f6g kvalitet. Skaffa dem och g\u00e5 med i den stora familjen av n\u00f6jda kunder h\u00e4r p\u00e5 Woodinout-butiken.\" \/>\n<meta name=\"robots\" content=\"index, follow, max-snippet:-1, max-image-preview:large, max-video-preview:-1\" \/>\n<link rel=\"canonical\" href=\"https:\/\/woodinout.net\/sv\/tjanster\/\" \/>\n<meta property=\"og:locale\" content=\"sv_SE\" \/>\n<meta property=\"og:type\" content=\"article\" \/>\n<meta property=\"og:title\" content=\"Tj\u00e4nster Montessori-leksaker - Woodinout \u00a9\" \/>\n<meta property=\"og:description\" content=\"Milj\u00f6v\u00e4nlig, handgjord av inl\u00e4rningsleksaker i massivt tr\u00e4 av h\u00f6g kvalitet. Skaffa dem och g\u00e5 med i den stora familjen av n\u00f6jda kunder h\u00e4r p\u00e5 Woodinout-butiken.\" \/>\n<meta property=\"og:url\" content=\"https:\/\/woodinout.net\/sv\/tjanster\/\" \/>\n<meta property=\"og:site_name\" content=\"Woodinout \u00a9\" \/>\n<meta name=\"twitter:card\" content=\"summary_large_image\" \/>\n<meta name=\"twitter:label1\" content=\"Ber\u00e4knad l\u00e4stid\" \/>\n\t<meta name=\"twitter:data1\" content=\"1 minut\" \/>\n<script type=\"application\/ld+json\" class=\"yoast-schema-graph\">{\"@context\":\"https:\/\/schema.org\",\"@graph\":[{\"@type\":\"WebPage\",\"@id\":\"https:\/\/woodinout.net\/sv\/tjanster\/\",\"url\":\"https:\/\/woodinout.net\/sv\/tjanster\/\",\"name\":\"Tj\u00e4nster Montessori-leksaker - Woodinout \u00a9\",\"isPartOf\":{\"@id\":\"https:\/\/woodinout.net\/sv\/#website\"},\"datePublished\":\"2016-08-04T06:36:11+00:00\",\"dateModified\":\"2016-08-04T06:36:11+00:00\",\"description\":\"Milj\u00f6v\u00e4nlig, handgjord av inl\u00e4rningsleksaker i massivt tr\u00e4 av h\u00f6g kvalitet. Skaffa dem och g\u00e5 med i den stora familjen av n\u00f6jda kunder h\u00e4r p\u00e5 Woodinout-butiken.\",\"breadcrumb\":{\"@id\":\"https:\/\/woodinout.net\/sv\/tjanster\/#breadcrumb\"},\"inLanguage\":\"sv-SE\",\"potentialAction\":[{\"@type\":\"ReadAction\",\"target\":[\"https:\/\/woodinout.net\/sv\/tjanster\/\"]}]},{\"@type\":\"BreadcrumbList\",\"@id\":\"https:\/\/woodinout.net\/sv\/tjanster\/#breadcrumb\",\"itemListElement\":[{\"@type\":\"ListItem\",\"position\":1,\"name\":\"Home\",\"item\":\"https:\/\/woodinout.net\/sv\/\"},{\"@type\":\"ListItem\",\"position\":2,\"name\":\"Tj\u00e4nster\"}]},{\"@type\":\"WebSite\",\"@id\":\"https:\/\/woodinout.net\/sv\/#website\",\"url\":\"https:\/\/woodinout.net\/sv\/\",\"name\":\"Woodinout \u00a9\",\"description\":\"Wooden Montessori toys, gifts, home and events decor details\",\"potentialAction\":[{\"@type\":\"SearchAction\",\"target\":{\"@type\":\"EntryPoint\",\"urlTemplate\":\"https:\/\/woodinout.net\/sv\/?s={search_term_string}\"},\"query-input\":\"required name=search_term_string\"}],\"inLanguage\":\"sv-SE\"}]}<\/script>\n<!-- \/ Yoast SEO plugin. -->","yoast_head_json":{"title":"Tj\u00e4nster Montessori-leksaker - Woodinout \u00a9","description":"Milj\u00f6v\u00e4nlig, handgjord av inl\u00e4rningsleksaker i massivt tr\u00e4 av h\u00f6g kvalitet. Skaffa dem och g\u00e5 med i den stora familjen av n\u00f6jda kunder h\u00e4r p\u00e5 Woodinout-butiken.","robots":{"index":"index","follow":"follow","max-snippet":"max-snippet:-1","max-image-preview":"max-image-preview:large","max-video-preview":"max-video-preview:-1"},"canonical":"https:\/\/woodinout.net\/sv\/tjanster\/","og_locale":"sv_SE","og_type":"article","og_title":"Tj\u00e4nster Montessori-leksaker - Woodinout \u00a9","og_description":"Milj\u00f6v\u00e4nlig, handgjord av inl\u00e4rningsleksaker i massivt tr\u00e4 av h\u00f6g kvalitet. Skaffa dem och g\u00e5 med i den stora familjen av n\u00f6jda kunder h\u00e4r p\u00e5 Woodinout-butiken.","og_url":"https:\/\/woodinout.net\/sv\/tjanster\/","og_site_name":"Woodinout \u00a9","twitter_card":"summary_large_image","twitter_misc":{"Ber\u00e4knad l\u00e4stid":"1 minut"},"schema":{"@context":"https:\/\/schema.org","@graph":[{"@type":"WebPage","@id":"https:\/\/woodinout.net\/sv\/tjanster\/","url":"https:\/\/woodinout.net\/sv\/tjanster\/","name":"Tj\u00e4nster Montessori-leksaker - Woodinout \u00a9","isPartOf":{"@id":"https:\/\/woodinout.net\/sv\/#website"},"datePublished":"2016-08-04T06:36:11+00:00","dateModified":"2016-08-04T06:36:11+00:00","description":"Milj\u00f6v\u00e4nlig, handgjord av inl\u00e4rningsleksaker i massivt tr\u00e4 av h\u00f6g kvalitet. Skaffa dem och g\u00e5 med i den stora familjen av n\u00f6jda kunder h\u00e4r p\u00e5 Woodinout-butiken.","breadcrumb":{"@id":"https:\/\/woodinout.net\/sv\/tjanster\/#breadcrumb"},"inLanguage":"sv-SE","potentialAction":[{"@type":"ReadAction","target":["https:\/\/woodinout.net\/sv\/tjanster\/"]}]},{"@type":"BreadcrumbList","@id":"https:\/\/woodinout.net\/sv\/tjanster\/#breadcrumb","itemListElement":[{"@type":"ListItem","position":1,"name":"Home","item":"https:\/\/woodinout.net\/sv\/"},{"@type":"ListItem","position":2,"name":"Tj\u00e4nster"}]},{"@type":"WebSite","@id":"https:\/\/woodinout.net\/sv\/#website","url":"https:\/\/woodinout.net\/sv\/","name":"Woodinout \u00a9","description":"Wooden Montessori toys, gifts, home and events decor details","potentialAction":[{"@type":"SearchAction","target":{"@type":"EntryPoint","urlTemplate":"https:\/\/woodinout.net\/sv\/?s={search_term_string}"},"query-input":"required name=search_term_string"}],"inLanguage":"sv-SE"}]}},"_links":{"self":[{"href":"https:\/\/woodinout.net\/sv\/wp-json\/wp\/v2\/pages\/20761"}],"collection":[{"href":"https:\/\/woodinout.net\/sv\/wp-json\/wp\/v2\/pages"}],"about":[{"href":"https:\/\/woodinout.net\/sv\/wp-json\/wp\/v2\/types\/page"}],"author":[{"embeddable":true,"href":"https:\/\/woodinout.net\/sv\/wp-json\/wp\/v2\/users\/1"}],"replies":[{"embeddable":true,"href":"https:\/\/woodinout.net\/sv\/wp-json\/wp\/v2\/comments?post=20761"}],"version-history":[{"count":0,"href":"https:\/\/woodinout.net\/sv\/wp-json\/wp\/v2\/pages\/20761\/revisions"}],"wp:attachment":[{"href":"https:\/\/woodinout.net\/sv\/wp-json\/wp\/v2\/media?parent=20761"}],"curies":[{"name":"wp","href":"https:\/\/api.w.org\/{rel}","templated":true}]}}