{"id":20755,"date":"2020-02-02T21:41:18","date_gmt":"2020-02-02T19:41:18","guid":{"rendered":"https:\/\/woodinout.net\/hem-1\/"},"modified":"2020-02-02T21:41:18","modified_gmt":"2020-02-02T19:41:18","slug":"hem-1","status":"publish","type":"page","link":"https:\/\/woodinout.net\/sv\/hem-1\/","title":{"rendered":"Hem 1"},"content":{"rendered":"<p>&lt;img class=&#8221;primrose-sow-hero-slide-background-image primrose-sow-hero-slide-background-video-poster&#8221; src=&#8221;http:\/\/singlestroke.io\/demo\/primrose-wp\/wp-content\/uploads\/2016\/02\/hero-video.jpg&#8221; alt=&#8221;&#8221; width=&#8221;852&#8243; h\u00f6jd=&#8221;480&#8243; \/&gt;<br \/>\n&lt;videoklass=&#8221;primrose-s\u00e5-hj\u00e4lte-slide-background-video&#8221; autoplay=&#8221;autoplay&#8221; loop=&#8221;loop&#8221; muted=&#8221;&#8221; width=&#8221;480&#8243; height=&#8221;270&#8243;&gt;<br \/>\n&lt;k\u00e4lltyp=&#8221;video\/mp4&#8243; src=&#8221;http:\/\/singlestroke.io\/demo\/primrose-wp\/wp-content\/uploads\/2016\/02\/hero-video.mp4&#8243; \/&gt;<br \/>\n&lt;k\u00e4lltyp=&#8221;video\/ogg&#8221; src=&#8221;http:\/\/singlestroke.io\/demo\/primrose-wp\/wp-content\/uploads\/2016\/02\/hero-video.ogv&#8221; \/&gt;<br \/>\n&lt;k\u00e4lla type=&#8221;video\/webm&#8221; src=&#8221;http:\/\/singlestroke.io\/demo\/primrose-wp\/wp-content\/uploads\/2016\/02\/hero-video.webm&#8221; \/&gt;<br \/>\n&lt;\/video&gt;<br \/>\n&lt;!&#8211; .primrose-s\u00e5-hj\u00e4lte-bild-bakgrund &#8211;&gt;<br \/>\nV\u00e4lkommen till Primrose<br \/>\n&lt;a class=&#8221;primrose-sow-button primrose-sow-button-0 button anchor-link&#8221; href=&#8221;http:\/\/singlestroke.io\/demo\/primrose-wp\/shop\/&#8221;&gt;<br \/>\nB\u00f6rja handla nu &lt;\/a&gt;<br \/>\n&lt;!&#8211; .primros-s\u00e5-knappar-&gt;<br \/>\n&lt;!&#8211; .primrose-sow-hero-slide-content -&gt;<br \/>\n&lt;!&#8211; .primrose-s\u00e5-hj\u00e4lte-slide &#8211;&gt;<br \/>\n&lt;!&#8211; .primrose-s\u00e5-hj\u00e4lte-skjutreglaget-&gt;<br \/>\nPrimrose \u00e4r ett minimalt WordPress-tema, passar kreativa varum\u00e4rken som vill visa upp sina produkter p\u00e5 det mest kreativa s\u00e4ttet som m\u00f6jligt.<br \/>\n&lt;!&#8211; .primros-s\u00e5-cta-&gt;<br \/>\n&lt;h4 class=&#8221;primrose-sow-feature-heading&#8221; style=&#8221;color: #333333;&#8221;&gt; Unik av Design&lt;\/h4&gt;<br \/>\nVivamus elementum semper nisi. Aenean vulputate eleifend tellus. Aenean leo ligula, porttitor eu, consequat vitae, eleifend ac, enim. Aliquam lorem ante, dapibus in, viverra quis, feugiat a, tellus.<\/p>\n<p>&lt;!&#8211; .primros-s\u00e5dd-funktion &#8211;&gt;<br \/>\n&lt;h4 class=&#8221;primrose-sow-feature-heading&#8221; style=&#8221;color: #333333;&#8221;&gt; Enkla funktioner&lt;\/h4&gt;<br \/>\nVivamus elementum semper nisi. Aenean vulputate eleifend tellus. Aenean leo ligula, porttitor eu, consequat vitae, eleifend ac, enim. Aliquam lorem ante, dapibus in, viverra quis, feugiat a, tellus.<\/p>\n<p>&lt;!&#8211; .primros-s\u00e5dd-funktion &#8211;&gt;<br \/>\n&lt;h4 class=&#8221;primrose-sow-feature-heading&#8221; style=&#8221;color: #333333;&#8221;&gt; F\u00f6rstklassig kundsupport&lt;\/h4&gt;<br \/>\nVivamus elementum semper nisi. Aenean vulputate eleifend tellus. Aenean leo ligula, porttitor eu, consequat vitae, eleifend ac, enim. Aliquam lorem ante, dapibus in, viverra quis, feugiat a, tellus.<\/p>\n<p>&lt;!&#8211; .primros-s\u00e5dd-funktion &#8211;&gt;<br \/>\n&lt;h2 class=&#8221;primrose-sow-heading primrose-sow-alignment-center&#8221;&gt;V\u00e5ra b\u00e4sts\u00e4ljare&lt;\/h2&gt;<br \/>\n&lt;!&#8211; <div class=\"woocommerce columns-3 \"><ul class=\"products columns-3\">\n<li class=\"product type-product post-22349 status-publish first instock product_cat-2675 product_cat-1777 product_tag-2678 product_tag-1818 product_tag-1816 product_tag-2610 product_tag-1821 product_tag-1822 product_tag-2676 product_tag-2677 product_tag-2609 product_tag-1798 product_tag-1793 product_tag-1784 has-post-thumbnail shipping-taxable purchasable product-type-simple\">\n\t<a href=\"https:\/\/woodinout.net\/ja\/product\/%e6%9c%a8%e8%a3%bd%e3%82%a2%e3%83%bc%e3%83%81%e3%82%a7%e3%83%aa%e3%83%bc%e5%bc%93%e7%9f%a2\/\" class=\"woocommerce-LoopProduct-link woocommerce-loop-product__link\"><img loading=\"lazy\" decoding=\"async\" width=\"480\" height=\"720\" src=\"https:\/\/woodinout.net\/wp-content\/uploads\/2020\/06\/Wooden-archery-bow-and-arrows-3-480x720.jpg\" class=\"attachment-woocommerce_thumbnail size-woocommerce_thumbnail\" alt=\"\u6728\u88fd\u30a2\u30fc\u30c1\u30a7\u30ea\u30fc\u5f13\u3068\u77e2\u306e\u304a\u3082\u3061\u3083\" srcset=\"https:\/\/woodinout.net\/wp-content\/uploads\/2020\/06\/Wooden-archery-bow-and-arrows-3-480x720.jpg 480w, https:\/\/woodinout.net\/wp-content\/uploads\/2020\/06\/Wooden-archery-bow-and-arrows-3-800x1200.jpg 800w, https:\/\/woodinout.net\/wp-content\/uploads\/2020\/06\/Wooden-archery-bow-and-arrows-3-333x500.jpg 333w, https:\/\/woodinout.net\/wp-content\/uploads\/2020\/06\/Wooden-archery-bow-and-arrows-3-533x800.jpg 533w, https:\/\/woodinout.net\/wp-content\/uploads\/2020\/06\/Wooden-archery-bow-and-arrows-3.jpg 853w\" sizes=\"(max-width: 480px) 100vw, 480px\" \/><h2 class=\"woocommerce-loop-product__title\">\u6728\u88fd\u30a2\u30fc\u30c1\u30a7\u30ea\u30fc\u306e\u304a\u3082\u3061\u3083\u3001\u5f13\u3068\u77e2<\/h2>\n\t<span class=\"price\"><span class=\"woocs_price_code\" data-currency=\"\" data-redraw-id=\"69de59ec7b0b7\"  data-product-id=\"22349\"><span class=\"woocommerce-Price-amount amount\"><bdi>37.00<span class=\"woocommerce-Price-currencySymbol\">&#36;<\/span><\/bdi><\/span><\/span><div class=\"woocs_price_info\"><span class=\"woocs_price_info_icon\"><\/span><ul class='woocs_price_info_list'><li><span>EUR<\/span>: <span class=\"woocs_amount\">&euro;&nbsp;32.93<\/span><\/li><\/ul><\/div><\/span>\n<\/a><a href=\"https:\/\/woodinout.net\/ja\/product\/%e6%9c%a8%e8%a3%bd%e3%82%a2%e3%83%bc%e3%83%81%e3%82%a7%e3%83%aa%e3%83%bc%e5%bc%93%e7%9f%a2\/\" data-quantity=\"1\" class=\"button product_type_simple add_to_cart_button\" data-product_id=\"22349\" data-product_sku=\"\" aria-label=\"L\u00e4gg till i varukorgen: \u201d\u6728\u88fd\u30a2\u30fc\u30c1\u30a7\u30ea\u30fc\u306e\u304a\u3082\u3061\u3083\u3001\u5f13\u3068\u77e2\u201d\" aria-describedby=\"\" rel=\"nofollow\">V\u00e4lj alternativ<\/a><\/li>\n<li class=\"product type-product post-22390 status-publish instock product_cat-1819 product_cat-1777 product_tag-2695 product_tag-2694 product_tag-2681 product_tag-1818 product_tag-1816 product_tag-1900 product_tag-1821 product_tag-1822 product_tag-1798 product_tag-1793 product_tag-1899 product_tag-1926 product_tag-1784 product_tag-1897 product_tag-2693 has-post-thumbnail shipping-taxable purchasable product-type-variable\">\n\t<a href=\"https:\/\/woodinout.net\/ja\/product\/%e3%83%91%e3%83%bc%e3%82%bd%e3%83%8a%e3%83%a9%e3%82%a4%e3%82%ba%e3%81%95%e3%82%8c%e3%81%9f%e3%82%ae%e3%83%95%e3%83%88%e3%83%a2%e3%83%b3%e3%83%86%e3%83%83%e3%82%bd%e3%83%bc%e3%83%aa-100%e3%83%95\/\" class=\"woocommerce-LoopProduct-link woocommerce-loop-product__link\"><img loading=\"lazy\" decoding=\"async\" width=\"480\" height=\"720\" src=\"https:\/\/woodinout.net\/wp-content\/uploads\/2020\/06\/Montessori-100-frame-5-480x720.jpg\" class=\"attachment-woocommerce_thumbnail size-woocommerce_thumbnail\" alt=\"\u30e2\u30f3\u30c6\u30c3\u30bd\u30fc\u30ea\u6570\u5b66\u6750\u6599 100 \u30d5\u30ec\u30fc\u30e0 by \u30a6\u30c3\u30c7\u30a3\u30cc\" srcset=\"https:\/\/woodinout.net\/wp-content\/uploads\/2020\/06\/Montessori-100-frame-5-480x720.jpg 480w, https:\/\/woodinout.net\/wp-content\/uploads\/2020\/06\/Montessori-100-frame-5-800x1200.jpg 800w, https:\/\/woodinout.net\/wp-content\/uploads\/2020\/06\/Montessori-100-frame-5-333x500.jpg 333w, https:\/\/woodinout.net\/wp-content\/uploads\/2020\/06\/Montessori-100-frame-5-533x800.jpg 533w, https:\/\/woodinout.net\/wp-content\/uploads\/2020\/06\/Montessori-100-frame-5.jpg 853w\" sizes=\"(max-width: 480px) 100vw, 480px\" \/><h2 class=\"woocommerce-loop-product__title\">\u30e2\u30f3\u30c6\u30bb\u30ea100\u30d5\u30ec\u30fc\u30e0\/\u767e\u30dc\u30fc\u30c9<\/h2>\n\t<span class=\"price\"><span class=\"woocs_price_code\" data-currency=\"\" data-redraw-id=\"69de59ec9016d\"  data-product-id=\"22390\"><span class=\"woocommerce-Price-amount amount\"><bdi>54.00<span class=\"woocommerce-Price-currencySymbol\">&#36;<\/span><\/bdi><\/span> &ndash; <span class=\"woocommerce-Price-amount amount\"><bdi>102.00<span class=\"woocommerce-Price-currencySymbol\">&#36;<\/span><\/bdi><\/span><\/span><div class=\"woocs_price_info\"><span class=\"woocs_price_info_icon\"><\/span><ul class='woocs_price_info_list'><li><b>EUR<\/b>: <span class=\"woocs_amount\">&euro;&nbsp;48.06<\/span> - <span class=\"woocs_amount\">&euro;&nbsp;90.78<\/span><\/li><\/ul><\/div><\/span>\n<\/a><a href=\"https:\/\/woodinout.net\/ja\/product\/%e3%83%91%e3%83%bc%e3%82%bd%e3%83%8a%e3%83%a9%e3%82%a4%e3%82%ba%e3%81%95%e3%82%8c%e3%81%9f%e3%82%ae%e3%83%95%e3%83%88%e3%83%a2%e3%83%b3%e3%83%86%e3%83%83%e3%82%bd%e3%83%bc%e3%83%aa-100%e3%83%95\/\" data-quantity=\"1\" class=\"button product_type_variable add_to_cart_button\" data-product_id=\"22390\" data-product_sku=\"\" aria-label=\"V\u00e4lj alternativ f\u00f6r \u201d\u30e2\u30f3\u30c6\u30bb\u30ea100\u30d5\u30ec\u30fc\u30e0\/\u767e\u30dc\u30fc\u30c9\u201d\" aria-describedby=\"Den h\u00e4r produkten har flera varianter. De olika alternativen kan v\u00e4ljas p\u00e5 produktsidan\" rel=\"nofollow\">V\u00e4lj alternativ<\/a><\/li>\n<li class=\"product type-product post-22322 status-publish last instock product_cat-1819 product_cat-1777 product_tag-1818 product_tag-1930 product_tag-1816 product_tag-1900 product_tag-1821 product_tag-1822 product_tag-1798 product_tag-1793 product_tag-1899 product_tag-1926 product_tag-1784 product_tag-1897 has-post-thumbnail shipping-taxable purchasable product-type-variable\">\n\t<a href=\"https:\/\/woodinout.net\/ja\/product\/%e3%82%af%e3%82%a2%e3%82%a6%e3%83%88%e3%82%ad%e3%83%83%e3%83%88\/\" class=\"woocommerce-LoopProduct-link woocommerce-loop-product__link\"><img loading=\"lazy\" decoding=\"async\" width=\"480\" height=\"720\" src=\"https:\/\/woodinout.net\/wp-content\/uploads\/2021\/03\/Couting_kit_1-480x720.jpg\" class=\"attachment-woocommerce_thumbnail size-woocommerce_thumbnail\" alt=\"\" srcset=\"https:\/\/woodinout.net\/wp-content\/uploads\/2021\/03\/Couting_kit_1-480x720.jpg 480w, https:\/\/woodinout.net\/wp-content\/uploads\/2021\/03\/Couting_kit_1-400x600.jpg 400w, https:\/\/woodinout.net\/wp-content\/uploads\/2021\/03\/Couting_kit_1-533x800.jpg 533w, https:\/\/woodinout.net\/wp-content\/uploads\/2021\/03\/Couting_kit_1-1024x1536.jpg 1024w, https:\/\/woodinout.net\/wp-content\/uploads\/2021\/03\/Couting_kit_1-1365x2048.jpg 1365w, https:\/\/woodinout.net\/wp-content\/uploads\/2021\/03\/Couting_kit_1-1080x1621.jpg 1080w, https:\/\/woodinout.net\/wp-content\/uploads\/2021\/03\/Couting_kit_1.jpg 1706w\" sizes=\"(max-width: 480px) 100vw, 480px\" \/><h2 class=\"woocommerce-loop-product__title\">\u30af\u30fc\u30c6\u30a3\u30f3\u30b0\u30ad\u30c3\u30c8<\/h2>\n\t<span class=\"price\"><span class=\"woocs_price_code\" data-currency=\"\" data-redraw-id=\"69de59ec9e223\"  data-product-id=\"22322\"><span class=\"woocommerce-Price-amount amount\"><bdi>23.00<span class=\"woocommerce-Price-currencySymbol\">&#36;<\/span><\/bdi><\/span> &ndash; <span class=\"woocommerce-Price-amount amount\"><bdi>27.00<span class=\"woocommerce-Price-currencySymbol\">&#36;<\/span><\/bdi><\/span><\/span><div class=\"woocs_price_info\"><span class=\"woocs_price_info_icon\"><\/span><ul class='woocs_price_info_list'><li><b>EUR<\/b>: <span class=\"woocs_amount\">&euro;&nbsp;20.47<\/span> - <span class=\"woocs_amount\">&euro;&nbsp;24.03<\/span><\/li><\/ul><\/div><\/span>\n<\/a><a href=\"https:\/\/woodinout.net\/ja\/product\/%e3%82%af%e3%82%a2%e3%82%a6%e3%83%88%e3%82%ad%e3%83%83%e3%83%88\/\" data-quantity=\"1\" class=\"button product_type_variable add_to_cart_button\" data-product_id=\"22322\" data-product_sku=\"\" aria-label=\"V\u00e4lj alternativ f\u00f6r \u201d\u30af\u30fc\u30c6\u30a3\u30f3\u30b0\u30ad\u30c3\u30c8\u201d\" aria-describedby=\"Den h\u00e4r produkten har flera varianter. De olika alternativen kan v\u00e4ljas p\u00e5 produktsidan\" rel=\"nofollow\">V\u00e4lj alternativ<\/a><\/li>\n<\/ul>\n<\/div> &#8211;&gt;<br \/>\n&lt;ul class=&#8221;produkter&#8221;&gt;<br \/>\n&lt;li class=&#8221;post-116 type-product status-publish has-post-thumbnail product_cat-terrariums first instock shipping-taxable purchasable product-type-variable has-children&#8221;&gt;&lt;a class=&#8221;woocommerce-LoopProduct-link&#8221; href=&#8221;http:\/\/singlestroke.io\/demo\/primrose-wp\/product\/medium-icosidodecahedron-terrarium\/&#8221;&gt;&lt;img class=&#8221;attachment-shop_catalog size-shop_catalog wp-post-image&#8221; title=&#8221;product07-1&#8243; src=&#8221;http:\/\/singlestroke.io\/demo\/primrose-wp\/wp-content\/uploads\/2016\/01\/product07-1-480&#215;360.jpg&#8221; sizes=&#8221;(maxbredd: 480px) 100vw, 480px&#8221; srcset=&#8221;http:\/\/singlestroke.io\/demo\/primrose-wp\/wp-content\/uploads\/2016\/01\/product07-1-480&#215;360.jpg 480w, http:\/\/singlestroke.io\/demo\/primrose-wp\/wp-content\/uploads\/2016\/01\/product07-1-300&#215;225.jpg 300w,  http:\/\/singlestroke.io\/demo\/primrose-wp\/wp-content\/uploads\/2016\/01\/product07-1-768&#215;576.jpg 768w, http:\/\/singlestroke.io\/demo\/primrose-wp\/wp-content\/uploads\/2016\/01\/product07-1-1024&#215;768.jpg 1024w, http:\/\/singlestroke.io\/demo\/primrose-wp\/wp-content\/uploads\/2016\/01\/product07-1.jpg 1080w&#8221; alt=&#8221;product07-1&#8243; width=&#8221;480&#8243; h\u00f6jd=&#8221;360&#8243; \/&gt;&lt;\/a&gt;<br \/>\n&lt;h3Medium&gt; Icosidodecahedron Terrarium&lt;\/h3&gt;<br \/>\n&lt;sp\u00e4nnklass=&#8221;pris&#8221;&gt;&lt;sp\u00e4nnklass=&#8221;woocommerce-Prisbelopp&#8221;&gt;&lt;sp\u00e4nnklass=&#8221;woocommerce-Price-currencySymbol&#8221;&gt;$&lt;\/sp\u00e4nnvidd&gt;95.00&lt;\/sp\u00e4nnvidd&gt;\u2013&lt;sp\u00e4nnklass=&#8221;woocommerce-Prisbelopp&#8221;&gt;&lt;sp\u00e4nnvidd class=&#8221;woocommerce-Price-currencySymbol&#8221;&gt;$&lt;\/span125.00&gt;&lt;\/span&gt;&lt;\/sp\u00e4nnvidd&gt;<\/p>\n<p>&lt;en class=&#8221;button product_type_variable add_to_cart_button&#8221; href=&#8221;http:\/\/singlestroke.io\/demo\/primrose-wp\/product\/medium-icosidodecahedron-terrarium\/&#8221; rel=&#8221;nofollow&#8221; data-quantity=&#8221;1&#8243; data-product_id=&#8221;116&#8243; data-product_sku=&#8221;&#8221;&gt;V\u00e4lj alternativ&lt;\/a&gt;&lt;\/li&gt;<br \/>\n&lt;li class=&#8221;post-124 type-product status-publish has-post-thumbnail product_cat-candle-holders product_cat-jewelry-boxes product_cat-ring-bearer instock shipping-taxable purchasable product-type-variable has-children&#8221;&gt;&lt;a class=&#8221;woocommerce-LoopProduct-link&#8221; href=&#8221;http:\/\/singlestroke.io\/demo\/primrose-wp\/product\/mini-icosidodecahedron-candle-holder-ring-bearer-box\/&#8221;&gt;&lt;img class=&#8221;attachment-shop_catalog size-shop_catalog wp-post-image&#8221; title=&#8221;product08-1&#8243; src=&#8221;http:\/\/singlestroke.io\/demo\/primrose-wp\/wp-content\/uploads\/2016\/01\/product08-1-480&#215;360.jpg&#8221; sizes=&#8221;(maxbredd: 480px) 100vw, 480px&#8221; srcset=&#8221;http:\/\/singlestroke.io\/demo\/primrose-wp\/wp-content\/uploads\/2016\/01\/product08-1-480&#215;360.jpg 480w, http:\/\/singlestroke.io\/demo\/primrose-wp\/wp-content\/uploads\/2016\/01\/product08-1-300&#215;225.jpg 300w,  http:\/\/singlestroke.io\/demo\/primrose-wp\/wp-content\/uploads\/2016\/01\/product08-1-768&#215;576.jpg 768w, http:\/\/singlestroke.io\/demo\/primrose-wp\/wp-content\/uploads\/2016\/01\/product08-1-1024&#215;768.jpg 1024w, http:\/\/singlestroke.io\/demo\/primrose-wp\/wp-content\/uploads\/2016\/01\/product08-1.jpg 1080w&#8221; alt=&#8221;product08-1&#8243; bredd=&#8221;480&#8243; h\u00f6jd=&#8221;360&#8243; \/&gt;&lt;\/a&gt;<br \/>\n&lt;h3Mini&gt; Icosidodekaedron Ljush\u00e5llare \/ Ringb\u00e4rare Box&lt;\/h3&gt;<br \/>\n&lt;sp\u00e4nnklass=&#8221;pris&#8221;&gt;&lt;sp\u00e4nnklass=&#8221;woocommerce-Prisbelopp&#8221;&gt;&lt;sp\u00e4nnklass=&#8221;woocommerce-Price-currencySymbol&#8221;&gt;$&lt;\/sp\u00e4nnvidd&gt;50.00&lt;\/sp\u00e4nnvidd&gt;\u2013&lt;sp\u00e4nnklass=&#8221;woocommerce-Prisbelopp&#8221;&gt;&lt;sp\u00e4nnvidd class=&#8221;woocommerce-Price-currencySymbol&#8221;&gt;$&lt;\/span55.00&gt;&lt;\/span&gt;&lt;\/sp\u00e4nnvidd&gt;<\/p>\n<p>&lt;en class=&#8221;button product_type_variable add_to_cart_button&#8221; href=&#8221;http:\/\/singlestroke.io\/demo\/primrose-wp\/product\/mini-icosidodecahedron-candle-holder-ring-bearer-box\/&#8221; rel=&#8221;nofollow&#8221; data-quantity=&#8221;1&#8243; data-product_id=&#8221;124&#8243; data-product_sku=&#8221;&#8221;&gt;V\u00e4lj alternativ&lt;\/a&gt;&lt;\/li&gt;<br \/>\n&lt;li class=&#8221;post-135 type-product status-publish has-post-thumbnail product_cat-jewelry-boxes product_cat-terrariums last instock sale shipping-taxable purchasable product-type-variable has-children&#8221;&gt;&lt;a class=&#8221;woocommerce-LoopProduct-link&#8221; href=&#8221;http:\/\/singlestroke.io\/demo\/primrose-wp\/product\/geometric-jewelry-box\/&#8221;&gt;<br \/>\n&lt;sp\u00e4nnklass=&#8221;onsale&#8221;&gt;F\u00f6rs\u00e4ljning!&lt; \/sp\u00e4nnvidd&gt;<br \/>\n&lt;img class=&#8221;attachment-shop_catalog size-shop_catalog wp-post-image&#8221; title=&#8221;product09-1&#8243; src=&#8221;http:\/\/singlestroke.io\/demo\/primrose-wp\/wp-content\/uploads\/2016\/01\/product09-1-480&#215;360.jpg&#8221; sizes=&#8221;(maxbredd: 480px) 100vw, 480px&#8221; srcset=&#8221;http:\/\/singlestroke.io\/demo\/primrose-wp\/wp-content\/uploads\/2016\/01\/product09-1-480&#215;360.jpg 480w, http:\/\/singlestroke.io\/demo\/primrose-wp\/wp-content\/uploads\/2016\/01\/product09-1-300&#215;225.jpg 300w,  http:\/\/singlestroke.io\/demo\/primrose-wp\/wp-content\/uploads\/2016\/01\/product09-1-768&#215;576.jpg 768w, http:\/\/singlestroke.io\/demo\/primrose-wp\/wp-content\/uploads\/2016\/01\/product09-1-1024&#215;768.jpg 1024w, http:\/\/singlestroke.io\/demo\/primrose-wp\/wp-content\/uploads\/2016\/01\/product09-1.jpg 1080w&#8221; alt=&#8221;product09-1&#8243; bredd=&#8221;480&#8243; h\u00f6jd=&#8221;360&#8243; \/&gt;&lt;\/a&gt;<br \/>\n&lt;h3Geometriska&gt; smycken L\u00e5da&lt;\/h3&gt;<br \/>\n&lt;sp\u00e4nnklass=&#8221;pris&#8221;&gt;&lt;del&gt;&lt;sp\u00e4nnklass=&#8221;woocommerce-Prisbelopp&#8221;&gt;&lt;sp\u00e4nnklass=&#8221;woocommerce-Price-currencySymbol&#8221;&gt;$&lt;\/sp\u00e4nnvidd&gt;100.00&lt;\/sp\u00e4nnvidd&gt;\u2013&lt;sp\u00e4nnklass=&#8221;woocommerce-Prisbelopp&#8221;&gt;&lt;sp\u00e4nnvidd class=&#8221;woocommerce-Price-currencySymbol&#8221;&gt;$&lt;\/span115.00&gt;&lt;\/span&gt;&lt;\/del&gt; &lt;ins&gt;&lt;sp\u00e4nnklass=&#8221;woocommerce-Prisbelopp&#8221;&gt;&lt;sp\u00e4nnklass=&#8221;woocommerce-Price-currencySymbol&#8221;&gt;$&lt;\/sp\u00e4nnvidd&gt;90.00&lt;\/sp\u00e4nnvidd&gt;\u2013&lt;sp\u00e4nnklass=&#8221;woocommerce-Prisbelopp&#8221;&gt;&lt;sp\u00e4nnvidd class=&#8221;woocommerce-Price-currencySymbol&#8221;&gt;$&lt;\/span100.00&gt;&lt;\/span&gt;&lt;\/ins&gt;&lt;\/sp\u00e4nnvidd&gt;<\/p>\n<p>&lt;en class=&#8221;button product_type_variable add_to_cart_button&#8221; href=&#8221;http:\/\/singlestroke.io\/demo\/primrose-wp\/product\/geometric-jewelry-box\/&#8221; rel=&#8221;nofollow&#8221; data-quantity=&#8221;1&#8243; data-product_id=&#8221;135&#8243; data-product_sku=&#8221;&#8221;&gt;V\u00e4lj alternativ&lt;\/a&gt;&lt;\/li&gt;<br \/>\n&lt;\/ul&gt;<br \/>\n&lt;a class=&#8221;primrose-sow-button primrose-sow-button-0 button anchor-link&#8221; href=&#8221;http:\/\/singlestroke.io\/demo\/primrose-wp\/shop\/&#8221;&gt;<br \/>\nBl\u00e4ddra bland v\u00e5ra produkter &lt;\/a&gt;<br \/>\n&lt;!&#8211; .primros-s\u00e5-knappar-&gt;<\/p>\n","protected":false},"excerpt":{"rendered":"<p>&lt;img class=&#8221;primrose-sow-hero-slide-background-image primrose-sow-hero-slide-background-video-poster&#8221; src=&#8221;http:\/\/singlestroke.io\/demo\/primrose-wp\/wp-content\/uploads\/2016\/02\/hero-video.jpg&#8221; alt=&#8221;&#8221; width=&#8221;852&#8243; h\u00f6jd=&#8221;480&#8243; \/&gt; &lt;videoklass=&#8221;primrose-s\u00e5-hj\u00e4lte-slide-background-video&#8221; autoplay=&#8221;autoplay&#8221; loop=&#8221;loop&#8221; muted=&#8221;&#8221; width=&#8221;480&#8243; height=&#8221;270&#8243;&gt; &lt;k\u00e4lltyp=&#8221;video\/mp4&#8243; src=&#8221;http:\/\/singlestroke.io\/demo\/primrose-wp\/wp-content\/uploads\/2016\/02\/hero-video.mp4&#8243; \/&gt; &lt;k\u00e4lltyp=&#8221;video\/ogg&#8221; src=&#8221;http:\/\/singlestroke.io\/demo\/primrose-wp\/wp-content\/uploads\/2016\/02\/hero-video.ogv&#8221; \/&gt; &lt;k\u00e4lla type=&#8221;video\/webm&#8221; src=&#8221;http:\/\/singlestroke.io\/demo\/primrose-wp\/wp-content\/uploads\/2016\/02\/hero-video.webm&#8221; \/&gt; &lt;\/video&gt; &lt;!&#8211; .primrose-s\u00e5-hj\u00e4lte-bild-bakgrund &#8211;&gt; V\u00e4lkommen till Primrose &lt;a class=&#8221;primrose-sow-button primrose-sow-button-0 button anchor-link&#8221; href=&#8221;http:\/\/singlestroke.io\/demo\/primrose-wp\/shop\/&#8221;&gt; B\u00f6rja handla nu &lt;\/a&gt; &lt;!&#8211; .primros-s\u00e5-knappar-&gt; &lt;!&#8211; .primrose-sow-hero-slide-content -&gt; &lt;!&#8211; .primrose-s\u00e5-hj\u00e4lte-slide &#8211;&gt; &lt;!&#8211; .primrose-s\u00e5-hj\u00e4lte-skjutreglaget-&gt; Primrose \u00e4r ett minimalt [&hellip;]<\/p>\n","protected":false},"author":1,"featured_media":0,"parent":0,"menu_order":0,"comment_status":"closed","ping_status":"closed","template":"","meta":{"_monsterinsights_skip_tracking":false,"_monsterinsights_sitenote_active":false,"_monsterinsights_sitenote_note":"","_monsterinsights_sitenote_category":0,"footnotes":""},"yoast_head":"<!-- This site is optimized with the Yoast SEO plugin v22.1 - https:\/\/yoast.com\/wordpress\/plugins\/seo\/ -->\n<title>Montessori tr\u00e4leksaker - Handgjorda l\u00e4rresurser - Woodinout \u00a9<\/title>\n<meta name=\"description\" content=\"Tr\u00e4leksaker inspirerade av Montessori f\u00f6r tidig utveckling under v\u00e4rdefull familjetid. Handgjord av h\u00f6gkvalitativt massivt tr\u00e4.\" \/>\n<meta name=\"robots\" content=\"index, follow, max-snippet:-1, max-image-preview:large, max-video-preview:-1\" \/>\n<link rel=\"canonical\" href=\"https:\/\/woodinout.net\/sv\/hem-1\/\" \/>\n<meta property=\"og:locale\" content=\"sv_SE\" \/>\n<meta property=\"og:type\" content=\"article\" \/>\n<meta property=\"og:title\" content=\"Montessori tr\u00e4leksaker - Handgjorda l\u00e4rresurser - Woodinout \u00a9\" \/>\n<meta property=\"og:description\" content=\"Tr\u00e4leksaker inspirerade av Montessori f\u00f6r tidig utveckling under v\u00e4rdefull familjetid. Handgjord av h\u00f6gkvalitativt massivt tr\u00e4.\" \/>\n<meta property=\"og:url\" content=\"https:\/\/woodinout.net\/sv\/hem-1\/\" \/>\n<meta property=\"og:site_name\" content=\"Woodinout \u00a9\" \/>\n<meta name=\"twitter:card\" content=\"summary_large_image\" \/>\n<meta name=\"twitter:label1\" content=\"Ber\u00e4knad l\u00e4stid\" \/>\n\t<meta name=\"twitter:data1\" content=\"6 minuter\" \/>\n<script type=\"application\/ld+json\" class=\"yoast-schema-graph\">{\"@context\":\"https:\/\/schema.org\",\"@graph\":[{\"@type\":\"WebPage\",\"@id\":\"https:\/\/woodinout.net\/sv\/hem-1\/\",\"url\":\"https:\/\/woodinout.net\/sv\/hem-1\/\",\"name\":\"Montessori tr\u00e4leksaker - Handgjorda l\u00e4rresurser - Woodinout \u00a9\",\"isPartOf\":{\"@id\":\"https:\/\/woodinout.net\/sv\/#website\"},\"datePublished\":\"2020-02-02T19:41:18+00:00\",\"dateModified\":\"2020-02-02T19:41:18+00:00\",\"description\":\"Tr\u00e4leksaker inspirerade av Montessori f\u00f6r tidig utveckling under v\u00e4rdefull familjetid. Handgjord av h\u00f6gkvalitativt massivt tr\u00e4.\",\"breadcrumb\":{\"@id\":\"https:\/\/woodinout.net\/sv\/hem-1\/#breadcrumb\"},\"inLanguage\":\"sv-SE\",\"potentialAction\":[{\"@type\":\"ReadAction\",\"target\":[\"https:\/\/woodinout.net\/sv\/hem-1\/\"]}]},{\"@type\":\"BreadcrumbList\",\"@id\":\"https:\/\/woodinout.net\/sv\/hem-1\/#breadcrumb\",\"itemListElement\":[{\"@type\":\"ListItem\",\"position\":1,\"name\":\"Home\",\"item\":\"https:\/\/woodinout.net\/sv\/\"},{\"@type\":\"ListItem\",\"position\":2,\"name\":\"Hem 1\"}]},{\"@type\":\"WebSite\",\"@id\":\"https:\/\/woodinout.net\/sv\/#website\",\"url\":\"https:\/\/woodinout.net\/sv\/\",\"name\":\"Woodinout \u00a9\",\"description\":\"Wooden Montessori toys, gifts, home and events decor details\",\"potentialAction\":[{\"@type\":\"SearchAction\",\"target\":{\"@type\":\"EntryPoint\",\"urlTemplate\":\"https:\/\/woodinout.net\/sv\/?s={search_term_string}\"},\"query-input\":\"required name=search_term_string\"}],\"inLanguage\":\"sv-SE\"}]}<\/script>\n<!-- \/ Yoast SEO plugin. -->","yoast_head_json":{"title":"Montessori tr\u00e4leksaker - Handgjorda l\u00e4rresurser - Woodinout \u00a9","description":"Tr\u00e4leksaker inspirerade av Montessori f\u00f6r tidig utveckling under v\u00e4rdefull familjetid. Handgjord av h\u00f6gkvalitativt massivt tr\u00e4.","robots":{"index":"index","follow":"follow","max-snippet":"max-snippet:-1","max-image-preview":"max-image-preview:large","max-video-preview":"max-video-preview:-1"},"canonical":"https:\/\/woodinout.net\/sv\/hem-1\/","og_locale":"sv_SE","og_type":"article","og_title":"Montessori tr\u00e4leksaker - Handgjorda l\u00e4rresurser - Woodinout \u00a9","og_description":"Tr\u00e4leksaker inspirerade av Montessori f\u00f6r tidig utveckling under v\u00e4rdefull familjetid. Handgjord av h\u00f6gkvalitativt massivt tr\u00e4.","og_url":"https:\/\/woodinout.net\/sv\/hem-1\/","og_site_name":"Woodinout \u00a9","twitter_card":"summary_large_image","twitter_misc":{"Ber\u00e4knad l\u00e4stid":"6 minuter"},"schema":{"@context":"https:\/\/schema.org","@graph":[{"@type":"WebPage","@id":"https:\/\/woodinout.net\/sv\/hem-1\/","url":"https:\/\/woodinout.net\/sv\/hem-1\/","name":"Montessori tr\u00e4leksaker - Handgjorda l\u00e4rresurser - Woodinout \u00a9","isPartOf":{"@id":"https:\/\/woodinout.net\/sv\/#website"},"datePublished":"2020-02-02T19:41:18+00:00","dateModified":"2020-02-02T19:41:18+00:00","description":"Tr\u00e4leksaker inspirerade av Montessori f\u00f6r tidig utveckling under v\u00e4rdefull familjetid. Handgjord av h\u00f6gkvalitativt massivt tr\u00e4.","breadcrumb":{"@id":"https:\/\/woodinout.net\/sv\/hem-1\/#breadcrumb"},"inLanguage":"sv-SE","potentialAction":[{"@type":"ReadAction","target":["https:\/\/woodinout.net\/sv\/hem-1\/"]}]},{"@type":"BreadcrumbList","@id":"https:\/\/woodinout.net\/sv\/hem-1\/#breadcrumb","itemListElement":[{"@type":"ListItem","position":1,"name":"Home","item":"https:\/\/woodinout.net\/sv\/"},{"@type":"ListItem","position":2,"name":"Hem 1"}]},{"@type":"WebSite","@id":"https:\/\/woodinout.net\/sv\/#website","url":"https:\/\/woodinout.net\/sv\/","name":"Woodinout \u00a9","description":"Wooden Montessori toys, gifts, home and events decor details","potentialAction":[{"@type":"SearchAction","target":{"@type":"EntryPoint","urlTemplate":"https:\/\/woodinout.net\/sv\/?s={search_term_string}"},"query-input":"required name=search_term_string"}],"inLanguage":"sv-SE"}]}},"_links":{"self":[{"href":"https:\/\/woodinout.net\/sv\/wp-json\/wp\/v2\/pages\/20755"}],"collection":[{"href":"https:\/\/woodinout.net\/sv\/wp-json\/wp\/v2\/pages"}],"about":[{"href":"https:\/\/woodinout.net\/sv\/wp-json\/wp\/v2\/types\/page"}],"author":[{"embeddable":true,"href":"https:\/\/woodinout.net\/sv\/wp-json\/wp\/v2\/users\/1"}],"replies":[{"embeddable":true,"href":"https:\/\/woodinout.net\/sv\/wp-json\/wp\/v2\/comments?post=20755"}],"version-history":[{"count":0,"href":"https:\/\/woodinout.net\/sv\/wp-json\/wp\/v2\/pages\/20755\/revisions"}],"wp:attachment":[{"href":"https:\/\/woodinout.net\/sv\/wp-json\/wp\/v2\/media?parent=20755"}],"curies":[{"name":"wp","href":"https:\/\/api.w.org\/{rel}","templated":true}]}}