{"id":20750,"date":"2017-09-22T20:37:19","date_gmt":"2017-09-22T17:37:19","guid":{"rendered":"https:\/\/woodinout.net\/villkor\/"},"modified":"2017-09-22T20:37:19","modified_gmt":"2017-09-22T17:37:19","slug":"villkor","status":"publish","type":"page","link":"https:\/\/woodinout.net\/sv\/villkor\/","title":{"rendered":"Villkor"},"content":{"rendered":"<p><strong>Ber\u00e4knade leveranstider<\/strong><\/p>\n<p>WOODINOUT-fartyg fr\u00e5n ett Litauen (Europa).<\/p>\n<p>Frakt \u00f6ver hela v\u00e4rlden!<\/p>\n<p>Via nationell registrerad posttj\u00e4nst.<\/p>\n<ul>\n<li>Frakt tar 10-25 arbetsdagar (beror p\u00e5 din leveransadressplats)\n<ul>\n<li>USA: 2-4 veckor<\/li>\n<li>Nordamerika: 2-4 veckor<\/li>\n<li>Europa:&nbsp;1-2 veckor<\/li>\n<li>Australien, Nya Zeeland och Oceanien: 3-4 veckor<\/li>\n<\/ul>\n<\/li>\n<\/ul>\n<ul>\n<li>Artiklar skickas som prioriterad registrerad flygpost.<\/li>\n<\/ul>\n<p>Via UPS express:<\/p>\n<ul>\n<li>Frakt tar 2-5 arbetsdagar (beror p\u00e5 din leveransadressplats)<\/li>\n<\/ul>\n<p>Vi g\u00f6r v\u00e5rt b\u00e4sta f\u00f6r att uppfylla dessa leveransber\u00e4kningar, men kan inte garantera dem. Den faktiska leveranstiden beror p\u00e5 vilken leveransmetod du v\u00e4ljer.<\/p>\n<p><strong>Tull- och importskatter<\/strong><\/p>\n<p>K\u00f6pare \u00e4r ansvariga f\u00f6r eventuella tull- och importskatter som kan g\u00e4lla. Jag \u00e4r inte ansvarig f\u00f6r f\u00f6rseningar p\u00e5 grund av tullen.<\/p>\n<p><em>Vi tar g\u00e4rna emot returer och byten<\/em><\/p>\n<p>Kontakta oss inom:&nbsp;14 dagar efter leverans<\/p>\n<p>Skicka tillbaka artiklar inom:&nbsp;45 dagar efter leverans<\/p>\n<p><em>Vi accepterar inte avbokningar<\/em><\/p>\n<p>Men v\u00e4nligen kontakta mig om du har n\u00e5gra problem med din best\u00e4llning.<\/p>\n<p><em><strong>F\u00f6ljande artiklar kan inte returneras eller bytas ut<\/strong><\/em><\/p>\n<p>P\u00e5 grund av arten av dessa artiklar, om de inte anl\u00e4nder skadade eller defekta, kan jag inte acceptera returer f\u00f6r:<\/p>\n<ul>\n<li>Anpassade eller personliga best\u00e4llningar<\/li>\n<li><strong>F\u00d6RS\u00c4LJNINGSARTIKLAR &#8211;&nbsp;<\/strong> Det g\u00e5r inte att \u00e5terbetala f\u00f6rs\u00e4ljningsartiklar.<\/li>\n<\/ul>\n<p><strong>Villkor f\u00f6r \u00e5terv\u00e4ndande<\/strong><\/p>\n<p>K\u00f6pare \u00e4r ansvariga f\u00f6r returfraktkostnader. Om varan inte returneras i ursprungligt skick \u00e4r k\u00f6paren ansvarig f\u00f6r eventuella v\u00e4rdef\u00f6rluster.<\/p>\n<p><strong>ANPASSADE PRODUKTER<\/strong><\/p>\n<p>Vi \u00e5terbetalar inte anpassade eller personliga best\u00e4llningar: speciall\u00e4ngder, anpassade storlekar och f\u00e4rger.<\/p>\n<p>Om f\u00e4rgen du v\u00e4ljer inte \u00e4r i tillval v\u00e5r drop-box kunde den inte \u00e5terbetalas, returneras eller bytas ut.<\/p>\n<p><strong>Woodinout &#8211; ett varum\u00e4rke som \u00e4gs av SISTEMIS, LLC<\/strong><\/p>\n<p>Sistemis, Storbritannien<br \/>\n303003620<br \/>\nMomskod LT100007986218<br \/>\nRaudondvario pl. 76-2A, 201 kab., Kaunas, Litauen, LT47182<\/p>\n<p>Luminor bank<br \/>\nA\/S LT30 4010 0510 0420 7813<\/p>\n","protected":false},"excerpt":{"rendered":"<p>Ber\u00e4knade leveranstider WOODINOUT-fartyg fr\u00e5n ett Litauen (Europa). Frakt \u00f6ver hela v\u00e4rlden! Via nationell registrerad posttj\u00e4nst. Frakt tar 10-25 arbetsdagar (beror p\u00e5 din leveransadressplats) USA: 2-4 veckor Nordamerika: 2-4 veckor Europa:&nbsp;1-2 veckor Australien, Nya Zeeland och Oceanien: 3-4 veckor Artiklar skickas som prioriterad registrerad flygpost. Via UPS express: Frakt tar 2-5 arbetsdagar (beror p\u00e5 din leveransadressplats) [&hellip;]<\/p>\n","protected":false},"author":1,"featured_media":0,"parent":0,"menu_order":0,"comment_status":"closed","ping_status":"closed","template":"","meta":{"_monsterinsights_skip_tracking":false,"_monsterinsights_sitenote_active":false,"_monsterinsights_sitenote_note":"","_monsterinsights_sitenote_category":0,"footnotes":""},"yoast_head":"<!-- This site is optimized with the Yoast SEO plugin v22.1 - https:\/\/yoast.com\/wordpress\/plugins\/seo\/ -->\n<title>Villkor - Tr\u00e4leksaker Shop Woodinout \u00a9<\/title>\n<meta name=\"description\" content=\"Tr\u00e4leksaker inspirerade av Montessori f\u00f6r tidig utveckling under v\u00e4rdefull familjetid. Handgjord av h\u00f6gkvalitativt massivt tr\u00e4.\" \/>\n<meta name=\"robots\" content=\"index, follow, max-snippet:-1, max-image-preview:large, max-video-preview:-1\" \/>\n<link rel=\"canonical\" href=\"https:\/\/woodinout.net\/sv\/villkor\/\" \/>\n<meta property=\"og:locale\" content=\"sv_SE\" \/>\n<meta property=\"og:type\" content=\"article\" \/>\n<meta property=\"og:title\" content=\"Villkor - Tr\u00e4leksaker Shop Woodinout \u00a9\" \/>\n<meta property=\"og:description\" content=\"Tr\u00e4leksaker inspirerade av Montessori f\u00f6r tidig utveckling under v\u00e4rdefull familjetid. Handgjord av h\u00f6gkvalitativt massivt tr\u00e4.\" \/>\n<meta property=\"og:url\" content=\"https:\/\/woodinout.net\/sv\/villkor\/\" \/>\n<meta property=\"og:site_name\" content=\"Woodinout \u00a9\" \/>\n<meta name=\"twitter:card\" content=\"summary_large_image\" \/>\n<meta name=\"twitter:label1\" content=\"Ber\u00e4knad l\u00e4stid\" \/>\n\t<meta name=\"twitter:data1\" content=\"2 minuter\" \/>\n<script type=\"application\/ld+json\" class=\"yoast-schema-graph\">{\"@context\":\"https:\/\/schema.org\",\"@graph\":[{\"@type\":\"WebPage\",\"@id\":\"https:\/\/woodinout.net\/sv\/villkor\/\",\"url\":\"https:\/\/woodinout.net\/sv\/villkor\/\",\"name\":\"Villkor - Tr\u00e4leksaker Shop Woodinout \u00a9\",\"isPartOf\":{\"@id\":\"https:\/\/woodinout.net\/sv\/#website\"},\"datePublished\":\"2017-09-22T17:37:19+00:00\",\"dateModified\":\"2017-09-22T17:37:19+00:00\",\"description\":\"Tr\u00e4leksaker inspirerade av Montessori f\u00f6r tidig utveckling under v\u00e4rdefull familjetid. Handgjord av h\u00f6gkvalitativt massivt tr\u00e4.\",\"breadcrumb\":{\"@id\":\"https:\/\/woodinout.net\/sv\/villkor\/#breadcrumb\"},\"inLanguage\":\"sv-SE\",\"potentialAction\":[{\"@type\":\"ReadAction\",\"target\":[\"https:\/\/woodinout.net\/sv\/villkor\/\"]}]},{\"@type\":\"BreadcrumbList\",\"@id\":\"https:\/\/woodinout.net\/sv\/villkor\/#breadcrumb\",\"itemListElement\":[{\"@type\":\"ListItem\",\"position\":1,\"name\":\"Home\",\"item\":\"https:\/\/woodinout.net\/sv\/\"},{\"@type\":\"ListItem\",\"position\":2,\"name\":\"Villkor\"}]},{\"@type\":\"WebSite\",\"@id\":\"https:\/\/woodinout.net\/sv\/#website\",\"url\":\"https:\/\/woodinout.net\/sv\/\",\"name\":\"Woodinout \u00a9\",\"description\":\"Wooden Montessori toys, gifts, home and events decor details\",\"potentialAction\":[{\"@type\":\"SearchAction\",\"target\":{\"@type\":\"EntryPoint\",\"urlTemplate\":\"https:\/\/woodinout.net\/sv\/?s={search_term_string}\"},\"query-input\":\"required name=search_term_string\"}],\"inLanguage\":\"sv-SE\"}]}<\/script>\n<!-- \/ Yoast SEO plugin. -->","yoast_head_json":{"title":"Villkor - Tr\u00e4leksaker Shop Woodinout \u00a9","description":"Tr\u00e4leksaker inspirerade av Montessori f\u00f6r tidig utveckling under v\u00e4rdefull familjetid. Handgjord av h\u00f6gkvalitativt massivt tr\u00e4.","robots":{"index":"index","follow":"follow","max-snippet":"max-snippet:-1","max-image-preview":"max-image-preview:large","max-video-preview":"max-video-preview:-1"},"canonical":"https:\/\/woodinout.net\/sv\/villkor\/","og_locale":"sv_SE","og_type":"article","og_title":"Villkor - Tr\u00e4leksaker Shop Woodinout \u00a9","og_description":"Tr\u00e4leksaker inspirerade av Montessori f\u00f6r tidig utveckling under v\u00e4rdefull familjetid. Handgjord av h\u00f6gkvalitativt massivt tr\u00e4.","og_url":"https:\/\/woodinout.net\/sv\/villkor\/","og_site_name":"Woodinout \u00a9","twitter_card":"summary_large_image","twitter_misc":{"Ber\u00e4knad l\u00e4stid":"2 minuter"},"schema":{"@context":"https:\/\/schema.org","@graph":[{"@type":"WebPage","@id":"https:\/\/woodinout.net\/sv\/villkor\/","url":"https:\/\/woodinout.net\/sv\/villkor\/","name":"Villkor - Tr\u00e4leksaker Shop Woodinout \u00a9","isPartOf":{"@id":"https:\/\/woodinout.net\/sv\/#website"},"datePublished":"2017-09-22T17:37:19+00:00","dateModified":"2017-09-22T17:37:19+00:00","description":"Tr\u00e4leksaker inspirerade av Montessori f\u00f6r tidig utveckling under v\u00e4rdefull familjetid. Handgjord av h\u00f6gkvalitativt massivt tr\u00e4.","breadcrumb":{"@id":"https:\/\/woodinout.net\/sv\/villkor\/#breadcrumb"},"inLanguage":"sv-SE","potentialAction":[{"@type":"ReadAction","target":["https:\/\/woodinout.net\/sv\/villkor\/"]}]},{"@type":"BreadcrumbList","@id":"https:\/\/woodinout.net\/sv\/villkor\/#breadcrumb","itemListElement":[{"@type":"ListItem","position":1,"name":"Home","item":"https:\/\/woodinout.net\/sv\/"},{"@type":"ListItem","position":2,"name":"Villkor"}]},{"@type":"WebSite","@id":"https:\/\/woodinout.net\/sv\/#website","url":"https:\/\/woodinout.net\/sv\/","name":"Woodinout \u00a9","description":"Wooden Montessori toys, gifts, home and events decor details","potentialAction":[{"@type":"SearchAction","target":{"@type":"EntryPoint","urlTemplate":"https:\/\/woodinout.net\/sv\/?s={search_term_string}"},"query-input":"required name=search_term_string"}],"inLanguage":"sv-SE"}]}},"_links":{"self":[{"href":"https:\/\/woodinout.net\/sv\/wp-json\/wp\/v2\/pages\/20750"}],"collection":[{"href":"https:\/\/woodinout.net\/sv\/wp-json\/wp\/v2\/pages"}],"about":[{"href":"https:\/\/woodinout.net\/sv\/wp-json\/wp\/v2\/types\/page"}],"author":[{"embeddable":true,"href":"https:\/\/woodinout.net\/sv\/wp-json\/wp\/v2\/users\/1"}],"replies":[{"embeddable":true,"href":"https:\/\/woodinout.net\/sv\/wp-json\/wp\/v2\/comments?post=20750"}],"version-history":[{"count":0,"href":"https:\/\/woodinout.net\/sv\/wp-json\/wp\/v2\/pages\/20750\/revisions"}],"wp:attachment":[{"href":"https:\/\/woodinout.net\/sv\/wp-json\/wp\/v2\/media?parent=20750"}],"curies":[{"name":"wp","href":"https:\/\/api.w.org\/{rel}","templated":true}]}}