{"id":20693,"date":"2016-08-01T15:22:58","date_gmt":"2016-08-01T12:22:58","guid":{"rendered":"https:\/\/woodinout.net\/material-och-farger\/"},"modified":"2016-08-01T15:22:58","modified_gmt":"2016-08-01T12:22:58","slug":"material-och-farger","status":"publish","type":"page","link":"https:\/\/woodinout.net\/sv\/material-och-farger\/","title":{"rendered":"Material och f\u00e4rger"},"content":{"rendered":"<p>&#x1f3a8; F\u00e4rg: naturlig eller brun oljad.<br \/>\n&#x1f331; Produkterna \u00e4r tillverkade av NATURLIGT MASSIVT TR\u00c4 och plywood.<br \/>\n&#x1f3a8; Observera att f\u00e4rgerna kan variera beroende p\u00e5 inst\u00e4llningar f\u00f6r datorsk\u00e4rmar och ljusning.<\/p>\n","protected":false},"excerpt":{"rendered":"<p>&#x1f3a8; F\u00e4rg: naturlig eller brun oljad. &#x1f331; Produkterna \u00e4r tillverkade av NATURLIGT MASSIVT TR\u00c4 och plywood. &#x1f3a8; Observera att f\u00e4rgerna kan variera beroende p\u00e5 inst\u00e4llningar f\u00f6r datorsk\u00e4rmar och ljusning.<\/p>\n","protected":false},"author":1,"featured_media":0,"parent":0,"menu_order":0,"comment_status":"closed","ping_status":"closed","template":"","meta":{"_monsterinsights_skip_tracking":false,"_monsterinsights_sitenote_active":false,"_monsterinsights_sitenote_note":"","_monsterinsights_sitenote_category":0,"footnotes":""},"yoast_head":"<!-- This site is optimized with the Yoast SEO plugin v22.1 - https:\/\/yoast.com\/wordpress\/plugins\/seo\/ -->\n<title>Material och f\u00e4rger - Tr\u00e4leksaker Shop Woodinout \u00a9<\/title>\n<meta name=\"description\" content=\"Tr\u00e4leksaker inspirerade av Montessori f\u00f6r tidig utveckling under v\u00e4rdefull familjetid. Handgjord av h\u00f6gkvalitativt massivt tr\u00e4.\" \/>\n<meta name=\"robots\" content=\"index, follow, max-snippet:-1, max-image-preview:large, max-video-preview:-1\" \/>\n<link rel=\"canonical\" href=\"https:\/\/woodinout.net\/sv\/material-och-farger\/\" \/>\n<meta property=\"og:locale\" content=\"sv_SE\" \/>\n<meta property=\"og:type\" content=\"article\" \/>\n<meta property=\"og:title\" content=\"Material och f\u00e4rger - Tr\u00e4leksaker Shop Woodinout \u00a9\" \/>\n<meta property=\"og:description\" content=\"Tr\u00e4leksaker inspirerade av Montessori f\u00f6r tidig utveckling under v\u00e4rdefull familjetid. Handgjord av h\u00f6gkvalitativt massivt tr\u00e4.\" \/>\n<meta property=\"og:url\" content=\"https:\/\/woodinout.net\/sv\/material-och-farger\/\" \/>\n<meta property=\"og:site_name\" content=\"Woodinout \u00a9\" \/>\n<meta name=\"twitter:card\" content=\"summary_large_image\" \/>\n<script type=\"application\/ld+json\" class=\"yoast-schema-graph\">{\"@context\":\"https:\/\/schema.org\",\"@graph\":[{\"@type\":\"WebPage\",\"@id\":\"https:\/\/woodinout.net\/sv\/material-och-farger\/\",\"url\":\"https:\/\/woodinout.net\/sv\/material-och-farger\/\",\"name\":\"Material och f\u00e4rger - Tr\u00e4leksaker Shop Woodinout \u00a9\",\"isPartOf\":{\"@id\":\"https:\/\/woodinout.net\/sv\/#website\"},\"datePublished\":\"2016-08-01T12:22:58+00:00\",\"dateModified\":\"2016-08-01T12:22:58+00:00\",\"description\":\"Tr\u00e4leksaker inspirerade av Montessori f\u00f6r tidig utveckling under v\u00e4rdefull familjetid. Handgjord av h\u00f6gkvalitativt massivt tr\u00e4.\",\"breadcrumb\":{\"@id\":\"https:\/\/woodinout.net\/sv\/material-och-farger\/#breadcrumb\"},\"inLanguage\":\"sv-SE\",\"potentialAction\":[{\"@type\":\"ReadAction\",\"target\":[\"https:\/\/woodinout.net\/sv\/material-och-farger\/\"]}]},{\"@type\":\"BreadcrumbList\",\"@id\":\"https:\/\/woodinout.net\/sv\/material-och-farger\/#breadcrumb\",\"itemListElement\":[{\"@type\":\"ListItem\",\"position\":1,\"name\":\"Home\",\"item\":\"https:\/\/woodinout.net\/sv\/\"},{\"@type\":\"ListItem\",\"position\":2,\"name\":\"Material och f\u00e4rger\"}]},{\"@type\":\"WebSite\",\"@id\":\"https:\/\/woodinout.net\/sv\/#website\",\"url\":\"https:\/\/woodinout.net\/sv\/\",\"name\":\"Woodinout \u00a9\",\"description\":\"Wooden Montessori toys, gifts, home and events decor details\",\"potentialAction\":[{\"@type\":\"SearchAction\",\"target\":{\"@type\":\"EntryPoint\",\"urlTemplate\":\"https:\/\/woodinout.net\/sv\/?s={search_term_string}\"},\"query-input\":\"required name=search_term_string\"}],\"inLanguage\":\"sv-SE\"}]}<\/script>\n<!-- \/ Yoast SEO plugin. -->","yoast_head_json":{"title":"Material och f\u00e4rger - Tr\u00e4leksaker Shop Woodinout \u00a9","description":"Tr\u00e4leksaker inspirerade av Montessori f\u00f6r tidig utveckling under v\u00e4rdefull familjetid. Handgjord av h\u00f6gkvalitativt massivt tr\u00e4.","robots":{"index":"index","follow":"follow","max-snippet":"max-snippet:-1","max-image-preview":"max-image-preview:large","max-video-preview":"max-video-preview:-1"},"canonical":"https:\/\/woodinout.net\/sv\/material-och-farger\/","og_locale":"sv_SE","og_type":"article","og_title":"Material och f\u00e4rger - Tr\u00e4leksaker Shop Woodinout \u00a9","og_description":"Tr\u00e4leksaker inspirerade av Montessori f\u00f6r tidig utveckling under v\u00e4rdefull familjetid. Handgjord av h\u00f6gkvalitativt massivt tr\u00e4.","og_url":"https:\/\/woodinout.net\/sv\/material-och-farger\/","og_site_name":"Woodinout \u00a9","twitter_card":"summary_large_image","schema":{"@context":"https:\/\/schema.org","@graph":[{"@type":"WebPage","@id":"https:\/\/woodinout.net\/sv\/material-och-farger\/","url":"https:\/\/woodinout.net\/sv\/material-och-farger\/","name":"Material och f\u00e4rger - Tr\u00e4leksaker Shop Woodinout \u00a9","isPartOf":{"@id":"https:\/\/woodinout.net\/sv\/#website"},"datePublished":"2016-08-01T12:22:58+00:00","dateModified":"2016-08-01T12:22:58+00:00","description":"Tr\u00e4leksaker inspirerade av Montessori f\u00f6r tidig utveckling under v\u00e4rdefull familjetid. Handgjord av h\u00f6gkvalitativt massivt tr\u00e4.","breadcrumb":{"@id":"https:\/\/woodinout.net\/sv\/material-och-farger\/#breadcrumb"},"inLanguage":"sv-SE","potentialAction":[{"@type":"ReadAction","target":["https:\/\/woodinout.net\/sv\/material-och-farger\/"]}]},{"@type":"BreadcrumbList","@id":"https:\/\/woodinout.net\/sv\/material-och-farger\/#breadcrumb","itemListElement":[{"@type":"ListItem","position":1,"name":"Home","item":"https:\/\/woodinout.net\/sv\/"},{"@type":"ListItem","position":2,"name":"Material och f\u00e4rger"}]},{"@type":"WebSite","@id":"https:\/\/woodinout.net\/sv\/#website","url":"https:\/\/woodinout.net\/sv\/","name":"Woodinout \u00a9","description":"Wooden Montessori toys, gifts, home and events decor details","potentialAction":[{"@type":"SearchAction","target":{"@type":"EntryPoint","urlTemplate":"https:\/\/woodinout.net\/sv\/?s={search_term_string}"},"query-input":"required name=search_term_string"}],"inLanguage":"sv-SE"}]}},"_links":{"self":[{"href":"https:\/\/woodinout.net\/sv\/wp-json\/wp\/v2\/pages\/20693"}],"collection":[{"href":"https:\/\/woodinout.net\/sv\/wp-json\/wp\/v2\/pages"}],"about":[{"href":"https:\/\/woodinout.net\/sv\/wp-json\/wp\/v2\/types\/page"}],"author":[{"embeddable":true,"href":"https:\/\/woodinout.net\/sv\/wp-json\/wp\/v2\/users\/1"}],"replies":[{"embeddable":true,"href":"https:\/\/woodinout.net\/sv\/wp-json\/wp\/v2\/comments?post=20693"}],"version-history":[{"count":0,"href":"https:\/\/woodinout.net\/sv\/wp-json\/wp\/v2\/pages\/20693\/revisions"}],"wp:attachment":[{"href":"https:\/\/woodinout.net\/sv\/wp-json\/wp\/v2\/media?parent=20693"}],"curies":[{"name":"wp","href":"https:\/\/api.w.org\/{rel}","templated":true}]}}