{"id":20690,"date":"2020-06-25T12:37:11","date_gmt":"2020-06-25T09:37:11","guid":{"rendered":"https:\/\/woodinout.net\/hem-rutnat-centrerat\/"},"modified":"2022-03-12T18:13:03","modified_gmt":"2022-03-12T16:13:03","slug":"hem-rutnat-centrerat","status":"publish","type":"page","link":"https:\/\/woodinout.net\/sv\/hem-rutnat-centrerat\/","title":{"rendered":"Hem &#8211; Rutn\u00e4t centrerat"},"content":{"rendered":"<div id=\"pl-471\" class=\"panel-layout\">\n<div id=\"pg-471-0\" class=\"panel-grid panel-no-style\" data-style=\"{&quot;background_image_attachment&quot;:false,&quot;background_display&quot;:&quot;tile&quot;,&quot;bottom_margin&quot;:&quot;10px&quot;}\">\n<div id=\"pgc-471-0-0\" class=\"panel-grid-cell\" data-weight=\"1\">\n<div id=\"panel-471-0-0-0\" class=\"so-panel widget widget_primrose-sow-hero-slider panel-first-child panel-last-child\" data-index=\"0\" data-style=\"{&quot;background_image_attachment&quot;:false,&quot;background_display&quot;:&quot;tile&quot;}\"><div\n\t\t\t\n\t\t\tclass=\"so-widget-primrose-sow-hero-slider so-widget-primrose-sow-hero-slider-default-e8a1ba126f17\"\n\t\t\t\n\t\t><\/div><\/div>\n<\/div>\n<\/div>\n<div id=\"pg-471-1\" class=\"panel-grid panel-has-style\" data-style=\"{&quot;background_display&quot;:&quot;tile&quot;,&quot;row_stretch&quot;:&quot;full-stretched&quot;}\">\n<div class=\"siteorigin-panels-stretch panel-row-style panel-row-style-for-471-1\" data-stretch-type=\"full-stretched\">\n<div id=\"pgc-471-1-0\" class=\"panel-grid-cell\" data-weight=\"1\">\n<div id=\"panel-471-1-0-0\" class=\"so-panel widget widget_primrose-sow-masonry-grid panel-first-child panel-last-child\" data-index=\"1\" data-style=\"{&quot;background_image_attachment&quot;:false,&quot;background_display&quot;:&quot;tile&quot;}\"><div\n\t\t\t\n\t\t\tclass=\"so-widget-primrose-sow-masonry-grid so-widget-primrose-sow-masonry-grid-default-d75171398898\"\n\t\t\t\n\t\t><div class=\"primrose-sow-masonry-grid\" data-layouts=\"{&quot;desktop&quot;:{&quot;numColumns&quot;:3,&quot;rowHeight&quot;:0,&quot;gutter&quot;:&quot;40px&quot;},&quot;normal&quot;:{&quot;numColumns&quot;:3,&quot;rowHeight&quot;:0,&quot;gutter&quot;:&quot;40px&quot;},&quot;tablet&quot;:{&quot;numColumns&quot;:2,&quot;rowHeight&quot;:0,&quot;gutter&quot;:&quot;40px&quot;},&quot;mobile&quot;:{&quot;numColumns&quot;:1,&quot;rowHeight&quot;:0,&quot;gutter&quot;:&quot;40px&quot;},&quot;mobileSmall&quot;:{&quot;numColumns&quot;:1,&quot;rowHeight&quot;:0,&quot;gutter&quot;:&quot;40px&quot;}}\">\r\n\t<div class=\"primrose-sow-masonry-grid-sizer-width\"><\/div>\r\n\t<div class=\"primrose-sow-masonry-grid-sizer-height\" style=\"width: 0;\"><\/div>\r\n\t<div class=\"primrose-sow-masonry-grid-sizer-gutter\"><\/div>\r\n\r\n\t<\/div><!-- .primrose-sow-masonry-grid -->\r\n<\/div><\/div>\n<\/div>\n<\/div>\n<\/div>\n<div id=\"pg-471-2\" class=\"panel-grid panel-has-style\" data-style=\"{&quot;padding&quot;:&quot;20px 0px 100px&quot;,&quot;background_display&quot;:&quot;tile&quot;}\">\n<div class=\"panel-row-style panel-row-style-for-471-2\">\n<div id=\"pgc-471-2-0\" class=\"panel-grid-cell\" data-weight=\"1\">\n<div id=\"panel-471-2-0-0\" class=\"so-panel widget widget_primrose-sow-heading panel-first-child\" data-index=\"2\" data-style=\"{&quot;background_display&quot;:&quot;tile&quot;}\"><div\n\t\t\t\n\t\t\tclass=\"so-widget-primrose-sow-heading so-widget-primrose-sow-heading-default-d75171398898\"\n\t\t\t\n\t\t><h2 class=\"primrose-sow-heading primrose-sow-alignment-center\">This is Heading<\/h2><\/div><\/div>\n<div id=\"panel-471-2-0-1\" class=\"so-panel widget widget_primrose-sow-woocommerce-posts-grid\" data-index=\"3\" data-style=\"{&quot;widget_css&quot;:&quot;margin-bottom: -40px;&quot;,&quot;background_display&quot;:&quot;tile&quot;}\">\n<div class=\"panel-widget-style panel-widget-style-for-471-2-0-1\"><div\n\t\t\t\n\t\t\tclass=\"so-widget-primrose-sow-woocommerce-posts-grid so-widget-primrose-sow-woocommerce-posts-grid-default-d75171398898\"\n\t\t\t\n\t\t><div class=\"primrose-sow-woocommerce-posts-grid\">\r\n\t<!-- [products limit=\"6\" columns=\"3\" orderby=\"date\" order=\"desc\"] -->\t<div class=\"woocommerce columns-3 \"><ul class=\"products columns-3\">\n<li class=\"product type-product post-21630 status-publish first instock product_cat-jouets-en-bois product_cat-jouets-pour-la-creativite-jouets-de-motricite product_tag-blocs-de-nombres-en-bois product_tag-cadeaux-pour-enfants-fr product_tag-cadeaux-pour-enfants product_tag-geoboard-en-bois product_tag-jeu-creatif product_tag-jeu-imaginatif product_tag-jeux-dapprentissage product_tag-jeux-educatifs product_tag-jouets-educatifs product_tag-jouets-en-bois product_tag-jouets-montessori product_tag-manipulateurs-mathematiques has-post-thumbnail shipping-taxable purchasable product-type-simple\">\n\t<a href=\"https:\/\/woodinout.net\/fr\/product\/elastiques-colores\/\" class=\"woocommerce-LoopProduct-link woocommerce-loop-product__link\"><img loading=\"lazy\" decoding=\"async\" width=\"480\" height=\"410\" src=\"https:\/\/woodinout.net\/wp-content\/uploads\/2021\/03\/Colorful-rubber-bands-480x410.jpg\" class=\"attachment-woocommerce_thumbnail size-woocommerce_thumbnail\" alt=\"\" srcset=\"https:\/\/woodinout.net\/wp-content\/uploads\/2021\/03\/Colorful-rubber-bands-480x410.jpg 480w, https:\/\/woodinout.net\/wp-content\/uploads\/2021\/03\/Colorful-rubber-bands-600x513.jpg 600w, https:\/\/woodinout.net\/wp-content\/uploads\/2021\/03\/Colorful-rubber-bands-800x684.jpg 800w, https:\/\/woodinout.net\/wp-content\/uploads\/2021\/03\/Colorful-rubber-bands-1080x923.jpg 1080w, https:\/\/woodinout.net\/wp-content\/uploads\/2021\/03\/Colorful-rubber-bands.jpg 1140w\" sizes=\"(max-width: 480px) 100vw, 480px\" \/><h2 class=\"woocommerce-loop-product__title\">\u00c9lastiques color\u00e9s<\/h2>\n\t<span class=\"price\"><span class=\"woocs_price_code\" data-currency=\"\" data-redraw-id=\"69e2325f55b47\"  data-product-id=\"21630\"><span class=\"woocommerce-Price-amount amount\"><bdi>6.00<span class=\"woocommerce-Price-currencySymbol\">&#36;<\/span><\/bdi><\/span><\/span><div class=\"woocs_price_info\"><span class=\"woocs_price_info_icon\"><\/span><ul class='woocs_price_info_list'><li><span>EUR<\/span>: <span class=\"woocs_amount\">&euro;&nbsp;5.34<\/span><\/li><\/ul><\/div><\/span>\n<\/a><a href=\"?add-to-cart=21630\" data-quantity=\"1\" class=\"button product_type_simple add_to_cart_button ajax_add_to_cart\" data-product_id=\"21630\" data-product_sku=\"\" aria-label=\"L\u00e4gg till i varukorgen: \u201d\u00c9lastiques color\u00e9s\u201d\" aria-describedby=\"\" rel=\"nofollow\">L\u00e4gg till i varukorg<\/a><\/li>\n<li class=\"product type-product post-21640 status-publish instock product_cat-jouets-en-bois product_cat-jouets-pour-la-creativite-jouets-de-motricite product_tag-blocs-de-nombres-en-bois product_tag-cadeaux-pour-enfants-fr product_tag-cadeaux-pour-enfants product_tag-geoboard-en-bois product_tag-jeu-creatif product_tag-jeu-imaginatif product_tag-jeux-dapprentissage product_tag-jeux-educatifs product_tag-jouets-educatifs product_tag-jouets-en-bois product_tag-jouets-montessori product_tag-manipulateurs-mathematiques has-post-thumbnail shipping-taxable purchasable product-type-variable\">\n\t<a href=\"https:\/\/woodinout.net\/fr\/product\/chevilles-pour-geoboard\/\" class=\"woocommerce-LoopProduct-link woocommerce-loop-product__link\"><img loading=\"lazy\" decoding=\"async\" width=\"480\" height=\"422\" src=\"https:\/\/woodinout.net\/wp-content\/uploads\/2021\/03\/Small-wooden-Pegs-480x422.jpg\" class=\"attachment-woocommerce_thumbnail size-woocommerce_thumbnail\" alt=\"\" srcset=\"https:\/\/woodinout.net\/wp-content\/uploads\/2021\/03\/Small-wooden-Pegs-480x422.jpg 480w, https:\/\/woodinout.net\/wp-content\/uploads\/2021\/03\/Small-wooden-Pegs-600x527.jpg 600w, https:\/\/woodinout.net\/wp-content\/uploads\/2021\/03\/Small-wooden-Pegs-800x703.jpg 800w, https:\/\/woodinout.net\/wp-content\/uploads\/2021\/03\/Small-wooden-Pegs-1080x949.jpg 1080w, https:\/\/woodinout.net\/wp-content\/uploads\/2021\/03\/Small-wooden-Pegs.jpg 1140w\" sizes=\"(max-width: 480px) 100vw, 480px\" \/><h2 class=\"woocommerce-loop-product__title\">Piquets pour g\u00e9oboard<\/h2>\n\t<span class=\"price\"><span class=\"woocs_price_code\" data-currency=\"\" data-redraw-id=\"69e2325f63ee0\"  data-product-id=\"21640\"><span class=\"woocommerce-Price-amount amount\"><bdi>5.00<span class=\"woocommerce-Price-currencySymbol\">&#36;<\/span><\/bdi><\/span> &ndash; <span class=\"woocommerce-Price-amount amount\"><bdi>10.00<span class=\"woocommerce-Price-currencySymbol\">&#36;<\/span><\/bdi><\/span><\/span><div class=\"woocs_price_info\"><span class=\"woocs_price_info_icon\"><\/span><ul class='woocs_price_info_list'><li><b>EUR<\/b>: <span class=\"woocs_amount\">&euro;&nbsp;4.45<\/span> - <span class=\"woocs_amount\">&euro;&nbsp;8.90<\/span><\/li><\/ul><\/div><\/span>\n<\/a><a href=\"https:\/\/woodinout.net\/fr\/product\/chevilles-pour-geoboard\/\" data-quantity=\"1\" class=\"button product_type_variable add_to_cart_button\" data-product_id=\"21640\" data-product_sku=\"\" aria-label=\"V\u00e4lj alternativ f\u00f6r \u201dPiquets pour g\u00e9oboard\u201d\" aria-describedby=\"Den h\u00e4r produkten har flera varianter. De olika alternativen kan v\u00e4ljas p\u00e5 produktsidan\" rel=\"nofollow\">V\u00e4lj alternativ<\/a><\/li>\n<li class=\"product type-product post-21647 status-publish last instock product_cat-jouets-en-bois product_cat-jouets-pour-la-creativite-jouets-de-motricite product_tag-cadeaux-pour-enfants-fr product_tag-cadeaux-pour-enfants product_tag-geoboard-en-bois product_tag-jeu-creatif product_tag-jeu-imaginatif product_tag-jeux-dapprentissage product_tag-jeux-educatifs product_tag-jouets-educatifs product_tag-jouets-en-bois product_tag-jouets-montessori product_tag-planche-de-cheville has-post-thumbnail shipping-taxable purchasable product-type-simple\">\n\t<a href=\"https:\/\/woodinout.net\/fr\/product\/cercle-geoboard-2\/\" class=\"woocommerce-LoopProduct-link woocommerce-loop-product__link\"><img loading=\"lazy\" decoding=\"async\" width=\"480\" height=\"720\" src=\"https:\/\/woodinout.net\/wp-content\/uploads\/2021\/03\/Full_circle_geoboard_5-480x720.jpg\" class=\"attachment-woocommerce_thumbnail size-woocommerce_thumbnail\" alt=\"\" srcset=\"https:\/\/woodinout.net\/wp-content\/uploads\/2021\/03\/Full_circle_geoboard_5-480x720.jpg 480w, https:\/\/woodinout.net\/wp-content\/uploads\/2021\/03\/Full_circle_geoboard_5-400x600.jpg 400w, https:\/\/woodinout.net\/wp-content\/uploads\/2021\/03\/Full_circle_geoboard_5-533x800.jpg 533w, https:\/\/woodinout.net\/wp-content\/uploads\/2021\/03\/Full_circle_geoboard_5-1024x1536.jpg 1024w, https:\/\/woodinout.net\/wp-content\/uploads\/2021\/03\/Full_circle_geoboard_5-1365x2048.jpg 1365w, https:\/\/woodinout.net\/wp-content\/uploads\/2021\/03\/Full_circle_geoboard_5-1080x1621.jpg 1080w, https:\/\/woodinout.net\/wp-content\/uploads\/2021\/03\/Full_circle_geoboard_5.jpg 1706w\" sizes=\"(max-width: 480px) 100vw, 480px\" \/><h2 class=\"woocommerce-loop-product__title\">G\u00e9oboard en cercle complet<\/h2>\n\t<span class=\"price\"><span class=\"woocs_price_code\" data-currency=\"\" data-redraw-id=\"69e2325f66f79\"  data-product-id=\"21647\"><span class=\"woocommerce-Price-amount amount\"><bdi>34.00<span class=\"woocommerce-Price-currencySymbol\">&#36;<\/span><\/bdi><\/span><\/span><div class=\"woocs_price_info\"><span class=\"woocs_price_info_icon\"><\/span><ul class='woocs_price_info_list'><li><span>EUR<\/span>: <span class=\"woocs_amount\">&euro;&nbsp;30.26<\/span><\/li><\/ul><\/div><\/span>\n<\/a><a href=\"https:\/\/woodinout.net\/fr\/product\/cercle-geoboard-2\/\" data-quantity=\"1\" class=\"button product_type_simple add_to_cart_button\" data-product_id=\"21647\" data-product_sku=\"\" aria-label=\"L\u00e4gg till i varukorgen: \u201dG\u00e9oboard en cercle complet\u201d\" aria-describedby=\"\" rel=\"nofollow\">V\u00e4lj alternativ<\/a><\/li>\n<li class=\"product type-product post-21678 status-publish first instock product_cat-jouets-de-comptage-et-de-mathematiques product_cat-jouets-en-bois product_cat-jouets-pour-la-creativite-jouets-de-motricite product_cat-trier-et-empiler-les-jouets product_tag-cadeaux-pour-enfants-fr product_tag-cadeaux-pour-enfants product_tag-jeux-dapprentissage product_tag-jeux-educatifs product_tag-jouets-educatifs has-post-thumbnail shipping-taxable purchasable product-type-simple\">\n\t<a href=\"https:\/\/woodinout.net\/fr\/product\/support-de-cartes\/\" class=\"woocommerce-LoopProduct-link woocommerce-loop-product__link\"><img loading=\"lazy\" decoding=\"async\" width=\"480\" height=\"720\" src=\"https:\/\/woodinout.net\/wp-content\/uploads\/2021\/03\/Cards_stand-480x720.jpg\" class=\"attachment-woocommerce_thumbnail size-woocommerce_thumbnail\" alt=\"\" srcset=\"https:\/\/woodinout.net\/wp-content\/uploads\/2021\/03\/Cards_stand-480x720.jpg 480w, https:\/\/woodinout.net\/wp-content\/uploads\/2021\/03\/Cards_stand-400x600.jpg 400w, https:\/\/woodinout.net\/wp-content\/uploads\/2021\/03\/Cards_stand-533x800.jpg 533w, https:\/\/woodinout.net\/wp-content\/uploads\/2021\/03\/Cards_stand-1024x1536.jpg 1024w, https:\/\/woodinout.net\/wp-content\/uploads\/2021\/03\/Cards_stand-1365x2048.jpg 1365w, https:\/\/woodinout.net\/wp-content\/uploads\/2021\/03\/Cards_stand-1080x1621.jpg 1080w, https:\/\/woodinout.net\/wp-content\/uploads\/2021\/03\/Cards_stand.jpg 1706w\" sizes=\"(max-width: 480px) 100vw, 480px\" \/><h2 class=\"woocommerce-loop-product__title\">Support de cartes<\/h2>\n\t<span class=\"price\"><span class=\"woocs_price_code\" data-currency=\"\" data-redraw-id=\"69e2325f69ad7\"  data-product-id=\"21678\"><span class=\"woocommerce-Price-amount amount\"><bdi>6.00<span class=\"woocommerce-Price-currencySymbol\">&#36;<\/span><\/bdi><\/span><\/span><div class=\"woocs_price_info\"><span class=\"woocs_price_info_icon\"><\/span><ul class='woocs_price_info_list'><li><span>EUR<\/span>: <span class=\"woocs_amount\">&euro;&nbsp;5.34<\/span><\/li><\/ul><\/div><\/span>\n<\/a><a href=\"?add-to-cart=21678\" data-quantity=\"1\" class=\"button product_type_simple add_to_cart_button ajax_add_to_cart\" data-product_id=\"21678\" data-product_sku=\"\" aria-label=\"L\u00e4gg till i varukorgen: \u201dSupport de cartes\u201d\" aria-describedby=\"\" rel=\"nofollow\">L\u00e4gg till i varukorg<\/a><\/li>\n<li class=\"product type-product post-21680 status-publish instock product_cat-jouets-en-bois product_cat-jouets-pour-bebe product_cat-puzzles-fr product_tag-activites-de-motricite-fine product_tag-cadeaux-pour-enfants-fr product_tag-cadeaux-pour-enfants product_tag-cadeaux-pour-les-enfants-de-18-mois product_tag-jeux-dapprentissage product_tag-jeux-dorthographe product_tag-jeux-educatifs product_tag-jouets-educatifs product_tag-jouets-en-bois product_tag-jouets-montessori product_tag-jouets-pour-enfants-de-6-mois product_tag-parler-et-epeler product_tag-puzzle-de-nom-en-bois product_tag-puzzle-de-nom-personnalise product_tag-puzzle-de-noms-personnalises product_tag-puzzles-en-bois has-post-thumbnail shipping-taxable purchasable product-type-variable\">\n\t<a href=\"https:\/\/woodinout.net\/fr\/product\/nom-puzzle-tabouret\/\" class=\"woocommerce-LoopProduct-link woocommerce-loop-product__link\"><img loading=\"lazy\" decoding=\"async\" width=\"480\" height=\"720\" src=\"https:\/\/woodinout.net\/wp-content\/uploads\/2021\/03\/Name_puzzle_stool_2-480x720.jpg\" class=\"attachment-woocommerce_thumbnail size-woocommerce_thumbnail\" alt=\"\" srcset=\"https:\/\/woodinout.net\/wp-content\/uploads\/2021\/03\/Name_puzzle_stool_2-480x720.jpg 480w, https:\/\/woodinout.net\/wp-content\/uploads\/2021\/03\/Name_puzzle_stool_2-400x600.jpg 400w, https:\/\/woodinout.net\/wp-content\/uploads\/2021\/03\/Name_puzzle_stool_2-533x800.jpg 533w, https:\/\/woodinout.net\/wp-content\/uploads\/2021\/03\/Name_puzzle_stool_2-1024x1536.jpg 1024w, https:\/\/woodinout.net\/wp-content\/uploads\/2021\/03\/Name_puzzle_stool_2-1365x2048.jpg 1365w, https:\/\/woodinout.net\/wp-content\/uploads\/2021\/03\/Name_puzzle_stool_2-1080x1621.jpg 1080w, https:\/\/woodinout.net\/wp-content\/uploads\/2021\/03\/Name_puzzle_stool_2.jpg 1706w\" sizes=\"(max-width: 480px) 100vw, 480px\" \/><h2 class=\"woocommerce-loop-product__title\">Nom puzzle tabouret<\/h2>\n\t<span class=\"price\"><span class=\"woocs_price_code\" data-currency=\"\" data-redraw-id=\"69e2325f84595\"  data-product-id=\"21680\"><span class=\"woocommerce-Price-amount amount\"><bdi>99.00<span class=\"woocommerce-Price-currencySymbol\">&#36;<\/span><\/bdi><\/span><\/span><div class=\"woocs_price_info\"><span class=\"woocs_price_info_icon\"><\/span><ul class='woocs_price_info_list'><li><b>EUR<\/b>: <span class=\"woocs_amount\">&euro;&nbsp;88.11<\/span><\/li><\/ul><\/div><\/span>\n<\/a><a href=\"https:\/\/woodinout.net\/fr\/product\/nom-puzzle-tabouret\/\" data-quantity=\"1\" class=\"button product_type_variable add_to_cart_button\" data-product_id=\"21680\" data-product_sku=\"\" aria-label=\"V\u00e4lj alternativ f\u00f6r \u201dNom puzzle tabouret\u201d\" aria-describedby=\"Den h\u00e4r produkten har flera varianter. De olika alternativen kan v\u00e4ljas p\u00e5 produktsidan\" rel=\"nofollow\">V\u00e4lj alternativ<\/a><\/li>\n<li class=\"product type-product post-21631 status-publish last instock product_cat-jouets-de-comptage-et-de-mathematiques product_cat-jouets-en-bois product_cat-trier-et-empiler-les-jouets product_tag-apprendre-les-couleurs product_tag-cadeaux-pour-enfants-fr product_tag-cadeaux-pour-enfants product_tag-cartes-de-couleurs product_tag-jeux-dapprentissage product_tag-jeux-educatifs product_tag-jouets-educatifs product_tag-jouets-en-bois product_tag-jouets-montessori has-post-thumbnail shipping-taxable purchasable product-type-simple\">\n\t<a href=\"https:\/\/woodinout.net\/fr\/product\/cartes-couleur\/\" class=\"woocommerce-LoopProduct-link woocommerce-loop-product__link\"><img loading=\"lazy\" decoding=\"async\" width=\"480\" height=\"720\" src=\"https:\/\/woodinout.net\/wp-content\/uploads\/2021\/03\/MG_4184-480x720.jpg\" class=\"attachment-woocommerce_thumbnail size-woocommerce_thumbnail\" alt=\"\" srcset=\"https:\/\/woodinout.net\/wp-content\/uploads\/2021\/03\/MG_4184-480x720.jpg 480w, https:\/\/woodinout.net\/wp-content\/uploads\/2021\/03\/MG_4184-400x600.jpg 400w, https:\/\/woodinout.net\/wp-content\/uploads\/2021\/03\/MG_4184-533x800.jpg 533w, https:\/\/woodinout.net\/wp-content\/uploads\/2021\/03\/MG_4184-1024x1536.jpg 1024w, https:\/\/woodinout.net\/wp-content\/uploads\/2021\/03\/MG_4184-1365x2048.jpg 1365w, https:\/\/woodinout.net\/wp-content\/uploads\/2021\/03\/MG_4184-1080x1620.jpg 1080w, https:\/\/woodinout.net\/wp-content\/uploads\/2021\/03\/MG_4184-scaled.jpg 1707w\" sizes=\"(max-width: 480px) 100vw, 480px\" \/><h2 class=\"woocommerce-loop-product__title\">Cartes couleur<\/h2>\n\t<span class=\"price\"><span class=\"woocs_price_code\" data-currency=\"\" data-redraw-id=\"69e2325f89c4c\"  data-product-id=\"21631\"><span class=\"woocommerce-Price-amount amount\"><bdi>22.00<span class=\"woocommerce-Price-currencySymbol\">&#36;<\/span><\/bdi><\/span><\/span><div class=\"woocs_price_info\"><span class=\"woocs_price_info_icon\"><\/span><ul class='woocs_price_info_list'><li><span>EUR<\/span>: <span class=\"woocs_amount\">&euro;&nbsp;19.58<\/span><\/li><\/ul><\/div><\/span>\n<\/a><a href=\"?add-to-cart=21631\" data-quantity=\"1\" class=\"button product_type_simple add_to_cart_button ajax_add_to_cart\" data-product_id=\"21631\" data-product_sku=\"\" aria-label=\"L\u00e4gg till i varukorgen: \u201dCartes couleur\u201d\" aria-describedby=\"\" rel=\"nofollow\">L\u00e4gg till i varukorg<\/a><\/li>\n<\/ul>\n<\/div><\/div><\/div><\/div>\n<\/div>\n<div id=\"panel-471-2-0-2\" class=\"so-panel widget widget_primrose-sow-buttons panel-last-child\" data-index=\"4\" data-style=\"{&quot;background_display&quot;:&quot;tile&quot;}\"><div\n\t\t\t\n\t\t\tclass=\"so-widget-primrose-sow-buttons so-widget-primrose-sow-buttons-default-37a6259cc0c1\"\n\t\t\t\n\t\t><\/div><\/div>\n<\/div>\n<\/div>\n<\/div>\n<\/div>\n","protected":false},"excerpt":{"rendered":"","protected":false},"author":1,"featured_media":0,"parent":0,"menu_order":0,"comment_status":"closed","ping_status":"closed","template":"page-templates\/full-width.php","meta":{"_monsterinsights_skip_tracking":false,"_monsterinsights_sitenote_active":false,"_monsterinsights_sitenote_note":"","_monsterinsights_sitenote_category":0,"footnotes":""},"yoast_head":"<!-- This site is optimized with the Yoast SEO plugin v22.1 - https:\/\/yoast.com\/wordpress\/plugins\/seo\/ -->\n<title>Montessori tr\u00e4leksaker - Handgjorda l\u00e4rresurser - Woodinout \u00a9<\/title>\n<meta name=\"description\" content=\"Tr\u00e4leksaker inspirerade av Montessori f\u00f6r tidig utveckling under v\u00e4rdefull familjetid. Handgjord av h\u00f6gkvalitativt massivt tr\u00e4.\" \/>\n<meta name=\"robots\" content=\"index, follow, max-snippet:-1, max-image-preview:large, max-video-preview:-1\" \/>\n<link rel=\"canonical\" href=\"https:\/\/woodinout.net\/sv\/hem-rutnat-centrerat\/\" \/>\n<meta property=\"og:locale\" content=\"sv_SE\" \/>\n<meta property=\"og:type\" content=\"article\" \/>\n<meta property=\"og:title\" content=\"Montessori tr\u00e4leksaker - Handgjorda l\u00e4rresurser - Woodinout \u00a9\" \/>\n<meta property=\"og:description\" content=\"Tr\u00e4leksaker inspirerade av Montessori f\u00f6r tidig utveckling under v\u00e4rdefull familjetid. Handgjord av h\u00f6gkvalitativt massivt tr\u00e4.\" \/>\n<meta property=\"og:url\" content=\"https:\/\/woodinout.net\/sv\/hem-rutnat-centrerat\/\" \/>\n<meta property=\"og:site_name\" content=\"Woodinout \u00a9\" \/>\n<meta property=\"article:modified_time\" content=\"2022-03-12T16:13:03+00:00\" \/>\n<meta name=\"twitter:card\" content=\"summary_large_image\" \/>\n<script type=\"application\/ld+json\" class=\"yoast-schema-graph\">{\"@context\":\"https:\/\/schema.org\",\"@graph\":[{\"@type\":\"WebPage\",\"@id\":\"https:\/\/woodinout.net\/sv\/hem-rutnat-centrerat\/\",\"url\":\"https:\/\/woodinout.net\/sv\/hem-rutnat-centrerat\/\",\"name\":\"Montessori tr\u00e4leksaker - Handgjorda l\u00e4rresurser - Woodinout \u00a9\",\"isPartOf\":{\"@id\":\"https:\/\/woodinout.net\/sv\/#website\"},\"datePublished\":\"2020-06-25T09:37:11+00:00\",\"dateModified\":\"2022-03-12T16:13:03+00:00\",\"description\":\"Tr\u00e4leksaker inspirerade av Montessori f\u00f6r tidig utveckling under v\u00e4rdefull familjetid. Handgjord av h\u00f6gkvalitativt massivt tr\u00e4.\",\"breadcrumb\":{\"@id\":\"https:\/\/woodinout.net\/sv\/hem-rutnat-centrerat\/#breadcrumb\"},\"inLanguage\":\"sv-SE\",\"potentialAction\":[{\"@type\":\"ReadAction\",\"target\":[\"https:\/\/woodinout.net\/sv\/hem-rutnat-centrerat\/\"]}]},{\"@type\":\"BreadcrumbList\",\"@id\":\"https:\/\/woodinout.net\/sv\/hem-rutnat-centrerat\/#breadcrumb\",\"itemListElement\":[{\"@type\":\"ListItem\",\"position\":1,\"name\":\"Home\",\"item\":\"https:\/\/woodinout.net\/sv\/\"},{\"@type\":\"ListItem\",\"position\":2,\"name\":\"Hem &#8211; Rutn\u00e4t centrerat\"}]},{\"@type\":\"WebSite\",\"@id\":\"https:\/\/woodinout.net\/sv\/#website\",\"url\":\"https:\/\/woodinout.net\/sv\/\",\"name\":\"Woodinout \u00a9\",\"description\":\"Wooden Montessori toys, gifts, home and events decor details\",\"potentialAction\":[{\"@type\":\"SearchAction\",\"target\":{\"@type\":\"EntryPoint\",\"urlTemplate\":\"https:\/\/woodinout.net\/sv\/?s={search_term_string}\"},\"query-input\":\"required name=search_term_string\"}],\"inLanguage\":\"sv-SE\"}]}<\/script>\n<!-- \/ Yoast SEO plugin. -->","yoast_head_json":{"title":"Montessori tr\u00e4leksaker - Handgjorda l\u00e4rresurser - Woodinout \u00a9","description":"Tr\u00e4leksaker inspirerade av Montessori f\u00f6r tidig utveckling under v\u00e4rdefull familjetid. Handgjord av h\u00f6gkvalitativt massivt tr\u00e4.","robots":{"index":"index","follow":"follow","max-snippet":"max-snippet:-1","max-image-preview":"max-image-preview:large","max-video-preview":"max-video-preview:-1"},"canonical":"https:\/\/woodinout.net\/sv\/hem-rutnat-centrerat\/","og_locale":"sv_SE","og_type":"article","og_title":"Montessori tr\u00e4leksaker - Handgjorda l\u00e4rresurser - Woodinout \u00a9","og_description":"Tr\u00e4leksaker inspirerade av Montessori f\u00f6r tidig utveckling under v\u00e4rdefull familjetid. Handgjord av h\u00f6gkvalitativt massivt tr\u00e4.","og_url":"https:\/\/woodinout.net\/sv\/hem-rutnat-centrerat\/","og_site_name":"Woodinout \u00a9","article_modified_time":"2022-03-12T16:13:03+00:00","twitter_card":"summary_large_image","schema":{"@context":"https:\/\/schema.org","@graph":[{"@type":"WebPage","@id":"https:\/\/woodinout.net\/sv\/hem-rutnat-centrerat\/","url":"https:\/\/woodinout.net\/sv\/hem-rutnat-centrerat\/","name":"Montessori tr\u00e4leksaker - Handgjorda l\u00e4rresurser - Woodinout \u00a9","isPartOf":{"@id":"https:\/\/woodinout.net\/sv\/#website"},"datePublished":"2020-06-25T09:37:11+00:00","dateModified":"2022-03-12T16:13:03+00:00","description":"Tr\u00e4leksaker inspirerade av Montessori f\u00f6r tidig utveckling under v\u00e4rdefull familjetid. Handgjord av h\u00f6gkvalitativt massivt tr\u00e4.","breadcrumb":{"@id":"https:\/\/woodinout.net\/sv\/hem-rutnat-centrerat\/#breadcrumb"},"inLanguage":"sv-SE","potentialAction":[{"@type":"ReadAction","target":["https:\/\/woodinout.net\/sv\/hem-rutnat-centrerat\/"]}]},{"@type":"BreadcrumbList","@id":"https:\/\/woodinout.net\/sv\/hem-rutnat-centrerat\/#breadcrumb","itemListElement":[{"@type":"ListItem","position":1,"name":"Home","item":"https:\/\/woodinout.net\/sv\/"},{"@type":"ListItem","position":2,"name":"Hem &#8211; Rutn\u00e4t centrerat"}]},{"@type":"WebSite","@id":"https:\/\/woodinout.net\/sv\/#website","url":"https:\/\/woodinout.net\/sv\/","name":"Woodinout \u00a9","description":"Wooden Montessori toys, gifts, home and events decor details","potentialAction":[{"@type":"SearchAction","target":{"@type":"EntryPoint","urlTemplate":"https:\/\/woodinout.net\/sv\/?s={search_term_string}"},"query-input":"required name=search_term_string"}],"inLanguage":"sv-SE"}]}},"_links":{"self":[{"href":"https:\/\/woodinout.net\/sv\/wp-json\/wp\/v2\/pages\/20690"}],"collection":[{"href":"https:\/\/woodinout.net\/sv\/wp-json\/wp\/v2\/pages"}],"about":[{"href":"https:\/\/woodinout.net\/sv\/wp-json\/wp\/v2\/types\/page"}],"author":[{"embeddable":true,"href":"https:\/\/woodinout.net\/sv\/wp-json\/wp\/v2\/users\/1"}],"replies":[{"embeddable":true,"href":"https:\/\/woodinout.net\/sv\/wp-json\/wp\/v2\/comments?post=20690"}],"version-history":[{"count":1,"href":"https:\/\/woodinout.net\/sv\/wp-json\/wp\/v2\/pages\/20690\/revisions"}],"predecessor-version":[{"id":20695,"href":"https:\/\/woodinout.net\/sv\/wp-json\/wp\/v2\/pages\/20690\/revisions\/20695"}],"wp:attachment":[{"href":"https:\/\/woodinout.net\/sv\/wp-json\/wp\/v2\/media?parent=20690"}],"curies":[{"name":"wp","href":"https:\/\/api.w.org\/{rel}","templated":true}]}}