{"id":20686,"date":"2016-01-25T02:53:27","date_gmt":"2016-01-25T00:53:27","guid":{"rendered":"https:\/\/woodinout.net\/om-oss\/"},"modified":"2016-01-25T02:53:27","modified_gmt":"2016-01-25T00:53:27","slug":"om-oss","status":"publish","type":"page","link":"https:\/\/woodinout.net\/sv\/om-oss\/","title":{"rendered":"Om oss"},"content":{"rendered":"<div id=\"pl-20686\"  class=\"panel-layout\" ><div id=\"pg-20686-0\"  class=\"panel-grid panel-has-style\" ><div class=\"panel-row-style panel-row-style-for-20686-0\" ><div id=\"pgc-20686-0-0\"  class=\"panel-grid-cell\" ><div id=\"panel-20686-0-0-0\" class=\"so-panel widget widget_primrose-sow-heading panel-first-child\" data-index=\"0\" ><div\n\t\t\t\n\t\t\tclass=\"so-widget-primrose-sow-heading so-widget-primrose-sow-heading-default-d75171398898-20686\"\n\t\t\t\n\t\t><h2 class=\"primrose-sow-heading primrose-sow-alignment-left\">Hi, We are Woodinout<\/h2><\/div><\/div><div id=\"panel-20686-0-0-1\" class=\"so-panel widget widget_sow-editor panel-last-child\" data-index=\"1\" ><div\n\t\t\t\n\t\t\tclass=\"so-widget-sow-editor so-widget-sow-editor-base\"\n\t\t\t\n\t\t>\n<div class=\"siteorigin-widget-tinymce textwidget\">\n\t<p>Ditt leende inspirerar oss att skapa n\u00e5got stort, n\u00e5got du g\u00e4rna skulle vilja r\u00f6ra och leka.<br \/>\nDetta \u00e4r en historia utan introduktion, eftersom alla stora saker inte har en exakt startlinje. Det finns bara passion och v\u00e4nskap. Och det h\u00e4r \u00e4r nyckeln till v\u00e5r historia.<br \/>\nI b\u00f6rjan var vi tv\u00e5 familjer med fyra sm\u00e5barn. N\u00e4r du blir f\u00f6r\u00e4lder b\u00f6rjar du f\u00f6rst\u00e5 hur m\u00e5nga leksaker som omger barnet. Kvantiteten \u00e4r inte d\u00e5lig i allm\u00e4nhet. Vi var dock bekymrade \u00f6ver syftet med varje leksak. M\u00e5nga saker verkade v\u00e4rdel\u00f6sa. Det var d\u00e5 vi ins\u00e5g att vi m\u00e5ste g\u00f6ra n\u00e5got.<br \/>\nEn id\u00e9 vi b\u00f6rjade med var personliga tr\u00e4leksaker med inl\u00e4rningssyfte. Eftersom vi var galna i milj\u00f6v\u00e4nliga leksaker f\u00f6rs\u00f6kte vi f\u00f6rb\u00e4ttra varje process i v\u00e5r verkstad f\u00f6r att f\u00e5 b\u00e4sta resultat.<br \/>\n\u00c4ntligen hade vi tur! V\u00e5ra namnpussel blev mycket popul\u00e4ra \u00f6ver hela v\u00e4rlden.<br \/>\nDet var f\u00f6rsta steget. Nu ut\u00f6kade vi v\u00e5r portf\u00f6lj med leksakerna baserade p\u00e5 Montessori- och Waldorfmetoder. Barn kan f\u00f6rb\u00e4ttra sina finmotoriska f\u00e4rdigheter, l\u00e4ra sig att r\u00e4kna, l\u00e4sa, sortera och sp\u00e5ra.<br \/>\nSom n\u00e4mnts ovan finns det ingen introduktion \u2013 alla v\u00e5ra ber\u00e4ttelser \u00e4r de leksaker vi producerar med k\u00e4rlek och passion.<br \/>\nV\u00e4lkommen!<\/p>\n<\/div>\n<\/div><\/div><\/div><div id=\"pgc-20686-0-1\"  class=\"panel-grid-cell\" ><div id=\"panel-20686-0-1-0\" class=\"so-panel widget widget_sow-image panel-first-child\" data-index=\"2\" ><div\n\t\t\t\n\t\t\tclass=\"so-widget-sow-image so-widget-sow-image-default-dbf295114b96-20686\"\n\t\t\t\n\t\t>\n\n<div class=\"sow-image-container\">\n\t\t<img decoding=\"async\" src=\"https:\/\/woodinout.net\/wp-content\/uploads\/2020\/06\/MG_6204-NXPowerLite-Copy.jpg\" width=\"1706\" height=\"2560\" srcset=\"https:\/\/woodinout.net\/wp-content\/uploads\/2020\/06\/MG_6204-NXPowerLite-Copy.jpg 1706w, https:\/\/woodinout.net\/wp-content\/uploads\/2020\/06\/MG_6204-NXPowerLite-Copy-480x720.jpg 480w, https:\/\/woodinout.net\/wp-content\/uploads\/2020\/06\/MG_6204-NXPowerLite-Copy-1080x1621.jpg 1080w, https:\/\/woodinout.net\/wp-content\/uploads\/2020\/06\/MG_6204-NXPowerLite-Copy-333x500.jpg 333w, https:\/\/woodinout.net\/wp-content\/uploads\/2020\/06\/MG_6204-NXPowerLite-Copy-533x800.jpg 533w, https:\/\/woodinout.net\/wp-content\/uploads\/2020\/06\/MG_6204-NXPowerLite-Copy-1024x1536.jpg 1024w, https:\/\/woodinout.net\/wp-content\/uploads\/2020\/06\/MG_6204-NXPowerLite-Copy-1365x2048.jpg 1365w\" sizes=\"(max-width: 1706px) 100vw, 1706px\" title=\"_MG_6204 (NXPowerLite Copy)\" alt=\"Wooden Rainbow toy - sorting colors game\" loading=\"lazy\" \t\tclass=\"so-widget-image\"\/>\n\t<\/div>\n\n<\/div><\/div><div id=\"panel-20686-0-1-1\" class=\"so-panel widget widget_sow-image\" data-index=\"3\" ><div\n\t\t\t\n\t\t\tclass=\"so-widget-sow-image so-widget-sow-image-default-dbf295114b96-20686\"\n\t\t\t\n\t\t>\n\n<div class=\"sow-image-container\">\n\t\t<img decoding=\"async\" src=\"https:\/\/woodinout.net\/wp-content\/uploads\/2020\/06\/MG_6565-NXPowerLite-Copy.jpg\" width=\"853\" height=\"1280\" srcset=\"https:\/\/woodinout.net\/wp-content\/uploads\/2020\/06\/MG_6565-NXPowerLite-Copy.jpg 853w, https:\/\/woodinout.net\/wp-content\/uploads\/2020\/06\/MG_6565-NXPowerLite-Copy-480x720.jpg 480w, https:\/\/woodinout.net\/wp-content\/uploads\/2020\/06\/MG_6565-NXPowerLite-Copy-800x1200.jpg 800w, https:\/\/woodinout.net\/wp-content\/uploads\/2020\/06\/MG_6565-NXPowerLite-Copy-333x500.jpg 333w, https:\/\/woodinout.net\/wp-content\/uploads\/2020\/06\/MG_6565-NXPowerLite-Copy-533x800.jpg 533w\" sizes=\"(max-width: 853px) 100vw, 853px\" title=\"_MG_6565 (NXPowerLite Copy)\" alt=\"Woodinout Montessori toys team\" loading=\"lazy\" \t\tclass=\"so-widget-image\"\/>\n\t<\/div>\n\n<\/div><\/div><\/div><\/div><\/div><div id=\"pg-20686-1\"  class=\"panel-grid panel-no-style\" ><div id=\"pgc-20686-1-0\"  class=\"panel-grid-cell\" ><div id=\"panel-20686-1-0-0\" class=\"so-panel widget widget_primrose-sow-divider panel-first-child panel-last-child\" data-index=\"5\" ><div\n\t\t\t\n\t\t\tclass=\"so-widget-primrose-sow-divider so-widget-primrose-sow-divider-default-d75171398898-20686\"\n\t\t\t\n\t\t><hr class=\"primrose-sow-divider\"><\/hr><\/div><\/div><\/div><\/div><div id=\"pg-20686-2\"  class=\"panel-grid panel-no-style\" ><div id=\"pgc-20686-2-0\"  class=\"panel-grid-cell\" ><div id=\"panel-20686-2-0-0\" class=\"so-panel widget widget_primrose-sow-counter panel-first-child panel-last-child\" data-index=\"6\" ><div\n\t\t\t\n\t\t\tclass=\"so-widget-primrose-sow-counter so-widget-primrose-sow-counter-default-d75171398898-20686\"\n\t\t\t\n\t\t>\t<div class=\"primrose-sow-counter primrose-sow-alignment-center\" data-duration=\"1000\">\r\n\t\t<div class=\"primrose-sow-counter-number\" style=\"color: #666666\">\r\n\t\t\t<span class=\"counter-up\">24000<\/span>\t\t<\/div><!-- .primrose-sow-counter-number -->\r\n\t\t<div class=\"primrose-sow-counter-caption\">produced more then<\/div>\r\n\t<\/div><!-- .primrose-sow-counter -->\r\n<\/div><\/div><\/div><div id=\"pgc-20686-2-1\"  class=\"panel-grid-cell\" ><div id=\"panel-20686-2-1-0\" class=\"so-panel widget widget_primrose-sow-counter panel-first-child panel-last-child\" data-index=\"7\" ><div\n\t\t\t\n\t\t\tclass=\"so-widget-primrose-sow-counter so-widget-primrose-sow-counter-default-d75171398898-20686\"\n\t\t\t\n\t\t>\t<div class=\"primrose-sow-counter primrose-sow-alignment-center\" data-duration=\"1000\">\r\n\t\t<div class=\"primrose-sow-counter-number\" style=\"color: #666666\">\r\n\t\t\t<span class=\"counter-up\">46.5<\/span>k\t\t<\/div><!-- .primrose-sow-counter-number -->\r\n\t\t<div class=\"primrose-sow-counter-caption\">Facebook followers<\/div>\r\n\t<\/div><!-- .primrose-sow-counter -->\r\n<\/div><\/div><\/div><div id=\"pgc-20686-2-2\"  class=\"panel-grid-cell\" ><div id=\"panel-20686-2-2-0\" class=\"so-panel widget widget_primrose-sow-counter panel-first-child panel-last-child\" data-index=\"8\" ><div\n\t\t\t\n\t\t\tclass=\"so-widget-primrose-sow-counter so-widget-primrose-sow-counter-default-d75171398898-20686\"\n\t\t\t\n\t\t>\t<div class=\"primrose-sow-counter primrose-sow-alignment-center\" data-duration=\"1000\">\r\n\t\t<div class=\"primrose-sow-counter-number\" style=\"color: #666666\">\r\n\t\t\t<span class=\"counter-up\">11000<\/span>\t\t<\/div><!-- .primrose-sow-counter-number -->\r\n\t\t<div class=\"primrose-sow-counter-caption\">subscribers<\/div>\r\n\t<\/div><!-- .primrose-sow-counter -->\r\n<\/div><\/div><\/div><\/div><div id=\"pg-20686-3\"  class=\"panel-grid panel-no-style\" ><div id=\"pgc-20686-3-0\"  class=\"panel-grid-cell\" ><div id=\"panel-20686-3-0-0\" class=\"so-panel widget widget_primrose-sow-divider panel-first-child panel-last-child\" data-index=\"9\" ><div\n\t\t\t\n\t\t\tclass=\"so-widget-primrose-sow-divider so-widget-primrose-sow-divider-default-d75171398898-20686\"\n\t\t\t\n\t\t><hr class=\"primrose-sow-divider\"><\/hr><\/div><\/div><\/div><\/div><div id=\"pg-20686-4\"  class=\"panel-grid panel-no-style\" ><div id=\"pgc-20686-4-0\"  class=\"panel-grid-cell\" ><div id=\"panel-20686-4-0-0\" class=\"so-panel widget widget_primrose-sow-heading panel-first-child panel-last-child\" data-index=\"10\" ><div\n\t\t\t\n\t\t\tclass=\"so-widget-primrose-sow-heading so-widget-primrose-sow-heading-default-d75171398898-20686\"\n\t\t\t\n\t\t><h2 class=\"primrose-sow-heading primrose-sow-alignment-left\">Our Story<\/h2><\/div><\/div><\/div><div id=\"pgc-20686-4-1\"  class=\"panel-grid-cell\" ><div id=\"panel-20686-4-1-0\" class=\"so-panel widget widget_sow-editor panel-first-child panel-last-child\" data-index=\"11\" ><div\n\t\t\t\n\t\t\tclass=\"so-widget-sow-editor so-widget-sow-editor-base\"\n\t\t\t\n\t\t>\n<div class=\"siteorigin-widget-tinymce textwidget\">\n\t<p><strong>B\u00f6rjan (2013)<\/strong><\/p>\n<p>F\u00f6retaget startade 2013. Vi \u00e4r specialiserade p\u00e5 produktion av olika tr\u00e4leksaker, souvenirer, aff\u00e4rsg\u00e5vor, m\u00f6bler och andra on-demand produkter. Mer \u00e4n 60% av v\u00e5ra produkter exporteras till skandinaviska l\u00e4nder och USA.<br \/>\nVi \u00e4r starka i utveckling och f\u00f6rverkligande av sm\u00e5 tr\u00e4produkter. Vi kan skapa nya konceptuella modeller fr\u00e5n id\u00e9 till slutprodukt.<\/p>\n<\/div>\n<\/div><\/div><\/div><div id=\"pgc-20686-4-2\"  class=\"panel-grid-cell\" ><div id=\"panel-20686-4-2-0\" class=\"so-panel widget widget_sow-editor panel-first-child\" data-index=\"12\" ><div class=\"panel-widget-style panel-widget-style-for-20686-4-2-0\" ><div\n\t\t\t\n\t\t\tclass=\"so-widget-sow-editor so-widget-sow-editor-base\"\n\t\t\t\n\t\t>\n<div class=\"siteorigin-widget-tinymce textwidget\">\n\t<p><strong>Fr\u00e5n 2013 till idag<\/strong><\/p>\n<p>V\u00e5rt f\u00f6retag v\u00e4xer varje \u00e5r mer \u00e4n 25%.<\/p>\n<\/div>\n<\/div><\/div><\/div><div id=\"panel-20686-4-2-1\" class=\"so-panel widget widget_primrose-sow-progress-bars panel-last-child\" data-index=\"13\" ><div\n\t\t\t\n\t\t\tclass=\"so-widget-primrose-sow-progress-bars so-widget-primrose-sow-progress-bars-default-d75171398898-20686\"\n\t\t\t\n\t\t>\t<div class=\"primrose-sow-progress-bars \">\r\n\t\t\t\t\t<div class=\"primrose-sow-progress-bar\" data-progress-value=\"100\">\r\n\r\n\t\t\t\t\t\t\t\t\t<div class=\"primrose-sow-progress-bar-title\">2019<\/div>\r\n\t\t\t\t\r\n\t\t\t\t<div class=\"primrose-sow-progress-bar-track\" style=\"background-color: ;\">\r\n\t\t\t\t\t<div class=\"primrose-sow-progress-bar-block\" style=\"width: 0%; background-color: #d2bea0;\">\r\n\t\t\t\t\t\t<div class=\"primrose-sow-progress-bar-percentage\">100<\/div>\r\n\t\t\t\t\t<\/div>\r\n\t\t\t\t<\/div>\r\n\t\t\t<\/div>\r\n\t\t\t\t\t<div class=\"primrose-sow-progress-bar\" data-progress-value=\"67\">\r\n\r\n\t\t\t\t\t\t\t\t\t<div class=\"primrose-sow-progress-bar-title\">2018<\/div>\r\n\t\t\t\t\r\n\t\t\t\t<div class=\"primrose-sow-progress-bar-track\" style=\"background-color: ;\">\r\n\t\t\t\t\t<div class=\"primrose-sow-progress-bar-block\" style=\"width: 0%; background-color: #e5e5e5;\">\r\n\t\t\t\t\t\t<div class=\"primrose-sow-progress-bar-percentage\">67<\/div>\r\n\t\t\t\t\t<\/div>\r\n\t\t\t\t<\/div>\r\n\t\t\t<\/div>\r\n\t\t\t\t\t<div class=\"primrose-sow-progress-bar\" data-progress-value=\"40\">\r\n\r\n\t\t\t\t\t\t\t\t\t<div class=\"primrose-sow-progress-bar-title\">2017<\/div>\r\n\t\t\t\t\r\n\t\t\t\t<div class=\"primrose-sow-progress-bar-track\" style=\"background-color: ;\">\r\n\t\t\t\t\t<div class=\"primrose-sow-progress-bar-block\" style=\"width: 0%; background-color: #e5e5e5;\">\r\n\t\t\t\t\t\t<div class=\"primrose-sow-progress-bar-percentage\">40<\/div>\r\n\t\t\t\t\t<\/div>\r\n\t\t\t\t<\/div>\r\n\t\t\t<\/div>\r\n\t\t\t<\/div>\r\n<\/div><\/div><\/div><\/div><div id=\"pg-20686-5\"  class=\"panel-grid panel-no-style\" ><div id=\"pgc-20686-5-0\"  class=\"panel-grid-cell\" ><div id=\"panel-20686-5-0-0\" class=\"so-panel widget widget_primrose-sow-divider panel-first-child panel-last-child\" data-index=\"14\" ><div\n\t\t\t\n\t\t\tclass=\"so-widget-primrose-sow-divider so-widget-primrose-sow-divider-default-d75171398898-20686\"\n\t\t\t\n\t\t><hr class=\"primrose-sow-divider\"><\/hr><\/div><\/div><\/div><\/div><div id=\"pg-20686-6\"  class=\"panel-grid panel-has-style\" ><div class=\"panel-row-style panel-row-style-for-20686-6\" ><div id=\"pgc-20686-6-0\"  class=\"panel-grid-cell panel-grid-cell-empty\" ><\/div><div id=\"pgc-20686-6-1\"  class=\"panel-grid-cell panel-grid-cell-mobile-last\" ><div id=\"panel-20686-6-1-0\" class=\"so-panel widget widget_primrose-sow-quotes panel-first-child panel-last-child\" data-index=\"15\" ><div\n\t\t\t\n\t\t\tclass=\"so-widget-primrose-sow-quotes so-widget-primrose-sow-quotes-default-d75171398898-20686\"\n\t\t\t\n\t\t>\t<div class=\"primrose-sow-quotes align-center slick\">\r\n\t\t\t\t\t<div class=\"primrose-sow-quote\">\r\n\t\t\t\t<div class=\"primrose-sow-quote-text\">I'm so pleased with how my name puzzles turned out! They are exactly as pictured, and they were so helpful when I asked questions before I placed my order. They're worth more than five stars, can't recommend them as much as they deserve.<\/div>\r\n\t\t\t\t\t\t\t\t\t<div class=\"primrose-sow-quote-name\">Jeanette <\/div>\r\n\t\t\t\t\t\t\t<\/div><!-- .primrose-sow-quotes-item -->\r\n\t\t\t\t\t<div class=\"primrose-sow-quote\">\r\n\t\t\t\t<div class=\"primrose-sow-quote-text\">Beyond my imagination! I absolutely love it. Great communication, beautifully crafted, careful and fast shipping (even internationally). Every detail is flawless. Thank you so so much!!<\/div>\r\n\t\t\t\t\t\t\t\t\t<div class=\"primrose-sow-quote-name\">Meagan<\/div>\r\n\t\t\t\t\t\t\t<\/div><!-- .primrose-sow-quotes-item -->\r\n\t\t\t\t\t<div class=\"primrose-sow-quote\">\r\n\t\t\t\t<div class=\"primrose-sow-quote-text\">Beautifully made! Absolutely gorgeous! The international shipping took a while but that was as expected and we weren't in a hurry to receive it. Would definitely recommend!<\/div>\r\n\t\t\t\t\t\t\t\t\t<div class=\"primrose-sow-quote-name\">Kimberly <\/div>\r\n\t\t\t\t\t\t\t<\/div><!-- .primrose-sow-quotes-item -->\r\n\t\t\t<\/div><!-- .primrose-sow-quotes -->\r\n<\/div><\/div><\/div><div id=\"pgc-20686-6-2\"  class=\"panel-grid-cell panel-grid-cell-empty\" ><\/div><\/div><\/div><\/div>","protected":false},"excerpt":{"rendered":"<p>Ditt leende inspirerar oss att skapa n\u00e5got stort, n\u00e5got du g\u00e4rna skulle vilja r\u00f6ra och leka. Detta \u00e4r en historia utan introduktion, eftersom alla stora saker inte har en exakt startlinje. Det finns bara passion och v\u00e4nskap. Och det h\u00e4r \u00e4r nyckeln till v\u00e5r historia. I b\u00f6rjan var vi tv\u00e5 familjer med fyra sm\u00e5barn. N\u00e4r [&hellip;]<\/p>\n","protected":false},"author":1,"featured_media":0,"parent":0,"menu_order":0,"comment_status":"closed","ping_status":"closed","template":"page-templates\/blank.php","meta":{"_monsterinsights_skip_tracking":false,"_monsterinsights_sitenote_active":false,"_monsterinsights_sitenote_note":"","_monsterinsights_sitenote_category":0,"footnotes":""},"yoast_head":"<!-- This site is optimized with the Yoast SEO plugin v22.1 - https:\/\/yoast.com\/wordpress\/plugins\/seo\/ -->\n<title>Om oss Montessori-leksaker - Woodinout \u00a9<\/title>\n<meta name=\"description\" content=\"Milj\u00f6v\u00e4nlig, handgjord av inl\u00e4rningsleksaker i massivt tr\u00e4 av h\u00f6g kvalitet. Skaffa dem och g\u00e5 med i den stora familjen av n\u00f6jda kunder h\u00e4r p\u00e5 Woodinout-butiken.\" \/>\n<meta name=\"robots\" content=\"index, follow, max-snippet:-1, max-image-preview:large, max-video-preview:-1\" \/>\n<link rel=\"canonical\" href=\"https:\/\/woodinout.net\/sv\/om-oss\/\" \/>\n<meta property=\"og:locale\" content=\"sv_SE\" \/>\n<meta property=\"og:type\" content=\"article\" \/>\n<meta property=\"og:title\" content=\"Om oss Montessori-leksaker - Woodinout \u00a9\" \/>\n<meta property=\"og:description\" content=\"Milj\u00f6v\u00e4nlig, handgjord av inl\u00e4rningsleksaker i massivt tr\u00e4 av h\u00f6g kvalitet. Skaffa dem och g\u00e5 med i den stora familjen av n\u00f6jda kunder h\u00e4r p\u00e5 Woodinout-butiken.\" \/>\n<meta property=\"og:url\" content=\"https:\/\/woodinout.net\/sv\/om-oss\/\" \/>\n<meta property=\"og:site_name\" content=\"Woodinout \u00a9\" \/>\n<meta name=\"twitter:card\" content=\"summary_large_image\" \/>\n<script type=\"application\/ld+json\" class=\"yoast-schema-graph\">{\"@context\":\"https:\/\/schema.org\",\"@graph\":[{\"@type\":\"WebPage\",\"@id\":\"https:\/\/woodinout.net\/sv\/om-oss\/\",\"url\":\"https:\/\/woodinout.net\/sv\/om-oss\/\",\"name\":\"Om oss Montessori-leksaker - Woodinout \u00a9\",\"isPartOf\":{\"@id\":\"https:\/\/woodinout.net\/sv\/#website\"},\"datePublished\":\"2016-01-25T00:53:27+00:00\",\"dateModified\":\"2016-01-25T00:53:27+00:00\",\"description\":\"Milj\u00f6v\u00e4nlig, handgjord av inl\u00e4rningsleksaker i massivt tr\u00e4 av h\u00f6g kvalitet. Skaffa dem och g\u00e5 med i den stora familjen av n\u00f6jda kunder h\u00e4r p\u00e5 Woodinout-butiken.\",\"breadcrumb\":{\"@id\":\"https:\/\/woodinout.net\/sv\/om-oss\/#breadcrumb\"},\"inLanguage\":\"sv-SE\",\"potentialAction\":[{\"@type\":\"ReadAction\",\"target\":[\"https:\/\/woodinout.net\/sv\/om-oss\/\"]}]},{\"@type\":\"BreadcrumbList\",\"@id\":\"https:\/\/woodinout.net\/sv\/om-oss\/#breadcrumb\",\"itemListElement\":[{\"@type\":\"ListItem\",\"position\":1,\"name\":\"Home\",\"item\":\"https:\/\/woodinout.net\/sv\/\"},{\"@type\":\"ListItem\",\"position\":2,\"name\":\"Om oss\"}]},{\"@type\":\"WebSite\",\"@id\":\"https:\/\/woodinout.net\/sv\/#website\",\"url\":\"https:\/\/woodinout.net\/sv\/\",\"name\":\"Woodinout \u00a9\",\"description\":\"Wooden Montessori toys, gifts, home and events decor details\",\"potentialAction\":[{\"@type\":\"SearchAction\",\"target\":{\"@type\":\"EntryPoint\",\"urlTemplate\":\"https:\/\/woodinout.net\/sv\/?s={search_term_string}\"},\"query-input\":\"required name=search_term_string\"}],\"inLanguage\":\"sv-SE\"}]}<\/script>\n<!-- \/ Yoast SEO plugin. -->","yoast_head_json":{"title":"Om oss Montessori-leksaker - Woodinout \u00a9","description":"Milj\u00f6v\u00e4nlig, handgjord av inl\u00e4rningsleksaker i massivt tr\u00e4 av h\u00f6g kvalitet. Skaffa dem och g\u00e5 med i den stora familjen av n\u00f6jda kunder h\u00e4r p\u00e5 Woodinout-butiken.","robots":{"index":"index","follow":"follow","max-snippet":"max-snippet:-1","max-image-preview":"max-image-preview:large","max-video-preview":"max-video-preview:-1"},"canonical":"https:\/\/woodinout.net\/sv\/om-oss\/","og_locale":"sv_SE","og_type":"article","og_title":"Om oss Montessori-leksaker - Woodinout \u00a9","og_description":"Milj\u00f6v\u00e4nlig, handgjord av inl\u00e4rningsleksaker i massivt tr\u00e4 av h\u00f6g kvalitet. Skaffa dem och g\u00e5 med i den stora familjen av n\u00f6jda kunder h\u00e4r p\u00e5 Woodinout-butiken.","og_url":"https:\/\/woodinout.net\/sv\/om-oss\/","og_site_name":"Woodinout \u00a9","twitter_card":"summary_large_image","schema":{"@context":"https:\/\/schema.org","@graph":[{"@type":"WebPage","@id":"https:\/\/woodinout.net\/sv\/om-oss\/","url":"https:\/\/woodinout.net\/sv\/om-oss\/","name":"Om oss Montessori-leksaker - Woodinout \u00a9","isPartOf":{"@id":"https:\/\/woodinout.net\/sv\/#website"},"datePublished":"2016-01-25T00:53:27+00:00","dateModified":"2016-01-25T00:53:27+00:00","description":"Milj\u00f6v\u00e4nlig, handgjord av inl\u00e4rningsleksaker i massivt tr\u00e4 av h\u00f6g kvalitet. Skaffa dem och g\u00e5 med i den stora familjen av n\u00f6jda kunder h\u00e4r p\u00e5 Woodinout-butiken.","breadcrumb":{"@id":"https:\/\/woodinout.net\/sv\/om-oss\/#breadcrumb"},"inLanguage":"sv-SE","potentialAction":[{"@type":"ReadAction","target":["https:\/\/woodinout.net\/sv\/om-oss\/"]}]},{"@type":"BreadcrumbList","@id":"https:\/\/woodinout.net\/sv\/om-oss\/#breadcrumb","itemListElement":[{"@type":"ListItem","position":1,"name":"Home","item":"https:\/\/woodinout.net\/sv\/"},{"@type":"ListItem","position":2,"name":"Om oss"}]},{"@type":"WebSite","@id":"https:\/\/woodinout.net\/sv\/#website","url":"https:\/\/woodinout.net\/sv\/","name":"Woodinout \u00a9","description":"Wooden Montessori toys, gifts, home and events decor details","potentialAction":[{"@type":"SearchAction","target":{"@type":"EntryPoint","urlTemplate":"https:\/\/woodinout.net\/sv\/?s={search_term_string}"},"query-input":"required name=search_term_string"}],"inLanguage":"sv-SE"}]}},"_links":{"self":[{"href":"https:\/\/woodinout.net\/sv\/wp-json\/wp\/v2\/pages\/20686"}],"collection":[{"href":"https:\/\/woodinout.net\/sv\/wp-json\/wp\/v2\/pages"}],"about":[{"href":"https:\/\/woodinout.net\/sv\/wp-json\/wp\/v2\/types\/page"}],"author":[{"embeddable":true,"href":"https:\/\/woodinout.net\/sv\/wp-json\/wp\/v2\/users\/1"}],"replies":[{"embeddable":true,"href":"https:\/\/woodinout.net\/sv\/wp-json\/wp\/v2\/comments?post=20686"}],"version-history":[{"count":0,"href":"https:\/\/woodinout.net\/sv\/wp-json\/wp\/v2\/pages\/20686\/revisions"}],"wp:attachment":[{"href":"https:\/\/woodinout.net\/sv\/wp-json\/wp\/v2\/media?parent=20686"}],"curies":[{"name":"wp","href":"https:\/\/api.w.org\/{rel}","templated":true}]}}