{"id":21342,"date":"2021-03-19T19:12:17","date_gmt":"2021-03-19T17:12:17","guid":{"rendered":"https:\/\/woodinout.net\/product\/livssyklusbrett-sekskant\/"},"modified":"2022-06-12T23:40:51","modified_gmt":"2022-06-12T20:40:51","slug":"livssyklus-brett-sekskant","status":"publish","type":"product","link":"https:\/\/woodinout.net\/no\/product\/livssyklus-brett-sekskant\/","title":{"rendered":"Livssyklustavle"},"content":{"rendered":"<p>L\u00e6releker &#8211; F\u00f8rskolevitenskap Montessorimaterialer som er morsomme og kreative. Ikke mer kjedsomhet i klasserommet! Med dette livssyklusbrettet av tre kan du f\u00e5 barn til \u00e5 l\u00e6re vitenskap og biologi p\u00e5 en mer interessant og kreativ m\u00e5te.<\/p>\n<p>H\u00e5ndlaget av massivt tre &#8211; b\u00e6rekraftig, jordvennlig og trygt for barn Montessori-materialer.<\/p>\n<p>DIMENSJONER<br \/>\nLengde: ~7,9 tommer (20 cm)<br \/>\nH\u00f8yde: ~6,7 tommer (17 cm)<br \/>\nTykkelse: ~0,6 tommer (1,5 cm)<\/p>\n<p>FARGER OG MATERIALE<br \/>\nFarge: naturlig og brunoljet.<br \/>\nLeket\u00f8yet er laget av NATURLIG MASSIVT TRE.<br \/>\nV\u00e6r oppmerksom p\u00e5 at farger kan variere p\u00e5 grunn av innstillinger for dataskjerm og lys.<\/p>\n<p>For flere ideer, f\u00f8lg oss p\u00e5 <a href=\"https:\/\/www.instagram.com\/woodinout\/\">INSTAGRAM<\/a> &amp; <a href=\"https:\/\/www.facebook.com\/Woodinout.net\">FACEBOOK<\/a><\/p>\n<p>&nbsp;<\/p>\n","protected":false},"excerpt":{"rendered":"<p>L\u00e6releker &#8211; F\u00f8rskolevitenskap Montessorimaterialer som er morsomme og kreative. Ikke mer kjedsomhet i klasserommet! Med dette livssyklusbrettet av tre kan du f\u00e5 barn til \u00e5 l\u00e6re vitenskap og biologi p\u00e5 en mer interessant og kreativ m\u00e5te. H\u00e5ndlaget av massivt tre &#8211; b\u00e6rekraftig, jordvennlig og trygt for barn Montessori-materialer. DIMENSJONER Lengde: ~7,9 tommer (20 cm) H\u00f8yde: [&hellip;]<\/p>\n","protected":false},"featured_media":19747,"template":"","meta":{"_monsterinsights_skip_tracking":false,"_monsterinsights_sitenote_active":false,"_monsterinsights_sitenote_note":"","_monsterinsights_sitenote_category":0},"product_cat":[1477,1598],"product_tag":[1505,1511,1500,1494,1484,1489,1881,1480],"yoast_head":"<!-- This site is optimized with the Yoast SEO plugin v22.1 - https:\/\/yoast.com\/wordpress\/plugins\/seo\/ -->\n<title>Livssyklustavle - Woodinout \u00a9 -leker<\/title>\n<meta name=\"description\" content=\"L\u00e6ring er n\u00e5 morsomt og enkelt - Naturlige trebiologiske og naturvitenskapelige leker for verdifull familietid. H\u00f8yeste kvalitet. Verdensomspennende frakt.\" \/>\n<meta name=\"robots\" content=\"index, follow, max-snippet:-1, max-image-preview:large, max-video-preview:-1\" \/>\n<link rel=\"canonical\" href=\"https:\/\/woodinout.net\/no\/product\/livssyklus-brett-sekskant\/\" \/>\n<meta property=\"og:locale\" content=\"nb_NO\" \/>\n<meta property=\"og:type\" content=\"article\" \/>\n<meta property=\"og:title\" content=\"Livssyklustavle - Woodinout \u00a9 -leker\" \/>\n<meta property=\"og:description\" content=\"L\u00e6ring er n\u00e5 morsomt og enkelt - Naturlige trebiologiske og naturvitenskapelige leker for verdifull familietid. H\u00f8yeste kvalitet. Verdensomspennende frakt.\" \/>\n<meta property=\"og:url\" content=\"https:\/\/woodinout.net\/no\/product\/livssyklus-brett-sekskant\/\" \/>\n<meta property=\"og:site_name\" content=\"Woodinout \u00a9\" \/>\n<meta property=\"article:modified_time\" content=\"2022-06-12T20:40:51+00:00\" \/>\n<meta property=\"og:image\" content=\"https:\/\/woodinout.net\/wp-content\/uploads\/2021\/03\/Life_cycle_board_1.jpg\" \/>\n\t<meta property=\"og:image:width\" content=\"1706\" \/>\n\t<meta property=\"og:image:height\" content=\"2560\" \/>\n\t<meta property=\"og:image:type\" content=\"image\/jpeg\" \/>\n<meta name=\"twitter:card\" content=\"summary_large_image\" \/>\n<meta name=\"twitter:label1\" content=\"Ansl. lesetid\" \/>\n\t<meta name=\"twitter:data1\" content=\"1 minutt\" \/>\n<script type=\"application\/ld+json\" class=\"yoast-schema-graph\">{\"@context\":\"https:\/\/schema.org\",\"@graph\":[{\"@type\":\"WebPage\",\"@id\":\"https:\/\/woodinout.net\/no\/product\/livssyklus-brett-sekskant\/\",\"url\":\"https:\/\/woodinout.net\/no\/product\/livssyklus-brett-sekskant\/\",\"name\":\"Livssyklustavle - Woodinout \u00a9 -leker\",\"isPartOf\":{\"@id\":\"https:\/\/woodinout.net\/no\/#website\"},\"datePublished\":\"2021-03-19T17:12:17+00:00\",\"dateModified\":\"2022-06-12T20:40:51+00:00\",\"description\":\"L\u00e6ring er n\u00e5 morsomt og enkelt - Naturlige trebiologiske og naturvitenskapelige leker for verdifull familietid. H\u00f8yeste kvalitet. Verdensomspennende frakt.\",\"breadcrumb\":{\"@id\":\"https:\/\/woodinout.net\/no\/product\/livssyklus-brett-sekskant\/#breadcrumb\"},\"inLanguage\":\"nb-NO\",\"potentialAction\":[{\"@type\":\"ReadAction\",\"target\":[\"https:\/\/woodinout.net\/no\/product\/livssyklus-brett-sekskant\/\"]}]},{\"@type\":\"BreadcrumbList\",\"@id\":\"https:\/\/woodinout.net\/no\/product\/livssyklus-brett-sekskant\/#breadcrumb\",\"itemListElement\":[{\"@type\":\"ListItem\",\"position\":1,\"name\":\"Home\",\"item\":\"https:\/\/woodinout.net\/no\/\"},{\"@type\":\"ListItem\",\"position\":2,\"name\":\"Shop\",\"item\":\"https:\/\/woodinout.net\/shop\/\"},{\"@type\":\"ListItem\",\"position\":3,\"name\":\"Livssyklustavle\"}]},{\"@type\":\"WebSite\",\"@id\":\"https:\/\/woodinout.net\/no\/#website\",\"url\":\"https:\/\/woodinout.net\/no\/\",\"name\":\"Woodinout \u00a9\",\"description\":\"Wooden Montessori toys, gifts, home and events decor details\",\"potentialAction\":[{\"@type\":\"SearchAction\",\"target\":{\"@type\":\"EntryPoint\",\"urlTemplate\":\"https:\/\/woodinout.net\/no\/?s={search_term_string}\"},\"query-input\":\"required name=search_term_string\"}],\"inLanguage\":\"nb-NO\"}]}<\/script>\n<!-- \/ Yoast SEO plugin. -->","yoast_head_json":{"title":"Livssyklustavle - Woodinout \u00a9 -leker","description":"L\u00e6ring er n\u00e5 morsomt og enkelt - Naturlige trebiologiske og naturvitenskapelige leker for verdifull familietid. H\u00f8yeste kvalitet. Verdensomspennende frakt.","robots":{"index":"index","follow":"follow","max-snippet":"max-snippet:-1","max-image-preview":"max-image-preview:large","max-video-preview":"max-video-preview:-1"},"canonical":"https:\/\/woodinout.net\/no\/product\/livssyklus-brett-sekskant\/","og_locale":"nb_NO","og_type":"article","og_title":"Livssyklustavle - Woodinout \u00a9 -leker","og_description":"L\u00e6ring er n\u00e5 morsomt og enkelt - Naturlige trebiologiske og naturvitenskapelige leker for verdifull familietid. H\u00f8yeste kvalitet. Verdensomspennende frakt.","og_url":"https:\/\/woodinout.net\/no\/product\/livssyklus-brett-sekskant\/","og_site_name":"Woodinout \u00a9","article_modified_time":"2022-06-12T20:40:51+00:00","og_image":[{"width":1706,"height":2560,"url":"https:\/\/woodinout.net\/wp-content\/uploads\/2021\/03\/Life_cycle_board_1.jpg","type":"image\/jpeg"}],"twitter_card":"summary_large_image","twitter_misc":{"Ansl. lesetid":"1 minutt"},"schema":{"@context":"https:\/\/schema.org","@graph":[{"@type":"WebPage","@id":"https:\/\/woodinout.net\/no\/product\/livssyklus-brett-sekskant\/","url":"https:\/\/woodinout.net\/no\/product\/livssyklus-brett-sekskant\/","name":"Livssyklustavle - Woodinout \u00a9 -leker","isPartOf":{"@id":"https:\/\/woodinout.net\/no\/#website"},"datePublished":"2021-03-19T17:12:17+00:00","dateModified":"2022-06-12T20:40:51+00:00","description":"L\u00e6ring er n\u00e5 morsomt og enkelt - Naturlige trebiologiske og naturvitenskapelige leker for verdifull familietid. H\u00f8yeste kvalitet. Verdensomspennende frakt.","breadcrumb":{"@id":"https:\/\/woodinout.net\/no\/product\/livssyklus-brett-sekskant\/#breadcrumb"},"inLanguage":"nb-NO","potentialAction":[{"@type":"ReadAction","target":["https:\/\/woodinout.net\/no\/product\/livssyklus-brett-sekskant\/"]}]},{"@type":"BreadcrumbList","@id":"https:\/\/woodinout.net\/no\/product\/livssyklus-brett-sekskant\/#breadcrumb","itemListElement":[{"@type":"ListItem","position":1,"name":"Home","item":"https:\/\/woodinout.net\/no\/"},{"@type":"ListItem","position":2,"name":"Shop","item":"https:\/\/woodinout.net\/shop\/"},{"@type":"ListItem","position":3,"name":"Livssyklustavle"}]},{"@type":"WebSite","@id":"https:\/\/woodinout.net\/no\/#website","url":"https:\/\/woodinout.net\/no\/","name":"Woodinout \u00a9","description":"Wooden Montessori toys, gifts, home and events decor details","potentialAction":[{"@type":"SearchAction","target":{"@type":"EntryPoint","urlTemplate":"https:\/\/woodinout.net\/no\/?s={search_term_string}"},"query-input":"required name=search_term_string"}],"inLanguage":"nb-NO"}]}},"_links":{"self":[{"href":"https:\/\/woodinout.net\/no\/wp-json\/wp\/v2\/product\/21342"}],"collection":[{"href":"https:\/\/woodinout.net\/no\/wp-json\/wp\/v2\/product"}],"about":[{"href":"https:\/\/woodinout.net\/no\/wp-json\/wp\/v2\/types\/product"}],"wp:featuredmedia":[{"embeddable":true,"href":"https:\/\/woodinout.net\/no\/wp-json\/wp\/v2\/media\/19747"}],"wp:attachment":[{"href":"https:\/\/woodinout.net\/no\/wp-json\/wp\/v2\/media?parent=21342"}],"wp:term":[{"taxonomy":"product_cat","embeddable":true,"href":"https:\/\/woodinout.net\/no\/wp-json\/wp\/v2\/product_cat?post=21342"},{"taxonomy":"product_tag","embeddable":true,"href":"https:\/\/woodinout.net\/no\/wp-json\/wp\/v2\/product_tag?post=21342"}],"curies":[{"name":"wp","href":"https:\/\/api.w.org\/{rel}","templated":true}]}}