{"id":21341,"date":"2021-03-19T19:22:40","date_gmt":"2021-03-19T17:22:40","guid":{"rendered":"https:\/\/woodinout.net\/product\/ringstabler-av-tre\/"},"modified":"2022-04-22T12:21:58","modified_gmt":"2022-04-22T09:21:58","slug":"tre-ring-stabler","status":"publish","type":"product","link":"https:\/\/woodinout.net\/no\/product\/tre-ring-stabler\/","title":{"rendered":"Ringstabler av tre"},"content":{"rendered":"<p>Tradisjonell Montessori-ringstabler i tre er det beste milj\u00f8vennlige, naturlige og sikre leket\u00f8yet for tidlig babyutvikling. V\u00e5re h\u00e5ndlagde stableleker er b\u00e6rekraftige, laget kun av naturlige materialer (heltre). Derfor er de trygge for baby og stilig minimalt utseende. Vi bryr oss om at babyen skal leke og utvikle seg i et trygt, naturlig milj\u00f8, dette er grunnen til at vi laget denne pene ringstableren i tre.<\/p>\n<p>Flere babyleker <a href=\"https:\/\/woodinout.net\/product-category\/wooden-toys\/baby-toys\/\">HER.<\/a><\/p>\n<p>DIMENSJONER<br \/>\nH\u00f8yde: ~11,8 tommer (30 cm)<br \/>\nLengde: ~5,9 tommer (15 cm)<br \/>\nTykkelse: ~0,66 tommer (1,7 cm)<\/p>\n<p>FARGER OG MATERIALE<br \/>\nFarge: naturlig tre og brunt tre<br \/>\nLeket\u00f8yet er laget av NATURLIG MASSIVT TRE.<br \/>\nV\u00e6r oppmerksom p\u00e5 at farger kan variere p\u00e5 grunn av innstillinger for dataskjerm og lys.<\/p>\n<p>For flere ideer, f\u00f8lg oss p\u00e5 <a href=\"https:\/\/www.instagram.com\/woodinout\/\">INSTAGRAM<\/a> &amp; <a href=\"https:\/\/www.facebook.com\/Woodinout.net\">FACEBOOK<\/a><\/p>\n","protected":false},"excerpt":{"rendered":"<p>Tradisjonell Montessori-ringstabler i tre er det beste milj\u00f8vennlige, naturlige og sikre leket\u00f8yet for tidlig babyutvikling. V\u00e5re h\u00e5ndlagde stableleker er b\u00e6rekraftige, laget kun av naturlige materialer (heltre). Derfor er de trygge for baby og stilig minimalt utseende. Vi bryr oss om at babyen skal leke og utvikle seg i et trygt, naturlig milj\u00f8, dette er grunnen [&hellip;]<\/p>\n","protected":false},"featured_media":19763,"template":"","meta":{"_monsterinsights_skip_tracking":false,"_monsterinsights_sitenote_active":false,"_monsterinsights_sitenote_note":"","_monsterinsights_sitenote_category":0},"product_cat":[1616,1711,1477],"product_tag":[1505,1511,1634,1633,1500,1494,1484,1489,1480],"yoast_head":"<!-- This site is optimized with the Yoast SEO plugin v22.1 - https:\/\/yoast.com\/wordpress\/plugins\/seo\/ -->\n<title>Ringstabler av tre - Woodinout \u00a9 -leker<\/title>\n<meta name=\"description\" content=\"Utviklingsleker i naturtre for verdifull familietid. Baby l\u00e6rer p\u00e5 en sunn m\u00e5te med denne ringstableren. Verdensomspennende frakt.\" \/>\n<meta name=\"robots\" content=\"index, follow, max-snippet:-1, max-image-preview:large, max-video-preview:-1\" \/>\n<link rel=\"canonical\" href=\"https:\/\/woodinout.net\/no\/product\/tre-ring-stabler\/\" \/>\n<meta property=\"og:locale\" content=\"nb_NO\" \/>\n<meta property=\"og:type\" content=\"article\" \/>\n<meta property=\"og:title\" content=\"Ringstabler av tre - Woodinout \u00a9 -leker\" \/>\n<meta property=\"og:description\" content=\"Utviklingsleker i naturtre for verdifull familietid. Baby l\u00e6rer p\u00e5 en sunn m\u00e5te med denne ringstableren. Verdensomspennende frakt.\" \/>\n<meta property=\"og:url\" content=\"https:\/\/woodinout.net\/no\/product\/tre-ring-stabler\/\" \/>\n<meta property=\"og:site_name\" content=\"Woodinout \u00a9\" \/>\n<meta property=\"article:modified_time\" content=\"2022-04-22T09:21:58+00:00\" \/>\n<meta property=\"og:image\" content=\"https:\/\/woodinout.net\/wp-content\/uploads\/2021\/03\/Wooden_ring_stacker_1.jpg\" \/>\n\t<meta property=\"og:image:width\" content=\"1706\" \/>\n\t<meta property=\"og:image:height\" content=\"2560\" \/>\n\t<meta property=\"og:image:type\" content=\"image\/jpeg\" \/>\n<meta name=\"twitter:card\" content=\"summary_large_image\" \/>\n<meta name=\"twitter:label1\" content=\"Ansl. lesetid\" \/>\n\t<meta name=\"twitter:data1\" content=\"1 minutt\" \/>\n<script type=\"application\/ld+json\" class=\"yoast-schema-graph\">{\"@context\":\"https:\/\/schema.org\",\"@graph\":[{\"@type\":\"WebPage\",\"@id\":\"https:\/\/woodinout.net\/no\/product\/tre-ring-stabler\/\",\"url\":\"https:\/\/woodinout.net\/no\/product\/tre-ring-stabler\/\",\"name\":\"Ringstabler av tre - Woodinout \u00a9 -leker\",\"isPartOf\":{\"@id\":\"https:\/\/woodinout.net\/no\/#website\"},\"datePublished\":\"2021-03-19T17:22:40+00:00\",\"dateModified\":\"2022-04-22T09:21:58+00:00\",\"description\":\"Utviklingsleker i naturtre for verdifull familietid. Baby l\u00e6rer p\u00e5 en sunn m\u00e5te med denne ringstableren. Verdensomspennende frakt.\",\"breadcrumb\":{\"@id\":\"https:\/\/woodinout.net\/no\/product\/tre-ring-stabler\/#breadcrumb\"},\"inLanguage\":\"nb-NO\",\"potentialAction\":[{\"@type\":\"ReadAction\",\"target\":[\"https:\/\/woodinout.net\/no\/product\/tre-ring-stabler\/\"]}]},{\"@type\":\"BreadcrumbList\",\"@id\":\"https:\/\/woodinout.net\/no\/product\/tre-ring-stabler\/#breadcrumb\",\"itemListElement\":[{\"@type\":\"ListItem\",\"position\":1,\"name\":\"Home\",\"item\":\"https:\/\/woodinout.net\/no\/\"},{\"@type\":\"ListItem\",\"position\":2,\"name\":\"Shop\",\"item\":\"https:\/\/woodinout.net\/shop\/\"},{\"@type\":\"ListItem\",\"position\":3,\"name\":\"Ringstabler av tre\"}]},{\"@type\":\"WebSite\",\"@id\":\"https:\/\/woodinout.net\/no\/#website\",\"url\":\"https:\/\/woodinout.net\/no\/\",\"name\":\"Woodinout \u00a9\",\"description\":\"Wooden Montessori toys, gifts, home and events decor details\",\"potentialAction\":[{\"@type\":\"SearchAction\",\"target\":{\"@type\":\"EntryPoint\",\"urlTemplate\":\"https:\/\/woodinout.net\/no\/?s={search_term_string}\"},\"query-input\":\"required name=search_term_string\"}],\"inLanguage\":\"nb-NO\"}]}<\/script>\n<!-- \/ Yoast SEO plugin. -->","yoast_head_json":{"title":"Ringstabler av tre - Woodinout \u00a9 -leker","description":"Utviklingsleker i naturtre for verdifull familietid. Baby l\u00e6rer p\u00e5 en sunn m\u00e5te med denne ringstableren. Verdensomspennende frakt.","robots":{"index":"index","follow":"follow","max-snippet":"max-snippet:-1","max-image-preview":"max-image-preview:large","max-video-preview":"max-video-preview:-1"},"canonical":"https:\/\/woodinout.net\/no\/product\/tre-ring-stabler\/","og_locale":"nb_NO","og_type":"article","og_title":"Ringstabler av tre - Woodinout \u00a9 -leker","og_description":"Utviklingsleker i naturtre for verdifull familietid. Baby l\u00e6rer p\u00e5 en sunn m\u00e5te med denne ringstableren. Verdensomspennende frakt.","og_url":"https:\/\/woodinout.net\/no\/product\/tre-ring-stabler\/","og_site_name":"Woodinout \u00a9","article_modified_time":"2022-04-22T09:21:58+00:00","og_image":[{"width":1706,"height":2560,"url":"https:\/\/woodinout.net\/wp-content\/uploads\/2021\/03\/Wooden_ring_stacker_1.jpg","type":"image\/jpeg"}],"twitter_card":"summary_large_image","twitter_misc":{"Ansl. lesetid":"1 minutt"},"schema":{"@context":"https:\/\/schema.org","@graph":[{"@type":"WebPage","@id":"https:\/\/woodinout.net\/no\/product\/tre-ring-stabler\/","url":"https:\/\/woodinout.net\/no\/product\/tre-ring-stabler\/","name":"Ringstabler av tre - Woodinout \u00a9 -leker","isPartOf":{"@id":"https:\/\/woodinout.net\/no\/#website"},"datePublished":"2021-03-19T17:22:40+00:00","dateModified":"2022-04-22T09:21:58+00:00","description":"Utviklingsleker i naturtre for verdifull familietid. Baby l\u00e6rer p\u00e5 en sunn m\u00e5te med denne ringstableren. Verdensomspennende frakt.","breadcrumb":{"@id":"https:\/\/woodinout.net\/no\/product\/tre-ring-stabler\/#breadcrumb"},"inLanguage":"nb-NO","potentialAction":[{"@type":"ReadAction","target":["https:\/\/woodinout.net\/no\/product\/tre-ring-stabler\/"]}]},{"@type":"BreadcrumbList","@id":"https:\/\/woodinout.net\/no\/product\/tre-ring-stabler\/#breadcrumb","itemListElement":[{"@type":"ListItem","position":1,"name":"Home","item":"https:\/\/woodinout.net\/no\/"},{"@type":"ListItem","position":2,"name":"Shop","item":"https:\/\/woodinout.net\/shop\/"},{"@type":"ListItem","position":3,"name":"Ringstabler av tre"}]},{"@type":"WebSite","@id":"https:\/\/woodinout.net\/no\/#website","url":"https:\/\/woodinout.net\/no\/","name":"Woodinout \u00a9","description":"Wooden Montessori toys, gifts, home and events decor details","potentialAction":[{"@type":"SearchAction","target":{"@type":"EntryPoint","urlTemplate":"https:\/\/woodinout.net\/no\/?s={search_term_string}"},"query-input":"required name=search_term_string"}],"inLanguage":"nb-NO"}]}},"_links":{"self":[{"href":"https:\/\/woodinout.net\/no\/wp-json\/wp\/v2\/product\/21341"}],"collection":[{"href":"https:\/\/woodinout.net\/no\/wp-json\/wp\/v2\/product"}],"about":[{"href":"https:\/\/woodinout.net\/no\/wp-json\/wp\/v2\/types\/product"}],"wp:featuredmedia":[{"embeddable":true,"href":"https:\/\/woodinout.net\/no\/wp-json\/wp\/v2\/media\/19763"}],"wp:attachment":[{"href":"https:\/\/woodinout.net\/no\/wp-json\/wp\/v2\/media?parent=21341"}],"wp:term":[{"taxonomy":"product_cat","embeddable":true,"href":"https:\/\/woodinout.net\/no\/wp-json\/wp\/v2\/product_cat?post=21341"},{"taxonomy":"product_tag","embeddable":true,"href":"https:\/\/woodinout.net\/no\/wp-json\/wp\/v2\/product_tag?post=21341"}],"curies":[{"name":"wp","href":"https:\/\/api.w.org\/{rel}","templated":true}]}}