{"id":21336,"date":"2021-03-21T14:43:45","date_gmt":"2021-03-21T12:43:45","guid":{"rendered":"https:\/\/woodinout.net\/product\/fargestiftholder\/"},"modified":"2022-04-28T11:02:47","modified_gmt":"2022-04-28T08:02:47","slug":"fargestift-holder","status":"publish","type":"product","link":"https:\/\/woodinout.net\/no\/product\/fargestift-holder\/","title":{"rendered":"Fargestiftholder"},"content":{"rendered":"<p>Montessori-materialer &#8211; Trefargestiftholder er et MUST ha i hjemmeskoleklasserommet eller p\u00e5 Montessori-pulten. Stilig og komfortabel l\u00f8sning for oppbevaring av blokk- eller stikkstifter. Denne fargestiftholderen er et hjemmeundervisningsverkt\u00f8y for de som leter etter enkel design, b\u00e6rekraftige og milj\u00f8vennlige produkter.<\/p>\n<p>Alternativer:<br \/>\nPinner 16;<br \/>\nblokker 16;<br \/>\nPinner 8 +Blokker 8;<br \/>\nPinner 16 +Blokker 16;<\/p>\n<p>DIMENSJONER<br \/>\nPinner 16<br \/>\nH\u00f8yde: 2 tommer (5 cm)<br \/>\nLengde: 7,9 tommer (20 cm)<\/p>\n<p>Blokker 16<br \/>\nH\u00f8yde: 2,8 tommer (7 cm)<br \/>\nLengde: 7,9 tommer (20 cm)<\/p>\n<p>Pinner 8 + blokker 8<br \/>\nH\u00f8yde: 2,4 tommer (6 cm)<br \/>\nLengde: 7,9 tommer (20 cm)<\/p>\n<p>Pinner 16 + blokker 16<br \/>\nH\u00f8yde: 14,5 tommer (11,5 cm)<br \/>\nLengde: 7,9 tommer (20 cm)<\/p>\n<p>Tykkelse: 0,66 tommer (1,7 cm)<\/p>\n<p>FARGER OG MATERIALE<br \/>\nFarge: naturlig tre eller brunoljet.<br \/>\nLeket\u00f8yet er laget av NATURLIG MASSIVT TRE.<br \/>\nV\u00e6r oppmerksom p\u00e5 at farger kan variere p\u00e5 grunn av innstillinger for dataskjerm og lys.<\/p>\n","protected":false},"excerpt":{"rendered":"<p>Montessori-materialer &#8211; Trefargestiftholder er et MUST ha i hjemmeskoleklasserommet eller p\u00e5 Montessori-pulten. Stilig og komfortabel l\u00f8sning for oppbevaring av blokk- eller stikkstifter. Denne fargestiftholderen er et hjemmeundervisningsverkt\u00f8y for de som leter etter enkel design, b\u00e6rekraftige og milj\u00f8vennlige produkter. Alternativer: Pinner 16; blokker 16; Pinner 8 +Blokker 8; Pinner 16 +Blokker 16; DIMENSJONER Pinner 16 H\u00f8yde: [&hellip;]<\/p>\n","protected":false},"featured_media":20003,"template":"","meta":{"_monsterinsights_skip_tracking":false,"_monsterinsights_sitenote_active":false,"_monsterinsights_sitenote_note":"","_monsterinsights_sitenote_category":0},"product_cat":[1478,1477],"product_tag":[1511,1505,1494,1480],"yoast_head":"<!-- This site is optimized with the Yoast SEO plugin v22.1 - https:\/\/yoast.com\/wordpress\/plugins\/seo\/ -->\n<title>Fargestiftholder - Woodinout \u00a9 -lekebutikk<\/title>\n<meta name=\"description\" content=\"Treblyantholder er et MUST ha i hjemmeskoleklasserommet ditt. Stilig og komfortabel l\u00f8sning for oppbevaring av blokk- eller stikkstifter.\" \/>\n<meta name=\"robots\" content=\"index, follow, max-snippet:-1, max-image-preview:large, max-video-preview:-1\" \/>\n<link rel=\"canonical\" href=\"https:\/\/woodinout.net\/no\/product\/fargestift-holder\/\" \/>\n<meta property=\"og:locale\" content=\"nb_NO\" \/>\n<meta property=\"og:type\" content=\"article\" \/>\n<meta property=\"og:title\" content=\"Fargestiftholder - Woodinout \u00a9 -lekebutikk\" \/>\n<meta property=\"og:description\" content=\"Treblyantholder er et MUST ha i hjemmeskoleklasserommet ditt. Stilig og komfortabel l\u00f8sning for oppbevaring av blokk- eller stikkstifter.\" \/>\n<meta property=\"og:url\" content=\"https:\/\/woodinout.net\/no\/product\/fargestift-holder\/\" \/>\n<meta property=\"og:site_name\" content=\"Woodinout \u00a9\" \/>\n<meta property=\"article:modified_time\" content=\"2022-04-28T08:02:47+00:00\" \/>\n<meta property=\"og:image\" content=\"https:\/\/woodinout.net\/wp-content\/uploads\/2021\/03\/Crayons_holder_Blocks_16_and_sticks_16_1.jpg\" \/>\n\t<meta property=\"og:image:width\" content=\"1706\" \/>\n\t<meta property=\"og:image:height\" content=\"2560\" \/>\n\t<meta property=\"og:image:type\" content=\"image\/jpeg\" \/>\n<meta name=\"twitter:card\" content=\"summary_large_image\" \/>\n<meta name=\"twitter:label1\" content=\"Ansl. lesetid\" \/>\n\t<meta name=\"twitter:data1\" content=\"1 minutt\" \/>\n<script type=\"application\/ld+json\" class=\"yoast-schema-graph\">{\"@context\":\"https:\/\/schema.org\",\"@graph\":[{\"@type\":\"WebPage\",\"@id\":\"https:\/\/woodinout.net\/no\/product\/fargestift-holder\/\",\"url\":\"https:\/\/woodinout.net\/no\/product\/fargestift-holder\/\",\"name\":\"Fargestiftholder - Woodinout \u00a9 -lekebutikk\",\"isPartOf\":{\"@id\":\"https:\/\/woodinout.net\/no\/#website\"},\"datePublished\":\"2021-03-21T12:43:45+00:00\",\"dateModified\":\"2022-04-28T08:02:47+00:00\",\"description\":\"Treblyantholder er et MUST ha i hjemmeskoleklasserommet ditt. Stilig og komfortabel l\u00f8sning for oppbevaring av blokk- eller stikkstifter.\",\"breadcrumb\":{\"@id\":\"https:\/\/woodinout.net\/no\/product\/fargestift-holder\/#breadcrumb\"},\"inLanguage\":\"nb-NO\",\"potentialAction\":[{\"@type\":\"ReadAction\",\"target\":[\"https:\/\/woodinout.net\/no\/product\/fargestift-holder\/\"]}]},{\"@type\":\"BreadcrumbList\",\"@id\":\"https:\/\/woodinout.net\/no\/product\/fargestift-holder\/#breadcrumb\",\"itemListElement\":[{\"@type\":\"ListItem\",\"position\":1,\"name\":\"Home\",\"item\":\"https:\/\/woodinout.net\/no\/\"},{\"@type\":\"ListItem\",\"position\":2,\"name\":\"Shop\",\"item\":\"https:\/\/woodinout.net\/shop\/\"},{\"@type\":\"ListItem\",\"position\":3,\"name\":\"Fargestiftholder\"}]},{\"@type\":\"WebSite\",\"@id\":\"https:\/\/woodinout.net\/no\/#website\",\"url\":\"https:\/\/woodinout.net\/no\/\",\"name\":\"Woodinout \u00a9\",\"description\":\"Wooden Montessori toys, gifts, home and events decor details\",\"potentialAction\":[{\"@type\":\"SearchAction\",\"target\":{\"@type\":\"EntryPoint\",\"urlTemplate\":\"https:\/\/woodinout.net\/no\/?s={search_term_string}\"},\"query-input\":\"required name=search_term_string\"}],\"inLanguage\":\"nb-NO\"}]}<\/script>\n<!-- \/ Yoast SEO plugin. -->","yoast_head_json":{"title":"Fargestiftholder - Woodinout \u00a9 -lekebutikk","description":"Treblyantholder er et MUST ha i hjemmeskoleklasserommet ditt. Stilig og komfortabel l\u00f8sning for oppbevaring av blokk- eller stikkstifter.","robots":{"index":"index","follow":"follow","max-snippet":"max-snippet:-1","max-image-preview":"max-image-preview:large","max-video-preview":"max-video-preview:-1"},"canonical":"https:\/\/woodinout.net\/no\/product\/fargestift-holder\/","og_locale":"nb_NO","og_type":"article","og_title":"Fargestiftholder - Woodinout \u00a9 -lekebutikk","og_description":"Treblyantholder er et MUST ha i hjemmeskoleklasserommet ditt. Stilig og komfortabel l\u00f8sning for oppbevaring av blokk- eller stikkstifter.","og_url":"https:\/\/woodinout.net\/no\/product\/fargestift-holder\/","og_site_name":"Woodinout \u00a9","article_modified_time":"2022-04-28T08:02:47+00:00","og_image":[{"width":1706,"height":2560,"url":"https:\/\/woodinout.net\/wp-content\/uploads\/2021\/03\/Crayons_holder_Blocks_16_and_sticks_16_1.jpg","type":"image\/jpeg"}],"twitter_card":"summary_large_image","twitter_misc":{"Ansl. lesetid":"1 minutt"},"schema":{"@context":"https:\/\/schema.org","@graph":[{"@type":"WebPage","@id":"https:\/\/woodinout.net\/no\/product\/fargestift-holder\/","url":"https:\/\/woodinout.net\/no\/product\/fargestift-holder\/","name":"Fargestiftholder - Woodinout \u00a9 -lekebutikk","isPartOf":{"@id":"https:\/\/woodinout.net\/no\/#website"},"datePublished":"2021-03-21T12:43:45+00:00","dateModified":"2022-04-28T08:02:47+00:00","description":"Treblyantholder er et MUST ha i hjemmeskoleklasserommet ditt. Stilig og komfortabel l\u00f8sning for oppbevaring av blokk- eller stikkstifter.","breadcrumb":{"@id":"https:\/\/woodinout.net\/no\/product\/fargestift-holder\/#breadcrumb"},"inLanguage":"nb-NO","potentialAction":[{"@type":"ReadAction","target":["https:\/\/woodinout.net\/no\/product\/fargestift-holder\/"]}]},{"@type":"BreadcrumbList","@id":"https:\/\/woodinout.net\/no\/product\/fargestift-holder\/#breadcrumb","itemListElement":[{"@type":"ListItem","position":1,"name":"Home","item":"https:\/\/woodinout.net\/no\/"},{"@type":"ListItem","position":2,"name":"Shop","item":"https:\/\/woodinout.net\/shop\/"},{"@type":"ListItem","position":3,"name":"Fargestiftholder"}]},{"@type":"WebSite","@id":"https:\/\/woodinout.net\/no\/#website","url":"https:\/\/woodinout.net\/no\/","name":"Woodinout \u00a9","description":"Wooden Montessori toys, gifts, home and events decor details","potentialAction":[{"@type":"SearchAction","target":{"@type":"EntryPoint","urlTemplate":"https:\/\/woodinout.net\/no\/?s={search_term_string}"},"query-input":"required name=search_term_string"}],"inLanguage":"nb-NO"}]}},"_links":{"self":[{"href":"https:\/\/woodinout.net\/no\/wp-json\/wp\/v2\/product\/21336"}],"collection":[{"href":"https:\/\/woodinout.net\/no\/wp-json\/wp\/v2\/product"}],"about":[{"href":"https:\/\/woodinout.net\/no\/wp-json\/wp\/v2\/types\/product"}],"wp:featuredmedia":[{"embeddable":true,"href":"https:\/\/woodinout.net\/no\/wp-json\/wp\/v2\/media\/20003"}],"wp:attachment":[{"href":"https:\/\/woodinout.net\/no\/wp-json\/wp\/v2\/media?parent=21336"}],"wp:term":[{"taxonomy":"product_cat","embeddable":true,"href":"https:\/\/woodinout.net\/no\/wp-json\/wp\/v2\/product_cat?post=21336"},{"taxonomy":"product_tag","embeddable":true,"href":"https:\/\/woodinout.net\/no\/wp-json\/wp\/v2\/product_tag?post=21336"}],"curies":[{"name":"wp","href":"https:\/\/api.w.org\/{rel}","templated":true}]}}