{"id":21335,"date":"2021-03-21T15:13:55","date_gmt":"2021-03-21T13:13:55","guid":{"rendered":"https:\/\/woodinout.net\/product\/geoboard-med-kortholder\/"},"modified":"2022-04-19T16:36:46","modified_gmt":"2022-04-19T13:36:46","slug":"geoboard-med-kort-holder","status":"publish","type":"product","link":"https:\/\/woodinout.net\/no\/product\/geoboard-med-kort-holder\/","title":{"rendered":"Geoboard med kortholder"},"content":{"rendered":"<p>Firkantet geobrett av tre med kortholder er en av unike Montessori-inspirerte leker. Pinner er separate i denne, derfor kan du legge dem p\u00e5 pinnebrett som du vil og s\u00e5 mye du vil. Kortholderen er universell, bare skriv ut og legg dine egne bilder der. H\u00e5ndlaget av massivt tre, dette geobrettet er b\u00e6rekraftig, naturlig og milj\u00f8vennlig leket\u00f8y trygt for barn i alle aldre. Bruk den enten som l\u00e6ringstavle for geometri for f\u00f8rskolebarn. Eller en av leketerapilekene dine for en beroligende opplevelse. Rett og slett som pedagogisk og utviklende lekeverkt\u00f8y for hver dag.<\/p>\n<p>Forbedre kreativiteten og fantasien &#8211; barna kan bruke timer p\u00e5 denne gratis leken.<br \/>\nUtvikle finmotorikk (h\u00e5ndkoordinasjon).<br \/>\nL\u00e6r geometri og probleml\u00f8sning med oppgavekort inkludert.<\/p>\n<p>Hovedsettet inneholder:<br \/>\nPinnebrett av tre<br \/>\n50 stk. knagger<br \/>\n3 stk. med 59 tommers ledning (150 cm)<br \/>\nEkstra kort:<br \/>\n20 stk. Former kort<\/p>\n<p>Du kan ogs\u00e5 legge til i handlekurven:<br \/>\n<a href=\"https:\/\/woodinout.net\/product\/pegs-for-geoboard\/\">Ekstra knagger<\/a><br \/>\n<a href=\"https:\/\/woodinout.net\/product\/colorful-rubber-bands\/\">Gummib\u00e5nd<\/a><\/p>\n<p>DIMENSJONER<br \/>\nH\u00f8yde: 10,6 tommer (27 cm)<br \/>\nLengde: 9,8 tommer (25 cm)<br \/>\nTykkelse: 0,66 tommer (1,7 cm)<\/p>\n<p>FARGER OG MATERIALE<br \/>\nFarge: naturlig tre eller brunoljet.<br \/>\nLeket\u00f8y er laget av NATURLIG MASSIVT TRE og kryssfiner.<br \/>\nV\u00e6r oppmerksom p\u00e5 at farger kan variere p\u00e5 grunn av innstillinger for dataskjerm og lys.<\/p>\n<p>Finn flere treideer p\u00e5 v\u00e5r <a href=\"https:\/\/www.pinterest.com\/Woodinoutnet\/_created\/\">PINTEREST.<\/a><\/p>\n","protected":false},"excerpt":{"rendered":"<p>Firkantet geobrett av tre med kortholder er en av unike Montessori-inspirerte leker. Pinner er separate i denne, derfor kan du legge dem p\u00e5 pinnebrett som du vil og s\u00e5 mye du vil. Kortholderen er universell, bare skriv ut og legg dine egne bilder der. H\u00e5ndlaget av massivt tre, dette geobrettet er b\u00e6rekraftig, naturlig og milj\u00f8vennlig [&hellip;]<\/p>\n","protected":false},"featured_media":20035,"template":"","meta":{"_monsterinsights_skip_tracking":false,"_monsterinsights_sitenote_active":false,"_monsterinsights_sitenote_note":"","_monsterinsights_sitenote_category":0},"product_cat":[1699,1477],"product_tag":[1505,1511,2046,2045,2048,1500,1494,1484,1489,1480],"yoast_head":"<!-- This site is optimized with the Yoast SEO plugin v22.1 - https:\/\/yoast.com\/wordpress\/plugins\/seo\/ -->\n<title>Geoboard med kortholder - Woodinout \u00a9 -leker<\/title>\n<meta name=\"description\" content=\"Naturlige treleker er best for fantasifull og kreativ lek. Montessori-inspirert Geoboard er akkurat det! Barn l\u00e6rer p\u00e5 en morsom m\u00e5te.\" \/>\n<meta name=\"robots\" content=\"index, follow, max-snippet:-1, max-image-preview:large, max-video-preview:-1\" \/>\n<link rel=\"canonical\" href=\"https:\/\/woodinout.net\/no\/product\/geoboard-med-kort-holder\/\" \/>\n<meta property=\"og:locale\" content=\"nb_NO\" \/>\n<meta property=\"og:type\" content=\"article\" \/>\n<meta property=\"og:title\" content=\"Geoboard med kortholder - Woodinout \u00a9 -leker\" \/>\n<meta property=\"og:description\" content=\"Naturlige treleker er best for fantasifull og kreativ lek. Montessori-inspirert Geoboard er akkurat det! Barn l\u00e6rer p\u00e5 en morsom m\u00e5te.\" \/>\n<meta property=\"og:url\" content=\"https:\/\/woodinout.net\/no\/product\/geoboard-med-kort-holder\/\" \/>\n<meta property=\"og:site_name\" content=\"Woodinout \u00a9\" \/>\n<meta property=\"article:modified_time\" content=\"2022-04-19T13:36:46+00:00\" \/>\n<meta property=\"og:image\" content=\"https:\/\/woodinout.net\/wp-content\/uploads\/2021\/03\/Pegs_board_with_cards_holder_3.jpg\" \/>\n\t<meta property=\"og:image:width\" content=\"1706\" \/>\n\t<meta property=\"og:image:height\" content=\"2560\" \/>\n\t<meta property=\"og:image:type\" content=\"image\/jpeg\" \/>\n<meta name=\"twitter:card\" content=\"summary_large_image\" \/>\n<meta name=\"twitter:label1\" content=\"Ansl. lesetid\" \/>\n\t<meta name=\"twitter:data1\" content=\"1 minutt\" \/>\n<script type=\"application\/ld+json\" class=\"yoast-schema-graph\">{\"@context\":\"https:\/\/schema.org\",\"@graph\":[{\"@type\":\"WebPage\",\"@id\":\"https:\/\/woodinout.net\/no\/product\/geoboard-med-kort-holder\/\",\"url\":\"https:\/\/woodinout.net\/no\/product\/geoboard-med-kort-holder\/\",\"name\":\"Geoboard med kortholder - Woodinout \u00a9 -leker\",\"isPartOf\":{\"@id\":\"https:\/\/woodinout.net\/no\/#website\"},\"datePublished\":\"2021-03-21T13:13:55+00:00\",\"dateModified\":\"2022-04-19T13:36:46+00:00\",\"description\":\"Naturlige treleker er best for fantasifull og kreativ lek. Montessori-inspirert Geoboard er akkurat det! Barn l\u00e6rer p\u00e5 en morsom m\u00e5te.\",\"breadcrumb\":{\"@id\":\"https:\/\/woodinout.net\/no\/product\/geoboard-med-kort-holder\/#breadcrumb\"},\"inLanguage\":\"nb-NO\",\"potentialAction\":[{\"@type\":\"ReadAction\",\"target\":[\"https:\/\/woodinout.net\/no\/product\/geoboard-med-kort-holder\/\"]}]},{\"@type\":\"BreadcrumbList\",\"@id\":\"https:\/\/woodinout.net\/no\/product\/geoboard-med-kort-holder\/#breadcrumb\",\"itemListElement\":[{\"@type\":\"ListItem\",\"position\":1,\"name\":\"Home\",\"item\":\"https:\/\/woodinout.net\/no\/\"},{\"@type\":\"ListItem\",\"position\":2,\"name\":\"Shop\",\"item\":\"https:\/\/woodinout.net\/shop\/\"},{\"@type\":\"ListItem\",\"position\":3,\"name\":\"Geoboard med kortholder\"}]},{\"@type\":\"WebSite\",\"@id\":\"https:\/\/woodinout.net\/no\/#website\",\"url\":\"https:\/\/woodinout.net\/no\/\",\"name\":\"Woodinout \u00a9\",\"description\":\"Wooden Montessori toys, gifts, home and events decor details\",\"potentialAction\":[{\"@type\":\"SearchAction\",\"target\":{\"@type\":\"EntryPoint\",\"urlTemplate\":\"https:\/\/woodinout.net\/no\/?s={search_term_string}\"},\"query-input\":\"required name=search_term_string\"}],\"inLanguage\":\"nb-NO\"}]}<\/script>\n<!-- \/ Yoast SEO plugin. -->","yoast_head_json":{"title":"Geoboard med kortholder - Woodinout \u00a9 -leker","description":"Naturlige treleker er best for fantasifull og kreativ lek. Montessori-inspirert Geoboard er akkurat det! Barn l\u00e6rer p\u00e5 en morsom m\u00e5te.","robots":{"index":"index","follow":"follow","max-snippet":"max-snippet:-1","max-image-preview":"max-image-preview:large","max-video-preview":"max-video-preview:-1"},"canonical":"https:\/\/woodinout.net\/no\/product\/geoboard-med-kort-holder\/","og_locale":"nb_NO","og_type":"article","og_title":"Geoboard med kortholder - Woodinout \u00a9 -leker","og_description":"Naturlige treleker er best for fantasifull og kreativ lek. Montessori-inspirert Geoboard er akkurat det! Barn l\u00e6rer p\u00e5 en morsom m\u00e5te.","og_url":"https:\/\/woodinout.net\/no\/product\/geoboard-med-kort-holder\/","og_site_name":"Woodinout \u00a9","article_modified_time":"2022-04-19T13:36:46+00:00","og_image":[{"width":1706,"height":2560,"url":"https:\/\/woodinout.net\/wp-content\/uploads\/2021\/03\/Pegs_board_with_cards_holder_3.jpg","type":"image\/jpeg"}],"twitter_card":"summary_large_image","twitter_misc":{"Ansl. lesetid":"1 minutt"},"schema":{"@context":"https:\/\/schema.org","@graph":[{"@type":"WebPage","@id":"https:\/\/woodinout.net\/no\/product\/geoboard-med-kort-holder\/","url":"https:\/\/woodinout.net\/no\/product\/geoboard-med-kort-holder\/","name":"Geoboard med kortholder - Woodinout \u00a9 -leker","isPartOf":{"@id":"https:\/\/woodinout.net\/no\/#website"},"datePublished":"2021-03-21T13:13:55+00:00","dateModified":"2022-04-19T13:36:46+00:00","description":"Naturlige treleker er best for fantasifull og kreativ lek. Montessori-inspirert Geoboard er akkurat det! Barn l\u00e6rer p\u00e5 en morsom m\u00e5te.","breadcrumb":{"@id":"https:\/\/woodinout.net\/no\/product\/geoboard-med-kort-holder\/#breadcrumb"},"inLanguage":"nb-NO","potentialAction":[{"@type":"ReadAction","target":["https:\/\/woodinout.net\/no\/product\/geoboard-med-kort-holder\/"]}]},{"@type":"BreadcrumbList","@id":"https:\/\/woodinout.net\/no\/product\/geoboard-med-kort-holder\/#breadcrumb","itemListElement":[{"@type":"ListItem","position":1,"name":"Home","item":"https:\/\/woodinout.net\/no\/"},{"@type":"ListItem","position":2,"name":"Shop","item":"https:\/\/woodinout.net\/shop\/"},{"@type":"ListItem","position":3,"name":"Geoboard med kortholder"}]},{"@type":"WebSite","@id":"https:\/\/woodinout.net\/no\/#website","url":"https:\/\/woodinout.net\/no\/","name":"Woodinout \u00a9","description":"Wooden Montessori toys, gifts, home and events decor details","potentialAction":[{"@type":"SearchAction","target":{"@type":"EntryPoint","urlTemplate":"https:\/\/woodinout.net\/no\/?s={search_term_string}"},"query-input":"required name=search_term_string"}],"inLanguage":"nb-NO"}]}},"_links":{"self":[{"href":"https:\/\/woodinout.net\/no\/wp-json\/wp\/v2\/product\/21335"}],"collection":[{"href":"https:\/\/woodinout.net\/no\/wp-json\/wp\/v2\/product"}],"about":[{"href":"https:\/\/woodinout.net\/no\/wp-json\/wp\/v2\/types\/product"}],"wp:featuredmedia":[{"embeddable":true,"href":"https:\/\/woodinout.net\/no\/wp-json\/wp\/v2\/media\/20035"}],"wp:attachment":[{"href":"https:\/\/woodinout.net\/no\/wp-json\/wp\/v2\/media?parent=21335"}],"wp:term":[{"taxonomy":"product_cat","embeddable":true,"href":"https:\/\/woodinout.net\/no\/wp-json\/wp\/v2\/product_cat?post=21335"},{"taxonomy":"product_tag","embeddable":true,"href":"https:\/\/woodinout.net\/no\/wp-json\/wp\/v2\/product_tag?post=21335"}],"curies":[{"name":"wp","href":"https:\/\/api.w.org\/{rel}","templated":true}]}}