{"id":21334,"date":"2021-03-21T18:54:26","date_gmt":"2021-03-21T16:54:26","guid":{"rendered":"https:\/\/woodinout.net\/product\/sirkel-geoboard\/"},"modified":"2022-04-19T16:37:27","modified_gmt":"2022-04-19T13:37:27","slug":"sirkel-geoboard","status":"publish","type":"product","link":"https:\/\/woodinout.net\/no\/product\/sirkel-geoboard\/","title":{"rendered":"Sirkel geoboard"},"content":{"rendered":"<p>Tresirkel geoboard er en av unike Montessori-inspirerte leker. Pinner er separate i denne, derfor kan du legge dem p\u00e5 pinnebrett som du vil og s\u00e5 mye du vil. H\u00e5ndlaget av massivt tre, dette sirkel geoboardet er b\u00e6rekraftig, naturlig og milj\u00f8vennlig leket\u00f8y trygt for barn i alle aldre. Bruk den enten som l\u00e6ringstavle for geometri for f\u00f8rskolebarn. Eller en av leketerapilekene dine for en beroligende opplevelse. Rett og slett som pedagogisk og utviklende lekeverkt\u00f8y for hver dag.<\/p>\n<p>Forbedre kreativiteten og fantasien &#8211; barna kan bruke timer p\u00e5 denne gratis leken.<br \/>\nUtvikle finmotorikk (h\u00e5ndkoordinasjon).<br \/>\nL\u00e6r geometri og probleml\u00f8sning med oppgavekort inkludert.<\/p>\n<p>Hovedsettet inneholder:<br \/>\nGeoboard av tre<br \/>\n25 stk. knagger<br \/>\n3 stk. med 59 tommers ledning (150 cm)<br \/>\nEkstra kort:<br \/>\n20 stk. Former kort<\/p>\n<p>Du kan ogs\u00e5 legge til i handlekurven:<br \/>\n<a href=\"https:\/\/woodinout.net\/product\/pegs-for-geoboard\/\">Ekstra knagger<\/a><br \/>\n<a href=\"https:\/\/woodinout.net\/product\/colorful-rubber-bands\/\">Gummib\u00e5nd<\/a><\/p>\n<p>DIMENSJONER<br \/>\nH\u00f8yde: 8,6 tommer (22 cm)<br \/>\nLengde: 7,9 tommer (20 cm)<br \/>\nTykkelse: 0,66 tommer (1,7 cm)<\/p>\n<p>FARGER OG MATERIALE<br \/>\nFarge: naturlig tre eller brunoljet.<br \/>\nLeket\u00f8y er laget av NATURLIG MASSIVT TRE og kryssfiner.<br \/>\nV\u00e6r oppmerksom p\u00e5 at farger kan variere p\u00e5 grunn av innstillinger for dataskjerm og lys.<\/p>\n<p>Finn flere treideer p\u00e5 v\u00e5r <a href=\"https:\/\/www.pinterest.com\/Woodinoutnet\/_created\/\">PINTEREST.<\/a><\/p>\n","protected":false},"excerpt":{"rendered":"<p>Tresirkel geoboard er en av unike Montessori-inspirerte leker. Pinner er separate i denne, derfor kan du legge dem p\u00e5 pinnebrett som du vil og s\u00e5 mye du vil. H\u00e5ndlaget av massivt tre, dette sirkel geoboardet er b\u00e6rekraftig, naturlig og milj\u00f8vennlig leket\u00f8y trygt for barn i alle aldre. Bruk den enten som l\u00e6ringstavle for geometri for [&hellip;]<\/p>\n","protected":false},"featured_media":20347,"template":"","meta":{"_monsterinsights_skip_tracking":false,"_monsterinsights_sitenote_active":false,"_monsterinsights_sitenote_note":"","_monsterinsights_sitenote_category":0},"product_cat":[1699,1477],"product_tag":[1505,1511,2046,2045,2048,1500,1494,1484,1489,1480],"yoast_head":"<!-- This site is optimized with the Yoast SEO plugin v22.1 - https:\/\/yoast.com\/wordpress\/plugins\/seo\/ -->\n<title>Sirkel geoboard - Woodinout \u00a9 -lekebutikk<\/title>\n<meta name=\"description\" content=\"Naturlige treleker er best for fantasifull og kreativ lek. Montessori-inspirert Geoboard er akkurat det! Tilpassing tilgjengelig.\" \/>\n<meta name=\"robots\" content=\"index, follow, max-snippet:-1, max-image-preview:large, max-video-preview:-1\" \/>\n<link rel=\"canonical\" href=\"https:\/\/woodinout.net\/no\/product\/sirkel-geoboard\/\" \/>\n<meta property=\"og:locale\" content=\"nb_NO\" \/>\n<meta property=\"og:type\" content=\"article\" \/>\n<meta property=\"og:title\" content=\"Sirkel geoboard - Woodinout \u00a9 -lekebutikk\" \/>\n<meta property=\"og:description\" content=\"Naturlige treleker er best for fantasifull og kreativ lek. Montessori-inspirert Geoboard er akkurat det! Tilpassing tilgjengelig.\" \/>\n<meta property=\"og:url\" content=\"https:\/\/woodinout.net\/no\/product\/sirkel-geoboard\/\" \/>\n<meta property=\"og:site_name\" content=\"Woodinout \u00a9\" \/>\n<meta property=\"article:modified_time\" content=\"2022-04-19T13:37:27+00:00\" \/>\n<meta property=\"og:image\" content=\"https:\/\/woodinout.net\/wp-content\/uploads\/2021\/03\/Round-peg-board.jpg\" \/>\n\t<meta property=\"og:image:width\" content=\"1140\" \/>\n\t<meta property=\"og:image:height\" content=\"1710\" \/>\n\t<meta property=\"og:image:type\" content=\"image\/jpeg\" \/>\n<meta name=\"twitter:card\" content=\"summary_large_image\" \/>\n<meta name=\"twitter:label1\" content=\"Ansl. lesetid\" \/>\n\t<meta name=\"twitter:data1\" content=\"1 minutt\" \/>\n<script type=\"application\/ld+json\" class=\"yoast-schema-graph\">{\"@context\":\"https:\/\/schema.org\",\"@graph\":[{\"@type\":\"WebPage\",\"@id\":\"https:\/\/woodinout.net\/no\/product\/sirkel-geoboard\/\",\"url\":\"https:\/\/woodinout.net\/no\/product\/sirkel-geoboard\/\",\"name\":\"Sirkel geoboard - Woodinout \u00a9 -lekebutikk\",\"isPartOf\":{\"@id\":\"https:\/\/woodinout.net\/no\/#website\"},\"datePublished\":\"2021-03-21T16:54:26+00:00\",\"dateModified\":\"2022-04-19T13:37:27+00:00\",\"description\":\"Naturlige treleker er best for fantasifull og kreativ lek. Montessori-inspirert Geoboard er akkurat det! Tilpassing tilgjengelig.\",\"breadcrumb\":{\"@id\":\"https:\/\/woodinout.net\/no\/product\/sirkel-geoboard\/#breadcrumb\"},\"inLanguage\":\"nb-NO\",\"potentialAction\":[{\"@type\":\"ReadAction\",\"target\":[\"https:\/\/woodinout.net\/no\/product\/sirkel-geoboard\/\"]}]},{\"@type\":\"BreadcrumbList\",\"@id\":\"https:\/\/woodinout.net\/no\/product\/sirkel-geoboard\/#breadcrumb\",\"itemListElement\":[{\"@type\":\"ListItem\",\"position\":1,\"name\":\"Home\",\"item\":\"https:\/\/woodinout.net\/no\/\"},{\"@type\":\"ListItem\",\"position\":2,\"name\":\"Shop\",\"item\":\"https:\/\/woodinout.net\/shop\/\"},{\"@type\":\"ListItem\",\"position\":3,\"name\":\"Sirkel geoboard\"}]},{\"@type\":\"WebSite\",\"@id\":\"https:\/\/woodinout.net\/no\/#website\",\"url\":\"https:\/\/woodinout.net\/no\/\",\"name\":\"Woodinout \u00a9\",\"description\":\"Wooden Montessori toys, gifts, home and events decor details\",\"potentialAction\":[{\"@type\":\"SearchAction\",\"target\":{\"@type\":\"EntryPoint\",\"urlTemplate\":\"https:\/\/woodinout.net\/no\/?s={search_term_string}\"},\"query-input\":\"required name=search_term_string\"}],\"inLanguage\":\"nb-NO\"}]}<\/script>\n<!-- \/ Yoast SEO plugin. -->","yoast_head_json":{"title":"Sirkel geoboard - Woodinout \u00a9 -lekebutikk","description":"Naturlige treleker er best for fantasifull og kreativ lek. Montessori-inspirert Geoboard er akkurat det! Tilpassing tilgjengelig.","robots":{"index":"index","follow":"follow","max-snippet":"max-snippet:-1","max-image-preview":"max-image-preview:large","max-video-preview":"max-video-preview:-1"},"canonical":"https:\/\/woodinout.net\/no\/product\/sirkel-geoboard\/","og_locale":"nb_NO","og_type":"article","og_title":"Sirkel geoboard - Woodinout \u00a9 -lekebutikk","og_description":"Naturlige treleker er best for fantasifull og kreativ lek. Montessori-inspirert Geoboard er akkurat det! Tilpassing tilgjengelig.","og_url":"https:\/\/woodinout.net\/no\/product\/sirkel-geoboard\/","og_site_name":"Woodinout \u00a9","article_modified_time":"2022-04-19T13:37:27+00:00","og_image":[{"width":1140,"height":1710,"url":"https:\/\/woodinout.net\/wp-content\/uploads\/2021\/03\/Round-peg-board.jpg","type":"image\/jpeg"}],"twitter_card":"summary_large_image","twitter_misc":{"Ansl. lesetid":"1 minutt"},"schema":{"@context":"https:\/\/schema.org","@graph":[{"@type":"WebPage","@id":"https:\/\/woodinout.net\/no\/product\/sirkel-geoboard\/","url":"https:\/\/woodinout.net\/no\/product\/sirkel-geoboard\/","name":"Sirkel geoboard - Woodinout \u00a9 -lekebutikk","isPartOf":{"@id":"https:\/\/woodinout.net\/no\/#website"},"datePublished":"2021-03-21T16:54:26+00:00","dateModified":"2022-04-19T13:37:27+00:00","description":"Naturlige treleker er best for fantasifull og kreativ lek. Montessori-inspirert Geoboard er akkurat det! Tilpassing tilgjengelig.","breadcrumb":{"@id":"https:\/\/woodinout.net\/no\/product\/sirkel-geoboard\/#breadcrumb"},"inLanguage":"nb-NO","potentialAction":[{"@type":"ReadAction","target":["https:\/\/woodinout.net\/no\/product\/sirkel-geoboard\/"]}]},{"@type":"BreadcrumbList","@id":"https:\/\/woodinout.net\/no\/product\/sirkel-geoboard\/#breadcrumb","itemListElement":[{"@type":"ListItem","position":1,"name":"Home","item":"https:\/\/woodinout.net\/no\/"},{"@type":"ListItem","position":2,"name":"Shop","item":"https:\/\/woodinout.net\/shop\/"},{"@type":"ListItem","position":3,"name":"Sirkel geoboard"}]},{"@type":"WebSite","@id":"https:\/\/woodinout.net\/no\/#website","url":"https:\/\/woodinout.net\/no\/","name":"Woodinout \u00a9","description":"Wooden Montessori toys, gifts, home and events decor details","potentialAction":[{"@type":"SearchAction","target":{"@type":"EntryPoint","urlTemplate":"https:\/\/woodinout.net\/no\/?s={search_term_string}"},"query-input":"required name=search_term_string"}],"inLanguage":"nb-NO"}]}},"_links":{"self":[{"href":"https:\/\/woodinout.net\/no\/wp-json\/wp\/v2\/product\/21334"}],"collection":[{"href":"https:\/\/woodinout.net\/no\/wp-json\/wp\/v2\/product"}],"about":[{"href":"https:\/\/woodinout.net\/no\/wp-json\/wp\/v2\/types\/product"}],"wp:featuredmedia":[{"embeddable":true,"href":"https:\/\/woodinout.net\/no\/wp-json\/wp\/v2\/media\/20347"}],"wp:attachment":[{"href":"https:\/\/woodinout.net\/no\/wp-json\/wp\/v2\/media?parent=21334"}],"wp:term":[{"taxonomy":"product_cat","embeddable":true,"href":"https:\/\/woodinout.net\/no\/wp-json\/wp\/v2\/product_cat?post=21334"},{"taxonomy":"product_tag","embeddable":true,"href":"https:\/\/woodinout.net\/no\/wp-json\/wp\/v2\/product_tag?post=21334"}],"curies":[{"name":"wp","href":"https:\/\/api.w.org\/{rel}","templated":true}]}}