{"id":21321,"date":"2021-03-21T21:24:18","date_gmt":"2021-03-21T19:24:18","guid":{"rendered":"https:\/\/woodinout.net\/product\/navn-puslespill-krakk\/"},"modified":"2021-03-21T21:24:18","modified_gmt":"2021-03-21T19:24:18","slug":"navn-puslespill-krakk","status":"publish","type":"product","link":"https:\/\/woodinout.net\/no\/product\/navn-puslespill-krakk\/","title":{"rendered":"Navn puslespill krakk"},"content":{"rendered":"<p>Barn liker \u00e5 ha sin egen navnekrakk. Det blir mye mer unikt med navnet lagt til. Av den grunn har vi laget en personlig trekrakk med navnepuslespillet p\u00e5. Slik avf\u00f8ring er morsom og nyttig. Velg denne puslespillkrakken som en bursdagsgave til sm\u00e5barn.<\/p>\n<p>\u00c5 HAR DENNE PUSLEKRAKKEN FOR Sm\u00e5barn:<\/p>\n<p>Barnet ditt forbedrer \u00f8yeh\u00e5ndskoordinasjonen;<br \/>\nSm\u00e5barnet ditt vil l\u00e6re \u00e5 stave navnet sitt raskere;<br \/>\nBarnet ditt vil begynne med separate bokstaver tidligere;<br \/>\nBarn vil like \u00e5 leke og l\u00e6re p\u00e5 samme tid;<\/p>\n<p>FLERE PERSONLIGE ARTIKLER FINNES <a href=\"https:\/\/woodinout.net\/product-tag\/kids-presents\/\">HER.<\/a><\/p>\n<p>DIMENSJONER<\/p>\n<p>Krakk:<br \/>\nH\u00f8yde &#8211; ~8,7 tommer, med h\u00e5ndtak ~10 tommer<br \/>\nLengde &#8211; avhenger av antall bokstaver<br \/>\nTykkelse &#8211; ~0,3 tommer<br \/>\nDybde p\u00e5 lomme: ~0,12 tommer<\/p>\n<p>Bokstaver:<br \/>\nH\u00f8yde &#8211; ~2,7 tommer (Hvis puslespillet ikke passer til 55 cm, vil alle bokstaver reduseres proporsjonalt)<br \/>\nTykkelse &#8211; ~0,25 tommer<br \/>\nBredden avhenger av formen p\u00e5 bokstaven<\/p>\n<p>FARGER OG MATERIALE<\/p>\n<p>Variasjon av farger avhenger av lengden p\u00e5 navnet.<br \/>\nHvis du har et spesifikt \u00f8nske om farger, vennligst legg igjen et notat. Ta en titt p\u00e5 fargekartet. Ellers skal vi bruke farger som p\u00e5 bildet.<br \/>\nV\u00e6r oppmerksom p\u00e5 at farger kan variere p\u00e5 grunn av dataskjerminnstillinger og belysning.<br \/>\nBaltisk bj\u00f8rkekryssfiner, milj\u00f8vennlig &#8211; giftfri &#8211; vannbasert akrylmaling.<\/p>\n<p>For flere ideer, f\u00f8lg oss p\u00e5 <a href=\"https:\/\/www.instagram.com\/woodinout\/\">INSTAGRAM<\/a> &amp; <a href=\"https:\/\/www.facebook.com\/Woodinout.net\">FACEBOOK<\/a><\/p>\n","protected":false},"excerpt":{"rendered":"<p>Barn liker \u00e5 ha sin egen navnekrakk. Det blir mye mer unikt med navnet lagt til. Av den grunn har vi laget en personlig trekrakk med navnepuslespillet p\u00e5. Slik avf\u00f8ring er morsom og nyttig. Velg denne puslespillkrakken som en bursdagsgave til sm\u00e5barn. \u00c5 HAR DENNE PUSLEKRAKKEN FOR Sm\u00e5barn: Barnet ditt forbedrer \u00f8yeh\u00e5ndskoordinasjonen; Sm\u00e5barnet ditt vil [&hellip;]<\/p>\n","protected":false},"featured_media":20283,"template":"","meta":{"_monsterinsights_skip_tracking":false,"_monsterinsights_sitenote_active":false,"_monsterinsights_sitenote_note":"","_monsterinsights_sitenote_category":0},"product_cat":[1616,1559,1477],"product_tag":[1505,1511,1568,1634,1633,1500,1494,1484,1489,1631,1524,1518,1632,1630,1480,2075],"yoast_head":"<!-- This site is optimized with the Yoast SEO plugin v22.1 - https:\/\/yoast.com\/wordpress\/plugins\/seo\/ -->\n<title>Navn puslespill krakk - Woodinout \u00a9 -lekebutikk<\/title>\n<meta name=\"description\" content=\"Perfekt barnegave - Montessori-inspirert tilpasset navn puslespill krakk. H\u00e5ndlaget, milj\u00f8vennlig, trygt for baby og sm\u00e5rolling. Laget av massivt tre.\" \/>\n<meta name=\"robots\" content=\"index, follow, max-snippet:-1, max-image-preview:large, max-video-preview:-1\" \/>\n<link rel=\"canonical\" href=\"https:\/\/woodinout.net\/no\/product\/navn-puslespill-krakk\/\" \/>\n<meta property=\"og:locale\" content=\"nb_NO\" \/>\n<meta property=\"og:type\" content=\"article\" \/>\n<meta property=\"og:title\" content=\"Navn puslespill krakk - Woodinout \u00a9 -lekebutikk\" \/>\n<meta property=\"og:description\" content=\"Perfekt barnegave - Montessori-inspirert tilpasset navn puslespill krakk. H\u00e5ndlaget, milj\u00f8vennlig, trygt for baby og sm\u00e5rolling. Laget av massivt tre.\" \/>\n<meta property=\"og:url\" content=\"https:\/\/woodinout.net\/no\/product\/navn-puslespill-krakk\/\" \/>\n<meta property=\"og:site_name\" content=\"Woodinout \u00a9\" \/>\n<meta property=\"og:image\" content=\"https:\/\/woodinout.net\/wp-content\/uploads\/2021\/03\/Name_puzzle_stool_2.jpg\" \/>\n\t<meta property=\"og:image:width\" content=\"1706\" \/>\n\t<meta property=\"og:image:height\" content=\"2560\" \/>\n\t<meta property=\"og:image:type\" content=\"image\/jpeg\" \/>\n<meta name=\"twitter:card\" content=\"summary_large_image\" \/>\n<meta name=\"twitter:label1\" content=\"Ansl. lesetid\" \/>\n\t<meta name=\"twitter:data1\" content=\"1 minutt\" \/>\n<script type=\"application\/ld+json\" class=\"yoast-schema-graph\">{\"@context\":\"https:\/\/schema.org\",\"@graph\":[{\"@type\":\"WebPage\",\"@id\":\"https:\/\/woodinout.net\/no\/product\/navn-puslespill-krakk\/\",\"url\":\"https:\/\/woodinout.net\/no\/product\/navn-puslespill-krakk\/\",\"name\":\"Navn puslespill krakk - Woodinout \u00a9 -lekebutikk\",\"isPartOf\":{\"@id\":\"https:\/\/woodinout.net\/no\/#website\"},\"datePublished\":\"2021-03-21T19:24:18+00:00\",\"dateModified\":\"2021-03-21T19:24:18+00:00\",\"description\":\"Perfekt barnegave - Montessori-inspirert tilpasset navn puslespill krakk. H\u00e5ndlaget, milj\u00f8vennlig, trygt for baby og sm\u00e5rolling. Laget av massivt tre.\",\"breadcrumb\":{\"@id\":\"https:\/\/woodinout.net\/no\/product\/navn-puslespill-krakk\/#breadcrumb\"},\"inLanguage\":\"nb-NO\",\"potentialAction\":[{\"@type\":\"ReadAction\",\"target\":[\"https:\/\/woodinout.net\/no\/product\/navn-puslespill-krakk\/\"]}]},{\"@type\":\"BreadcrumbList\",\"@id\":\"https:\/\/woodinout.net\/no\/product\/navn-puslespill-krakk\/#breadcrumb\",\"itemListElement\":[{\"@type\":\"ListItem\",\"position\":1,\"name\":\"Home\",\"item\":\"https:\/\/woodinout.net\/no\/\"},{\"@type\":\"ListItem\",\"position\":2,\"name\":\"Shop\",\"item\":\"https:\/\/woodinout.net\/shop\/\"},{\"@type\":\"ListItem\",\"position\":3,\"name\":\"Navn puslespill krakk\"}]},{\"@type\":\"WebSite\",\"@id\":\"https:\/\/woodinout.net\/no\/#website\",\"url\":\"https:\/\/woodinout.net\/no\/\",\"name\":\"Woodinout \u00a9\",\"description\":\"Wooden Montessori toys, gifts, home and events decor details\",\"potentialAction\":[{\"@type\":\"SearchAction\",\"target\":{\"@type\":\"EntryPoint\",\"urlTemplate\":\"https:\/\/woodinout.net\/no\/?s={search_term_string}\"},\"query-input\":\"required name=search_term_string\"}],\"inLanguage\":\"nb-NO\"}]}<\/script>\n<!-- \/ Yoast SEO plugin. -->","yoast_head_json":{"title":"Navn puslespill krakk - Woodinout \u00a9 -lekebutikk","description":"Perfekt barnegave - Montessori-inspirert tilpasset navn puslespill krakk. H\u00e5ndlaget, milj\u00f8vennlig, trygt for baby og sm\u00e5rolling. Laget av massivt tre.","robots":{"index":"index","follow":"follow","max-snippet":"max-snippet:-1","max-image-preview":"max-image-preview:large","max-video-preview":"max-video-preview:-1"},"canonical":"https:\/\/woodinout.net\/no\/product\/navn-puslespill-krakk\/","og_locale":"nb_NO","og_type":"article","og_title":"Navn puslespill krakk - Woodinout \u00a9 -lekebutikk","og_description":"Perfekt barnegave - Montessori-inspirert tilpasset navn puslespill krakk. H\u00e5ndlaget, milj\u00f8vennlig, trygt for baby og sm\u00e5rolling. Laget av massivt tre.","og_url":"https:\/\/woodinout.net\/no\/product\/navn-puslespill-krakk\/","og_site_name":"Woodinout \u00a9","og_image":[{"width":1706,"height":2560,"url":"https:\/\/woodinout.net\/wp-content\/uploads\/2021\/03\/Name_puzzle_stool_2.jpg","type":"image\/jpeg"}],"twitter_card":"summary_large_image","twitter_misc":{"Ansl. lesetid":"1 minutt"},"schema":{"@context":"https:\/\/schema.org","@graph":[{"@type":"WebPage","@id":"https:\/\/woodinout.net\/no\/product\/navn-puslespill-krakk\/","url":"https:\/\/woodinout.net\/no\/product\/navn-puslespill-krakk\/","name":"Navn puslespill krakk - Woodinout \u00a9 -lekebutikk","isPartOf":{"@id":"https:\/\/woodinout.net\/no\/#website"},"datePublished":"2021-03-21T19:24:18+00:00","dateModified":"2021-03-21T19:24:18+00:00","description":"Perfekt barnegave - Montessori-inspirert tilpasset navn puslespill krakk. H\u00e5ndlaget, milj\u00f8vennlig, trygt for baby og sm\u00e5rolling. Laget av massivt tre.","breadcrumb":{"@id":"https:\/\/woodinout.net\/no\/product\/navn-puslespill-krakk\/#breadcrumb"},"inLanguage":"nb-NO","potentialAction":[{"@type":"ReadAction","target":["https:\/\/woodinout.net\/no\/product\/navn-puslespill-krakk\/"]}]},{"@type":"BreadcrumbList","@id":"https:\/\/woodinout.net\/no\/product\/navn-puslespill-krakk\/#breadcrumb","itemListElement":[{"@type":"ListItem","position":1,"name":"Home","item":"https:\/\/woodinout.net\/no\/"},{"@type":"ListItem","position":2,"name":"Shop","item":"https:\/\/woodinout.net\/shop\/"},{"@type":"ListItem","position":3,"name":"Navn puslespill krakk"}]},{"@type":"WebSite","@id":"https:\/\/woodinout.net\/no\/#website","url":"https:\/\/woodinout.net\/no\/","name":"Woodinout \u00a9","description":"Wooden Montessori toys, gifts, home and events decor details","potentialAction":[{"@type":"SearchAction","target":{"@type":"EntryPoint","urlTemplate":"https:\/\/woodinout.net\/no\/?s={search_term_string}"},"query-input":"required name=search_term_string"}],"inLanguage":"nb-NO"}]}},"_links":{"self":[{"href":"https:\/\/woodinout.net\/no\/wp-json\/wp\/v2\/product\/21321"}],"collection":[{"href":"https:\/\/woodinout.net\/no\/wp-json\/wp\/v2\/product"}],"about":[{"href":"https:\/\/woodinout.net\/no\/wp-json\/wp\/v2\/types\/product"}],"wp:featuredmedia":[{"embeddable":true,"href":"https:\/\/woodinout.net\/no\/wp-json\/wp\/v2\/media\/20283"}],"wp:attachment":[{"href":"https:\/\/woodinout.net\/no\/wp-json\/wp\/v2\/media?parent=21321"}],"wp:term":[{"taxonomy":"product_cat","embeddable":true,"href":"https:\/\/woodinout.net\/no\/wp-json\/wp\/v2\/product_cat?post=21321"},{"taxonomy":"product_tag","embeddable":true,"href":"https:\/\/woodinout.net\/no\/wp-json\/wp\/v2\/product_tag?post=21321"}],"curies":[{"name":"wp","href":"https:\/\/api.w.org\/{rel}","templated":true}]}}