{"id":21315,"date":"2021-03-19T12:06:41","date_gmt":"2021-03-19T10:06:41","guid":{"rendered":"https:\/\/woodinout.net\/product\/regnbuestabling-av-tre-balanseleke\/"},"modified":"2022-04-22T12:22:42","modified_gmt":"2022-04-22T09:22:42","slug":"tre-regnbue-stabling-balanse-leketoy","status":"publish","type":"product","link":"https:\/\/woodinout.net\/no\/product\/tre-regnbue-stabling-balanse-leketoy\/","title":{"rendered":"Regnbuestabling av tre &#8211; balanseleke"},"content":{"rendered":"<p>Grimms regnbue stableleket\u00f8y &#8211; H\u00e5ndlaget av massivt tre. Kun naturlige materialer brukt &#8211; trygt for babyer og sm\u00e5barn. Vi prioriterer trygge og naturlige omgivelser for barn \u00e5 l\u00e6re og utvikle seg. Dette treregnbue Montessori-leket\u00f8yet er intet unntak &#8211; l\u00e6r, lag, bruk kvalitetstid med babyen din eller pjokk &#8211; bare ha det g\u00f8y med det.<\/p>\n<p>Finn flere <a href=\"https:\/\/woodinout.net\/product-category\/wooden-toys\/sorting-stacking-toys\/\">sorterings- og stableaktiviteter<\/a> .<\/p>\n<p>DIMENSJONER<br \/>\nH\u00f8yde: ~5,9 tommer (15 cm)<br \/>\nLengde: ~11,8 tommer (30 cm)<br \/>\nTykkelse: ~0,66 tommer (1,7 cm)<\/p>\n<p>FARGER OG MATERIALE<br \/>\nFarge: naturlig og brunoljet.<br \/>\nLeket\u00f8y er laget av NATURLIG MASSIVT TRE og kryssfiner.<br \/>\nV\u00e6r oppmerksom p\u00e5 at farger kan variere p\u00e5 grunn av innstillinger for dataskjerm og lys.<\/p>\n<p>For flere ideer, f\u00f8lg oss p\u00e5 <a href=\"https:\/\/www.instagram.com\/woodinout\/\">INSTAGRAM<\/a> &amp; <a href=\"https:\/\/www.facebook.com\/Woodinout.net\">FACEBOOK<\/a><\/p>\n","protected":false},"excerpt":{"rendered":"<p>Grimms regnbue stableleket\u00f8y &#8211; H\u00e5ndlaget av massivt tre. Kun naturlige materialer brukt &#8211; trygt for babyer og sm\u00e5barn. Vi prioriterer trygge og naturlige omgivelser for barn \u00e5 l\u00e6re og utvikle seg. Dette treregnbue Montessori-leket\u00f8yet er intet unntak &#8211; l\u00e6r, lag, bruk kvalitetstid med babyen din eller pjokk &#8211; bare ha det g\u00f8y med det. Finn [&hellip;]<\/p>\n","protected":false},"featured_media":19403,"template":"","meta":{"_monsterinsights_skip_tracking":false,"_monsterinsights_sitenote_active":false,"_monsterinsights_sitenote_note":"","_monsterinsights_sitenote_category":0},"product_cat":[1616,1711,1477],"product_tag":[1505,1511,1634,1633,1500,1494,1484,1489,1480],"yoast_head":"<!-- This site is optimized with the Yoast SEO plugin v22.1 - https:\/\/yoast.com\/wordpress\/plugins\/seo\/ -->\n<title>Regnbuestabling av tre - balanseleke - Woodinout \u00a9 -leker<\/title>\n<meta name=\"description\" content=\"L\u00e6ring er n\u00e5 morsomt og enkelt - Naturlige treleker for verdifull familietid. Utvikle babyen din ved \u00e5 stable, sortere og balansere.\" \/>\n<meta name=\"robots\" content=\"index, follow, max-snippet:-1, max-image-preview:large, max-video-preview:-1\" \/>\n<link rel=\"canonical\" href=\"https:\/\/woodinout.net\/no\/product\/tre-regnbue-stabling-balanse-leketoy\/\" \/>\n<meta property=\"og:locale\" content=\"nb_NO\" \/>\n<meta property=\"og:type\" content=\"article\" \/>\n<meta property=\"og:title\" content=\"Regnbuestabling av tre - balanseleke - Woodinout \u00a9 -leker\" \/>\n<meta property=\"og:description\" content=\"L\u00e6ring er n\u00e5 morsomt og enkelt - Naturlige treleker for verdifull familietid. Utvikle babyen din ved \u00e5 stable, sortere og balansere.\" \/>\n<meta property=\"og:url\" content=\"https:\/\/woodinout.net\/no\/product\/tre-regnbue-stabling-balanse-leketoy\/\" \/>\n<meta property=\"og:site_name\" content=\"Woodinout \u00a9\" \/>\n<meta property=\"article:modified_time\" content=\"2022-04-22T09:22:42+00:00\" \/>\n<meta property=\"og:image\" content=\"https:\/\/woodinout.net\/wp-content\/uploads\/2021\/03\/Wooden_rainbow_stacking-ballance_toy_3.jpg\" \/>\n\t<meta property=\"og:image:width\" content=\"1706\" \/>\n\t<meta property=\"og:image:height\" content=\"2560\" \/>\n\t<meta property=\"og:image:type\" content=\"image\/jpeg\" \/>\n<meta name=\"twitter:card\" content=\"summary_large_image\" \/>\n<meta name=\"twitter:label1\" content=\"Ansl. lesetid\" \/>\n\t<meta name=\"twitter:data1\" content=\"1 minutt\" \/>\n<script type=\"application\/ld+json\" class=\"yoast-schema-graph\">{\"@context\":\"https:\/\/schema.org\",\"@graph\":[{\"@type\":\"WebPage\",\"@id\":\"https:\/\/woodinout.net\/no\/product\/tre-regnbue-stabling-balanse-leketoy\/\",\"url\":\"https:\/\/woodinout.net\/no\/product\/tre-regnbue-stabling-balanse-leketoy\/\",\"name\":\"Regnbuestabling av tre - balanseleke - Woodinout \u00a9 -leker\",\"isPartOf\":{\"@id\":\"https:\/\/woodinout.net\/no\/#website\"},\"datePublished\":\"2021-03-19T10:06:41+00:00\",\"dateModified\":\"2022-04-22T09:22:42+00:00\",\"description\":\"L\u00e6ring er n\u00e5 morsomt og enkelt - Naturlige treleker for verdifull familietid. Utvikle babyen din ved \u00e5 stable, sortere og balansere.\",\"breadcrumb\":{\"@id\":\"https:\/\/woodinout.net\/no\/product\/tre-regnbue-stabling-balanse-leketoy\/#breadcrumb\"},\"inLanguage\":\"nb-NO\",\"potentialAction\":[{\"@type\":\"ReadAction\",\"target\":[\"https:\/\/woodinout.net\/no\/product\/tre-regnbue-stabling-balanse-leketoy\/\"]}]},{\"@type\":\"BreadcrumbList\",\"@id\":\"https:\/\/woodinout.net\/no\/product\/tre-regnbue-stabling-balanse-leketoy\/#breadcrumb\",\"itemListElement\":[{\"@type\":\"ListItem\",\"position\":1,\"name\":\"Home\",\"item\":\"https:\/\/woodinout.net\/no\/\"},{\"@type\":\"ListItem\",\"position\":2,\"name\":\"Shop\",\"item\":\"https:\/\/woodinout.net\/shop\/\"},{\"@type\":\"ListItem\",\"position\":3,\"name\":\"Regnbuestabling av tre &#8211; balanseleke\"}]},{\"@type\":\"WebSite\",\"@id\":\"https:\/\/woodinout.net\/no\/#website\",\"url\":\"https:\/\/woodinout.net\/no\/\",\"name\":\"Woodinout \u00a9\",\"description\":\"Wooden Montessori toys, gifts, home and events decor details\",\"potentialAction\":[{\"@type\":\"SearchAction\",\"target\":{\"@type\":\"EntryPoint\",\"urlTemplate\":\"https:\/\/woodinout.net\/no\/?s={search_term_string}\"},\"query-input\":\"required name=search_term_string\"}],\"inLanguage\":\"nb-NO\"}]}<\/script>\n<!-- \/ Yoast SEO plugin. -->","yoast_head_json":{"title":"Regnbuestabling av tre - balanseleke - Woodinout \u00a9 -leker","description":"L\u00e6ring er n\u00e5 morsomt og enkelt - Naturlige treleker for verdifull familietid. Utvikle babyen din ved \u00e5 stable, sortere og balansere.","robots":{"index":"index","follow":"follow","max-snippet":"max-snippet:-1","max-image-preview":"max-image-preview:large","max-video-preview":"max-video-preview:-1"},"canonical":"https:\/\/woodinout.net\/no\/product\/tre-regnbue-stabling-balanse-leketoy\/","og_locale":"nb_NO","og_type":"article","og_title":"Regnbuestabling av tre - balanseleke - Woodinout \u00a9 -leker","og_description":"L\u00e6ring er n\u00e5 morsomt og enkelt - Naturlige treleker for verdifull familietid. Utvikle babyen din ved \u00e5 stable, sortere og balansere.","og_url":"https:\/\/woodinout.net\/no\/product\/tre-regnbue-stabling-balanse-leketoy\/","og_site_name":"Woodinout \u00a9","article_modified_time":"2022-04-22T09:22:42+00:00","og_image":[{"width":1706,"height":2560,"url":"https:\/\/woodinout.net\/wp-content\/uploads\/2021\/03\/Wooden_rainbow_stacking-ballance_toy_3.jpg","type":"image\/jpeg"}],"twitter_card":"summary_large_image","twitter_misc":{"Ansl. lesetid":"1 minutt"},"schema":{"@context":"https:\/\/schema.org","@graph":[{"@type":"WebPage","@id":"https:\/\/woodinout.net\/no\/product\/tre-regnbue-stabling-balanse-leketoy\/","url":"https:\/\/woodinout.net\/no\/product\/tre-regnbue-stabling-balanse-leketoy\/","name":"Regnbuestabling av tre - balanseleke - Woodinout \u00a9 -leker","isPartOf":{"@id":"https:\/\/woodinout.net\/no\/#website"},"datePublished":"2021-03-19T10:06:41+00:00","dateModified":"2022-04-22T09:22:42+00:00","description":"L\u00e6ring er n\u00e5 morsomt og enkelt - Naturlige treleker for verdifull familietid. Utvikle babyen din ved \u00e5 stable, sortere og balansere.","breadcrumb":{"@id":"https:\/\/woodinout.net\/no\/product\/tre-regnbue-stabling-balanse-leketoy\/#breadcrumb"},"inLanguage":"nb-NO","potentialAction":[{"@type":"ReadAction","target":["https:\/\/woodinout.net\/no\/product\/tre-regnbue-stabling-balanse-leketoy\/"]}]},{"@type":"BreadcrumbList","@id":"https:\/\/woodinout.net\/no\/product\/tre-regnbue-stabling-balanse-leketoy\/#breadcrumb","itemListElement":[{"@type":"ListItem","position":1,"name":"Home","item":"https:\/\/woodinout.net\/no\/"},{"@type":"ListItem","position":2,"name":"Shop","item":"https:\/\/woodinout.net\/shop\/"},{"@type":"ListItem","position":3,"name":"Regnbuestabling av tre &#8211; balanseleke"}]},{"@type":"WebSite","@id":"https:\/\/woodinout.net\/no\/#website","url":"https:\/\/woodinout.net\/no\/","name":"Woodinout \u00a9","description":"Wooden Montessori toys, gifts, home and events decor details","potentialAction":[{"@type":"SearchAction","target":{"@type":"EntryPoint","urlTemplate":"https:\/\/woodinout.net\/no\/?s={search_term_string}"},"query-input":"required name=search_term_string"}],"inLanguage":"nb-NO"}]}},"_links":{"self":[{"href":"https:\/\/woodinout.net\/no\/wp-json\/wp\/v2\/product\/21315"}],"collection":[{"href":"https:\/\/woodinout.net\/no\/wp-json\/wp\/v2\/product"}],"about":[{"href":"https:\/\/woodinout.net\/no\/wp-json\/wp\/v2\/types\/product"}],"wp:featuredmedia":[{"embeddable":true,"href":"https:\/\/woodinout.net\/no\/wp-json\/wp\/v2\/media\/19403"}],"wp:attachment":[{"href":"https:\/\/woodinout.net\/no\/wp-json\/wp\/v2\/media?parent=21315"}],"wp:term":[{"taxonomy":"product_cat","embeddable":true,"href":"https:\/\/woodinout.net\/no\/wp-json\/wp\/v2\/product_cat?post=21315"},{"taxonomy":"product_tag","embeddable":true,"href":"https:\/\/woodinout.net\/no\/wp-json\/wp\/v2\/product_tag?post=21315"}],"curies":[{"name":"wp","href":"https:\/\/api.w.org\/{rel}","templated":true}]}}