{"id":21314,"date":"2021-03-19T13:01:30","date_gmt":"2021-03-19T11:01:30","guid":{"rendered":"https:\/\/woodinout.net\/product\/balanse-regnbue-vaerspill\/"},"modified":"2022-04-22T12:22:18","modified_gmt":"2022-04-22T09:22:18","slug":"balanse-regnbue-vaer-spill","status":"publish","type":"product","link":"https:\/\/woodinout.net\/no\/product\/balanse-regnbue-vaer-spill\/","title":{"rendered":"Balanse regnbue &#8211; v\u00e6rspill"},"content":{"rendered":"<p>Balanse, stable, ha det g\u00f8y! Dette balanserende v\u00e6rleket\u00f8yet er h\u00e5ndlaget av massivt tre. Kun naturlige materialer brukt &#8211; trygt for babyer og sm\u00e5barn. Vi prioriterer trygge og naturlige omgivelser for barn \u00e5 l\u00e6re og utvikle seg. Denne Montessori-stableren i tre er intet unntak &#8211; l\u00e6r, lag, bruk kvalitetstid med babyen eller pjokk &#8211; bare ha det g\u00f8y med den. Inkluder \u00e5 l\u00e6re ordene om v\u00e6r, som sol -&gt; solfylt.<\/p>\n<p>Finn flere <a href=\"https:\/\/woodinout.net\/product-category\/wooden-toys\/science-nature-toys\/\">SCIENCE &amp; NATURE-<\/a> leker.<\/p>\n<p>DIMENSJONER<br \/>\n&#x1f308;Main Rainbow:<br \/>\nH\u00f8yde: ~5,9 tommer (15 cm)<br \/>\nLengde: ~13,8 tommer (35 cm)<br \/>\nTykkelse: ~0,66 tommer (1,7 cm)<br \/>\n&#x26c8;&#xfe0f;V\u00e6rblokker:<br \/>\nH\u00f8yde: ~2,3\u20132,9 tommer (6\u20137,5 cm)<br \/>\nLengde: ~2,3-2,9 tommer (6-7,5 cm)<br \/>\nTykkelse: ~0,66 tommer (1,7 cm)<\/p>\n<p>FARGER OG MATERIALE<br \/>\nFarge: naturlig tre<br \/>\nLeket\u00f8yet er laget av NATURLIG MASSIVT TRE.<br \/>\nV\u00e6r oppmerksom p\u00e5 at farger kan variere p\u00e5 grunn av innstillinger for dataskjerm og lys.<\/p>\n<p>For flere ideer, f\u00f8lg oss p\u00e5 <a href=\"https:\/\/www.instagram.com\/woodinout\/\">INSTAGRAM<\/a> &amp; <a href=\"https:\/\/www.facebook.com\/Woodinout.net\">FACEBOOK<\/a><\/p>\n<p>&nbsp;<\/p>\n","protected":false},"excerpt":{"rendered":"<p>Balanse, stable, ha det g\u00f8y! Dette balanserende v\u00e6rleket\u00f8yet er h\u00e5ndlaget av massivt tre. Kun naturlige materialer brukt &#8211; trygt for babyer og sm\u00e5barn. Vi prioriterer trygge og naturlige omgivelser for barn \u00e5 l\u00e6re og utvikle seg. Denne Montessori-stableren i tre er intet unntak &#8211; l\u00e6r, lag, bruk kvalitetstid med babyen eller pjokk &#8211; bare ha [&hellip;]<\/p>\n","protected":false},"featured_media":19427,"template":"","meta":{"_monsterinsights_skip_tracking":false,"_monsterinsights_sitenote_active":false,"_monsterinsights_sitenote_note":"","_monsterinsights_sitenote_category":0},"product_cat":[1616,1711,1477,1598],"product_tag":[1505,1511,1634,1500,1494,1484,1489,1480],"yoast_head":"<!-- This site is optimized with the Yoast SEO plugin v22.1 - https:\/\/yoast.com\/wordpress\/plugins\/seo\/ -->\n<title>Balanse regnbue - v\u00e6rspill - Woodinout \u00a9 -leker<\/title>\n<meta name=\"description\" content=\"Vi prioriterer trygge og naturlige omgivelser for barn \u00e5 l\u00e6re og utvikle seg. Dette er intet unntak - l\u00e6r, skap, bruk kvalitetstid sammen.\" \/>\n<meta name=\"robots\" content=\"index, follow, max-snippet:-1, max-image-preview:large, max-video-preview:-1\" \/>\n<link rel=\"canonical\" href=\"https:\/\/woodinout.net\/no\/product\/balanse-regnbue-vaer-spill\/\" \/>\n<meta property=\"og:locale\" content=\"nb_NO\" \/>\n<meta property=\"og:type\" content=\"article\" \/>\n<meta property=\"og:title\" content=\"Balanse regnbue - v\u00e6rspill - Woodinout \u00a9 -leker\" \/>\n<meta property=\"og:description\" content=\"Vi prioriterer trygge og naturlige omgivelser for barn \u00e5 l\u00e6re og utvikle seg. Dette er intet unntak - l\u00e6r, skap, bruk kvalitetstid sammen.\" \/>\n<meta property=\"og:url\" content=\"https:\/\/woodinout.net\/no\/product\/balanse-regnbue-vaer-spill\/\" \/>\n<meta property=\"og:site_name\" content=\"Woodinout \u00a9\" \/>\n<meta property=\"article:modified_time\" content=\"2022-04-22T09:22:18+00:00\" \/>\n<meta property=\"og:image\" content=\"https:\/\/woodinout.net\/wp-content\/uploads\/2021\/03\/Balance_rainbow-weather_game_3.jpg\" \/>\n\t<meta property=\"og:image:width\" content=\"1706\" \/>\n\t<meta property=\"og:image:height\" content=\"2560\" \/>\n\t<meta property=\"og:image:type\" content=\"image\/jpeg\" \/>\n<meta name=\"twitter:card\" content=\"summary_large_image\" \/>\n<meta name=\"twitter:label1\" content=\"Ansl. lesetid\" \/>\n\t<meta name=\"twitter:data1\" content=\"1 minutt\" \/>\n<script type=\"application\/ld+json\" class=\"yoast-schema-graph\">{\"@context\":\"https:\/\/schema.org\",\"@graph\":[{\"@type\":\"WebPage\",\"@id\":\"https:\/\/woodinout.net\/no\/product\/balanse-regnbue-vaer-spill\/\",\"url\":\"https:\/\/woodinout.net\/no\/product\/balanse-regnbue-vaer-spill\/\",\"name\":\"Balanse regnbue - v\u00e6rspill - Woodinout \u00a9 -leker\",\"isPartOf\":{\"@id\":\"https:\/\/woodinout.net\/no\/#website\"},\"datePublished\":\"2021-03-19T11:01:30+00:00\",\"dateModified\":\"2022-04-22T09:22:18+00:00\",\"description\":\"Vi prioriterer trygge og naturlige omgivelser for barn \u00e5 l\u00e6re og utvikle seg. Dette er intet unntak - l\u00e6r, skap, bruk kvalitetstid sammen.\",\"breadcrumb\":{\"@id\":\"https:\/\/woodinout.net\/no\/product\/balanse-regnbue-vaer-spill\/#breadcrumb\"},\"inLanguage\":\"nb-NO\",\"potentialAction\":[{\"@type\":\"ReadAction\",\"target\":[\"https:\/\/woodinout.net\/no\/product\/balanse-regnbue-vaer-spill\/\"]}]},{\"@type\":\"BreadcrumbList\",\"@id\":\"https:\/\/woodinout.net\/no\/product\/balanse-regnbue-vaer-spill\/#breadcrumb\",\"itemListElement\":[{\"@type\":\"ListItem\",\"position\":1,\"name\":\"Home\",\"item\":\"https:\/\/woodinout.net\/no\/\"},{\"@type\":\"ListItem\",\"position\":2,\"name\":\"Shop\",\"item\":\"https:\/\/woodinout.net\/shop\/\"},{\"@type\":\"ListItem\",\"position\":3,\"name\":\"Balanse regnbue &#8211; v\u00e6rspill\"}]},{\"@type\":\"WebSite\",\"@id\":\"https:\/\/woodinout.net\/no\/#website\",\"url\":\"https:\/\/woodinout.net\/no\/\",\"name\":\"Woodinout \u00a9\",\"description\":\"Wooden Montessori toys, gifts, home and events decor details\",\"potentialAction\":[{\"@type\":\"SearchAction\",\"target\":{\"@type\":\"EntryPoint\",\"urlTemplate\":\"https:\/\/woodinout.net\/no\/?s={search_term_string}\"},\"query-input\":\"required name=search_term_string\"}],\"inLanguage\":\"nb-NO\"}]}<\/script>\n<!-- \/ Yoast SEO plugin. -->","yoast_head_json":{"title":"Balanse regnbue - v\u00e6rspill - Woodinout \u00a9 -leker","description":"Vi prioriterer trygge og naturlige omgivelser for barn \u00e5 l\u00e6re og utvikle seg. Dette er intet unntak - l\u00e6r, skap, bruk kvalitetstid sammen.","robots":{"index":"index","follow":"follow","max-snippet":"max-snippet:-1","max-image-preview":"max-image-preview:large","max-video-preview":"max-video-preview:-1"},"canonical":"https:\/\/woodinout.net\/no\/product\/balanse-regnbue-vaer-spill\/","og_locale":"nb_NO","og_type":"article","og_title":"Balanse regnbue - v\u00e6rspill - Woodinout \u00a9 -leker","og_description":"Vi prioriterer trygge og naturlige omgivelser for barn \u00e5 l\u00e6re og utvikle seg. Dette er intet unntak - l\u00e6r, skap, bruk kvalitetstid sammen.","og_url":"https:\/\/woodinout.net\/no\/product\/balanse-regnbue-vaer-spill\/","og_site_name":"Woodinout \u00a9","article_modified_time":"2022-04-22T09:22:18+00:00","og_image":[{"width":1706,"height":2560,"url":"https:\/\/woodinout.net\/wp-content\/uploads\/2021\/03\/Balance_rainbow-weather_game_3.jpg","type":"image\/jpeg"}],"twitter_card":"summary_large_image","twitter_misc":{"Ansl. lesetid":"1 minutt"},"schema":{"@context":"https:\/\/schema.org","@graph":[{"@type":"WebPage","@id":"https:\/\/woodinout.net\/no\/product\/balanse-regnbue-vaer-spill\/","url":"https:\/\/woodinout.net\/no\/product\/balanse-regnbue-vaer-spill\/","name":"Balanse regnbue - v\u00e6rspill - Woodinout \u00a9 -leker","isPartOf":{"@id":"https:\/\/woodinout.net\/no\/#website"},"datePublished":"2021-03-19T11:01:30+00:00","dateModified":"2022-04-22T09:22:18+00:00","description":"Vi prioriterer trygge og naturlige omgivelser for barn \u00e5 l\u00e6re og utvikle seg. Dette er intet unntak - l\u00e6r, skap, bruk kvalitetstid sammen.","breadcrumb":{"@id":"https:\/\/woodinout.net\/no\/product\/balanse-regnbue-vaer-spill\/#breadcrumb"},"inLanguage":"nb-NO","potentialAction":[{"@type":"ReadAction","target":["https:\/\/woodinout.net\/no\/product\/balanse-regnbue-vaer-spill\/"]}]},{"@type":"BreadcrumbList","@id":"https:\/\/woodinout.net\/no\/product\/balanse-regnbue-vaer-spill\/#breadcrumb","itemListElement":[{"@type":"ListItem","position":1,"name":"Home","item":"https:\/\/woodinout.net\/no\/"},{"@type":"ListItem","position":2,"name":"Shop","item":"https:\/\/woodinout.net\/shop\/"},{"@type":"ListItem","position":3,"name":"Balanse regnbue &#8211; v\u00e6rspill"}]},{"@type":"WebSite","@id":"https:\/\/woodinout.net\/no\/#website","url":"https:\/\/woodinout.net\/no\/","name":"Woodinout \u00a9","description":"Wooden Montessori toys, gifts, home and events decor details","potentialAction":[{"@type":"SearchAction","target":{"@type":"EntryPoint","urlTemplate":"https:\/\/woodinout.net\/no\/?s={search_term_string}"},"query-input":"required name=search_term_string"}],"inLanguage":"nb-NO"}]}},"_links":{"self":[{"href":"https:\/\/woodinout.net\/no\/wp-json\/wp\/v2\/product\/21314"}],"collection":[{"href":"https:\/\/woodinout.net\/no\/wp-json\/wp\/v2\/product"}],"about":[{"href":"https:\/\/woodinout.net\/no\/wp-json\/wp\/v2\/types\/product"}],"wp:featuredmedia":[{"embeddable":true,"href":"https:\/\/woodinout.net\/no\/wp-json\/wp\/v2\/media\/19427"}],"wp:attachment":[{"href":"https:\/\/woodinout.net\/no\/wp-json\/wp\/v2\/media?parent=21314"}],"wp:term":[{"taxonomy":"product_cat","embeddable":true,"href":"https:\/\/woodinout.net\/no\/wp-json\/wp\/v2\/product_cat?post=21314"},{"taxonomy":"product_tag","embeddable":true,"href":"https:\/\/woodinout.net\/no\/wp-json\/wp\/v2\/product_tag?post=21314"}],"curies":[{"name":"wp","href":"https:\/\/api.w.org\/{rel}","templated":true}]}}