{"id":21313,"date":"2021-03-19T13:06:23","date_gmt":"2021-03-19T11:06:23","guid":{"rendered":"https:\/\/woodinout.net\/product\/kalender\/"},"modified":"2022-04-28T11:48:02","modified_gmt":"2022-04-28T08:48:02","slug":"kalender","status":"publish","type":"product","link":"https:\/\/woodinout.net\/no\/product\/kalender\/","title":{"rendered":"Kalender"},"content":{"rendered":"<p>Trekalender for barn &#8211; b\u00e6rekraftig Montessori-materiale laget for l\u00e6ring og lek. Perfekt dress for enten hjemmeskole eller f\u00f8rskole eller barnehage. Laget av tre, det er et naturlig l\u00e6ringsverkt\u00f8y for \u00e5r, \u00e5rstider, ukedager. Morsom m\u00e5te \u00e5 l\u00e6re barnet ditt \u00e5 forst\u00e5 datoens betydning og varigheten av uken, m\u00e5neden og hele sesongen.<\/p>\n<p>Morgenbrettsett inneholder:<br \/>\nHovedkalendertavle<br \/>\n31-dagers mynter (31 stk.) (~1,6 tommer \/ 4 cm)<br \/>\n\u00c5rsmynter 5 cm (20 stk.) (~2 tommer \/ 5 cm)<br \/>\nM\u00e5nedskort (12 stk.) (~8,4&#215;2 in \/ 21,5x5cm)<br \/>\n\u00c5rstidsmynter (4 stk.) (~3,1 tommer \/ 8 cm)<br \/>\nUkedagskort (7 stk.) (~3,3&#215;1,2 tommer \/ 8,5&#215;3 cm)<\/p>\n<p>DIMENSJONER p\u00e5 brettet:<br \/>\nLengde: ~14,5 tommer (37 cm)<br \/>\nH\u00f8yde: ~18,1 tommer (46 cm)<br \/>\nTykkelse: ~0,6 tommer (1,5 cm)<\/p>\n<p>FARGER OG MATERIALE<br \/>\nFarge: naturlig tre.<br \/>\nLeket\u00f8y er laget av NATURLIG MASSIVT TRE og kryssfiner.<br \/>\nV\u00e6r oppmerksom p\u00e5 at farger kan variere p\u00e5 grunn av innstillinger for dataskjerm og lys.<\/p>\n<p>For flere ideer, f\u00f8lg oss p\u00e5 <a href=\"https:\/\/www.instagram.com\/woodinout\/\">INSTAGRAM<\/a> &amp; <a href=\"https:\/\/www.facebook.com\/Woodinout.net\">FACEBOOK<\/a><\/p>\n","protected":false},"excerpt":{"rendered":"<p>Trekalender for barn &#8211; b\u00e6rekraftig Montessori-materiale laget for l\u00e6ring og lek. Perfekt dress for enten hjemmeskole eller f\u00f8rskole eller barnehage. Laget av tre, det er et naturlig l\u00e6ringsverkt\u00f8y for \u00e5r, \u00e5rstider, ukedager. Morsom m\u00e5te \u00e5 l\u00e6re barnet ditt \u00e5 forst\u00e5 datoens betydning og varigheten av uken, m\u00e5neden og hele sesongen. Morgenbrettsett inneholder: Hovedkalendertavle 31-dagers mynter [&hellip;]<\/p>\n","protected":false},"featured_media":19459,"template":"","meta":{"_monsterinsights_skip_tracking":false,"_monsterinsights_sitenote_active":false,"_monsterinsights_sitenote_note":"","_monsterinsights_sitenote_category":0},"product_cat":[1477,1598],"product_tag":[1505,1511,1500,1540,1561,1541,1494,1542,1484,1489,1881,1480],"yoast_head":"<!-- This site is optimized with the Yoast SEO plugin v22.1 - https:\/\/yoast.com\/wordpress\/plugins\/seo\/ -->\n<title>Kalender - Woodinout \u00a9 Montessori-leker<\/title>\n<meta name=\"description\" content=\"L\u00e6ring er n\u00e5 morsomt og enkelt - Naturlige treleker for verdifull familietid. Hjemmeskole eller f\u00f8rskole m\u00e5 ha. Verdensomspennende frakt.\" \/>\n<meta name=\"robots\" content=\"index, follow, max-snippet:-1, max-image-preview:large, max-video-preview:-1\" \/>\n<link rel=\"canonical\" href=\"https:\/\/woodinout.net\/no\/product\/kalender\/\" \/>\n<meta property=\"og:locale\" content=\"nb_NO\" \/>\n<meta property=\"og:type\" content=\"article\" \/>\n<meta property=\"og:title\" content=\"Kalender - Woodinout \u00a9 Montessori-leker\" \/>\n<meta property=\"og:description\" content=\"L\u00e6ring er n\u00e5 morsomt og enkelt - Naturlige treleker for verdifull familietid. Hjemmeskole eller f\u00f8rskole m\u00e5 ha. Verdensomspennende frakt.\" \/>\n<meta property=\"og:url\" content=\"https:\/\/woodinout.net\/no\/product\/kalender\/\" \/>\n<meta property=\"og:site_name\" content=\"Woodinout \u00a9\" \/>\n<meta property=\"article:modified_time\" content=\"2022-04-28T08:48:02+00:00\" \/>\n<meta property=\"og:image\" content=\"https:\/\/woodinout.net\/wp-content\/uploads\/2021\/03\/Calendar_1.jpg\" \/>\n\t<meta property=\"og:image:width\" content=\"1706\" \/>\n\t<meta property=\"og:image:height\" content=\"2560\" \/>\n\t<meta property=\"og:image:type\" content=\"image\/jpeg\" \/>\n<meta name=\"twitter:card\" content=\"summary_large_image\" \/>\n<meta name=\"twitter:label1\" content=\"Ansl. lesetid\" \/>\n\t<meta name=\"twitter:data1\" content=\"1 minutt\" \/>\n<script type=\"application\/ld+json\" class=\"yoast-schema-graph\">{\"@context\":\"https:\/\/schema.org\",\"@graph\":[{\"@type\":\"WebPage\",\"@id\":\"https:\/\/woodinout.net\/no\/product\/kalender\/\",\"url\":\"https:\/\/woodinout.net\/no\/product\/kalender\/\",\"name\":\"Kalender - Woodinout \u00a9 Montessori-leker\",\"isPartOf\":{\"@id\":\"https:\/\/woodinout.net\/no\/#website\"},\"datePublished\":\"2021-03-19T11:06:23+00:00\",\"dateModified\":\"2022-04-28T08:48:02+00:00\",\"description\":\"L\u00e6ring er n\u00e5 morsomt og enkelt - Naturlige treleker for verdifull familietid. Hjemmeskole eller f\u00f8rskole m\u00e5 ha. Verdensomspennende frakt.\",\"breadcrumb\":{\"@id\":\"https:\/\/woodinout.net\/no\/product\/kalender\/#breadcrumb\"},\"inLanguage\":\"nb-NO\",\"potentialAction\":[{\"@type\":\"ReadAction\",\"target\":[\"https:\/\/woodinout.net\/no\/product\/kalender\/\"]}]},{\"@type\":\"BreadcrumbList\",\"@id\":\"https:\/\/woodinout.net\/no\/product\/kalender\/#breadcrumb\",\"itemListElement\":[{\"@type\":\"ListItem\",\"position\":1,\"name\":\"Home\",\"item\":\"https:\/\/woodinout.net\/no\/\"},{\"@type\":\"ListItem\",\"position\":2,\"name\":\"Shop\",\"item\":\"https:\/\/woodinout.net\/shop\/\"},{\"@type\":\"ListItem\",\"position\":3,\"name\":\"Kalender\"}]},{\"@type\":\"WebSite\",\"@id\":\"https:\/\/woodinout.net\/no\/#website\",\"url\":\"https:\/\/woodinout.net\/no\/\",\"name\":\"Woodinout \u00a9\",\"description\":\"Wooden Montessori toys, gifts, home and events decor details\",\"potentialAction\":[{\"@type\":\"SearchAction\",\"target\":{\"@type\":\"EntryPoint\",\"urlTemplate\":\"https:\/\/woodinout.net\/no\/?s={search_term_string}\"},\"query-input\":\"required name=search_term_string\"}],\"inLanguage\":\"nb-NO\"}]}<\/script>\n<!-- \/ Yoast SEO plugin. -->","yoast_head_json":{"title":"Kalender - Woodinout \u00a9 Montessori-leker","description":"L\u00e6ring er n\u00e5 morsomt og enkelt - Naturlige treleker for verdifull familietid. Hjemmeskole eller f\u00f8rskole m\u00e5 ha. Verdensomspennende frakt.","robots":{"index":"index","follow":"follow","max-snippet":"max-snippet:-1","max-image-preview":"max-image-preview:large","max-video-preview":"max-video-preview:-1"},"canonical":"https:\/\/woodinout.net\/no\/product\/kalender\/","og_locale":"nb_NO","og_type":"article","og_title":"Kalender - Woodinout \u00a9 Montessori-leker","og_description":"L\u00e6ring er n\u00e5 morsomt og enkelt - Naturlige treleker for verdifull familietid. Hjemmeskole eller f\u00f8rskole m\u00e5 ha. Verdensomspennende frakt.","og_url":"https:\/\/woodinout.net\/no\/product\/kalender\/","og_site_name":"Woodinout \u00a9","article_modified_time":"2022-04-28T08:48:02+00:00","og_image":[{"width":1706,"height":2560,"url":"https:\/\/woodinout.net\/wp-content\/uploads\/2021\/03\/Calendar_1.jpg","type":"image\/jpeg"}],"twitter_card":"summary_large_image","twitter_misc":{"Ansl. lesetid":"1 minutt"},"schema":{"@context":"https:\/\/schema.org","@graph":[{"@type":"WebPage","@id":"https:\/\/woodinout.net\/no\/product\/kalender\/","url":"https:\/\/woodinout.net\/no\/product\/kalender\/","name":"Kalender - Woodinout \u00a9 Montessori-leker","isPartOf":{"@id":"https:\/\/woodinout.net\/no\/#website"},"datePublished":"2021-03-19T11:06:23+00:00","dateModified":"2022-04-28T08:48:02+00:00","description":"L\u00e6ring er n\u00e5 morsomt og enkelt - Naturlige treleker for verdifull familietid. Hjemmeskole eller f\u00f8rskole m\u00e5 ha. Verdensomspennende frakt.","breadcrumb":{"@id":"https:\/\/woodinout.net\/no\/product\/kalender\/#breadcrumb"},"inLanguage":"nb-NO","potentialAction":[{"@type":"ReadAction","target":["https:\/\/woodinout.net\/no\/product\/kalender\/"]}]},{"@type":"BreadcrumbList","@id":"https:\/\/woodinout.net\/no\/product\/kalender\/#breadcrumb","itemListElement":[{"@type":"ListItem","position":1,"name":"Home","item":"https:\/\/woodinout.net\/no\/"},{"@type":"ListItem","position":2,"name":"Shop","item":"https:\/\/woodinout.net\/shop\/"},{"@type":"ListItem","position":3,"name":"Kalender"}]},{"@type":"WebSite","@id":"https:\/\/woodinout.net\/no\/#website","url":"https:\/\/woodinout.net\/no\/","name":"Woodinout \u00a9","description":"Wooden Montessori toys, gifts, home and events decor details","potentialAction":[{"@type":"SearchAction","target":{"@type":"EntryPoint","urlTemplate":"https:\/\/woodinout.net\/no\/?s={search_term_string}"},"query-input":"required name=search_term_string"}],"inLanguage":"nb-NO"}]}},"_links":{"self":[{"href":"https:\/\/woodinout.net\/no\/wp-json\/wp\/v2\/product\/21313"}],"collection":[{"href":"https:\/\/woodinout.net\/no\/wp-json\/wp\/v2\/product"}],"about":[{"href":"https:\/\/woodinout.net\/no\/wp-json\/wp\/v2\/types\/product"}],"wp:featuredmedia":[{"embeddable":true,"href":"https:\/\/woodinout.net\/no\/wp-json\/wp\/v2\/media\/19459"}],"wp:attachment":[{"href":"https:\/\/woodinout.net\/no\/wp-json\/wp\/v2\/media?parent=21313"}],"wp:term":[{"taxonomy":"product_cat","embeddable":true,"href":"https:\/\/woodinout.net\/no\/wp-json\/wp\/v2\/product_cat?post=21313"},{"taxonomy":"product_tag","embeddable":true,"href":"https:\/\/woodinout.net\/no\/wp-json\/wp\/v2\/product_tag?post=21313"}],"curies":[{"name":"wp","href":"https:\/\/api.w.org\/{rel}","templated":true}]}}