{"id":21312,"date":"2021-03-19T13:15:22","date_gmt":"2021-03-19T11:15:22","guid":{"rendered":"https:\/\/woodinout.net\/product\/abc-sporingstavle-firkantet\/"},"modified":"2022-04-19T16:07:45","modified_gmt":"2022-04-19T13:07:45","slug":"abc-sporingsbrett-firkant","status":"publish","type":"product","link":"https:\/\/woodinout.net\/no\/product\/abc-sporingsbrett-firkant\/","title":{"rendered":"ABC sporingstavle (firkantet)"},"content":{"rendered":"<p>Alphabet Montessori sporingstavle er en smart m\u00e5te \u00e5 l\u00e6re barn \u00e5 skrive p\u00e5. L\u00e6rende leker er fortsatt leker, derfor har barn det mye moro og de vet ikke engang at de l\u00e6rer. Waldorfleker er en av de mest popul\u00e6re pedagogiske gavene til barn av en grunn. Regneark med sm\u00e5 bokstaver vil gj\u00f8re det morsomt og ENKELT \u00e5 l\u00e6re \u00e5 skrive og stave. I stedet for massevis av arbeidsark for f\u00f8rskole, f\u00e5r du en stilig alfabettavle av oss. Disse trebokstavene er n\u00f8ye h\u00e5ndlaget av massivt tre, og er ikke bare perfekte l\u00e6releker, men ogs\u00e5 stilig innredning p\u00e5 barnerommet. Gj\u00f8r dette til en personlig gave ved \u00e5 legge igjen en melding som skal graveres p\u00e5 baksiden.<\/p>\n<p>Settet inneholder:<br \/>\nABC bokstavsporingstavle<br \/>\nTrepenn<\/p>\n<p>Vil forbedre motoriske ferdigheter<\/p>\n<p>DIMENSJONER<br \/>\nH\u00f8yde: ~11 tommer (28 cm)<br \/>\nLengde: ~9,5 tommer (24 cm)<br \/>\nBretttykkelse: ~0,6 tommer (1,5 cm)<\/p>\n<p>FARGER OG MATERIALE<br \/>\nBakgrunn: brun eller naturlig oljet.<br \/>\nLeket\u00f8yet er laget av NATURLIG MASSIVT TRE og milj\u00f8vennlig maling\/olje.<br \/>\nV\u00e6r oppmerksom p\u00e5 at farger kan variere p\u00e5 grunn av innstillinger for dataskjerm og lys.<\/p>\n<p>For flere ideer, f\u00f8lg oss p\u00e5 <a href=\"https:\/\/www.instagram.com\/woodinout\/\">INSTAGRAM<\/a> &amp; <a href=\"https:\/\/www.facebook.com\/Woodinout.net\">FACEBOOK<\/a><\/p>\n","protected":false},"excerpt":{"rendered":"<p>Alphabet Montessori sporingstavle er en smart m\u00e5te \u00e5 l\u00e6re barn \u00e5 skrive p\u00e5. L\u00e6rende leker er fortsatt leker, derfor har barn det mye moro og de vet ikke engang at de l\u00e6rer. Waldorfleker er en av de mest popul\u00e6re pedagogiske gavene til barn av en grunn. Regneark med sm\u00e5 bokstaver vil gj\u00f8re det morsomt og [&hellip;]<\/p>\n","protected":false},"featured_media":19515,"template":"","meta":{"_monsterinsights_skip_tracking":false,"_monsterinsights_sitenote_active":false,"_monsterinsights_sitenote_note":"","_monsterinsights_sitenote_category":0},"product_cat":[1478,1477],"product_tag":[1505,1511,1530,1500,1494,1484,1489,1528,1524,1533,1518,1480],"yoast_head":"<!-- This site is optimized with the Yoast SEO plugin v22.1 - https:\/\/yoast.com\/wordpress\/plugins\/seo\/ -->\n<title>ABC sporingstavle (firkantet) - Woodinout \u00a9<\/title>\n<meta name=\"description\" content=\"Tracing alfabettavle - ikke flere papirark. Bruk denne treplaten s\u00e5 mange ganger du vil. Verdensomspennende frakt. H\u00f8yeste premium kvalitet.\" \/>\n<meta name=\"robots\" content=\"index, follow, max-snippet:-1, max-image-preview:large, max-video-preview:-1\" \/>\n<link rel=\"canonical\" href=\"https:\/\/woodinout.net\/no\/product\/abc-sporingsbrett-firkant\/\" \/>\n<meta property=\"og:locale\" content=\"nb_NO\" \/>\n<meta property=\"og:type\" content=\"article\" \/>\n<meta property=\"og:title\" content=\"ABC sporingstavle (firkantet) - Woodinout \u00a9\" \/>\n<meta property=\"og:description\" content=\"Tracing alfabettavle - ikke flere papirark. Bruk denne treplaten s\u00e5 mange ganger du vil. Verdensomspennende frakt. H\u00f8yeste premium kvalitet.\" \/>\n<meta property=\"og:url\" content=\"https:\/\/woodinout.net\/no\/product\/abc-sporingsbrett-firkant\/\" \/>\n<meta property=\"og:site_name\" content=\"Woodinout \u00a9\" \/>\n<meta property=\"article:modified_time\" content=\"2022-04-19T13:07:45+00:00\" \/>\n<meta property=\"og:image\" content=\"https:\/\/woodinout.net\/wp-content\/uploads\/2021\/03\/ABC_tracing_board_1-\u2013-kopija.jpg\" \/>\n\t<meta property=\"og:image:width\" content=\"1706\" \/>\n\t<meta property=\"og:image:height\" content=\"2560\" \/>\n\t<meta property=\"og:image:type\" content=\"image\/jpeg\" \/>\n<meta name=\"twitter:card\" content=\"summary_large_image\" \/>\n<meta name=\"twitter:label1\" content=\"Ansl. lesetid\" \/>\n\t<meta name=\"twitter:data1\" content=\"1 minutt\" \/>\n<script type=\"application\/ld+json\" class=\"yoast-schema-graph\">{\"@context\":\"https:\/\/schema.org\",\"@graph\":[{\"@type\":\"WebPage\",\"@id\":\"https:\/\/woodinout.net\/no\/product\/abc-sporingsbrett-firkant\/\",\"url\":\"https:\/\/woodinout.net\/no\/product\/abc-sporingsbrett-firkant\/\",\"name\":\"ABC sporingstavle (firkantet) - Woodinout \u00a9\",\"isPartOf\":{\"@id\":\"https:\/\/woodinout.net\/no\/#website\"},\"datePublished\":\"2021-03-19T11:15:22+00:00\",\"dateModified\":\"2022-04-19T13:07:45+00:00\",\"description\":\"Tracing alfabettavle - ikke flere papirark. Bruk denne treplaten s\u00e5 mange ganger du vil. Verdensomspennende frakt. H\u00f8yeste premium kvalitet.\",\"breadcrumb\":{\"@id\":\"https:\/\/woodinout.net\/no\/product\/abc-sporingsbrett-firkant\/#breadcrumb\"},\"inLanguage\":\"nb-NO\",\"potentialAction\":[{\"@type\":\"ReadAction\",\"target\":[\"https:\/\/woodinout.net\/no\/product\/abc-sporingsbrett-firkant\/\"]}]},{\"@type\":\"BreadcrumbList\",\"@id\":\"https:\/\/woodinout.net\/no\/product\/abc-sporingsbrett-firkant\/#breadcrumb\",\"itemListElement\":[{\"@type\":\"ListItem\",\"position\":1,\"name\":\"Home\",\"item\":\"https:\/\/woodinout.net\/no\/\"},{\"@type\":\"ListItem\",\"position\":2,\"name\":\"Shop\",\"item\":\"https:\/\/woodinout.net\/shop\/\"},{\"@type\":\"ListItem\",\"position\":3,\"name\":\"ABC sporingstavle (firkantet)\"}]},{\"@type\":\"WebSite\",\"@id\":\"https:\/\/woodinout.net\/no\/#website\",\"url\":\"https:\/\/woodinout.net\/no\/\",\"name\":\"Woodinout \u00a9\",\"description\":\"Wooden Montessori toys, gifts, home and events decor details\",\"potentialAction\":[{\"@type\":\"SearchAction\",\"target\":{\"@type\":\"EntryPoint\",\"urlTemplate\":\"https:\/\/woodinout.net\/no\/?s={search_term_string}\"},\"query-input\":\"required name=search_term_string\"}],\"inLanguage\":\"nb-NO\"}]}<\/script>\n<!-- \/ Yoast SEO plugin. -->","yoast_head_json":{"title":"ABC sporingstavle (firkantet) - Woodinout \u00a9","description":"Tracing alfabettavle - ikke flere papirark. Bruk denne treplaten s\u00e5 mange ganger du vil. Verdensomspennende frakt. H\u00f8yeste premium kvalitet.","robots":{"index":"index","follow":"follow","max-snippet":"max-snippet:-1","max-image-preview":"max-image-preview:large","max-video-preview":"max-video-preview:-1"},"canonical":"https:\/\/woodinout.net\/no\/product\/abc-sporingsbrett-firkant\/","og_locale":"nb_NO","og_type":"article","og_title":"ABC sporingstavle (firkantet) - Woodinout \u00a9","og_description":"Tracing alfabettavle - ikke flere papirark. Bruk denne treplaten s\u00e5 mange ganger du vil. Verdensomspennende frakt. H\u00f8yeste premium kvalitet.","og_url":"https:\/\/woodinout.net\/no\/product\/abc-sporingsbrett-firkant\/","og_site_name":"Woodinout \u00a9","article_modified_time":"2022-04-19T13:07:45+00:00","og_image":[{"width":1706,"height":2560,"url":"https:\/\/woodinout.net\/wp-content\/uploads\/2021\/03\/ABC_tracing_board_1-\u2013-kopija.jpg","type":"image\/jpeg"}],"twitter_card":"summary_large_image","twitter_misc":{"Ansl. lesetid":"1 minutt"},"schema":{"@context":"https:\/\/schema.org","@graph":[{"@type":"WebPage","@id":"https:\/\/woodinout.net\/no\/product\/abc-sporingsbrett-firkant\/","url":"https:\/\/woodinout.net\/no\/product\/abc-sporingsbrett-firkant\/","name":"ABC sporingstavle (firkantet) - Woodinout \u00a9","isPartOf":{"@id":"https:\/\/woodinout.net\/no\/#website"},"datePublished":"2021-03-19T11:15:22+00:00","dateModified":"2022-04-19T13:07:45+00:00","description":"Tracing alfabettavle - ikke flere papirark. Bruk denne treplaten s\u00e5 mange ganger du vil. Verdensomspennende frakt. H\u00f8yeste premium kvalitet.","breadcrumb":{"@id":"https:\/\/woodinout.net\/no\/product\/abc-sporingsbrett-firkant\/#breadcrumb"},"inLanguage":"nb-NO","potentialAction":[{"@type":"ReadAction","target":["https:\/\/woodinout.net\/no\/product\/abc-sporingsbrett-firkant\/"]}]},{"@type":"BreadcrumbList","@id":"https:\/\/woodinout.net\/no\/product\/abc-sporingsbrett-firkant\/#breadcrumb","itemListElement":[{"@type":"ListItem","position":1,"name":"Home","item":"https:\/\/woodinout.net\/no\/"},{"@type":"ListItem","position":2,"name":"Shop","item":"https:\/\/woodinout.net\/shop\/"},{"@type":"ListItem","position":3,"name":"ABC sporingstavle (firkantet)"}]},{"@type":"WebSite","@id":"https:\/\/woodinout.net\/no\/#website","url":"https:\/\/woodinout.net\/no\/","name":"Woodinout \u00a9","description":"Wooden Montessori toys, gifts, home and events decor details","potentialAction":[{"@type":"SearchAction","target":{"@type":"EntryPoint","urlTemplate":"https:\/\/woodinout.net\/no\/?s={search_term_string}"},"query-input":"required name=search_term_string"}],"inLanguage":"nb-NO"}]}},"_links":{"self":[{"href":"https:\/\/woodinout.net\/no\/wp-json\/wp\/v2\/product\/21312"}],"collection":[{"href":"https:\/\/woodinout.net\/no\/wp-json\/wp\/v2\/product"}],"about":[{"href":"https:\/\/woodinout.net\/no\/wp-json\/wp\/v2\/types\/product"}],"wp:featuredmedia":[{"embeddable":true,"href":"https:\/\/woodinout.net\/no\/wp-json\/wp\/v2\/media\/19515"}],"wp:attachment":[{"href":"https:\/\/woodinout.net\/no\/wp-json\/wp\/v2\/media?parent=21312"}],"wp:term":[{"taxonomy":"product_cat","embeddable":true,"href":"https:\/\/woodinout.net\/no\/wp-json\/wp\/v2\/product_cat?post=21312"},{"taxonomy":"product_tag","embeddable":true,"href":"https:\/\/woodinout.net\/no\/wp-json\/wp\/v2\/product_tag?post=21312"}],"curies":[{"name":"wp","href":"https:\/\/api.w.org\/{rel}","templated":true}]}}