{"id":21309,"date":"2021-03-19T11:57:02","date_gmt":"2021-03-19T09:57:02","guid":{"rendered":"https:\/\/woodinout.net\/product\/skuff-for-laeringsfarger\/"},"modified":"2022-04-28T10:59:50","modified_gmt":"2022-04-28T07:59:50","slug":"blandefarger-brett","status":"publish","type":"product","link":"https:\/\/woodinout.net\/no\/product\/blandefarger-brett\/","title":{"rendered":"Skuff for l\u00e6ringsfarger"},"content":{"rendered":"<p>Dette trebrettet for l\u00e6ringsfarger er et unikt Montessori f\u00f8rskolemateriale. Sortere, telle, fortelle farger eller bruke det som en av sanseleker. Enkel, men med mange muligheter &#8211; bruk den til Montessori-telling og fargesortering. Fyll sandbrettet med forskjellige materialer for \u00e5 lage en av de mest popul\u00e6re beroligende sanselekene. Naturlig, inspirert av milj\u00f8vennlige Waldorf-leker, dette er et perfekt Montessori-klasserom eller autisme-l\u00e6ringsmateriell. Velg med eller uten fargesorteringskort.<\/p>\n<p>A: Settet inneholder:<br \/>\nTrebrett<\/p>\n<p>B: Settet inneholder:<br \/>\nTrebrett<br \/>\n11 stk. kryssfinerfargesorteringskort (1,9&#215;1,9in)<\/p>\n<p>Finn flere kort \u00e5 legge til <a href=\"https:\/\/woodinout.net\/?s=cards&amp;post_type=product\">HER.<\/a><\/p>\n<p>DIMENSJONER p\u00e5 brett<br \/>\nLengde: ~7,9 tommer (20 cm)<br \/>\nH\u00f8yde: ~4,3 tommer (11 cm)<br \/>\nTykkelse: ~0,66 tommer (1,7 cm)<\/p>\n<p>FARGER OG MATERIALE<br \/>\nFarge: naturlig og brunoljet.<br \/>\nLeket\u00f8y er laget av NATURLIG MASSIVT TRE og kryssfiner.<br \/>\nV\u00e6r oppmerksom p\u00e5 at farger kan variere p\u00e5 grunn av innstillinger for dataskjerm og lys.<\/p>\n<p>For flere ideer, f\u00f8lg oss p\u00e5 <a href=\"https:\/\/www.instagram.com\/woodinout\/\">INSTAGRAM<\/a> &amp; <a href=\"https:\/\/www.facebook.com\/Woodinout.net\">FACEBOOK<\/a><\/p>\n<p>&nbsp;<\/p>\n","protected":false},"excerpt":{"rendered":"<p>Dette trebrettet for l\u00e6ringsfarger er et unikt Montessori f\u00f8rskolemateriale. Sortere, telle, fortelle farger eller bruke det som en av sanseleker. Enkel, men med mange muligheter &#8211; bruk den til Montessori-telling og fargesortering. Fyll sandbrettet med forskjellige materialer for \u00e5 lage en av de mest popul\u00e6re beroligende sanselekene. Naturlig, inspirert av milj\u00f8vennlige Waldorf-leker, dette er et [&hellip;]<\/p>\n","protected":false},"featured_media":19355,"template":"","meta":{"_monsterinsights_skip_tracking":false,"_monsterinsights_sitenote_active":false,"_monsterinsights_sitenote_note":"","_monsterinsights_sitenote_category":0},"product_cat":[1711,1523,1477],"product_tag":[1505,1511,2022,1500,1540,1561,1541,1494,1542,1484,1489,1875,1881,1480],"yoast_head":"<!-- This site is optimized with the Yoast SEO plugin v22.1 - https:\/\/yoast.com\/wordpress\/plugins\/seo\/ -->\n<title>Skuff for l\u00e6ringsfarger - Woodinout \u00a9 -leker<\/title>\n<meta name=\"description\" content=\"L\u00e6ring er n\u00e5 morsomt og enkelt - Matteleker av naturlig tre for verdifull familietid. 10 sorterings- og telleplater - flere L\u00e6r og lek-m\u00e5ter.\" \/>\n<meta name=\"robots\" content=\"index, follow, max-snippet:-1, max-image-preview:large, max-video-preview:-1\" \/>\n<link rel=\"canonical\" href=\"https:\/\/woodinout.net\/no\/product\/blandefarger-brett\/\" \/>\n<meta property=\"og:locale\" content=\"nb_NO\" \/>\n<meta property=\"og:type\" content=\"article\" \/>\n<meta property=\"og:title\" content=\"Skuff for l\u00e6ringsfarger - Woodinout \u00a9 -leker\" \/>\n<meta property=\"og:description\" content=\"L\u00e6ring er n\u00e5 morsomt og enkelt - Matteleker av naturlig tre for verdifull familietid. 10 sorterings- og telleplater - flere L\u00e6r og lek-m\u00e5ter.\" \/>\n<meta property=\"og:url\" content=\"https:\/\/woodinout.net\/no\/product\/blandefarger-brett\/\" \/>\n<meta property=\"og:site_name\" content=\"Woodinout \u00a9\" \/>\n<meta property=\"article:modified_time\" content=\"2022-04-28T07:59:50+00:00\" \/>\n<meta property=\"og:image\" content=\"https:\/\/woodinout.net\/wp-content\/uploads\/2021\/03\/Mixing_colors_tray_1.jpg\" \/>\n\t<meta property=\"og:image:width\" content=\"1706\" \/>\n\t<meta property=\"og:image:height\" content=\"2560\" \/>\n\t<meta property=\"og:image:type\" content=\"image\/jpeg\" \/>\n<meta name=\"twitter:card\" content=\"summary_large_image\" \/>\n<meta name=\"twitter:label1\" content=\"Ansl. lesetid\" \/>\n\t<meta name=\"twitter:data1\" content=\"1 minutt\" \/>\n<script type=\"application\/ld+json\" class=\"yoast-schema-graph\">{\"@context\":\"https:\/\/schema.org\",\"@graph\":[{\"@type\":\"WebPage\",\"@id\":\"https:\/\/woodinout.net\/no\/product\/blandefarger-brett\/\",\"url\":\"https:\/\/woodinout.net\/no\/product\/blandefarger-brett\/\",\"name\":\"Skuff for l\u00e6ringsfarger - Woodinout \u00a9 -leker\",\"isPartOf\":{\"@id\":\"https:\/\/woodinout.net\/no\/#website\"},\"datePublished\":\"2021-03-19T09:57:02+00:00\",\"dateModified\":\"2022-04-28T07:59:50+00:00\",\"description\":\"L\u00e6ring er n\u00e5 morsomt og enkelt - Matteleker av naturlig tre for verdifull familietid. 10 sorterings- og telleplater - flere L\u00e6r og lek-m\u00e5ter.\",\"breadcrumb\":{\"@id\":\"https:\/\/woodinout.net\/no\/product\/blandefarger-brett\/#breadcrumb\"},\"inLanguage\":\"nb-NO\",\"potentialAction\":[{\"@type\":\"ReadAction\",\"target\":[\"https:\/\/woodinout.net\/no\/product\/blandefarger-brett\/\"]}]},{\"@type\":\"BreadcrumbList\",\"@id\":\"https:\/\/woodinout.net\/no\/product\/blandefarger-brett\/#breadcrumb\",\"itemListElement\":[{\"@type\":\"ListItem\",\"position\":1,\"name\":\"Home\",\"item\":\"https:\/\/woodinout.net\/no\/\"},{\"@type\":\"ListItem\",\"position\":2,\"name\":\"Shop\",\"item\":\"https:\/\/woodinout.net\/shop\/\"},{\"@type\":\"ListItem\",\"position\":3,\"name\":\"Skuff for l\u00e6ringsfarger\"}]},{\"@type\":\"WebSite\",\"@id\":\"https:\/\/woodinout.net\/no\/#website\",\"url\":\"https:\/\/woodinout.net\/no\/\",\"name\":\"Woodinout \u00a9\",\"description\":\"Wooden Montessori toys, gifts, home and events decor details\",\"potentialAction\":[{\"@type\":\"SearchAction\",\"target\":{\"@type\":\"EntryPoint\",\"urlTemplate\":\"https:\/\/woodinout.net\/no\/?s={search_term_string}\"},\"query-input\":\"required name=search_term_string\"}],\"inLanguage\":\"nb-NO\"}]}<\/script>\n<!-- \/ Yoast SEO plugin. -->","yoast_head_json":{"title":"Skuff for l\u00e6ringsfarger - Woodinout \u00a9 -leker","description":"L\u00e6ring er n\u00e5 morsomt og enkelt - Matteleker av naturlig tre for verdifull familietid. 10 sorterings- og telleplater - flere L\u00e6r og lek-m\u00e5ter.","robots":{"index":"index","follow":"follow","max-snippet":"max-snippet:-1","max-image-preview":"max-image-preview:large","max-video-preview":"max-video-preview:-1"},"canonical":"https:\/\/woodinout.net\/no\/product\/blandefarger-brett\/","og_locale":"nb_NO","og_type":"article","og_title":"Skuff for l\u00e6ringsfarger - Woodinout \u00a9 -leker","og_description":"L\u00e6ring er n\u00e5 morsomt og enkelt - Matteleker av naturlig tre for verdifull familietid. 10 sorterings- og telleplater - flere L\u00e6r og lek-m\u00e5ter.","og_url":"https:\/\/woodinout.net\/no\/product\/blandefarger-brett\/","og_site_name":"Woodinout \u00a9","article_modified_time":"2022-04-28T07:59:50+00:00","og_image":[{"width":1706,"height":2560,"url":"https:\/\/woodinout.net\/wp-content\/uploads\/2021\/03\/Mixing_colors_tray_1.jpg","type":"image\/jpeg"}],"twitter_card":"summary_large_image","twitter_misc":{"Ansl. lesetid":"1 minutt"},"schema":{"@context":"https:\/\/schema.org","@graph":[{"@type":"WebPage","@id":"https:\/\/woodinout.net\/no\/product\/blandefarger-brett\/","url":"https:\/\/woodinout.net\/no\/product\/blandefarger-brett\/","name":"Skuff for l\u00e6ringsfarger - Woodinout \u00a9 -leker","isPartOf":{"@id":"https:\/\/woodinout.net\/no\/#website"},"datePublished":"2021-03-19T09:57:02+00:00","dateModified":"2022-04-28T07:59:50+00:00","description":"L\u00e6ring er n\u00e5 morsomt og enkelt - Matteleker av naturlig tre for verdifull familietid. 10 sorterings- og telleplater - flere L\u00e6r og lek-m\u00e5ter.","breadcrumb":{"@id":"https:\/\/woodinout.net\/no\/product\/blandefarger-brett\/#breadcrumb"},"inLanguage":"nb-NO","potentialAction":[{"@type":"ReadAction","target":["https:\/\/woodinout.net\/no\/product\/blandefarger-brett\/"]}]},{"@type":"BreadcrumbList","@id":"https:\/\/woodinout.net\/no\/product\/blandefarger-brett\/#breadcrumb","itemListElement":[{"@type":"ListItem","position":1,"name":"Home","item":"https:\/\/woodinout.net\/no\/"},{"@type":"ListItem","position":2,"name":"Shop","item":"https:\/\/woodinout.net\/shop\/"},{"@type":"ListItem","position":3,"name":"Skuff for l\u00e6ringsfarger"}]},{"@type":"WebSite","@id":"https:\/\/woodinout.net\/no\/#website","url":"https:\/\/woodinout.net\/no\/","name":"Woodinout \u00a9","description":"Wooden Montessori toys, gifts, home and events decor details","potentialAction":[{"@type":"SearchAction","target":{"@type":"EntryPoint","urlTemplate":"https:\/\/woodinout.net\/no\/?s={search_term_string}"},"query-input":"required name=search_term_string"}],"inLanguage":"nb-NO"}]}},"_links":{"self":[{"href":"https:\/\/woodinout.net\/no\/wp-json\/wp\/v2\/product\/21309"}],"collection":[{"href":"https:\/\/woodinout.net\/no\/wp-json\/wp\/v2\/product"}],"about":[{"href":"https:\/\/woodinout.net\/no\/wp-json\/wp\/v2\/types\/product"}],"wp:featuredmedia":[{"embeddable":true,"href":"https:\/\/woodinout.net\/no\/wp-json\/wp\/v2\/media\/19355"}],"wp:attachment":[{"href":"https:\/\/woodinout.net\/no\/wp-json\/wp\/v2\/media?parent=21309"}],"wp:term":[{"taxonomy":"product_cat","embeddable":true,"href":"https:\/\/woodinout.net\/no\/wp-json\/wp\/v2\/product_cat?post=21309"},{"taxonomy":"product_tag","embeddable":true,"href":"https:\/\/woodinout.net\/no\/wp-json\/wp\/v2\/product_tag?post=21309"}],"curies":[{"name":"wp","href":"https:\/\/api.w.org\/{rel}","templated":true}]}}