{"id":21304,"date":"2020-06-23T23:35:10","date_gmt":"2020-06-23T20:35:10","guid":{"rendered":"https:\/\/woodinout.net\/product\/2x5-tall-og-tellebrett\/"},"modified":"2022-04-28T09:44:22","modified_gmt":"2022-04-28T06:44:22","slug":"tall-og-tellebrett-2x5","status":"publish","type":"product","link":"https:\/\/woodinout.net\/no\/product\/tall-og-tellebrett-2x5\/","title":{"rendered":"2&#215;5 tall og tellebrett"},"content":{"rendered":"<p>Dette tall- og tellebrettet er laget for \u00e5 brukes p\u00e5 mange m\u00e5ter: La det v\u00e6re unike Montessori-mattel\u00e6rergaver, bare legg til gravert tekst p\u00e5 baksiden og s\u00e5 er det &#8211; det blir PERSONLIG gave.<br \/>\nL\u00e6releker er fortsatt LEKER for barn, og Waldorf-leker som disse matematiske manipulasjonene er de beste hjemmeskolehjelperne. Tellebrett har et sted \u00e5 sette telleperler i og p\u00e5 toppen har vi trenummer inngravert p\u00e5 blokker. Multiplikasjonsperler er av tre, derfor milj\u00f8vennlige og giftfrie. Dette treleket\u00f8yet ser ikke bare godt ut (det kan v\u00e6re perfekt innredning i matematikkklassen), men ogs\u00e5 veldig verdifullt i barnehagen eller f\u00f8rskolen, n\u00e5r det brukes som en av barnas aktiviteter. L\u00e6ring er G\u00d8Y OG STIL med Woodinout.<\/p>\n<p>Settet inneholder:<br \/>\nTellebrett<br \/>\n60 stk. av tellekuler (0,05 tommer dia)<\/p>\n<p>Du kan velge mellom 2 ALTERNATIVER:<br \/>\nA: 20 stk. tallkort av trekryssfiner og 3 symboler (-+=), dimensjon: ~ 1,8 x 1,8 tommer, tykkelse ~0,12 tommer<br \/>\nB: 20 stk. NATURLIG TRE tallblokker og 3 symboler (-+=), dimensjon: ~ 1,8 x 1,8 tommer, tykkelse ~0,6 tommer<\/p>\n<p>BRETTEM\u00c5L ~25 x 35 cm.<\/p>\n<p>FARGER OG MATERIALE<br \/>\nFarge: naturlig eller brunoljet.<br \/>\nLeket\u00f8yet er laget av NATURLIG MASSIVT TRE.<br \/>\nV\u00e6r oppmerksom p\u00e5 at farger kan variere p\u00e5 grunn av innstillinger for dataskjerm og lys.<\/p>\n<div style=\"width: 1080px;\" class=\"wp-video\"><!--[if lt IE 9]><script>document.createElement('video');<\/script><![endif]-->\n<video class=\"wp-video-shortcode\" id=\"video-21304-1\" width=\"1080\" height=\"810\" preload=\"metadata\" controls=\"controls\"><source type=\"video\/mp4\" src=\"http:\/\/woodinout.net\/wp-content\/uploads\/2020\/06\/MEDINIS_4.mp4?_=1\" \/><a href=\"http:\/\/woodinout.net\/wp-content\/uploads\/2020\/06\/MEDINIS_4.mp4\">http:\/\/woodinout.net\/wp-content\/uploads\/2020\/06\/MEDINIS_4.mp4<\/a><\/video><\/div>\n","protected":false},"excerpt":{"rendered":"<p>Dette tall- og tellebrettet er laget for \u00e5 brukes p\u00e5 mange m\u00e5ter: La det v\u00e6re unike Montessori-mattel\u00e6rergaver, bare legg til gravert tekst p\u00e5 baksiden og s\u00e5 er det &#8211; det blir PERSONLIG gave. L\u00e6releker er fortsatt LEKER for barn, og Waldorf-leker som disse matematiske manipulasjonene er de beste hjemmeskolehjelperne. Tellebrett har et sted \u00e5 sette [&hellip;]<\/p>\n","protected":false},"featured_media":18083,"template":"","meta":{"_monsterinsights_skip_tracking":false,"_monsterinsights_sitenote_active":false,"_monsterinsights_sitenote_note":"","_monsterinsights_sitenote_category":0},"product_cat":[1523,1477],"product_tag":[1505,1511,1500,1540,1561,1541,1494,1542,1484,1489,1875,1480],"yoast_head":"<!-- This site is optimized with the Yoast SEO plugin v22.1 - https:\/\/yoast.com\/wordpress\/plugins\/seo\/ -->\n<title>2x5 tall og tellebrett - Woodinout \u00a9<\/title>\n<meta name=\"description\" content=\"L\u00e6r, lek, sorter, tell - Montessori mattemateriale Tellebrett i tre - Langvarig, naturlig, personlig - perfekte barnegaver.\" \/>\n<meta name=\"robots\" content=\"index, follow, max-snippet:-1, max-image-preview:large, max-video-preview:-1\" \/>\n<link rel=\"canonical\" href=\"https:\/\/woodinout.net\/no\/product\/tall-og-tellebrett-2x5\/\" \/>\n<meta property=\"og:locale\" content=\"nb_NO\" \/>\n<meta property=\"og:type\" content=\"article\" \/>\n<meta property=\"og:title\" content=\"2x5 tall og tellebrett - Woodinout \u00a9\" \/>\n<meta property=\"og:description\" content=\"L\u00e6r, lek, sorter, tell - Montessori mattemateriale Tellebrett i tre - Langvarig, naturlig, personlig - perfekte barnegaver.\" \/>\n<meta property=\"og:url\" content=\"https:\/\/woodinout.net\/no\/product\/tall-og-tellebrett-2x5\/\" \/>\n<meta property=\"og:site_name\" content=\"Woodinout \u00a9\" \/>\n<meta property=\"article:modified_time\" content=\"2022-04-28T06:44:22+00:00\" \/>\n<meta property=\"og:image\" content=\"https:\/\/woodinout.net\/wp-content\/uploads\/2020\/06\/Numbers-and-Counting-tray-2x5-1.jpg\" \/>\n\t<meta property=\"og:image:width\" content=\"853\" \/>\n\t<meta property=\"og:image:height\" content=\"1280\" \/>\n\t<meta property=\"og:image:type\" content=\"image\/jpeg\" \/>\n<meta name=\"twitter:card\" content=\"summary_large_image\" \/>\n<meta name=\"twitter:label1\" content=\"Ansl. lesetid\" \/>\n\t<meta name=\"twitter:data1\" content=\"1 minutt\" \/>\n<script type=\"application\/ld+json\" class=\"yoast-schema-graph\">{\"@context\":\"https:\/\/schema.org\",\"@graph\":[{\"@type\":\"WebPage\",\"@id\":\"https:\/\/woodinout.net\/no\/product\/tall-og-tellebrett-2x5\/\",\"url\":\"https:\/\/woodinout.net\/no\/product\/tall-og-tellebrett-2x5\/\",\"name\":\"2x5 tall og tellebrett - Woodinout \u00a9\",\"isPartOf\":{\"@id\":\"https:\/\/woodinout.net\/no\/#website\"},\"datePublished\":\"2020-06-23T20:35:10+00:00\",\"dateModified\":\"2022-04-28T06:44:22+00:00\",\"description\":\"L\u00e6r, lek, sorter, tell - Montessori mattemateriale Tellebrett i tre - Langvarig, naturlig, personlig - perfekte barnegaver.\",\"breadcrumb\":{\"@id\":\"https:\/\/woodinout.net\/no\/product\/tall-og-tellebrett-2x5\/#breadcrumb\"},\"inLanguage\":\"nb-NO\",\"potentialAction\":[{\"@type\":\"ReadAction\",\"target\":[\"https:\/\/woodinout.net\/no\/product\/tall-og-tellebrett-2x5\/\"]}]},{\"@type\":\"BreadcrumbList\",\"@id\":\"https:\/\/woodinout.net\/no\/product\/tall-og-tellebrett-2x5\/#breadcrumb\",\"itemListElement\":[{\"@type\":\"ListItem\",\"position\":1,\"name\":\"Home\",\"item\":\"https:\/\/woodinout.net\/no\/\"},{\"@type\":\"ListItem\",\"position\":2,\"name\":\"Shop\",\"item\":\"https:\/\/woodinout.net\/shop\/\"},{\"@type\":\"ListItem\",\"position\":3,\"name\":\"2&#215;5 tall og tellebrett\"}]},{\"@type\":\"WebSite\",\"@id\":\"https:\/\/woodinout.net\/no\/#website\",\"url\":\"https:\/\/woodinout.net\/no\/\",\"name\":\"Woodinout \u00a9\",\"description\":\"Wooden Montessori toys, gifts, home and events decor details\",\"potentialAction\":[{\"@type\":\"SearchAction\",\"target\":{\"@type\":\"EntryPoint\",\"urlTemplate\":\"https:\/\/woodinout.net\/no\/?s={search_term_string}\"},\"query-input\":\"required name=search_term_string\"}],\"inLanguage\":\"nb-NO\"}]}<\/script>\n<!-- \/ Yoast SEO plugin. -->","yoast_head_json":{"title":"2x5 tall og tellebrett - Woodinout \u00a9","description":"L\u00e6r, lek, sorter, tell - Montessori mattemateriale Tellebrett i tre - Langvarig, naturlig, personlig - perfekte barnegaver.","robots":{"index":"index","follow":"follow","max-snippet":"max-snippet:-1","max-image-preview":"max-image-preview:large","max-video-preview":"max-video-preview:-1"},"canonical":"https:\/\/woodinout.net\/no\/product\/tall-og-tellebrett-2x5\/","og_locale":"nb_NO","og_type":"article","og_title":"2x5 tall og tellebrett - Woodinout \u00a9","og_description":"L\u00e6r, lek, sorter, tell - Montessori mattemateriale Tellebrett i tre - Langvarig, naturlig, personlig - perfekte barnegaver.","og_url":"https:\/\/woodinout.net\/no\/product\/tall-og-tellebrett-2x5\/","og_site_name":"Woodinout \u00a9","article_modified_time":"2022-04-28T06:44:22+00:00","og_image":[{"width":853,"height":1280,"url":"https:\/\/woodinout.net\/wp-content\/uploads\/2020\/06\/Numbers-and-Counting-tray-2x5-1.jpg","type":"image\/jpeg"}],"twitter_card":"summary_large_image","twitter_misc":{"Ansl. lesetid":"1 minutt"},"schema":{"@context":"https:\/\/schema.org","@graph":[{"@type":"WebPage","@id":"https:\/\/woodinout.net\/no\/product\/tall-og-tellebrett-2x5\/","url":"https:\/\/woodinout.net\/no\/product\/tall-og-tellebrett-2x5\/","name":"2x5 tall og tellebrett - Woodinout \u00a9","isPartOf":{"@id":"https:\/\/woodinout.net\/no\/#website"},"datePublished":"2020-06-23T20:35:10+00:00","dateModified":"2022-04-28T06:44:22+00:00","description":"L\u00e6r, lek, sorter, tell - Montessori mattemateriale Tellebrett i tre - Langvarig, naturlig, personlig - perfekte barnegaver.","breadcrumb":{"@id":"https:\/\/woodinout.net\/no\/product\/tall-og-tellebrett-2x5\/#breadcrumb"},"inLanguage":"nb-NO","potentialAction":[{"@type":"ReadAction","target":["https:\/\/woodinout.net\/no\/product\/tall-og-tellebrett-2x5\/"]}]},{"@type":"BreadcrumbList","@id":"https:\/\/woodinout.net\/no\/product\/tall-og-tellebrett-2x5\/#breadcrumb","itemListElement":[{"@type":"ListItem","position":1,"name":"Home","item":"https:\/\/woodinout.net\/no\/"},{"@type":"ListItem","position":2,"name":"Shop","item":"https:\/\/woodinout.net\/shop\/"},{"@type":"ListItem","position":3,"name":"2&#215;5 tall og tellebrett"}]},{"@type":"WebSite","@id":"https:\/\/woodinout.net\/no\/#website","url":"https:\/\/woodinout.net\/no\/","name":"Woodinout \u00a9","description":"Wooden Montessori toys, gifts, home and events decor details","potentialAction":[{"@type":"SearchAction","target":{"@type":"EntryPoint","urlTemplate":"https:\/\/woodinout.net\/no\/?s={search_term_string}"},"query-input":"required name=search_term_string"}],"inLanguage":"nb-NO"}]}},"_links":{"self":[{"href":"https:\/\/woodinout.net\/no\/wp-json\/wp\/v2\/product\/21304"}],"collection":[{"href":"https:\/\/woodinout.net\/no\/wp-json\/wp\/v2\/product"}],"about":[{"href":"https:\/\/woodinout.net\/no\/wp-json\/wp\/v2\/types\/product"}],"wp:featuredmedia":[{"embeddable":true,"href":"https:\/\/woodinout.net\/no\/wp-json\/wp\/v2\/media\/18083"}],"wp:attachment":[{"href":"https:\/\/woodinout.net\/no\/wp-json\/wp\/v2\/media?parent=21304"}],"wp:term":[{"taxonomy":"product_cat","embeddable":true,"href":"https:\/\/woodinout.net\/no\/wp-json\/wp\/v2\/product_cat?post=21304"},{"taxonomy":"product_tag","embeddable":true,"href":"https:\/\/woodinout.net\/no\/wp-json\/wp\/v2\/product_tag?post=21304"}],"curies":[{"name":"wp","href":"https:\/\/api.w.org\/{rel}","templated":true}]}}