{"id":21288,"date":"2020-06-23T23:45:12","date_gmt":"2020-06-23T20:45:12","guid":{"rendered":"https:\/\/woodinout.net\/product\/navnepuslespill-i-tre\/"},"modified":"2022-04-28T11:36:06","modified_gmt":"2022-04-28T08:36:06","slug":"tre-navn-puslespill","status":"publish","type":"product","link":"https:\/\/woodinout.net\/no\/product\/tre-navn-puslespill\/","title":{"rendered":"Navnepuslespill i tre"},"content":{"rendered":"<p>Egendefinert navnepuslespill er en perfekt gave til babyen eller sm\u00e5rollingen din. Denne gjenstanden er KUN laget AV NATURLIG HARDTTRE. Personlig puslespill lar barnet ditt ta f\u00f8rste skritt mot \u00e5 l\u00e6re \u00e5 lese. Montessori-inspirerte leker vil vare i \u00e5revis og vil bringe mange gode minner.<br \/>\nDenne babygaven i tre kan v\u00e6re et vakkert dekorelement i barnehagen.<\/p>\n<p>Vil forbedre motoriske ferdigheter ved \u00e5 ta tak i hver bokstav og sette til et passende hull.<br \/>\nSkal pr\u00f8ve \u00e5 lese og stave navnet hans\/hennes. Selvf\u00f8lgelig med din hjelp.<\/p>\n<p>FLERE PERSONLIGE ARTIKLER FINNES <a href=\"https:\/\/woodinout.net\/product-tag\/kids-presents\/\">HER.<\/a><\/p>\n<p>DIMENSJONER<\/p>\n<p>Borde:<br \/>\nH\u00f8yde &#8211; ~4 tommer<br \/>\nLengde &#8211; avhenger av antall bokstaver, tykkelse ~0,6 tommer<br \/>\nDybde p\u00e5 en lomme &#8211; ~0,4 tommer<\/p>\n<p>Bokstaver:<br \/>\nH\u00f8yde: ~2,7 tommer (Hvis puslespillet ikke passer til 21,6 tommer, vil alle bokstaver reduseres proporsjonalt)<br \/>\nTykkelse: ~0,6 tommer<br \/>\nBredde avhenger av formen p\u00e5 bokstaven<\/p>\n<p>FARGER OG MATERIALE<\/p>\n<p>&#x1f3a8; Bakgrunn: naturlig<br \/>\n&#x1f3a8; Bokstaver: brunoljet<br \/>\n&#x1f331; Trepuslespill er laget av NATURLIG MASSIVT TRE og milj\u00f8vennlig maling.<br \/>\n&#x1f3a8; V\u00e6r oppmerksom p\u00e5 at farger kan variere p\u00e5 grunn av innstillinger for dataskjerm og lys.<\/p>\n<p>For flere ideer, f\u00f8lg oss p\u00e5 <a href=\"https:\/\/www.instagram.com\/woodinout\/\">INSTAGRAM<\/a> &amp; <a href=\"https:\/\/www.facebook.com\/Woodinout.net\">FACEBOOK<\/a><\/p>\n<div style=\"width: 1080px;\" class=\"wp-video\"><!--[if lt IE 9]><script>document.createElement('video');<\/script><![endif]-->\n<video class=\"wp-video-shortcode\" id=\"video-21288-1\" width=\"1080\" height=\"810\" preload=\"metadata\" controls=\"controls\"><source type=\"video\/mp4\" src=\"http:\/\/woodinout.net\/wp-content\/uploads\/2020\/06\/MEDINIS_7-1.mp4?_=1\" \/><a href=\"http:\/\/woodinout.net\/wp-content\/uploads\/2020\/06\/MEDINIS_7-1.mp4\">http:\/\/woodinout.net\/wp-content\/uploads\/2020\/06\/MEDINIS_7-1.mp4<\/a><\/video><\/div>\n","protected":false},"excerpt":{"rendered":"<p>Egendefinert navnepuslespill er en perfekt gave til babyen eller sm\u00e5rollingen din. Denne gjenstanden er KUN laget AV NATURLIG HARDTTRE. Personlig puslespill lar barnet ditt ta f\u00f8rste skritt mot \u00e5 l\u00e6re \u00e5 lese. Montessori-inspirerte leker vil vare i \u00e5revis og vil bringe mange gode minner. Denne babygaven i tre kan v\u00e6re et vakkert dekorelement i barnehagen. [&hellip;]<\/p>\n","protected":false},"featured_media":18099,"template":"","meta":{"_monsterinsights_skip_tracking":false,"_monsterinsights_sitenote_active":false,"_monsterinsights_sitenote_note":"","_monsterinsights_sitenote_category":0},"product_cat":[1616,1559,1477],"product_tag":[1505,1511,1634,1633,1500,1494,1484,1489,1631,1524,1518,1632,1630,1480,2075],"yoast_head":"<!-- This site is optimized with the Yoast SEO plugin v22.1 - https:\/\/yoast.com\/wordpress\/plugins\/seo\/ -->\n<title>Navnepuslespill i tre - Woodinout \u00a9 -lekebutikk<\/title>\n<meta name=\"description\" content=\"Perfekt barnegave - Montessori-inspirert tilpasset navneoppgave. H\u00e5ndlaget, milj\u00f8vennlig, trygt for baby og sm\u00e5rolling. Laget av massivt tre.\" \/>\n<meta name=\"robots\" content=\"index, follow, max-snippet:-1, max-image-preview:large, max-video-preview:-1\" \/>\n<link rel=\"canonical\" href=\"https:\/\/woodinout.net\/no\/product\/tre-navn-puslespill\/\" \/>\n<meta property=\"og:locale\" content=\"nb_NO\" \/>\n<meta property=\"og:type\" content=\"article\" \/>\n<meta property=\"og:title\" content=\"Navnepuslespill i tre - Woodinout \u00a9 -lekebutikk\" \/>\n<meta property=\"og:description\" content=\"Perfekt barnegave - Montessori-inspirert tilpasset navneoppgave. H\u00e5ndlaget, milj\u00f8vennlig, trygt for baby og sm\u00e5rolling. Laget av massivt tre.\" \/>\n<meta property=\"og:url\" content=\"https:\/\/woodinout.net\/no\/product\/tre-navn-puslespill\/\" \/>\n<meta property=\"og:site_name\" content=\"Woodinout \u00a9\" \/>\n<meta property=\"article:modified_time\" content=\"2022-04-28T08:36:06+00:00\" \/>\n<meta property=\"og:image\" content=\"https:\/\/woodinout.net\/wp-content\/uploads\/2020\/06\/wooden-puzzle-1.jpg\" \/>\n\t<meta property=\"og:image:width\" content=\"853\" \/>\n\t<meta property=\"og:image:height\" content=\"1280\" \/>\n\t<meta property=\"og:image:type\" content=\"image\/jpeg\" \/>\n<meta name=\"twitter:card\" content=\"summary_large_image\" \/>\n<meta name=\"twitter:label1\" content=\"Ansl. lesetid\" \/>\n\t<meta name=\"twitter:data1\" content=\"1 minutt\" \/>\n<script type=\"application\/ld+json\" class=\"yoast-schema-graph\">{\"@context\":\"https:\/\/schema.org\",\"@graph\":[{\"@type\":\"WebPage\",\"@id\":\"https:\/\/woodinout.net\/no\/product\/tre-navn-puslespill\/\",\"url\":\"https:\/\/woodinout.net\/no\/product\/tre-navn-puslespill\/\",\"name\":\"Navnepuslespill i tre - Woodinout \u00a9 -lekebutikk\",\"isPartOf\":{\"@id\":\"https:\/\/woodinout.net\/no\/#website\"},\"datePublished\":\"2020-06-23T20:45:12+00:00\",\"dateModified\":\"2022-04-28T08:36:06+00:00\",\"description\":\"Perfekt barnegave - Montessori-inspirert tilpasset navneoppgave. H\u00e5ndlaget, milj\u00f8vennlig, trygt for baby og sm\u00e5rolling. Laget av massivt tre.\",\"breadcrumb\":{\"@id\":\"https:\/\/woodinout.net\/no\/product\/tre-navn-puslespill\/#breadcrumb\"},\"inLanguage\":\"nb-NO\",\"potentialAction\":[{\"@type\":\"ReadAction\",\"target\":[\"https:\/\/woodinout.net\/no\/product\/tre-navn-puslespill\/\"]}]},{\"@type\":\"BreadcrumbList\",\"@id\":\"https:\/\/woodinout.net\/no\/product\/tre-navn-puslespill\/#breadcrumb\",\"itemListElement\":[{\"@type\":\"ListItem\",\"position\":1,\"name\":\"Home\",\"item\":\"https:\/\/woodinout.net\/no\/\"},{\"@type\":\"ListItem\",\"position\":2,\"name\":\"Shop\",\"item\":\"https:\/\/woodinout.net\/shop\/\"},{\"@type\":\"ListItem\",\"position\":3,\"name\":\"Navnepuslespill i tre\"}]},{\"@type\":\"WebSite\",\"@id\":\"https:\/\/woodinout.net\/no\/#website\",\"url\":\"https:\/\/woodinout.net\/no\/\",\"name\":\"Woodinout \u00a9\",\"description\":\"Wooden Montessori toys, gifts, home and events decor details\",\"potentialAction\":[{\"@type\":\"SearchAction\",\"target\":{\"@type\":\"EntryPoint\",\"urlTemplate\":\"https:\/\/woodinout.net\/no\/?s={search_term_string}\"},\"query-input\":\"required name=search_term_string\"}],\"inLanguage\":\"nb-NO\"}]}<\/script>\n<!-- \/ Yoast SEO plugin. -->","yoast_head_json":{"title":"Navnepuslespill i tre - Woodinout \u00a9 -lekebutikk","description":"Perfekt barnegave - Montessori-inspirert tilpasset navneoppgave. H\u00e5ndlaget, milj\u00f8vennlig, trygt for baby og sm\u00e5rolling. Laget av massivt tre.","robots":{"index":"index","follow":"follow","max-snippet":"max-snippet:-1","max-image-preview":"max-image-preview:large","max-video-preview":"max-video-preview:-1"},"canonical":"https:\/\/woodinout.net\/no\/product\/tre-navn-puslespill\/","og_locale":"nb_NO","og_type":"article","og_title":"Navnepuslespill i tre - Woodinout \u00a9 -lekebutikk","og_description":"Perfekt barnegave - Montessori-inspirert tilpasset navneoppgave. H\u00e5ndlaget, milj\u00f8vennlig, trygt for baby og sm\u00e5rolling. Laget av massivt tre.","og_url":"https:\/\/woodinout.net\/no\/product\/tre-navn-puslespill\/","og_site_name":"Woodinout \u00a9","article_modified_time":"2022-04-28T08:36:06+00:00","og_image":[{"width":853,"height":1280,"url":"https:\/\/woodinout.net\/wp-content\/uploads\/2020\/06\/wooden-puzzle-1.jpg","type":"image\/jpeg"}],"twitter_card":"summary_large_image","twitter_misc":{"Ansl. lesetid":"1 minutt"},"schema":{"@context":"https:\/\/schema.org","@graph":[{"@type":"WebPage","@id":"https:\/\/woodinout.net\/no\/product\/tre-navn-puslespill\/","url":"https:\/\/woodinout.net\/no\/product\/tre-navn-puslespill\/","name":"Navnepuslespill i tre - Woodinout \u00a9 -lekebutikk","isPartOf":{"@id":"https:\/\/woodinout.net\/no\/#website"},"datePublished":"2020-06-23T20:45:12+00:00","dateModified":"2022-04-28T08:36:06+00:00","description":"Perfekt barnegave - Montessori-inspirert tilpasset navneoppgave. H\u00e5ndlaget, milj\u00f8vennlig, trygt for baby og sm\u00e5rolling. Laget av massivt tre.","breadcrumb":{"@id":"https:\/\/woodinout.net\/no\/product\/tre-navn-puslespill\/#breadcrumb"},"inLanguage":"nb-NO","potentialAction":[{"@type":"ReadAction","target":["https:\/\/woodinout.net\/no\/product\/tre-navn-puslespill\/"]}]},{"@type":"BreadcrumbList","@id":"https:\/\/woodinout.net\/no\/product\/tre-navn-puslespill\/#breadcrumb","itemListElement":[{"@type":"ListItem","position":1,"name":"Home","item":"https:\/\/woodinout.net\/no\/"},{"@type":"ListItem","position":2,"name":"Shop","item":"https:\/\/woodinout.net\/shop\/"},{"@type":"ListItem","position":3,"name":"Navnepuslespill i tre"}]},{"@type":"WebSite","@id":"https:\/\/woodinout.net\/no\/#website","url":"https:\/\/woodinout.net\/no\/","name":"Woodinout \u00a9","description":"Wooden Montessori toys, gifts, home and events decor details","potentialAction":[{"@type":"SearchAction","target":{"@type":"EntryPoint","urlTemplate":"https:\/\/woodinout.net\/no\/?s={search_term_string}"},"query-input":"required name=search_term_string"}],"inLanguage":"nb-NO"}]}},"_links":{"self":[{"href":"https:\/\/woodinout.net\/no\/wp-json\/wp\/v2\/product\/21288"}],"collection":[{"href":"https:\/\/woodinout.net\/no\/wp-json\/wp\/v2\/product"}],"about":[{"href":"https:\/\/woodinout.net\/no\/wp-json\/wp\/v2\/types\/product"}],"wp:featuredmedia":[{"embeddable":true,"href":"https:\/\/woodinout.net\/no\/wp-json\/wp\/v2\/media\/18099"}],"wp:attachment":[{"href":"https:\/\/woodinout.net\/no\/wp-json\/wp\/v2\/media?parent=21288"}],"wp:term":[{"taxonomy":"product_cat","embeddable":true,"href":"https:\/\/woodinout.net\/no\/wp-json\/wp\/v2\/product_cat?post=21288"},{"taxonomy":"product_tag","embeddable":true,"href":"https:\/\/woodinout.net\/no\/wp-json\/wp\/v2\/product_tag?post=21288"}],"curies":[{"name":"wp","href":"https:\/\/api.w.org\/{rel}","templated":true}]}}