{"id":21280,"date":"2020-06-20T23:23:11","date_gmt":"2020-06-20T20:23:11","guid":{"rendered":"https:\/\/woodinout.net\/product\/1-10-math-manipulative-board\/"},"modified":"2022-04-22T12:36:04","modified_gmt":"2022-04-22T09:36:04","slug":"montessori-matte-manipulasjoner","status":"publish","type":"product","link":"https:\/\/woodinout.net\/no\/product\/montessori-matte-manipulasjoner\/","title":{"rendered":"1-10 Math Manipulative Board"},"content":{"rendered":"<p>Montessori matematiske manipulasjoner laget for \u00e5 gj\u00f8re det lettere for barn \u00e5 l\u00e6re tall og telle 1-10. L\u00e6releker er fortsatt LEKER for barn, og Waldorf-leker er de beste hjemmeskolehjelperne. Trenummer gravert p\u00e5 bunnen og opp\u00e5 dem har vi fine steder \u00e5 sette tallperler av tre.<br \/>\nSettet inneholder:<br \/>\nTellebrett i tre<br \/>\n60 stk. av telleperler (0,05 tommer dia)<br \/>\nTreblyant<\/p>\n<p>Vi har flere gaver til barn p\u00e5 f\u00f8rskolen, sjekk butikken v\u00e5r p\u00e5 etsy.com\/shop\/woodinout<\/p>\n<p>DIMENSJONER<br \/>\nH\u00f8yde: ~7,9 tommer<br \/>\nLengde: ~13 tommer<br \/>\nTykkelse: ~0,6 tommer<\/p>\n<p>FARGER OG MATERIALE<br \/>\nFarge: naturlig eller brunoljet.<br \/>\nLeket\u00f8yet er laget av NATURLIG MASSIVT TRE.<br \/>\nV\u00e6r oppmerksom p\u00e5 at farger kan variere p\u00e5 grunn av innstillinger for dataskjerm og lys.<\/p>\n","protected":false},"excerpt":{"rendered":"<p>Montessori matematiske manipulasjoner laget for \u00e5 gj\u00f8re det lettere for barn \u00e5 l\u00e6re tall og telle 1-10. L\u00e6releker er fortsatt LEKER for barn, og Waldorf-leker er de beste hjemmeskolehjelperne. Trenummer gravert p\u00e5 bunnen og opp\u00e5 dem har vi fine steder \u00e5 sette tallperler av tre. Settet inneholder: Tellebrett i tre 60 stk. av telleperler (0,05 [&hellip;]<\/p>\n","protected":false},"featured_media":17291,"template":"","meta":{"_monsterinsights_skip_tracking":false,"_monsterinsights_sitenote_active":false,"_monsterinsights_sitenote_note":"","_monsterinsights_sitenote_category":0},"product_cat":[1523,1477],"product_tag":[1505,1511,1500,1540,1561,1541,1494,1542,1484,1489,2067,1875,2066,1480],"yoast_head":"<!-- This site is optimized with the Yoast SEO plugin v22.1 - https:\/\/yoast.com\/wordpress\/plugins\/seo\/ -->\n<title>1-10 Math Manipulative Board - Woodinout \u00a9 -leker<\/title>\n<meta name=\"description\" content=\"Ti-rammers bord, h\u00e5ndlaget av tre, er et svar p\u00e5 morsom mattel\u00e6ring. Montessori matematiske manipulasjoner laget som leket\u00f8y for morsomme barneundervisning.\" \/>\n<meta name=\"robots\" content=\"index, follow, max-snippet:-1, max-image-preview:large, max-video-preview:-1\" \/>\n<link rel=\"canonical\" href=\"https:\/\/woodinout.net\/no\/product\/montessori-matte-manipulasjoner\/\" \/>\n<meta property=\"og:locale\" content=\"nb_NO\" \/>\n<meta property=\"og:type\" content=\"article\" \/>\n<meta property=\"og:title\" content=\"1-10 Math Manipulative Board - Woodinout \u00a9 -leker\" \/>\n<meta property=\"og:description\" content=\"Ti-rammers bord, h\u00e5ndlaget av tre, er et svar p\u00e5 morsom mattel\u00e6ring. Montessori matematiske manipulasjoner laget som leket\u00f8y for morsomme barneundervisning.\" \/>\n<meta property=\"og:url\" content=\"https:\/\/woodinout.net\/no\/product\/montessori-matte-manipulasjoner\/\" \/>\n<meta property=\"og:site_name\" content=\"Woodinout \u00a9\" \/>\n<meta property=\"article:modified_time\" content=\"2022-04-22T09:36:04+00:00\" \/>\n<meta property=\"og:image\" content=\"https:\/\/woodinout.net\/wp-content\/uploads\/2020\/06\/Montessori-math-manipulatives-1.jpg\" \/>\n\t<meta property=\"og:image:width\" content=\"853\" \/>\n\t<meta property=\"og:image:height\" content=\"1280\" \/>\n\t<meta property=\"og:image:type\" content=\"image\/jpeg\" \/>\n<meta name=\"twitter:card\" content=\"summary_large_image\" \/>\n<meta name=\"twitter:label1\" content=\"Ansl. lesetid\" \/>\n\t<meta name=\"twitter:data1\" content=\"1 minutt\" \/>\n<script type=\"application\/ld+json\" class=\"yoast-schema-graph\">{\"@context\":\"https:\/\/schema.org\",\"@graph\":[{\"@type\":\"WebPage\",\"@id\":\"https:\/\/woodinout.net\/no\/product\/montessori-matte-manipulasjoner\/\",\"url\":\"https:\/\/woodinout.net\/no\/product\/montessori-matte-manipulasjoner\/\",\"name\":\"1-10 Math Manipulative Board - Woodinout \u00a9 -leker\",\"isPartOf\":{\"@id\":\"https:\/\/woodinout.net\/no\/#website\"},\"datePublished\":\"2020-06-20T20:23:11+00:00\",\"dateModified\":\"2022-04-22T09:36:04+00:00\",\"description\":\"Ti-rammers bord, h\u00e5ndlaget av tre, er et svar p\u00e5 morsom mattel\u00e6ring. Montessori matematiske manipulasjoner laget som leket\u00f8y for morsomme barneundervisning.\",\"breadcrumb\":{\"@id\":\"https:\/\/woodinout.net\/no\/product\/montessori-matte-manipulasjoner\/#breadcrumb\"},\"inLanguage\":\"nb-NO\",\"potentialAction\":[{\"@type\":\"ReadAction\",\"target\":[\"https:\/\/woodinout.net\/no\/product\/montessori-matte-manipulasjoner\/\"]}]},{\"@type\":\"BreadcrumbList\",\"@id\":\"https:\/\/woodinout.net\/no\/product\/montessori-matte-manipulasjoner\/#breadcrumb\",\"itemListElement\":[{\"@type\":\"ListItem\",\"position\":1,\"name\":\"Home\",\"item\":\"https:\/\/woodinout.net\/no\/\"},{\"@type\":\"ListItem\",\"position\":2,\"name\":\"Shop\",\"item\":\"https:\/\/woodinout.net\/shop\/\"},{\"@type\":\"ListItem\",\"position\":3,\"name\":\"1-10 Math Manipulative Board\"}]},{\"@type\":\"WebSite\",\"@id\":\"https:\/\/woodinout.net\/no\/#website\",\"url\":\"https:\/\/woodinout.net\/no\/\",\"name\":\"Woodinout \u00a9\",\"description\":\"Wooden Montessori toys, gifts, home and events decor details\",\"potentialAction\":[{\"@type\":\"SearchAction\",\"target\":{\"@type\":\"EntryPoint\",\"urlTemplate\":\"https:\/\/woodinout.net\/no\/?s={search_term_string}\"},\"query-input\":\"required name=search_term_string\"}],\"inLanguage\":\"nb-NO\"}]}<\/script>\n<!-- \/ Yoast SEO plugin. -->","yoast_head_json":{"title":"1-10 Math Manipulative Board - Woodinout \u00a9 -leker","description":"Ti-rammers bord, h\u00e5ndlaget av tre, er et svar p\u00e5 morsom mattel\u00e6ring. Montessori matematiske manipulasjoner laget som leket\u00f8y for morsomme barneundervisning.","robots":{"index":"index","follow":"follow","max-snippet":"max-snippet:-1","max-image-preview":"max-image-preview:large","max-video-preview":"max-video-preview:-1"},"canonical":"https:\/\/woodinout.net\/no\/product\/montessori-matte-manipulasjoner\/","og_locale":"nb_NO","og_type":"article","og_title":"1-10 Math Manipulative Board - Woodinout \u00a9 -leker","og_description":"Ti-rammers bord, h\u00e5ndlaget av tre, er et svar p\u00e5 morsom mattel\u00e6ring. Montessori matematiske manipulasjoner laget som leket\u00f8y for morsomme barneundervisning.","og_url":"https:\/\/woodinout.net\/no\/product\/montessori-matte-manipulasjoner\/","og_site_name":"Woodinout \u00a9","article_modified_time":"2022-04-22T09:36:04+00:00","og_image":[{"width":853,"height":1280,"url":"https:\/\/woodinout.net\/wp-content\/uploads\/2020\/06\/Montessori-math-manipulatives-1.jpg","type":"image\/jpeg"}],"twitter_card":"summary_large_image","twitter_misc":{"Ansl. lesetid":"1 minutt"},"schema":{"@context":"https:\/\/schema.org","@graph":[{"@type":"WebPage","@id":"https:\/\/woodinout.net\/no\/product\/montessori-matte-manipulasjoner\/","url":"https:\/\/woodinout.net\/no\/product\/montessori-matte-manipulasjoner\/","name":"1-10 Math Manipulative Board - Woodinout \u00a9 -leker","isPartOf":{"@id":"https:\/\/woodinout.net\/no\/#website"},"datePublished":"2020-06-20T20:23:11+00:00","dateModified":"2022-04-22T09:36:04+00:00","description":"Ti-rammers bord, h\u00e5ndlaget av tre, er et svar p\u00e5 morsom mattel\u00e6ring. Montessori matematiske manipulasjoner laget som leket\u00f8y for morsomme barneundervisning.","breadcrumb":{"@id":"https:\/\/woodinout.net\/no\/product\/montessori-matte-manipulasjoner\/#breadcrumb"},"inLanguage":"nb-NO","potentialAction":[{"@type":"ReadAction","target":["https:\/\/woodinout.net\/no\/product\/montessori-matte-manipulasjoner\/"]}]},{"@type":"BreadcrumbList","@id":"https:\/\/woodinout.net\/no\/product\/montessori-matte-manipulasjoner\/#breadcrumb","itemListElement":[{"@type":"ListItem","position":1,"name":"Home","item":"https:\/\/woodinout.net\/no\/"},{"@type":"ListItem","position":2,"name":"Shop","item":"https:\/\/woodinout.net\/shop\/"},{"@type":"ListItem","position":3,"name":"1-10 Math Manipulative Board"}]},{"@type":"WebSite","@id":"https:\/\/woodinout.net\/no\/#website","url":"https:\/\/woodinout.net\/no\/","name":"Woodinout \u00a9","description":"Wooden Montessori toys, gifts, home and events decor details","potentialAction":[{"@type":"SearchAction","target":{"@type":"EntryPoint","urlTemplate":"https:\/\/woodinout.net\/no\/?s={search_term_string}"},"query-input":"required name=search_term_string"}],"inLanguage":"nb-NO"}]}},"_links":{"self":[{"href":"https:\/\/woodinout.net\/no\/wp-json\/wp\/v2\/product\/21280"}],"collection":[{"href":"https:\/\/woodinout.net\/no\/wp-json\/wp\/v2\/product"}],"about":[{"href":"https:\/\/woodinout.net\/no\/wp-json\/wp\/v2\/types\/product"}],"wp:featuredmedia":[{"embeddable":true,"href":"https:\/\/woodinout.net\/no\/wp-json\/wp\/v2\/media\/17291"}],"wp:attachment":[{"href":"https:\/\/woodinout.net\/no\/wp-json\/wp\/v2\/media?parent=21280"}],"wp:term":[{"taxonomy":"product_cat","embeddable":true,"href":"https:\/\/woodinout.net\/no\/wp-json\/wp\/v2\/product_cat?post=21280"},{"taxonomy":"product_tag","embeddable":true,"href":"https:\/\/woodinout.net\/no\/wp-json\/wp\/v2\/product_tag?post=21280"}],"curies":[{"name":"wp","href":"https:\/\/api.w.org\/{rel}","templated":true}]}}