{"id":21278,"date":"2020-06-20T23:42:48","date_gmt":"2020-06-20T20:42:48","guid":{"rendered":"https:\/\/woodinout.net\/product\/alfabetblokker-av-tre-kryssfiner\/"},"modified":"2022-04-25T09:44:38","modified_gmt":"2022-04-25T06:44:38","slug":"tre-bokstaver-alfabet-blokker","status":"publish","type":"product","link":"https:\/\/woodinout.net\/no\/product\/tre-bokstaver-alfabet-blokker\/","title":{"rendered":"Alfabetblokker av tre (kryssfiner)"},"content":{"rendered":"<p>Alfabetblokker av tre settes sammen for \u00e5 bli treord. Magisk! Det er det l\u00e6releker, som for eksempel laserkuttede bokstaver. Denne Montessori-leken i tre er godt verdsatt over hele verden og er en av de mest ettertraktede sm\u00e5barnsgavene. ABC treblokk for blokk vil barna l\u00e6re staving og skriving p\u00e5 den enkle og morsomme m\u00e5ten. Alfabet-puslespill vil f\u00e5 deg til \u00e5 ha det bra fra sm\u00e5barns\u00e5r til voksen alder. Scrabble-fliser er laget av tynn kryssfiner for \u00e5 se veldig bra ut&#8230; Montessori-leker &#8211; L\u00e6releker er det vi er best p\u00e5, bli med i v\u00e5r glade kundefamilie n\u00e5 med dette fantastiske trebokstavsettet.<\/p>\n<p>Settet inneholder:<br \/>\n26 stk. Kryssfiner bokstavblokker<\/p>\n<p>DIMENSJONER<\/p>\n<p>H\u00f8yde: ~1,8 tommer<br \/>\nLengde: ~1,8 tommer<br \/>\nTykkelse: ~0,12 tommer<\/p>\n<p>FARGER OG MATERIALE<br \/>\nFarge: naturlig.<br \/>\nLeket\u00f8yet er laget av KRYSSFINER.<br \/>\nV\u00e6r oppmerksom p\u00e5 at farger kan variere p\u00e5 grunn av innstillinger for dataskjerm og lys.<\/p>\n","protected":false},"excerpt":{"rendered":"<p>Alfabetblokker av tre settes sammen for \u00e5 bli treord. Magisk! Det er det l\u00e6releker, som for eksempel laserkuttede bokstaver. Denne Montessori-leken i tre er godt verdsatt over hele verden og er en av de mest ettertraktede sm\u00e5barnsgavene. ABC treblokk for blokk vil barna l\u00e6re staving og skriving p\u00e5 den enkle og morsomme m\u00e5ten. Alfabet-puslespill vil [&hellip;]<\/p>\n","protected":false},"featured_media":17419,"template":"","meta":{"_monsterinsights_skip_tracking":false,"_monsterinsights_sitenote_active":false,"_monsterinsights_sitenote_note":"","_monsterinsights_sitenote_category":0},"product_cat":[1478,1477],"product_tag":[2043,1505,1511,1500,1494,1484,1489,1524,1518,2044,1480],"yoast_head":"<!-- This site is optimized with the Yoast SEO plugin v22.1 - https:\/\/yoast.com\/wordpress\/plugins\/seo\/ -->\n<title>Alfabetblokker av tre (kryssfiner) - Woodinout \u00a9<\/title>\n<meta name=\"description\" content=\"Montessorigodkjent - Milj\u00f8vennlig - Sikker - H\u00e5ndlaget. Disse alfabetblokkene er perfekte l\u00e6releker for sm\u00e5barn og f\u00f8rskolebarn.\" \/>\n<meta name=\"robots\" content=\"index, follow, max-snippet:-1, max-image-preview:large, max-video-preview:-1\" \/>\n<link rel=\"canonical\" href=\"https:\/\/woodinout.net\/no\/product\/tre-bokstaver-alfabet-blokker\/\" \/>\n<meta property=\"og:locale\" content=\"nb_NO\" \/>\n<meta property=\"og:type\" content=\"article\" \/>\n<meta property=\"og:title\" content=\"Alfabetblokker av tre (kryssfiner) - Woodinout \u00a9\" \/>\n<meta property=\"og:description\" content=\"Montessorigodkjent - Milj\u00f8vennlig - Sikker - H\u00e5ndlaget. Disse alfabetblokkene er perfekte l\u00e6releker for sm\u00e5barn og f\u00f8rskolebarn.\" \/>\n<meta property=\"og:url\" content=\"https:\/\/woodinout.net\/no\/product\/tre-bokstaver-alfabet-blokker\/\" \/>\n<meta property=\"og:site_name\" content=\"Woodinout \u00a9\" \/>\n<meta property=\"article:modified_time\" content=\"2022-04-25T06:44:38+00:00\" \/>\n<meta property=\"og:image\" content=\"https:\/\/woodinout.net\/wp-content\/uploads\/2020\/06\/Wooden-letters-alphabet-blocks-plywood.jpg\" \/>\n\t<meta property=\"og:image:width\" content=\"853\" \/>\n\t<meta property=\"og:image:height\" content=\"1280\" \/>\n\t<meta property=\"og:image:type\" content=\"image\/jpeg\" \/>\n<meta name=\"twitter:card\" content=\"summary_large_image\" \/>\n<meta name=\"twitter:label1\" content=\"Ansl. lesetid\" \/>\n\t<meta name=\"twitter:data1\" content=\"1 minutt\" \/>\n<script type=\"application\/ld+json\" class=\"yoast-schema-graph\">{\"@context\":\"https:\/\/schema.org\",\"@graph\":[{\"@type\":\"WebPage\",\"@id\":\"https:\/\/woodinout.net\/no\/product\/tre-bokstaver-alfabet-blokker\/\",\"url\":\"https:\/\/woodinout.net\/no\/product\/tre-bokstaver-alfabet-blokker\/\",\"name\":\"Alfabetblokker av tre (kryssfiner) - Woodinout \u00a9\",\"isPartOf\":{\"@id\":\"https:\/\/woodinout.net\/no\/#website\"},\"datePublished\":\"2020-06-20T20:42:48+00:00\",\"dateModified\":\"2022-04-25T06:44:38+00:00\",\"description\":\"Montessorigodkjent - Milj\u00f8vennlig - Sikker - H\u00e5ndlaget. Disse alfabetblokkene er perfekte l\u00e6releker for sm\u00e5barn og f\u00f8rskolebarn.\",\"breadcrumb\":{\"@id\":\"https:\/\/woodinout.net\/no\/product\/tre-bokstaver-alfabet-blokker\/#breadcrumb\"},\"inLanguage\":\"nb-NO\",\"potentialAction\":[{\"@type\":\"ReadAction\",\"target\":[\"https:\/\/woodinout.net\/no\/product\/tre-bokstaver-alfabet-blokker\/\"]}]},{\"@type\":\"BreadcrumbList\",\"@id\":\"https:\/\/woodinout.net\/no\/product\/tre-bokstaver-alfabet-blokker\/#breadcrumb\",\"itemListElement\":[{\"@type\":\"ListItem\",\"position\":1,\"name\":\"Home\",\"item\":\"https:\/\/woodinout.net\/no\/\"},{\"@type\":\"ListItem\",\"position\":2,\"name\":\"Shop\",\"item\":\"https:\/\/woodinout.net\/shop\/\"},{\"@type\":\"ListItem\",\"position\":3,\"name\":\"Alfabetblokker av tre (kryssfiner)\"}]},{\"@type\":\"WebSite\",\"@id\":\"https:\/\/woodinout.net\/no\/#website\",\"url\":\"https:\/\/woodinout.net\/no\/\",\"name\":\"Woodinout \u00a9\",\"description\":\"Wooden Montessori toys, gifts, home and events decor details\",\"potentialAction\":[{\"@type\":\"SearchAction\",\"target\":{\"@type\":\"EntryPoint\",\"urlTemplate\":\"https:\/\/woodinout.net\/no\/?s={search_term_string}\"},\"query-input\":\"required name=search_term_string\"}],\"inLanguage\":\"nb-NO\"}]}<\/script>\n<!-- \/ Yoast SEO plugin. -->","yoast_head_json":{"title":"Alfabetblokker av tre (kryssfiner) - Woodinout \u00a9","description":"Montessorigodkjent - Milj\u00f8vennlig - Sikker - H\u00e5ndlaget. Disse alfabetblokkene er perfekte l\u00e6releker for sm\u00e5barn og f\u00f8rskolebarn.","robots":{"index":"index","follow":"follow","max-snippet":"max-snippet:-1","max-image-preview":"max-image-preview:large","max-video-preview":"max-video-preview:-1"},"canonical":"https:\/\/woodinout.net\/no\/product\/tre-bokstaver-alfabet-blokker\/","og_locale":"nb_NO","og_type":"article","og_title":"Alfabetblokker av tre (kryssfiner) - Woodinout \u00a9","og_description":"Montessorigodkjent - Milj\u00f8vennlig - Sikker - H\u00e5ndlaget. Disse alfabetblokkene er perfekte l\u00e6releker for sm\u00e5barn og f\u00f8rskolebarn.","og_url":"https:\/\/woodinout.net\/no\/product\/tre-bokstaver-alfabet-blokker\/","og_site_name":"Woodinout \u00a9","article_modified_time":"2022-04-25T06:44:38+00:00","og_image":[{"width":853,"height":1280,"url":"https:\/\/woodinout.net\/wp-content\/uploads\/2020\/06\/Wooden-letters-alphabet-blocks-plywood.jpg","type":"image\/jpeg"}],"twitter_card":"summary_large_image","twitter_misc":{"Ansl. lesetid":"1 minutt"},"schema":{"@context":"https:\/\/schema.org","@graph":[{"@type":"WebPage","@id":"https:\/\/woodinout.net\/no\/product\/tre-bokstaver-alfabet-blokker\/","url":"https:\/\/woodinout.net\/no\/product\/tre-bokstaver-alfabet-blokker\/","name":"Alfabetblokker av tre (kryssfiner) - Woodinout \u00a9","isPartOf":{"@id":"https:\/\/woodinout.net\/no\/#website"},"datePublished":"2020-06-20T20:42:48+00:00","dateModified":"2022-04-25T06:44:38+00:00","description":"Montessorigodkjent - Milj\u00f8vennlig - Sikker - H\u00e5ndlaget. Disse alfabetblokkene er perfekte l\u00e6releker for sm\u00e5barn og f\u00f8rskolebarn.","breadcrumb":{"@id":"https:\/\/woodinout.net\/no\/product\/tre-bokstaver-alfabet-blokker\/#breadcrumb"},"inLanguage":"nb-NO","potentialAction":[{"@type":"ReadAction","target":["https:\/\/woodinout.net\/no\/product\/tre-bokstaver-alfabet-blokker\/"]}]},{"@type":"BreadcrumbList","@id":"https:\/\/woodinout.net\/no\/product\/tre-bokstaver-alfabet-blokker\/#breadcrumb","itemListElement":[{"@type":"ListItem","position":1,"name":"Home","item":"https:\/\/woodinout.net\/no\/"},{"@type":"ListItem","position":2,"name":"Shop","item":"https:\/\/woodinout.net\/shop\/"},{"@type":"ListItem","position":3,"name":"Alfabetblokker av tre (kryssfiner)"}]},{"@type":"WebSite","@id":"https:\/\/woodinout.net\/no\/#website","url":"https:\/\/woodinout.net\/no\/","name":"Woodinout \u00a9","description":"Wooden Montessori toys, gifts, home and events decor details","potentialAction":[{"@type":"SearchAction","target":{"@type":"EntryPoint","urlTemplate":"https:\/\/woodinout.net\/no\/?s={search_term_string}"},"query-input":"required name=search_term_string"}],"inLanguage":"nb-NO"}]}},"_links":{"self":[{"href":"https:\/\/woodinout.net\/no\/wp-json\/wp\/v2\/product\/21278"}],"collection":[{"href":"https:\/\/woodinout.net\/no\/wp-json\/wp\/v2\/product"}],"about":[{"href":"https:\/\/woodinout.net\/no\/wp-json\/wp\/v2\/types\/product"}],"wp:featuredmedia":[{"embeddable":true,"href":"https:\/\/woodinout.net\/no\/wp-json\/wp\/v2\/media\/17419"}],"wp:attachment":[{"href":"https:\/\/woodinout.net\/no\/wp-json\/wp\/v2\/media?parent=21278"}],"wp:term":[{"taxonomy":"product_cat","embeddable":true,"href":"https:\/\/woodinout.net\/no\/wp-json\/wp\/v2\/product_cat?post=21278"},{"taxonomy":"product_tag","embeddable":true,"href":"https:\/\/woodinout.net\/no\/wp-json\/wp\/v2\/product_tag?post=21278"}],"curies":[{"name":"wp","href":"https:\/\/api.w.org\/{rel}","templated":true}]}}