{"id":21276,"date":"2020-06-23T21:12:55","date_gmt":"2020-06-23T18:12:55","guid":{"rendered":"https:\/\/woodinout.net\/product\/montessori-100-frame-hundret-board\/"},"modified":"2022-04-28T11:08:58","modified_gmt":"2022-04-28T08:08:58","slug":"personlig-gave-montessori-100-ramme-tre-tall-og-telling","status":"publish","type":"product","link":"https:\/\/woodinout.net\/no\/product\/personlig-gave-montessori-100-ramme-tre-tall-og-telling\/","title":{"rendered":"Montessori 100 Frame \/ Hundret Board"},"content":{"rendered":"<p>Personlig gave Montessori 100 ramme &#8211; Jeg kan ikke forestille meg en bedre m\u00e5te \u00e5 l\u00e6re tall og telling p\u00e5. HVORFOR? 1. Montessori-matematikkmanipulasjoner er velkjente og verdsatt over hele verden. 2. Denne talltavlen av tre har mange bruksomr\u00e5der &#8211; multiplikasjonsperler med bittesm\u00e5 tall inngravert l\u00e6rer matematikk; Fargerike tallperler i tre er ogs\u00e5 perfekte tresorteringsleker; og du kan ikke krangle om det flotte utseendet til dette Montessori 100-brettet &#8211; fantastisk barnerominnredning.<\/p>\n<p>Settet inneholder:<br \/>\nhundre tellebrett<\/p>\n<p>Du kan velge mellom 7 ALTERNATIVER:<br \/>\nA: Bare bord<br \/>\nB: Bord + 120 stk. av naturlige trekuler (0,05 tommer dia)<br \/>\nC: Bord + 120 stk. av fargerike trekuler (0,05 tommer dia)<br \/>\nD: Bord + 100 stk. naturlige mynter med tall fra 1 til 100<br \/>\nE: Bord + 100 stk. fargerike mynter med tall fra 1 til 100<br \/>\nF: Bord + 100 stk. naturlige mynter med tall fra 1 til 100 + 120 stk. av naturlige trekuler (0,05 tommer dia)<br \/>\nG: Bord + 100 stk. fargerike mynter med tall fra 1 til 100 + 120 stk. av fargerike trekuler (0,05 tommer dia)<\/p>\n<p>BRETTEDIMENSJONER<br \/>\nLengde: ~10 tommer<br \/>\nH\u00f8yde: ~10 tommer<br \/>\nTykkelse: ~0,6 tommer<\/p>\n<p>FARGER OG MATERIALE<br \/>\nFarge: naturlig eller brunoljet.<br \/>\nPlaten er laget av NATURLIG MASSIVTRE.<br \/>\nV\u00e6r oppmerksom p\u00e5 at farger kan variere p\u00e5 grunn av innstillinger for dataskjerm og lys.<\/p>\n","protected":false},"excerpt":{"rendered":"<p>Personlig gave Montessori 100 ramme &#8211; Jeg kan ikke forestille meg en bedre m\u00e5te \u00e5 l\u00e6re tall og telling p\u00e5. HVORFOR? 1. Montessori-matematikkmanipulasjoner er velkjente og verdsatt over hele verden. 2. Denne talltavlen av tre har mange bruksomr\u00e5der &#8211; multiplikasjonsperler med bittesm\u00e5 tall inngravert l\u00e6rer matematikk; Fargerike tallperler i tre er ogs\u00e5 perfekte tresorteringsleker; og [&hellip;]<\/p>\n","protected":false},"featured_media":17819,"template":"","meta":{"_monsterinsights_skip_tracking":false,"_monsterinsights_sitenote_active":false,"_monsterinsights_sitenote_note":"","_monsterinsights_sitenote_category":0},"product_cat":[1523,1477],"product_tag":[2073,2074,1505,1511,2072,1500,1540,1561,1541,1494,1542,1484,1489,2067,1480],"yoast_head":"<!-- This site is optimized with the Yoast SEO plugin v22.1 - https:\/\/yoast.com\/wordpress\/plugins\/seo\/ -->\n<title>Montessori 100 Frame \/ Hundret Board - Woodinout \u00a9<\/title>\n<meta name=\"description\" content=\"Montessori mattemateriale 100 ramme for morsomme l\u00e6respill. Telle - Sorter - L\u00e6r - Lek - Naturlig H\u00e5ndlagde treleker.\" \/>\n<meta name=\"robots\" content=\"index, follow, max-snippet:-1, max-image-preview:large, max-video-preview:-1\" \/>\n<link rel=\"canonical\" href=\"https:\/\/woodinout.net\/no\/product\/personlig-gave-montessori-100-ramme-tre-tall-og-telling\/\" \/>\n<meta property=\"og:locale\" content=\"nb_NO\" \/>\n<meta property=\"og:type\" content=\"article\" \/>\n<meta property=\"og:title\" content=\"Montessori 100 Frame \/ Hundret Board - Woodinout \u00a9\" \/>\n<meta property=\"og:description\" content=\"Montessori mattemateriale 100 ramme for morsomme l\u00e6respill. Telle - Sorter - L\u00e6r - Lek - Naturlig H\u00e5ndlagde treleker.\" \/>\n<meta property=\"og:url\" content=\"https:\/\/woodinout.net\/no\/product\/personlig-gave-montessori-100-ramme-tre-tall-og-telling\/\" \/>\n<meta property=\"og:site_name\" content=\"Woodinout \u00a9\" \/>\n<meta property=\"article:modified_time\" content=\"2022-04-28T08:08:58+00:00\" \/>\n<meta property=\"og:image\" content=\"https:\/\/woodinout.net\/wp-content\/uploads\/2020\/06\/Montessori-100-frame-5.jpg\" \/>\n\t<meta property=\"og:image:width\" content=\"853\" \/>\n\t<meta property=\"og:image:height\" content=\"1280\" \/>\n\t<meta property=\"og:image:type\" content=\"image\/jpeg\" \/>\n<meta name=\"twitter:card\" content=\"summary_large_image\" \/>\n<meta name=\"twitter:label1\" content=\"Ansl. lesetid\" \/>\n\t<meta name=\"twitter:data1\" content=\"1 minutt\" \/>\n<script type=\"application\/ld+json\" class=\"yoast-schema-graph\">{\"@context\":\"https:\/\/schema.org\",\"@graph\":[{\"@type\":\"WebPage\",\"@id\":\"https:\/\/woodinout.net\/no\/product\/personlig-gave-montessori-100-ramme-tre-tall-og-telling\/\",\"url\":\"https:\/\/woodinout.net\/no\/product\/personlig-gave-montessori-100-ramme-tre-tall-og-telling\/\",\"name\":\"Montessori 100 Frame \/ Hundret Board - Woodinout \u00a9\",\"isPartOf\":{\"@id\":\"https:\/\/woodinout.net\/no\/#website\"},\"datePublished\":\"2020-06-23T18:12:55+00:00\",\"dateModified\":\"2022-04-28T08:08:58+00:00\",\"description\":\"Montessori mattemateriale 100 ramme for morsomme l\u00e6respill. Telle - Sorter - L\u00e6r - Lek - Naturlig H\u00e5ndlagde treleker.\",\"breadcrumb\":{\"@id\":\"https:\/\/woodinout.net\/no\/product\/personlig-gave-montessori-100-ramme-tre-tall-og-telling\/#breadcrumb\"},\"inLanguage\":\"nb-NO\",\"potentialAction\":[{\"@type\":\"ReadAction\",\"target\":[\"https:\/\/woodinout.net\/no\/product\/personlig-gave-montessori-100-ramme-tre-tall-og-telling\/\"]}]},{\"@type\":\"BreadcrumbList\",\"@id\":\"https:\/\/woodinout.net\/no\/product\/personlig-gave-montessori-100-ramme-tre-tall-og-telling\/#breadcrumb\",\"itemListElement\":[{\"@type\":\"ListItem\",\"position\":1,\"name\":\"Home\",\"item\":\"https:\/\/woodinout.net\/no\/\"},{\"@type\":\"ListItem\",\"position\":2,\"name\":\"Shop\",\"item\":\"https:\/\/woodinout.net\/shop\/\"},{\"@type\":\"ListItem\",\"position\":3,\"name\":\"Montessori 100 Frame \/ Hundret Board\"}]},{\"@type\":\"WebSite\",\"@id\":\"https:\/\/woodinout.net\/no\/#website\",\"url\":\"https:\/\/woodinout.net\/no\/\",\"name\":\"Woodinout \u00a9\",\"description\":\"Wooden Montessori toys, gifts, home and events decor details\",\"potentialAction\":[{\"@type\":\"SearchAction\",\"target\":{\"@type\":\"EntryPoint\",\"urlTemplate\":\"https:\/\/woodinout.net\/no\/?s={search_term_string}\"},\"query-input\":\"required name=search_term_string\"}],\"inLanguage\":\"nb-NO\"}]}<\/script>\n<!-- \/ Yoast SEO plugin. -->","yoast_head_json":{"title":"Montessori 100 Frame \/ Hundret Board - Woodinout \u00a9","description":"Montessori mattemateriale 100 ramme for morsomme l\u00e6respill. Telle - Sorter - L\u00e6r - Lek - Naturlig H\u00e5ndlagde treleker.","robots":{"index":"index","follow":"follow","max-snippet":"max-snippet:-1","max-image-preview":"max-image-preview:large","max-video-preview":"max-video-preview:-1"},"canonical":"https:\/\/woodinout.net\/no\/product\/personlig-gave-montessori-100-ramme-tre-tall-og-telling\/","og_locale":"nb_NO","og_type":"article","og_title":"Montessori 100 Frame \/ Hundret Board - Woodinout \u00a9","og_description":"Montessori mattemateriale 100 ramme for morsomme l\u00e6respill. Telle - Sorter - L\u00e6r - Lek - Naturlig H\u00e5ndlagde treleker.","og_url":"https:\/\/woodinout.net\/no\/product\/personlig-gave-montessori-100-ramme-tre-tall-og-telling\/","og_site_name":"Woodinout \u00a9","article_modified_time":"2022-04-28T08:08:58+00:00","og_image":[{"width":853,"height":1280,"url":"https:\/\/woodinout.net\/wp-content\/uploads\/2020\/06\/Montessori-100-frame-5.jpg","type":"image\/jpeg"}],"twitter_card":"summary_large_image","twitter_misc":{"Ansl. lesetid":"1 minutt"},"schema":{"@context":"https:\/\/schema.org","@graph":[{"@type":"WebPage","@id":"https:\/\/woodinout.net\/no\/product\/personlig-gave-montessori-100-ramme-tre-tall-og-telling\/","url":"https:\/\/woodinout.net\/no\/product\/personlig-gave-montessori-100-ramme-tre-tall-og-telling\/","name":"Montessori 100 Frame \/ Hundret Board - Woodinout \u00a9","isPartOf":{"@id":"https:\/\/woodinout.net\/no\/#website"},"datePublished":"2020-06-23T18:12:55+00:00","dateModified":"2022-04-28T08:08:58+00:00","description":"Montessori mattemateriale 100 ramme for morsomme l\u00e6respill. Telle - Sorter - L\u00e6r - Lek - Naturlig H\u00e5ndlagde treleker.","breadcrumb":{"@id":"https:\/\/woodinout.net\/no\/product\/personlig-gave-montessori-100-ramme-tre-tall-og-telling\/#breadcrumb"},"inLanguage":"nb-NO","potentialAction":[{"@type":"ReadAction","target":["https:\/\/woodinout.net\/no\/product\/personlig-gave-montessori-100-ramme-tre-tall-og-telling\/"]}]},{"@type":"BreadcrumbList","@id":"https:\/\/woodinout.net\/no\/product\/personlig-gave-montessori-100-ramme-tre-tall-og-telling\/#breadcrumb","itemListElement":[{"@type":"ListItem","position":1,"name":"Home","item":"https:\/\/woodinout.net\/no\/"},{"@type":"ListItem","position":2,"name":"Shop","item":"https:\/\/woodinout.net\/shop\/"},{"@type":"ListItem","position":3,"name":"Montessori 100 Frame \/ Hundret Board"}]},{"@type":"WebSite","@id":"https:\/\/woodinout.net\/no\/#website","url":"https:\/\/woodinout.net\/no\/","name":"Woodinout \u00a9","description":"Wooden Montessori toys, gifts, home and events decor details","potentialAction":[{"@type":"SearchAction","target":{"@type":"EntryPoint","urlTemplate":"https:\/\/woodinout.net\/no\/?s={search_term_string}"},"query-input":"required name=search_term_string"}],"inLanguage":"nb-NO"}]}},"_links":{"self":[{"href":"https:\/\/woodinout.net\/no\/wp-json\/wp\/v2\/product\/21276"}],"collection":[{"href":"https:\/\/woodinout.net\/no\/wp-json\/wp\/v2\/product"}],"about":[{"href":"https:\/\/woodinout.net\/no\/wp-json\/wp\/v2\/types\/product"}],"wp:featuredmedia":[{"embeddable":true,"href":"https:\/\/woodinout.net\/no\/wp-json\/wp\/v2\/media\/17819"}],"wp:attachment":[{"href":"https:\/\/woodinout.net\/no\/wp-json\/wp\/v2\/media?parent=21276"}],"wp:term":[{"taxonomy":"product_cat","embeddable":true,"href":"https:\/\/woodinout.net\/no\/wp-json\/wp\/v2\/product_cat?post=21276"},{"taxonomy":"product_tag","embeddable":true,"href":"https:\/\/woodinout.net\/no\/wp-json\/wp\/v2\/product_tag?post=21276"}],"curies":[{"name":"wp","href":"https:\/\/api.w.org\/{rel}","templated":true}]}}