{"id":21269,"date":"2020-06-29T23:08:33","date_gmt":"2020-06-29T20:08:33","guid":{"rendered":"https:\/\/woodinout.net\/product\/ten-frame-montessori-matematisk-materiale\/"},"modified":"2022-04-28T11:11:10","modified_gmt":"2022-04-28T08:11:10","slug":"ti-rammer-montessori-tall-og-telle-leker","status":"publish","type":"product","link":"https:\/\/woodinout.net\/no\/product\/ti-rammer-montessori-tall-og-telle-leker\/","title":{"rendered":"Ten Frame &#8211; Montessori matematisk materiale"},"content":{"rendered":"<p>Ti rammer &#8211; h\u00e5ndlaget av massivt tre, trygt og milj\u00f8vennlig Montessori matematisk materiale.<\/p>\n<p>V\u00e5re Montessori-tall og telleleker er laget av HAND, malt med sikker, giftfri maling. TI tellende trebrett med bittesm\u00e5 tall er her for \u00e5 gj\u00f8re hverdagen ENKEL. Treleker for gutter og jenter er en naturlig m\u00e5te \u00e5 l\u00e6re p\u00e5. Vi bryr oss ikke bare om naturen, men husker ogs\u00e5 p\u00e5 \u00e5 lage milj\u00f8vennlige trel\u00e6ringsleker for v\u00e5re og DINE barn.<\/p>\n<p>Settet inneholder:<br \/>\nTeller 10 ti rammer<br \/>\n12 tretellekuler<\/p>\n<p>Du kan velge mellom 3 ALTERNATIVER:<br \/>\nA: Brett + 12 trekuler<br \/>\nB: Bord + 10 stk. naturlige mynter med sm\u00e5 tall fra 1 til 10<br \/>\nC: Brett + 12 trekuler + 10 stk. naturlige mynter med tall fra 1 til 10<\/p>\n<p>BRETTEDIMENSJONER<br \/>\nLengde: ~5 tommer<br \/>\nH\u00f8yde: ~2,4 tommer<br \/>\nTykkelse: ~0,6 tommer<\/p>\n<p>FARGER OG MATERIALE<br \/>\nFarge: naturlig eller brunoljet.<br \/>\nPlaten er laget av NATURLIG MASSIVTRE.<br \/>\nV\u00e6r oppmerksom p\u00e5 at farger kan variere p\u00e5 grunn av innstillinger for dataskjerm og lys.<\/p>\n<div style=\"width: 1080px;\" class=\"wp-video\"><!--[if lt IE 9]><script>document.createElement('video');<\/script><![endif]-->\n<video class=\"wp-video-shortcode\" id=\"video-21269-1\" width=\"1080\" height=\"810\" preload=\"metadata\" controls=\"controls\"><source type=\"video\/mp4\" src=\"http:\/\/woodinout.net\/wp-content\/uploads\/2020\/06\/MEDINIS_14.mp4?_=1\" \/><a href=\"http:\/\/woodinout.net\/wp-content\/uploads\/2020\/06\/MEDINIS_14.mp4\">http:\/\/woodinout.net\/wp-content\/uploads\/2020\/06\/MEDINIS_14.mp4<\/a><\/video><\/div>\n","protected":false},"excerpt":{"rendered":"<p>Ti rammer &#8211; h\u00e5ndlaget av massivt tre, trygt og milj\u00f8vennlig Montessori matematisk materiale. V\u00e5re Montessori-tall og telleleker er laget av HAND, malt med sikker, giftfri maling. TI tellende trebrett med bittesm\u00e5 tall er her for \u00e5 gj\u00f8re hverdagen ENKEL. Treleker for gutter og jenter er en naturlig m\u00e5te \u00e5 l\u00e6re p\u00e5. Vi bryr oss ikke [&hellip;]<\/p>\n","protected":false},"featured_media":18235,"template":"","meta":{"_monsterinsights_skip_tracking":false,"_monsterinsights_sitenote_active":false,"_monsterinsights_sitenote_note":"","_monsterinsights_sitenote_category":0},"product_cat":[1523,1477],"product_tag":[1505,1511,1500,1540,1561,1541,1494,1542,1484,1489,2067,2066,1480],"yoast_head":"<!-- This site is optimized with the Yoast SEO plugin v22.1 - https:\/\/yoast.com\/wordpress\/plugins\/seo\/ -->\n<title>Ten Frame - Montessori matematisk materiale - Woodinout \u00a9<\/title>\n<meta name=\"description\" content=\"Ti-ramme, h\u00e5ndlaget av massivt tre, er et svar p\u00e5 morsom mattel\u00e6ring. Montessori mattemateriale laget som leket\u00f8y for morsom utdanning for barn.\" \/>\n<meta name=\"robots\" content=\"index, follow, max-snippet:-1, max-image-preview:large, max-video-preview:-1\" \/>\n<link rel=\"canonical\" href=\"https:\/\/woodinout.net\/no\/product\/ti-rammer-montessori-tall-og-telle-leker\/\" \/>\n<meta property=\"og:locale\" content=\"nb_NO\" \/>\n<meta property=\"og:type\" content=\"article\" \/>\n<meta property=\"og:title\" content=\"Ten Frame - Montessori matematisk materiale - Woodinout \u00a9\" \/>\n<meta property=\"og:description\" content=\"Ti-ramme, h\u00e5ndlaget av massivt tre, er et svar p\u00e5 morsom mattel\u00e6ring. Montessori mattemateriale laget som leket\u00f8y for morsom utdanning for barn.\" \/>\n<meta property=\"og:url\" content=\"https:\/\/woodinout.net\/no\/product\/ti-rammer-montessori-tall-og-telle-leker\/\" \/>\n<meta property=\"og:site_name\" content=\"Woodinout \u00a9\" \/>\n<meta property=\"article:modified_time\" content=\"2022-04-28T08:11:10+00:00\" \/>\n<meta property=\"og:image\" content=\"https:\/\/woodinout.net\/wp-content\/uploads\/2020\/06\/Ten-Frame-5.jpg\" \/>\n\t<meta property=\"og:image:width\" content=\"853\" \/>\n\t<meta property=\"og:image:height\" content=\"1280\" \/>\n\t<meta property=\"og:image:type\" content=\"image\/jpeg\" \/>\n<meta name=\"twitter:card\" content=\"summary_large_image\" \/>\n<meta name=\"twitter:label1\" content=\"Ansl. lesetid\" \/>\n\t<meta name=\"twitter:data1\" content=\"1 minutt\" \/>\n<script type=\"application\/ld+json\" class=\"yoast-schema-graph\">{\"@context\":\"https:\/\/schema.org\",\"@graph\":[{\"@type\":\"WebPage\",\"@id\":\"https:\/\/woodinout.net\/no\/product\/ti-rammer-montessori-tall-og-telle-leker\/\",\"url\":\"https:\/\/woodinout.net\/no\/product\/ti-rammer-montessori-tall-og-telle-leker\/\",\"name\":\"Ten Frame - Montessori matematisk materiale - Woodinout \u00a9\",\"isPartOf\":{\"@id\":\"https:\/\/woodinout.net\/no\/#website\"},\"datePublished\":\"2020-06-29T20:08:33+00:00\",\"dateModified\":\"2022-04-28T08:11:10+00:00\",\"description\":\"Ti-ramme, h\u00e5ndlaget av massivt tre, er et svar p\u00e5 morsom mattel\u00e6ring. Montessori mattemateriale laget som leket\u00f8y for morsom utdanning for barn.\",\"breadcrumb\":{\"@id\":\"https:\/\/woodinout.net\/no\/product\/ti-rammer-montessori-tall-og-telle-leker\/#breadcrumb\"},\"inLanguage\":\"nb-NO\",\"potentialAction\":[{\"@type\":\"ReadAction\",\"target\":[\"https:\/\/woodinout.net\/no\/product\/ti-rammer-montessori-tall-og-telle-leker\/\"]}]},{\"@type\":\"BreadcrumbList\",\"@id\":\"https:\/\/woodinout.net\/no\/product\/ti-rammer-montessori-tall-og-telle-leker\/#breadcrumb\",\"itemListElement\":[{\"@type\":\"ListItem\",\"position\":1,\"name\":\"Home\",\"item\":\"https:\/\/woodinout.net\/no\/\"},{\"@type\":\"ListItem\",\"position\":2,\"name\":\"Shop\",\"item\":\"https:\/\/woodinout.net\/shop\/\"},{\"@type\":\"ListItem\",\"position\":3,\"name\":\"Ten Frame &#8211; Montessori matematisk materiale\"}]},{\"@type\":\"WebSite\",\"@id\":\"https:\/\/woodinout.net\/no\/#website\",\"url\":\"https:\/\/woodinout.net\/no\/\",\"name\":\"Woodinout \u00a9\",\"description\":\"Wooden Montessori toys, gifts, home and events decor details\",\"potentialAction\":[{\"@type\":\"SearchAction\",\"target\":{\"@type\":\"EntryPoint\",\"urlTemplate\":\"https:\/\/woodinout.net\/no\/?s={search_term_string}\"},\"query-input\":\"required name=search_term_string\"}],\"inLanguage\":\"nb-NO\"}]}<\/script>\n<!-- \/ Yoast SEO plugin. -->","yoast_head_json":{"title":"Ten Frame - Montessori matematisk materiale - Woodinout \u00a9","description":"Ti-ramme, h\u00e5ndlaget av massivt tre, er et svar p\u00e5 morsom mattel\u00e6ring. Montessori mattemateriale laget som leket\u00f8y for morsom utdanning for barn.","robots":{"index":"index","follow":"follow","max-snippet":"max-snippet:-1","max-image-preview":"max-image-preview:large","max-video-preview":"max-video-preview:-1"},"canonical":"https:\/\/woodinout.net\/no\/product\/ti-rammer-montessori-tall-og-telle-leker\/","og_locale":"nb_NO","og_type":"article","og_title":"Ten Frame - Montessori matematisk materiale - Woodinout \u00a9","og_description":"Ti-ramme, h\u00e5ndlaget av massivt tre, er et svar p\u00e5 morsom mattel\u00e6ring. Montessori mattemateriale laget som leket\u00f8y for morsom utdanning for barn.","og_url":"https:\/\/woodinout.net\/no\/product\/ti-rammer-montessori-tall-og-telle-leker\/","og_site_name":"Woodinout \u00a9","article_modified_time":"2022-04-28T08:11:10+00:00","og_image":[{"width":853,"height":1280,"url":"https:\/\/woodinout.net\/wp-content\/uploads\/2020\/06\/Ten-Frame-5.jpg","type":"image\/jpeg"}],"twitter_card":"summary_large_image","twitter_misc":{"Ansl. lesetid":"1 minutt"},"schema":{"@context":"https:\/\/schema.org","@graph":[{"@type":"WebPage","@id":"https:\/\/woodinout.net\/no\/product\/ti-rammer-montessori-tall-og-telle-leker\/","url":"https:\/\/woodinout.net\/no\/product\/ti-rammer-montessori-tall-og-telle-leker\/","name":"Ten Frame - Montessori matematisk materiale - Woodinout \u00a9","isPartOf":{"@id":"https:\/\/woodinout.net\/no\/#website"},"datePublished":"2020-06-29T20:08:33+00:00","dateModified":"2022-04-28T08:11:10+00:00","description":"Ti-ramme, h\u00e5ndlaget av massivt tre, er et svar p\u00e5 morsom mattel\u00e6ring. Montessori mattemateriale laget som leket\u00f8y for morsom utdanning for barn.","breadcrumb":{"@id":"https:\/\/woodinout.net\/no\/product\/ti-rammer-montessori-tall-og-telle-leker\/#breadcrumb"},"inLanguage":"nb-NO","potentialAction":[{"@type":"ReadAction","target":["https:\/\/woodinout.net\/no\/product\/ti-rammer-montessori-tall-og-telle-leker\/"]}]},{"@type":"BreadcrumbList","@id":"https:\/\/woodinout.net\/no\/product\/ti-rammer-montessori-tall-og-telle-leker\/#breadcrumb","itemListElement":[{"@type":"ListItem","position":1,"name":"Home","item":"https:\/\/woodinout.net\/no\/"},{"@type":"ListItem","position":2,"name":"Shop","item":"https:\/\/woodinout.net\/shop\/"},{"@type":"ListItem","position":3,"name":"Ten Frame &#8211; Montessori matematisk materiale"}]},{"@type":"WebSite","@id":"https:\/\/woodinout.net\/no\/#website","url":"https:\/\/woodinout.net\/no\/","name":"Woodinout \u00a9","description":"Wooden Montessori toys, gifts, home and events decor details","potentialAction":[{"@type":"SearchAction","target":{"@type":"EntryPoint","urlTemplate":"https:\/\/woodinout.net\/no\/?s={search_term_string}"},"query-input":"required name=search_term_string"}],"inLanguage":"nb-NO"}]}},"_links":{"self":[{"href":"https:\/\/woodinout.net\/no\/wp-json\/wp\/v2\/product\/21269"}],"collection":[{"href":"https:\/\/woodinout.net\/no\/wp-json\/wp\/v2\/product"}],"about":[{"href":"https:\/\/woodinout.net\/no\/wp-json\/wp\/v2\/types\/product"}],"wp:featuredmedia":[{"embeddable":true,"href":"https:\/\/woodinout.net\/no\/wp-json\/wp\/v2\/media\/18235"}],"wp:attachment":[{"href":"https:\/\/woodinout.net\/no\/wp-json\/wp\/v2\/media?parent=21269"}],"wp:term":[{"taxonomy":"product_cat","embeddable":true,"href":"https:\/\/woodinout.net\/no\/wp-json\/wp\/v2\/product_cat?post=21269"},{"taxonomy":"product_tag","embeddable":true,"href":"https:\/\/woodinout.net\/no\/wp-json\/wp\/v2\/product_tag?post=21269"}],"curies":[{"name":"wp","href":"https:\/\/api.w.org\/{rel}","templated":true}]}}