{"id":21260,"date":"2020-06-20T23:45:09","date_gmt":"2020-06-20T20:45:09","guid":{"rendered":"https:\/\/woodinout.net\/product\/bueskyting-av-tre-bue-og-piler\/"},"modified":"2022-04-28T10:25:31","modified_gmt":"2022-04-28T07:25:31","slug":"tre-bueskyting-bue-og-piler","status":"publish","type":"product","link":"https:\/\/woodinout.net\/no\/product\/tre-bueskyting-bue-og-piler\/","title":{"rendered":"Bueskyting av tre, bue og piler"},"content":{"rendered":"<p>Bueskyting av tre med bue og fargerike piler laget for \u00e5 v\u00e6re verdifull personlig sm\u00e5barnsgave. Waldorf-leker er nummer \u00e9n kjent for deres late leker og utend\u00f8rsspill. Disse trebuen og pilene er inspirert av den. Morsom l\u00e6ring er n\u00f8yaktig form\u00e5let med dette bueskytingslekesettet. Treleker er i disse dager svaret p\u00e5 unike gutte- og jentegaver. Slitesterk, stilig og jordvennlig. Bueskyting i tre er ikke bare en av de mest morsomme fantasifulle lekene, men ogs\u00e5 stilig innredning til barnerommet.<\/p>\n<p>Finn flere sm\u00e5barnsgaveideer <a href=\"https:\/\/woodinout.net\/product-tag\/gifts-for-18-month-old\/\">her<\/a> .<\/p>\n<p>Settet inneholder:<br \/>\nSl\u00f8yfe av tre<br \/>\n5 stk. av trepiler<\/p>\n<p>DIMENSJONER:<\/p>\n<p>H\u00f8yde: ~18 tommer (45 cm)<br \/>\nTykkelse: ~0,6 tommer (1,5 cm)<\/p>\n<p>FARGER OG MATERIALER:<br \/>\nFarge: naturlig eller brunoljet.<br \/>\nMateriale: Leket\u00f8yet er laget av NATURLIG SOLID HARDTRE.<br \/>\nV\u00e6r oppmerksom p\u00e5 at farger kan variere p\u00e5 grunn av innstillinger for dataskjerm og lys.<\/p>\n<p>For flere ideer, f\u00f8lg oss p\u00e5 <a href=\"https:\/\/www.instagram.com\/woodinout\/\">INSTAGRAM<\/a> &amp; <a href=\"https:\/\/www.facebook.com\/Woodinout.net\">FACEBOOK<\/a><\/p>\n","protected":false},"excerpt":{"rendered":"<p>Bueskyting av tre med bue og fargerike piler laget for \u00e5 v\u00e6re verdifull personlig sm\u00e5barnsgave. Waldorf-leker er nummer \u00e9n kjent for deres late leker og utend\u00f8rsspill. Disse trebuen og pilene er inspirert av den. Morsom l\u00e6ring er n\u00f8yaktig form\u00e5let med dette bueskytingslekesettet. Treleker er i disse dager svaret p\u00e5 unike gutte- og jentegaver. Slitesterk, stilig [&hellip;]<\/p>\n","protected":false},"featured_media":17443,"template":"","meta":{"_monsterinsights_skip_tracking":false,"_monsterinsights_sitenote_active":false,"_monsterinsights_sitenote_note":"","_monsterinsights_sitenote_category":0},"product_cat":[2061,1477],"product_tag":[1505,1511,2064,2046,2048,1500,1494,1484,1489,2063,2062,1480],"yoast_head":"<!-- This site is optimized with the Yoast SEO plugin v22.1 - https:\/\/yoast.com\/wordpress\/plugins\/seo\/ -->\n<title>Bueskyting av tre, bue og piler - Woodinout \u00a9<\/title>\n<meta name=\"description\" content=\"Bue og piler i tre - bueskyting for barn for \u00e5 late som lek. Personlig gave til sm\u00e5barn. Naturlige, slitesterke, Waldorf-inspirerte leker.\" \/>\n<meta name=\"robots\" content=\"index, follow, max-snippet:-1, max-image-preview:large, max-video-preview:-1\" \/>\n<link rel=\"canonical\" href=\"https:\/\/woodinout.net\/no\/product\/tre-bueskyting-bue-og-piler\/\" \/>\n<meta property=\"og:locale\" content=\"nb_NO\" \/>\n<meta property=\"og:type\" content=\"article\" \/>\n<meta property=\"og:title\" content=\"Bueskyting av tre, bue og piler - Woodinout \u00a9\" \/>\n<meta property=\"og:description\" content=\"Bue og piler i tre - bueskyting for barn for \u00e5 late som lek. Personlig gave til sm\u00e5barn. Naturlige, slitesterke, Waldorf-inspirerte leker.\" \/>\n<meta property=\"og:url\" content=\"https:\/\/woodinout.net\/no\/product\/tre-bueskyting-bue-og-piler\/\" \/>\n<meta property=\"og:site_name\" content=\"Woodinout \u00a9\" \/>\n<meta property=\"article:modified_time\" content=\"2022-04-28T07:25:31+00:00\" \/>\n<meta property=\"og:image\" content=\"https:\/\/woodinout.net\/wp-content\/uploads\/2020\/06\/Wooden-archery-bow-and-arrows-3.jpg\" \/>\n\t<meta property=\"og:image:width\" content=\"853\" \/>\n\t<meta property=\"og:image:height\" content=\"1280\" \/>\n\t<meta property=\"og:image:type\" content=\"image\/jpeg\" \/>\n<meta name=\"twitter:card\" content=\"summary_large_image\" \/>\n<meta name=\"twitter:label1\" content=\"Ansl. lesetid\" \/>\n\t<meta name=\"twitter:data1\" content=\"1 minutt\" \/>\n<script type=\"application\/ld+json\" class=\"yoast-schema-graph\">{\"@context\":\"https:\/\/schema.org\",\"@graph\":[{\"@type\":\"WebPage\",\"@id\":\"https:\/\/woodinout.net\/no\/product\/tre-bueskyting-bue-og-piler\/\",\"url\":\"https:\/\/woodinout.net\/no\/product\/tre-bueskyting-bue-og-piler\/\",\"name\":\"Bueskyting av tre, bue og piler - Woodinout \u00a9\",\"isPartOf\":{\"@id\":\"https:\/\/woodinout.net\/no\/#website\"},\"datePublished\":\"2020-06-20T20:45:09+00:00\",\"dateModified\":\"2022-04-28T07:25:31+00:00\",\"description\":\"Bue og piler i tre - bueskyting for barn for \u00e5 late som lek. Personlig gave til sm\u00e5barn. Naturlige, slitesterke, Waldorf-inspirerte leker.\",\"breadcrumb\":{\"@id\":\"https:\/\/woodinout.net\/no\/product\/tre-bueskyting-bue-og-piler\/#breadcrumb\"},\"inLanguage\":\"nb-NO\",\"potentialAction\":[{\"@type\":\"ReadAction\",\"target\":[\"https:\/\/woodinout.net\/no\/product\/tre-bueskyting-bue-og-piler\/\"]}]},{\"@type\":\"BreadcrumbList\",\"@id\":\"https:\/\/woodinout.net\/no\/product\/tre-bueskyting-bue-og-piler\/#breadcrumb\",\"itemListElement\":[{\"@type\":\"ListItem\",\"position\":1,\"name\":\"Home\",\"item\":\"https:\/\/woodinout.net\/no\/\"},{\"@type\":\"ListItem\",\"position\":2,\"name\":\"Shop\",\"item\":\"https:\/\/woodinout.net\/shop\/\"},{\"@type\":\"ListItem\",\"position\":3,\"name\":\"Bueskyting av tre, bue og piler\"}]},{\"@type\":\"WebSite\",\"@id\":\"https:\/\/woodinout.net\/no\/#website\",\"url\":\"https:\/\/woodinout.net\/no\/\",\"name\":\"Woodinout \u00a9\",\"description\":\"Wooden Montessori toys, gifts, home and events decor details\",\"potentialAction\":[{\"@type\":\"SearchAction\",\"target\":{\"@type\":\"EntryPoint\",\"urlTemplate\":\"https:\/\/woodinout.net\/no\/?s={search_term_string}\"},\"query-input\":\"required name=search_term_string\"}],\"inLanguage\":\"nb-NO\"}]}<\/script>\n<!-- \/ Yoast SEO plugin. -->","yoast_head_json":{"title":"Bueskyting av tre, bue og piler - Woodinout \u00a9","description":"Bue og piler i tre - bueskyting for barn for \u00e5 late som lek. Personlig gave til sm\u00e5barn. Naturlige, slitesterke, Waldorf-inspirerte leker.","robots":{"index":"index","follow":"follow","max-snippet":"max-snippet:-1","max-image-preview":"max-image-preview:large","max-video-preview":"max-video-preview:-1"},"canonical":"https:\/\/woodinout.net\/no\/product\/tre-bueskyting-bue-og-piler\/","og_locale":"nb_NO","og_type":"article","og_title":"Bueskyting av tre, bue og piler - Woodinout \u00a9","og_description":"Bue og piler i tre - bueskyting for barn for \u00e5 late som lek. Personlig gave til sm\u00e5barn. Naturlige, slitesterke, Waldorf-inspirerte leker.","og_url":"https:\/\/woodinout.net\/no\/product\/tre-bueskyting-bue-og-piler\/","og_site_name":"Woodinout \u00a9","article_modified_time":"2022-04-28T07:25:31+00:00","og_image":[{"width":853,"height":1280,"url":"https:\/\/woodinout.net\/wp-content\/uploads\/2020\/06\/Wooden-archery-bow-and-arrows-3.jpg","type":"image\/jpeg"}],"twitter_card":"summary_large_image","twitter_misc":{"Ansl. lesetid":"1 minutt"},"schema":{"@context":"https:\/\/schema.org","@graph":[{"@type":"WebPage","@id":"https:\/\/woodinout.net\/no\/product\/tre-bueskyting-bue-og-piler\/","url":"https:\/\/woodinout.net\/no\/product\/tre-bueskyting-bue-og-piler\/","name":"Bueskyting av tre, bue og piler - Woodinout \u00a9","isPartOf":{"@id":"https:\/\/woodinout.net\/no\/#website"},"datePublished":"2020-06-20T20:45:09+00:00","dateModified":"2022-04-28T07:25:31+00:00","description":"Bue og piler i tre - bueskyting for barn for \u00e5 late som lek. Personlig gave til sm\u00e5barn. Naturlige, slitesterke, Waldorf-inspirerte leker.","breadcrumb":{"@id":"https:\/\/woodinout.net\/no\/product\/tre-bueskyting-bue-og-piler\/#breadcrumb"},"inLanguage":"nb-NO","potentialAction":[{"@type":"ReadAction","target":["https:\/\/woodinout.net\/no\/product\/tre-bueskyting-bue-og-piler\/"]}]},{"@type":"BreadcrumbList","@id":"https:\/\/woodinout.net\/no\/product\/tre-bueskyting-bue-og-piler\/#breadcrumb","itemListElement":[{"@type":"ListItem","position":1,"name":"Home","item":"https:\/\/woodinout.net\/no\/"},{"@type":"ListItem","position":2,"name":"Shop","item":"https:\/\/woodinout.net\/shop\/"},{"@type":"ListItem","position":3,"name":"Bueskyting av tre, bue og piler"}]},{"@type":"WebSite","@id":"https:\/\/woodinout.net\/no\/#website","url":"https:\/\/woodinout.net\/no\/","name":"Woodinout \u00a9","description":"Wooden Montessori toys, gifts, home and events decor details","potentialAction":[{"@type":"SearchAction","target":{"@type":"EntryPoint","urlTemplate":"https:\/\/woodinout.net\/no\/?s={search_term_string}"},"query-input":"required name=search_term_string"}],"inLanguage":"nb-NO"}]}},"_links":{"self":[{"href":"https:\/\/woodinout.net\/no\/wp-json\/wp\/v2\/product\/21260"}],"collection":[{"href":"https:\/\/woodinout.net\/no\/wp-json\/wp\/v2\/product"}],"about":[{"href":"https:\/\/woodinout.net\/no\/wp-json\/wp\/v2\/types\/product"}],"wp:featuredmedia":[{"embeddable":true,"href":"https:\/\/woodinout.net\/no\/wp-json\/wp\/v2\/media\/17443"}],"wp:attachment":[{"href":"https:\/\/woodinout.net\/no\/wp-json\/wp\/v2\/media?parent=21260"}],"wp:term":[{"taxonomy":"product_cat","embeddable":true,"href":"https:\/\/woodinout.net\/no\/wp-json\/wp\/v2\/product_cat?post=21260"},{"taxonomy":"product_tag","embeddable":true,"href":"https:\/\/woodinout.net\/no\/wp-json\/wp\/v2\/product_tag?post=21260"}],"curies":[{"name":"wp","href":"https:\/\/api.w.org\/{rel}","templated":true}]}}