{"id":21257,"date":"2020-06-23T21:39:46","date_gmt":"2020-06-23T18:39:46","guid":{"rendered":"https:\/\/woodinout.net\/product\/junior-scrabble-brettsett\/"},"modified":"2022-04-28T09:49:36","modified_gmt":"2022-04-28T06:49:36","slug":"scrabble-brett-med-alfabet-fliser","status":"publish","type":"product","link":"https:\/\/woodinout.net\/no\/product\/scrabble-brett-med-alfabet-fliser\/","title":{"rendered":"Junior Scrabble-brettsett"},"content":{"rendered":"<p>Vi presenterer for deg et Scrabble-brett med alfabetfliser. Dette scrabble-spillet er en perfekt familiegave for verdifull familietid sammen. Legg til egendefinert tekst p\u00e5 baksiden og her er en personlig gave. Scrabble tiles-spillet er et av de mest popul\u00e6re ordl\u00e6ringslekene i verden. V\u00e6r kreativ p\u00e5 scrabble-brett og sett sammen alfabetblokker til treord. Trebokstaver abc treblokk tar deg med til ordenes verden, la oss g\u00e5 sammen N\u00c5! Bli med familien av forn\u00f8yde kunder p\u00e5 Woodinout! Treleker er det vi gj\u00f8r!<\/p>\n<p>Settet inneholder:<br \/>\n3 scrabble-brett: 3 \/ 4 \/ 5 brevbrett<\/p>\n<p>Du kan velge mellom 5 ALTERNATIVER:<br \/>\nA: Kun 3 skuffer i forskjellige st\u00f8rrelser<br \/>\nB: 26 stk. trekryssfinerbokstavkort, dimensjon: ~ 1,8 x 1,8 tommer, tykkelse ~0,12 tommer<br \/>\nC: 2&#215;26 stk. trekryssfinerbokstavkort, dimensjon: ~ 1,8 x 1,8 tommer, tykkelse ~0,12 tommer<br \/>\nD: 26 stk. NATURAL WOOD bokstavblokker, dimensjon: ~ 1,8 x 1,8 tommer, tykkelse ~0,6 tommer<br \/>\nE: 2&#215;26 stk. NATURAL WOOD bokstavblokker, dimensjon: ~ 1,8 x 1,8 tommer, tykkelse ~0,6 tommer<\/p>\n<p>BRETT DIMENSJONER<br \/>\n2,75&#215;7,5 \/ 2,75&#215;9,8 \/2,75&#215;12 tommer<br \/>\nTykkelse: ~0,6 tommer<\/p>\n<p>FARGER OG MATERIALE<br \/>\nBOARD Farge: naturlig eller brunoljet. Kort\/blokker kun naturlig farge.<br \/>\nPlaten er laget av NATURLIG MASSIVTRE.<br \/>\nV\u00e6r oppmerksom p\u00e5 at farger kan variere p\u00e5 grunn av innstillinger for dataskjerm og lys.<\/p>\n","protected":false},"excerpt":{"rendered":"<p>Vi presenterer for deg et Scrabble-brett med alfabetfliser. Dette scrabble-spillet er en perfekt familiegave for verdifull familietid sammen. Legg til egendefinert tekst p\u00e5 baksiden og her er en personlig gave. Scrabble tiles-spillet er et av de mest popul\u00e6re ordl\u00e6ringslekene i verden. V\u00e6r kreativ p\u00e5 scrabble-brett og sett sammen alfabetblokker til treord. Trebokstaver abc treblokk tar [&hellip;]<\/p>\n","protected":false},"featured_media":17963,"template":"","meta":{"_monsterinsights_skip_tracking":false,"_monsterinsights_sitenote_active":false,"_monsterinsights_sitenote_note":"","_monsterinsights_sitenote_category":0},"product_cat":[1478,1477],"product_tag":[1505,1511,2051,1500,1494,1484,1489,1524,2050,1518,1480],"yoast_head":"<!-- This site is optimized with the Yoast SEO plugin v22.1 - https:\/\/yoast.com\/wordpress\/plugins\/seo\/ -->\n<title>Junior Scrabble-brettsett - Woodinout \u00a9<\/title>\n<meta name=\"description\" content=\"Junior scrabble board stavespill - for verdifull familietid med barna dine. H\u00e5ndlagde og milj\u00f8vennlige l\u00e6releker fra Woodinout.\" \/>\n<meta name=\"robots\" content=\"index, follow, max-snippet:-1, max-image-preview:large, max-video-preview:-1\" \/>\n<link rel=\"canonical\" href=\"https:\/\/woodinout.net\/no\/product\/scrabble-brett-med-alfabet-fliser\/\" \/>\n<meta property=\"og:locale\" content=\"nb_NO\" \/>\n<meta property=\"og:type\" content=\"article\" \/>\n<meta property=\"og:title\" content=\"Junior Scrabble-brettsett - Woodinout \u00a9\" \/>\n<meta property=\"og:description\" content=\"Junior scrabble board stavespill - for verdifull familietid med barna dine. H\u00e5ndlagde og milj\u00f8vennlige l\u00e6releker fra Woodinout.\" \/>\n<meta property=\"og:url\" content=\"https:\/\/woodinout.net\/no\/product\/scrabble-brett-med-alfabet-fliser\/\" \/>\n<meta property=\"og:site_name\" content=\"Woodinout \u00a9\" \/>\n<meta property=\"article:modified_time\" content=\"2022-04-28T06:49:36+00:00\" \/>\n<meta property=\"og:image\" content=\"https:\/\/woodinout.net\/wp-content\/uploads\/2020\/06\/Scrabble-board-with-alphabet-tiles-3.jpg\" \/>\n\t<meta property=\"og:image:width\" content=\"853\" \/>\n\t<meta property=\"og:image:height\" content=\"1280\" \/>\n\t<meta property=\"og:image:type\" content=\"image\/jpeg\" \/>\n<meta name=\"twitter:card\" content=\"summary_large_image\" \/>\n<meta name=\"twitter:label1\" content=\"Ansl. lesetid\" \/>\n\t<meta name=\"twitter:data1\" content=\"1 minutt\" \/>\n<script type=\"application\/ld+json\" class=\"yoast-schema-graph\">{\"@context\":\"https:\/\/schema.org\",\"@graph\":[{\"@type\":\"WebPage\",\"@id\":\"https:\/\/woodinout.net\/no\/product\/scrabble-brett-med-alfabet-fliser\/\",\"url\":\"https:\/\/woodinout.net\/no\/product\/scrabble-brett-med-alfabet-fliser\/\",\"name\":\"Junior Scrabble-brettsett - Woodinout \u00a9\",\"isPartOf\":{\"@id\":\"https:\/\/woodinout.net\/no\/#website\"},\"datePublished\":\"2020-06-23T18:39:46+00:00\",\"dateModified\":\"2022-04-28T06:49:36+00:00\",\"description\":\"Junior scrabble board stavespill - for verdifull familietid med barna dine. H\u00e5ndlagde og milj\u00f8vennlige l\u00e6releker fra Woodinout.\",\"breadcrumb\":{\"@id\":\"https:\/\/woodinout.net\/no\/product\/scrabble-brett-med-alfabet-fliser\/#breadcrumb\"},\"inLanguage\":\"nb-NO\",\"potentialAction\":[{\"@type\":\"ReadAction\",\"target\":[\"https:\/\/woodinout.net\/no\/product\/scrabble-brett-med-alfabet-fliser\/\"]}]},{\"@type\":\"BreadcrumbList\",\"@id\":\"https:\/\/woodinout.net\/no\/product\/scrabble-brett-med-alfabet-fliser\/#breadcrumb\",\"itemListElement\":[{\"@type\":\"ListItem\",\"position\":1,\"name\":\"Home\",\"item\":\"https:\/\/woodinout.net\/no\/\"},{\"@type\":\"ListItem\",\"position\":2,\"name\":\"Shop\",\"item\":\"https:\/\/woodinout.net\/shop\/\"},{\"@type\":\"ListItem\",\"position\":3,\"name\":\"Junior Scrabble-brettsett\"}]},{\"@type\":\"WebSite\",\"@id\":\"https:\/\/woodinout.net\/no\/#website\",\"url\":\"https:\/\/woodinout.net\/no\/\",\"name\":\"Woodinout \u00a9\",\"description\":\"Wooden Montessori toys, gifts, home and events decor details\",\"potentialAction\":[{\"@type\":\"SearchAction\",\"target\":{\"@type\":\"EntryPoint\",\"urlTemplate\":\"https:\/\/woodinout.net\/no\/?s={search_term_string}\"},\"query-input\":\"required name=search_term_string\"}],\"inLanguage\":\"nb-NO\"}]}<\/script>\n<!-- \/ Yoast SEO plugin. -->","yoast_head_json":{"title":"Junior Scrabble-brettsett - Woodinout \u00a9","description":"Junior scrabble board stavespill - for verdifull familietid med barna dine. H\u00e5ndlagde og milj\u00f8vennlige l\u00e6releker fra Woodinout.","robots":{"index":"index","follow":"follow","max-snippet":"max-snippet:-1","max-image-preview":"max-image-preview:large","max-video-preview":"max-video-preview:-1"},"canonical":"https:\/\/woodinout.net\/no\/product\/scrabble-brett-med-alfabet-fliser\/","og_locale":"nb_NO","og_type":"article","og_title":"Junior Scrabble-brettsett - Woodinout \u00a9","og_description":"Junior scrabble board stavespill - for verdifull familietid med barna dine. H\u00e5ndlagde og milj\u00f8vennlige l\u00e6releker fra Woodinout.","og_url":"https:\/\/woodinout.net\/no\/product\/scrabble-brett-med-alfabet-fliser\/","og_site_name":"Woodinout \u00a9","article_modified_time":"2022-04-28T06:49:36+00:00","og_image":[{"width":853,"height":1280,"url":"https:\/\/woodinout.net\/wp-content\/uploads\/2020\/06\/Scrabble-board-with-alphabet-tiles-3.jpg","type":"image\/jpeg"}],"twitter_card":"summary_large_image","twitter_misc":{"Ansl. lesetid":"1 minutt"},"schema":{"@context":"https:\/\/schema.org","@graph":[{"@type":"WebPage","@id":"https:\/\/woodinout.net\/no\/product\/scrabble-brett-med-alfabet-fliser\/","url":"https:\/\/woodinout.net\/no\/product\/scrabble-brett-med-alfabet-fliser\/","name":"Junior Scrabble-brettsett - Woodinout \u00a9","isPartOf":{"@id":"https:\/\/woodinout.net\/no\/#website"},"datePublished":"2020-06-23T18:39:46+00:00","dateModified":"2022-04-28T06:49:36+00:00","description":"Junior scrabble board stavespill - for verdifull familietid med barna dine. H\u00e5ndlagde og milj\u00f8vennlige l\u00e6releker fra Woodinout.","breadcrumb":{"@id":"https:\/\/woodinout.net\/no\/product\/scrabble-brett-med-alfabet-fliser\/#breadcrumb"},"inLanguage":"nb-NO","potentialAction":[{"@type":"ReadAction","target":["https:\/\/woodinout.net\/no\/product\/scrabble-brett-med-alfabet-fliser\/"]}]},{"@type":"BreadcrumbList","@id":"https:\/\/woodinout.net\/no\/product\/scrabble-brett-med-alfabet-fliser\/#breadcrumb","itemListElement":[{"@type":"ListItem","position":1,"name":"Home","item":"https:\/\/woodinout.net\/no\/"},{"@type":"ListItem","position":2,"name":"Shop","item":"https:\/\/woodinout.net\/shop\/"},{"@type":"ListItem","position":3,"name":"Junior Scrabble-brettsett"}]},{"@type":"WebSite","@id":"https:\/\/woodinout.net\/no\/#website","url":"https:\/\/woodinout.net\/no\/","name":"Woodinout \u00a9","description":"Wooden Montessori toys, gifts, home and events decor details","potentialAction":[{"@type":"SearchAction","target":{"@type":"EntryPoint","urlTemplate":"https:\/\/woodinout.net\/no\/?s={search_term_string}"},"query-input":"required name=search_term_string"}],"inLanguage":"nb-NO"}]}},"_links":{"self":[{"href":"https:\/\/woodinout.net\/no\/wp-json\/wp\/v2\/product\/21257"}],"collection":[{"href":"https:\/\/woodinout.net\/no\/wp-json\/wp\/v2\/product"}],"about":[{"href":"https:\/\/woodinout.net\/no\/wp-json\/wp\/v2\/types\/product"}],"wp:featuredmedia":[{"embeddable":true,"href":"https:\/\/woodinout.net\/no\/wp-json\/wp\/v2\/media\/17963"}],"wp:attachment":[{"href":"https:\/\/woodinout.net\/no\/wp-json\/wp\/v2\/media?parent=21257"}],"wp:term":[{"taxonomy":"product_cat","embeddable":true,"href":"https:\/\/woodinout.net\/no\/wp-json\/wp\/v2\/product_cat?post=21257"},{"taxonomy":"product_tag","embeddable":true,"href":"https:\/\/woodinout.net\/no\/wp-json\/wp\/v2\/product_tag?post=21257"}],"curies":[{"name":"wp","href":"https:\/\/api.w.org\/{rel}","templated":true}]}}