{"id":21255,"date":"2020-06-29T23:14:46","date_gmt":"2020-06-29T20:14:46","guid":{"rendered":"https:\/\/woodinout.net\/product\/montessori-sandbrett\/"},"modified":"2022-04-28T09:46:43","modified_gmt":"2022-04-28T06:46:43","slug":"unike-sandbrett-av-montessori-waldorf-leker","status":"publish","type":"product","link":"https:\/\/woodinout.net\/no\/product\/unike-sandbrett-av-montessori-waldorf-leker\/","title":{"rendered":"Montessori sandbrett"},"content":{"rendered":"<p>Originalt og unikt Montessori-sandbrett har mange form\u00e5l:<\/p>\n<p>1. Legg sand i det &#8211; legg til trebokstaver p\u00e5 forh\u00e5nd og fingerspor alfabetet Montessori-metoden.<br \/>\n2. Fyll forskjellige steinperler, legg til trenummerkort p\u00e5 forh\u00e5nd &#8211; du kan sortere steiner eller legge dem i tallformer.<br \/>\n3. Brukte det som perlebrett med telleperler. Legg til 10 sm\u00e5fingerkort p\u00e5 forh\u00e5nd, og la barna velge hvor mange perler som skal legges i brettet.<\/p>\n<p>Inspirert av Montessori babygaver er godt verdsatt av foreldre, hvis du \u00f8nsker kan vi legge til PERSONALISERING \ud83d\ude42 Alle trelekene v\u00e5re er h\u00e5ndlagde og milj\u00f8vennlige for trygg lek og l\u00e6ring.<\/p>\n<p>Settet inneholder:<br \/>\n1 stk. brett<\/p>\n<p>Du kan velge mellom 5 ALTERNATIVER:<br \/>\nA: Bare brett<br \/>\nB: 26 stk. trekryssfinerbokstavkort, dimensjon: ~ 1,8 x 1,8 tommer, tykkelse ~0,12 tommer<br \/>\nC: 2&#215;26 stk. trekryssfinerbokstavkort, dimensjon: ~ 1,8 x 1,8 tommer, tykkelse ~0,12 tommer<br \/>\nD: 23 stk.: trekryssfiner tall 1-20 og 3 symboler(+-=) kort, dimensjon: ~ 1,8 x 1,8 tommer, tykkelse ~0,12 tommer<br \/>\nE: 10 stk. kryssfinerkort med fingre tallbilder, dimensjon: ~ 1,8 x 1,8 tommer, tykkelse ~0,12 tommer<\/p>\n<p>HVIS DU TRENGER ANDRE TYPE ELLER EKSTRA KORT, KAN DU KJ\u00d8PE DET HER:<br \/>\n<a href=\"https:\/\/woodinout.net\/product\/wooden-letters-alphabet-blocks\/\">26 stk. trekryssfinerbokstavkort, dimensjon: ~ 1,8 x 1,8 tommer, tykkelse ~0,12 tommer<\/a><br \/>\n<a href=\"https:\/\/woodinout.net\/product\/wooden-number-blocks\/\">23 stk.: trekryssfiner nummer 1-20 og 3 symboler(+-=) kort, dimensjon: ~ 1,8 x 1,8 tommer, tykkelse ~0,12 tommer<\/a><br \/>\n<a href=\"https:\/\/woodinout.net\/product\/wooden-finger-counting-blocks\/\">10 stk. kryssfinerkort med fingre tallbilder, dimensjon: ~ 1,8 x 1,8 tommer, tykkelse ~0,12 tommer<\/a><br \/>\n<a href=\"https:\/\/woodinout.net\/product\/wooden-counting-object-blocks\/\">10 stk. kryssfinerkort med forskjellige antall bilder, dimensjon: ~ 1,8 x 1,8 tommer, tykkelse ~0,12 tommer<\/a><\/p>\n<p>BRETT DIMENSJONER<br \/>\n6 x 10 tommer<br \/>\nTykkelse: ~0,6 tommer<\/p>\n<p>FARGER OG MATERIALE<br \/>\nBOARD Farge: naturlig eller brunoljet. Kort\/blokker kun naturlig farge.<br \/>\nPlaten er laget av NATURLIG MASSIVTRE.<br \/>\nV\u00e6r oppmerksom p\u00e5 at farger kan variere p\u00e5 grunn av innstillinger for dataskjerm og lys.<\/p>\n<p>For flere ideer, f\u00f8lg oss p\u00e5 <a href=\"https:\/\/www.instagram.com\/woodinout\/\">INSTAGRAM<\/a> &amp; <a href=\"https:\/\/www.facebook.com\/Woodinout.net\">FACEBOOK<\/a><\/p>\n","protected":false},"excerpt":{"rendered":"<p>Originalt og unikt Montessori-sandbrett har mange form\u00e5l: 1. Legg sand i det &#8211; legg til trebokstaver p\u00e5 forh\u00e5nd og fingerspor alfabetet Montessori-metoden. 2. Fyll forskjellige steinperler, legg til trenummerkort p\u00e5 forh\u00e5nd &#8211; du kan sortere steiner eller legge dem i tallformer. 3. Brukte det som perlebrett med telleperler. Legg til 10 sm\u00e5fingerkort p\u00e5 forh\u00e5nd, og [&hellip;]<\/p>\n","protected":false},"featured_media":18251,"template":"","meta":{"_monsterinsights_skip_tracking":false,"_monsterinsights_sitenote_active":false,"_monsterinsights_sitenote_note":"","_monsterinsights_sitenote_category":0},"product_cat":[1616,1699,1477],"product_tag":[1505,1511,1634,1532,1633,1500,1494,2058,1536,1484,1489,1480],"yoast_head":"<!-- This site is optimized with the Yoast SEO plugin v22.1 - https:\/\/yoast.com\/wordpress\/plugins\/seo\/ -->\n<title>Montessori sandbrett - Woodinout \u00a9<\/title>\n<meta name=\"description\" content=\"Montessori sandbrett har mange form\u00e5l - l\u00e6re, leke, legge gjenstander, spore bokstaver eller tall og mange flere aktiviteter med en Montessori leke.\" \/>\n<meta name=\"robots\" content=\"index, follow, max-snippet:-1, max-image-preview:large, max-video-preview:-1\" \/>\n<link rel=\"canonical\" href=\"https:\/\/woodinout.net\/no\/product\/unike-sandbrett-av-montessori-waldorf-leker\/\" \/>\n<meta property=\"og:locale\" content=\"nb_NO\" \/>\n<meta property=\"og:type\" content=\"article\" \/>\n<meta property=\"og:title\" content=\"Montessori sandbrett - Woodinout \u00a9\" \/>\n<meta property=\"og:description\" content=\"Montessori sandbrett har mange form\u00e5l - l\u00e6re, leke, legge gjenstander, spore bokstaver eller tall og mange flere aktiviteter med en Montessori leke.\" \/>\n<meta property=\"og:url\" content=\"https:\/\/woodinout.net\/no\/product\/unike-sandbrett-av-montessori-waldorf-leker\/\" \/>\n<meta property=\"og:site_name\" content=\"Woodinout \u00a9\" \/>\n<meta property=\"article:modified_time\" content=\"2022-04-28T06:46:43+00:00\" \/>\n<meta property=\"og:image\" content=\"https:\/\/woodinout.net\/wp-content\/uploads\/2020\/06\/Unique-sand-tray-by-Montessori-Waldorf-toys-2.jpg\" \/>\n\t<meta property=\"og:image:width\" content=\"853\" \/>\n\t<meta property=\"og:image:height\" content=\"1280\" \/>\n\t<meta property=\"og:image:type\" content=\"image\/jpeg\" \/>\n<meta name=\"twitter:card\" content=\"summary_large_image\" \/>\n<meta name=\"twitter:label1\" content=\"Ansl. lesetid\" \/>\n\t<meta name=\"twitter:data1\" content=\"1 minutt\" \/>\n<script type=\"application\/ld+json\" class=\"yoast-schema-graph\">{\"@context\":\"https:\/\/schema.org\",\"@graph\":[{\"@type\":\"WebPage\",\"@id\":\"https:\/\/woodinout.net\/no\/product\/unike-sandbrett-av-montessori-waldorf-leker\/\",\"url\":\"https:\/\/woodinout.net\/no\/product\/unike-sandbrett-av-montessori-waldorf-leker\/\",\"name\":\"Montessori sandbrett - Woodinout \u00a9\",\"isPartOf\":{\"@id\":\"https:\/\/woodinout.net\/no\/#website\"},\"datePublished\":\"2020-06-29T20:14:46+00:00\",\"dateModified\":\"2022-04-28T06:46:43+00:00\",\"description\":\"Montessori sandbrett har mange form\u00e5l - l\u00e6re, leke, legge gjenstander, spore bokstaver eller tall og mange flere aktiviteter med en Montessori leke.\",\"breadcrumb\":{\"@id\":\"https:\/\/woodinout.net\/no\/product\/unike-sandbrett-av-montessori-waldorf-leker\/#breadcrumb\"},\"inLanguage\":\"nb-NO\",\"potentialAction\":[{\"@type\":\"ReadAction\",\"target\":[\"https:\/\/woodinout.net\/no\/product\/unike-sandbrett-av-montessori-waldorf-leker\/\"]}]},{\"@type\":\"BreadcrumbList\",\"@id\":\"https:\/\/woodinout.net\/no\/product\/unike-sandbrett-av-montessori-waldorf-leker\/#breadcrumb\",\"itemListElement\":[{\"@type\":\"ListItem\",\"position\":1,\"name\":\"Home\",\"item\":\"https:\/\/woodinout.net\/no\/\"},{\"@type\":\"ListItem\",\"position\":2,\"name\":\"Shop\",\"item\":\"https:\/\/woodinout.net\/shop\/\"},{\"@type\":\"ListItem\",\"position\":3,\"name\":\"Montessori sandbrett\"}]},{\"@type\":\"WebSite\",\"@id\":\"https:\/\/woodinout.net\/no\/#website\",\"url\":\"https:\/\/woodinout.net\/no\/\",\"name\":\"Woodinout \u00a9\",\"description\":\"Wooden Montessori toys, gifts, home and events decor details\",\"potentialAction\":[{\"@type\":\"SearchAction\",\"target\":{\"@type\":\"EntryPoint\",\"urlTemplate\":\"https:\/\/woodinout.net\/no\/?s={search_term_string}\"},\"query-input\":\"required name=search_term_string\"}],\"inLanguage\":\"nb-NO\"}]}<\/script>\n<!-- \/ Yoast SEO plugin. -->","yoast_head_json":{"title":"Montessori sandbrett - Woodinout \u00a9","description":"Montessori sandbrett har mange form\u00e5l - l\u00e6re, leke, legge gjenstander, spore bokstaver eller tall og mange flere aktiviteter med en Montessori leke.","robots":{"index":"index","follow":"follow","max-snippet":"max-snippet:-1","max-image-preview":"max-image-preview:large","max-video-preview":"max-video-preview:-1"},"canonical":"https:\/\/woodinout.net\/no\/product\/unike-sandbrett-av-montessori-waldorf-leker\/","og_locale":"nb_NO","og_type":"article","og_title":"Montessori sandbrett - Woodinout \u00a9","og_description":"Montessori sandbrett har mange form\u00e5l - l\u00e6re, leke, legge gjenstander, spore bokstaver eller tall og mange flere aktiviteter med en Montessori leke.","og_url":"https:\/\/woodinout.net\/no\/product\/unike-sandbrett-av-montessori-waldorf-leker\/","og_site_name":"Woodinout \u00a9","article_modified_time":"2022-04-28T06:46:43+00:00","og_image":[{"width":853,"height":1280,"url":"https:\/\/woodinout.net\/wp-content\/uploads\/2020\/06\/Unique-sand-tray-by-Montessori-Waldorf-toys-2.jpg","type":"image\/jpeg"}],"twitter_card":"summary_large_image","twitter_misc":{"Ansl. lesetid":"1 minutt"},"schema":{"@context":"https:\/\/schema.org","@graph":[{"@type":"WebPage","@id":"https:\/\/woodinout.net\/no\/product\/unike-sandbrett-av-montessori-waldorf-leker\/","url":"https:\/\/woodinout.net\/no\/product\/unike-sandbrett-av-montessori-waldorf-leker\/","name":"Montessori sandbrett - Woodinout \u00a9","isPartOf":{"@id":"https:\/\/woodinout.net\/no\/#website"},"datePublished":"2020-06-29T20:14:46+00:00","dateModified":"2022-04-28T06:46:43+00:00","description":"Montessori sandbrett har mange form\u00e5l - l\u00e6re, leke, legge gjenstander, spore bokstaver eller tall og mange flere aktiviteter med en Montessori leke.","breadcrumb":{"@id":"https:\/\/woodinout.net\/no\/product\/unike-sandbrett-av-montessori-waldorf-leker\/#breadcrumb"},"inLanguage":"nb-NO","potentialAction":[{"@type":"ReadAction","target":["https:\/\/woodinout.net\/no\/product\/unike-sandbrett-av-montessori-waldorf-leker\/"]}]},{"@type":"BreadcrumbList","@id":"https:\/\/woodinout.net\/no\/product\/unike-sandbrett-av-montessori-waldorf-leker\/#breadcrumb","itemListElement":[{"@type":"ListItem","position":1,"name":"Home","item":"https:\/\/woodinout.net\/no\/"},{"@type":"ListItem","position":2,"name":"Shop","item":"https:\/\/woodinout.net\/shop\/"},{"@type":"ListItem","position":3,"name":"Montessori sandbrett"}]},{"@type":"WebSite","@id":"https:\/\/woodinout.net\/no\/#website","url":"https:\/\/woodinout.net\/no\/","name":"Woodinout \u00a9","description":"Wooden Montessori toys, gifts, home and events decor details","potentialAction":[{"@type":"SearchAction","target":{"@type":"EntryPoint","urlTemplate":"https:\/\/woodinout.net\/no\/?s={search_term_string}"},"query-input":"required name=search_term_string"}],"inLanguage":"nb-NO"}]}},"_links":{"self":[{"href":"https:\/\/woodinout.net\/no\/wp-json\/wp\/v2\/product\/21255"}],"collection":[{"href":"https:\/\/woodinout.net\/no\/wp-json\/wp\/v2\/product"}],"about":[{"href":"https:\/\/woodinout.net\/no\/wp-json\/wp\/v2\/types\/product"}],"wp:featuredmedia":[{"embeddable":true,"href":"https:\/\/woodinout.net\/no\/wp-json\/wp\/v2\/media\/18251"}],"wp:attachment":[{"href":"https:\/\/woodinout.net\/no\/wp-json\/wp\/v2\/media?parent=21255"}],"wp:term":[{"taxonomy":"product_cat","embeddable":true,"href":"https:\/\/woodinout.net\/no\/wp-json\/wp\/v2\/product_cat?post=21255"},{"taxonomy":"product_tag","embeddable":true,"href":"https:\/\/woodinout.net\/no\/wp-json\/wp\/v2\/product_tag?post=21255"}],"curies":[{"name":"wp","href":"https:\/\/api.w.org\/{rel}","templated":true}]}}