{"id":21254,"date":"2020-06-20T23:12:34","date_gmt":"2020-06-20T20:12:34","guid":{"rendered":"https:\/\/woodinout.net\/product\/10x10-tre-geoboard\/"},"modified":"2020-06-20T23:12:34","modified_gmt":"2020-06-20T20:12:34","slug":"tre-leker-geoboard-montessori-100-ramme-pinnebrett-med-gummiband","status":"publish","type":"product","link":"https:\/\/woodinout.net\/no\/product\/tre-leker-geoboard-montessori-100-ramme-pinnebrett-med-gummiband\/","title":{"rendered":"10&#215;10 tre geoboard"},"content":{"rendered":"<p>Tre geoboard er en unik <a href=\"https:\/\/woodinout.net\/product-tag\/kids-gifts\/\">pedagogisk gave<\/a> . Verdenskjente Montessori-leker er en enkel og morsom m\u00e5te \u00e5 l\u00e6re og utdanne barn i sm\u00e5barns\u00e5r eller f\u00f8rskole. Dette trepinnebrettet er en av s\u00f8te og morsomme m\u00e5ter \u00e5 l\u00e6re former, farger, tall og s\u00e5 videre p\u00e5. Stol p\u00e5 meg, barn elsker det. De kan bruke TIMER p\u00e5 denne fantastiske aktivitetstavlen.<br \/>\nL\u00e6releker er fortsatt LEKER i \u00f8ynene til en pjokk. V\u00e5re h\u00e5ndlagde treleker er ikke bare laget for \u00e5 v\u00e6re en morsom m\u00e5te \u00e5 l\u00e6re p\u00e5, men er ogs\u00e5 veldig pene. Derfor kan dette naturlige leket\u00f8yet v\u00e6re stilig innredning p\u00e5 barnerommet &#8211; bare bruk fantasien din her.<\/p>\n<p>Settet inneholder:<br \/>\nBrett med 100 knagger<br \/>\nsett med fargerike gummib\u00e5nd<\/p>\n<p>DIMENSJONER<br \/>\nH\u00f8yde: ~13 tommer<br \/>\nLengde: ~13 tommer<br \/>\nTykkelse: ~1,6 tommer<\/p>\n<p>FARGER OG MATERIALE<br \/>\nFarge: naturlig eller brunoljet.<br \/>\nLeket\u00f8yet er laget av NATURLIG MASSIVT TRE.<br \/>\nV\u00e6r oppmerksom p\u00e5 at farger kan variere p\u00e5 grunn av innstillinger for dataskjerm og lys.<\/p>\n<p>Finn flere treideer p\u00e5 v\u00e5r <a href=\"https:\/\/www.pinterest.com\/Woodinoutnet\/_created\/\">PINTEREST.<\/a><\/p>\n","protected":false},"excerpt":{"rendered":"<p>Tre geoboard er en unik pedagogisk gave . Verdenskjente Montessori-leker er en enkel og morsom m\u00e5te \u00e5 l\u00e6re og utdanne barn i sm\u00e5barns\u00e5r eller f\u00f8rskole. Dette trepinnebrettet er en av s\u00f8te og morsomme m\u00e5ter \u00e5 l\u00e6re former, farger, tall og s\u00e5 videre p\u00e5. Stol p\u00e5 meg, barn elsker det. De kan bruke TIMER p\u00e5 denne [&hellip;]<\/p>\n","protected":false},"featured_media":17235,"template":"","meta":{"_monsterinsights_skip_tracking":false,"_monsterinsights_sitenote_active":false,"_monsterinsights_sitenote_note":"","_monsterinsights_sitenote_category":0},"product_cat":[1699,1477],"product_tag":[1505,1511,2046,2045,2048,1500,1494,1484,1489,1480],"yoast_head":"<!-- This site is optimized with the Yoast SEO plugin v22.1 - https:\/\/yoast.com\/wordpress\/plugins\/seo\/ -->\n<title>10x10 tre geoboard - Woodinout \u00a9 -leker<\/title>\n<meta name=\"description\" content=\"Naturlige treleker er best for fantasifull og kreativ lek. Montessori-inspirert Geoboard er akkurat det! Barn l\u00e6rer p\u00e5 en morsom m\u00e5te.\" \/>\n<meta name=\"robots\" content=\"index, follow, max-snippet:-1, max-image-preview:large, max-video-preview:-1\" \/>\n<link rel=\"canonical\" href=\"https:\/\/woodinout.net\/no\/product\/tre-leker-geoboard-montessori-100-ramme-pinnebrett-med-gummiband\/\" \/>\n<meta property=\"og:locale\" content=\"nb_NO\" \/>\n<meta property=\"og:type\" content=\"article\" \/>\n<meta property=\"og:title\" content=\"10x10 tre geoboard - Woodinout \u00a9 -leker\" \/>\n<meta property=\"og:description\" content=\"Naturlige treleker er best for fantasifull og kreativ lek. Montessori-inspirert Geoboard er akkurat det! Barn l\u00e6rer p\u00e5 en morsom m\u00e5te.\" \/>\n<meta property=\"og:url\" content=\"https:\/\/woodinout.net\/no\/product\/tre-leker-geoboard-montessori-100-ramme-pinnebrett-med-gummiband\/\" \/>\n<meta property=\"og:site_name\" content=\"Woodinout \u00a9\" \/>\n<meta property=\"og:image\" content=\"https:\/\/woodinout.net\/wp-content\/uploads\/2020\/06\/Wooden-toys-Geoboard-1.jpg\" \/>\n\t<meta property=\"og:image:width\" content=\"853\" \/>\n\t<meta property=\"og:image:height\" content=\"1280\" \/>\n\t<meta property=\"og:image:type\" content=\"image\/jpeg\" \/>\n<meta name=\"twitter:card\" content=\"summary_large_image\" \/>\n<meta name=\"twitter:label1\" content=\"Ansl. lesetid\" \/>\n\t<meta name=\"twitter:data1\" content=\"1 minutt\" \/>\n<script type=\"application\/ld+json\" class=\"yoast-schema-graph\">{\"@context\":\"https:\/\/schema.org\",\"@graph\":[{\"@type\":\"WebPage\",\"@id\":\"https:\/\/woodinout.net\/no\/product\/tre-leker-geoboard-montessori-100-ramme-pinnebrett-med-gummiband\/\",\"url\":\"https:\/\/woodinout.net\/no\/product\/tre-leker-geoboard-montessori-100-ramme-pinnebrett-med-gummiband\/\",\"name\":\"10x10 tre geoboard - Woodinout \u00a9 -leker\",\"isPartOf\":{\"@id\":\"https:\/\/woodinout.net\/no\/#website\"},\"datePublished\":\"2020-06-20T20:12:34+00:00\",\"dateModified\":\"2020-06-20T20:12:34+00:00\",\"description\":\"Naturlige treleker er best for fantasifull og kreativ lek. Montessori-inspirert Geoboard er akkurat det! Barn l\u00e6rer p\u00e5 en morsom m\u00e5te.\",\"breadcrumb\":{\"@id\":\"https:\/\/woodinout.net\/no\/product\/tre-leker-geoboard-montessori-100-ramme-pinnebrett-med-gummiband\/#breadcrumb\"},\"inLanguage\":\"nb-NO\",\"potentialAction\":[{\"@type\":\"ReadAction\",\"target\":[\"https:\/\/woodinout.net\/no\/product\/tre-leker-geoboard-montessori-100-ramme-pinnebrett-med-gummiband\/\"]}]},{\"@type\":\"BreadcrumbList\",\"@id\":\"https:\/\/woodinout.net\/no\/product\/tre-leker-geoboard-montessori-100-ramme-pinnebrett-med-gummiband\/#breadcrumb\",\"itemListElement\":[{\"@type\":\"ListItem\",\"position\":1,\"name\":\"Home\",\"item\":\"https:\/\/woodinout.net\/no\/\"},{\"@type\":\"ListItem\",\"position\":2,\"name\":\"Shop\",\"item\":\"https:\/\/woodinout.net\/shop\/\"},{\"@type\":\"ListItem\",\"position\":3,\"name\":\"10&#215;10 tre geoboard\"}]},{\"@type\":\"WebSite\",\"@id\":\"https:\/\/woodinout.net\/no\/#website\",\"url\":\"https:\/\/woodinout.net\/no\/\",\"name\":\"Woodinout \u00a9\",\"description\":\"Wooden Montessori toys, gifts, home and events decor details\",\"potentialAction\":[{\"@type\":\"SearchAction\",\"target\":{\"@type\":\"EntryPoint\",\"urlTemplate\":\"https:\/\/woodinout.net\/no\/?s={search_term_string}\"},\"query-input\":\"required name=search_term_string\"}],\"inLanguage\":\"nb-NO\"}]}<\/script>\n<!-- \/ Yoast SEO plugin. -->","yoast_head_json":{"title":"10x10 tre geoboard - Woodinout \u00a9 -leker","description":"Naturlige treleker er best for fantasifull og kreativ lek. Montessori-inspirert Geoboard er akkurat det! Barn l\u00e6rer p\u00e5 en morsom m\u00e5te.","robots":{"index":"index","follow":"follow","max-snippet":"max-snippet:-1","max-image-preview":"max-image-preview:large","max-video-preview":"max-video-preview:-1"},"canonical":"https:\/\/woodinout.net\/no\/product\/tre-leker-geoboard-montessori-100-ramme-pinnebrett-med-gummiband\/","og_locale":"nb_NO","og_type":"article","og_title":"10x10 tre geoboard - Woodinout \u00a9 -leker","og_description":"Naturlige treleker er best for fantasifull og kreativ lek. Montessori-inspirert Geoboard er akkurat det! Barn l\u00e6rer p\u00e5 en morsom m\u00e5te.","og_url":"https:\/\/woodinout.net\/no\/product\/tre-leker-geoboard-montessori-100-ramme-pinnebrett-med-gummiband\/","og_site_name":"Woodinout \u00a9","og_image":[{"width":853,"height":1280,"url":"https:\/\/woodinout.net\/wp-content\/uploads\/2020\/06\/Wooden-toys-Geoboard-1.jpg","type":"image\/jpeg"}],"twitter_card":"summary_large_image","twitter_misc":{"Ansl. lesetid":"1 minutt"},"schema":{"@context":"https:\/\/schema.org","@graph":[{"@type":"WebPage","@id":"https:\/\/woodinout.net\/no\/product\/tre-leker-geoboard-montessori-100-ramme-pinnebrett-med-gummiband\/","url":"https:\/\/woodinout.net\/no\/product\/tre-leker-geoboard-montessori-100-ramme-pinnebrett-med-gummiband\/","name":"10x10 tre geoboard - Woodinout \u00a9 -leker","isPartOf":{"@id":"https:\/\/woodinout.net\/no\/#website"},"datePublished":"2020-06-20T20:12:34+00:00","dateModified":"2020-06-20T20:12:34+00:00","description":"Naturlige treleker er best for fantasifull og kreativ lek. Montessori-inspirert Geoboard er akkurat det! Barn l\u00e6rer p\u00e5 en morsom m\u00e5te.","breadcrumb":{"@id":"https:\/\/woodinout.net\/no\/product\/tre-leker-geoboard-montessori-100-ramme-pinnebrett-med-gummiband\/#breadcrumb"},"inLanguage":"nb-NO","potentialAction":[{"@type":"ReadAction","target":["https:\/\/woodinout.net\/no\/product\/tre-leker-geoboard-montessori-100-ramme-pinnebrett-med-gummiband\/"]}]},{"@type":"BreadcrumbList","@id":"https:\/\/woodinout.net\/no\/product\/tre-leker-geoboard-montessori-100-ramme-pinnebrett-med-gummiband\/#breadcrumb","itemListElement":[{"@type":"ListItem","position":1,"name":"Home","item":"https:\/\/woodinout.net\/no\/"},{"@type":"ListItem","position":2,"name":"Shop","item":"https:\/\/woodinout.net\/shop\/"},{"@type":"ListItem","position":3,"name":"10&#215;10 tre geoboard"}]},{"@type":"WebSite","@id":"https:\/\/woodinout.net\/no\/#website","url":"https:\/\/woodinout.net\/no\/","name":"Woodinout \u00a9","description":"Wooden Montessori toys, gifts, home and events decor details","potentialAction":[{"@type":"SearchAction","target":{"@type":"EntryPoint","urlTemplate":"https:\/\/woodinout.net\/no\/?s={search_term_string}"},"query-input":"required name=search_term_string"}],"inLanguage":"nb-NO"}]}},"_links":{"self":[{"href":"https:\/\/woodinout.net\/no\/wp-json\/wp\/v2\/product\/21254"}],"collection":[{"href":"https:\/\/woodinout.net\/no\/wp-json\/wp\/v2\/product"}],"about":[{"href":"https:\/\/woodinout.net\/no\/wp-json\/wp\/v2\/types\/product"}],"wp:featuredmedia":[{"embeddable":true,"href":"https:\/\/woodinout.net\/no\/wp-json\/wp\/v2\/media\/17235"}],"wp:attachment":[{"href":"https:\/\/woodinout.net\/no\/wp-json\/wp\/v2\/media?parent=21254"}],"wp:term":[{"taxonomy":"product_cat","embeddable":true,"href":"https:\/\/woodinout.net\/no\/wp-json\/wp\/v2\/product_cat?post=21254"},{"taxonomy":"product_tag","embeddable":true,"href":"https:\/\/woodinout.net\/no\/wp-json\/wp\/v2\/product_tag?post=21254"}],"curies":[{"name":"wp","href":"https:\/\/api.w.org\/{rel}","templated":true}]}}