{"id":21250,"date":"2020-06-23T20:48:29","date_gmt":"2020-06-23T17:48:29","guid":{"rendered":"https:\/\/woodinout.net\/product\/klokke-av-tre\/"},"modified":"2022-04-28T11:20:55","modified_gmt":"2022-04-28T08:20:55","slug":"ved-klokke-fortelling-tid","status":"publish","type":"product","link":"https:\/\/woodinout.net\/no\/product\/ved-klokke-fortelling-tid\/","title":{"rendered":"Klokke av tre"},"content":{"rendered":"<p>Treklokke for \u00e5 fortelle tiden for barna er en av de mest interessante l\u00e6ringslekene blant v\u00e5re sm\u00e5rollinger. Verdenskjent Montessori-inspirert pendelklokke for barn er en ENKEL og G\u00d8Y m\u00e5te \u00e5 l\u00e6re klokketall, br\u00f8ker, minutter og timer p\u00e5, stille inn tid med piler og rett og slett ha MYE G\u00d8Y. Treleker og spill er det vi gj\u00f8r best p\u00e5 Woodinout, n\u00f8ye h\u00e5ndlaget og nydelig utseende &#8211; kan v\u00e6re perfekte sm\u00e5barnsgaver. Waldorf <a href=\"https:\/\/woodinout.net\/product-tag\/educational-toys\/\">f\u00f8rskoleleker<\/a> og -spill er godt verdsatt over hele verden for deres l\u00e6re for lek-system. L\u00e6releker er fortsatt LEKER i barnas \u00f8yne. Nyt tiden din sammen med denne Wood-klokken N\u00c5 og bli med i familien av forn\u00f8yde kunder her p\u00e5 Woodinout.<\/p>\n<p>Settet inneholder:<br \/>\nWood Clock bord<br \/>\n12 blokker med klokkenummer 1-12<br \/>\nTrekantblokker: 2 stk. &#8211; 30 min., 4 stk. &#8211; 15 min., 12 stk. &#8211; 5 min.<br \/>\n2 piler<\/p>\n<p>DIMENSJONER<\/p>\n<p>Klokkebrett<br \/>\nDiameter: ~6. tommer<br \/>\nTykkelse: ~0,6 tommer<\/p>\n<p>FARGER OG MATERIALE<br \/>\nFarge: m\u00f8rkebrun og naturlig oljet.<br \/>\nLeket\u00f8y er laget av NATURLIG MASSIVT TRE og kryssfiner.<br \/>\nV\u00e6r oppmerksom p\u00e5 at farger kan variere p\u00e5 grunn av innstillinger for dataskjerm og lys.<\/p>\n<p>For flere ideer, f\u00f8lg oss p\u00e5 <a href=\"https:\/\/www.instagram.com\/woodinout\/\">INSTAGRAM<\/a> &amp; <a href=\"https:\/\/www.facebook.com\/Woodinout.net\">FACEBOOK<\/a><\/p>\n","protected":false},"excerpt":{"rendered":"<p>Treklokke for \u00e5 fortelle tiden for barna er en av de mest interessante l\u00e6ringslekene blant v\u00e5re sm\u00e5rollinger. Verdenskjent Montessori-inspirert pendelklokke for barn er en ENKEL og G\u00d8Y m\u00e5te \u00e5 l\u00e6re klokketall, br\u00f8ker, minutter og timer p\u00e5, stille inn tid med piler og rett og slett ha MYE G\u00d8Y. Treleker og spill er det vi gj\u00f8r [&hellip;]<\/p>\n","protected":false},"featured_media":17659,"template":"","meta":{"_monsterinsights_skip_tracking":false,"_monsterinsights_sitenote_active":false,"_monsterinsights_sitenote_note":"","_monsterinsights_sitenote_category":0},"product_cat":[1477,1598],"product_tag":[1505,1511,2018,2017,1500,1540,1541,1494,1542,1484,1489,1480,2019,1609],"yoast_head":"<!-- This site is optimized with the Yoast SEO plugin v22.1 - https:\/\/yoast.com\/wordpress\/plugins\/seo\/ -->\n<title>Klokke av tre - Woodinout \u00a9 l\u00e6ringsleker<\/title>\n<meta name=\"description\" content=\"L\u00e6r \u00e5 fortelle tiden for barn med denne superkule treklokken. Naturlige materialer, h\u00e5ndlagde og pedagogiske - Inspirerte Montessori-leker.\" \/>\n<meta name=\"robots\" content=\"index, follow, max-snippet:-1, max-image-preview:large, max-video-preview:-1\" \/>\n<link rel=\"canonical\" href=\"https:\/\/woodinout.net\/no\/product\/ved-klokke-fortelling-tid\/\" \/>\n<meta property=\"og:locale\" content=\"nb_NO\" \/>\n<meta property=\"og:type\" content=\"article\" \/>\n<meta property=\"og:title\" content=\"Klokke av tre - Woodinout \u00a9 l\u00e6ringsleker\" \/>\n<meta property=\"og:description\" content=\"L\u00e6r \u00e5 fortelle tiden for barn med denne superkule treklokken. Naturlige materialer, h\u00e5ndlagde og pedagogiske - Inspirerte Montessori-leker.\" \/>\n<meta property=\"og:url\" content=\"https:\/\/woodinout.net\/no\/product\/ved-klokke-fortelling-tid\/\" \/>\n<meta property=\"og:site_name\" content=\"Woodinout \u00a9\" \/>\n<meta property=\"article:modified_time\" content=\"2022-04-28T08:20:55+00:00\" \/>\n<meta property=\"og:image\" content=\"https:\/\/woodinout.net\/wp-content\/uploads\/2020\/06\/Wood-clock-telling-time-4.jpg\" \/>\n\t<meta property=\"og:image:width\" content=\"853\" \/>\n\t<meta property=\"og:image:height\" content=\"1280\" \/>\n\t<meta property=\"og:image:type\" content=\"image\/jpeg\" \/>\n<meta name=\"twitter:card\" content=\"summary_large_image\" \/>\n<meta name=\"twitter:label1\" content=\"Ansl. lesetid\" \/>\n\t<meta name=\"twitter:data1\" content=\"1 minutt\" \/>\n<script type=\"application\/ld+json\" class=\"yoast-schema-graph\">{\"@context\":\"https:\/\/schema.org\",\"@graph\":[{\"@type\":\"WebPage\",\"@id\":\"https:\/\/woodinout.net\/no\/product\/ved-klokke-fortelling-tid\/\",\"url\":\"https:\/\/woodinout.net\/no\/product\/ved-klokke-fortelling-tid\/\",\"name\":\"Klokke av tre - Woodinout \u00a9 l\u00e6ringsleker\",\"isPartOf\":{\"@id\":\"https:\/\/woodinout.net\/no\/#website\"},\"datePublished\":\"2020-06-23T17:48:29+00:00\",\"dateModified\":\"2022-04-28T08:20:55+00:00\",\"description\":\"L\u00e6r \u00e5 fortelle tiden for barn med denne superkule treklokken. Naturlige materialer, h\u00e5ndlagde og pedagogiske - Inspirerte Montessori-leker.\",\"breadcrumb\":{\"@id\":\"https:\/\/woodinout.net\/no\/product\/ved-klokke-fortelling-tid\/#breadcrumb\"},\"inLanguage\":\"nb-NO\",\"potentialAction\":[{\"@type\":\"ReadAction\",\"target\":[\"https:\/\/woodinout.net\/no\/product\/ved-klokke-fortelling-tid\/\"]}]},{\"@type\":\"BreadcrumbList\",\"@id\":\"https:\/\/woodinout.net\/no\/product\/ved-klokke-fortelling-tid\/#breadcrumb\",\"itemListElement\":[{\"@type\":\"ListItem\",\"position\":1,\"name\":\"Home\",\"item\":\"https:\/\/woodinout.net\/no\/\"},{\"@type\":\"ListItem\",\"position\":2,\"name\":\"Shop\",\"item\":\"https:\/\/woodinout.net\/shop\/\"},{\"@type\":\"ListItem\",\"position\":3,\"name\":\"Klokke av tre\"}]},{\"@type\":\"WebSite\",\"@id\":\"https:\/\/woodinout.net\/no\/#website\",\"url\":\"https:\/\/woodinout.net\/no\/\",\"name\":\"Woodinout \u00a9\",\"description\":\"Wooden Montessori toys, gifts, home and events decor details\",\"potentialAction\":[{\"@type\":\"SearchAction\",\"target\":{\"@type\":\"EntryPoint\",\"urlTemplate\":\"https:\/\/woodinout.net\/no\/?s={search_term_string}\"},\"query-input\":\"required name=search_term_string\"}],\"inLanguage\":\"nb-NO\"}]}<\/script>\n<!-- \/ Yoast SEO plugin. -->","yoast_head_json":{"title":"Klokke av tre - Woodinout \u00a9 l\u00e6ringsleker","description":"L\u00e6r \u00e5 fortelle tiden for barn med denne superkule treklokken. Naturlige materialer, h\u00e5ndlagde og pedagogiske - Inspirerte Montessori-leker.","robots":{"index":"index","follow":"follow","max-snippet":"max-snippet:-1","max-image-preview":"max-image-preview:large","max-video-preview":"max-video-preview:-1"},"canonical":"https:\/\/woodinout.net\/no\/product\/ved-klokke-fortelling-tid\/","og_locale":"nb_NO","og_type":"article","og_title":"Klokke av tre - Woodinout \u00a9 l\u00e6ringsleker","og_description":"L\u00e6r \u00e5 fortelle tiden for barn med denne superkule treklokken. Naturlige materialer, h\u00e5ndlagde og pedagogiske - Inspirerte Montessori-leker.","og_url":"https:\/\/woodinout.net\/no\/product\/ved-klokke-fortelling-tid\/","og_site_name":"Woodinout \u00a9","article_modified_time":"2022-04-28T08:20:55+00:00","og_image":[{"width":853,"height":1280,"url":"https:\/\/woodinout.net\/wp-content\/uploads\/2020\/06\/Wood-clock-telling-time-4.jpg","type":"image\/jpeg"}],"twitter_card":"summary_large_image","twitter_misc":{"Ansl. lesetid":"1 minutt"},"schema":{"@context":"https:\/\/schema.org","@graph":[{"@type":"WebPage","@id":"https:\/\/woodinout.net\/no\/product\/ved-klokke-fortelling-tid\/","url":"https:\/\/woodinout.net\/no\/product\/ved-klokke-fortelling-tid\/","name":"Klokke av tre - Woodinout \u00a9 l\u00e6ringsleker","isPartOf":{"@id":"https:\/\/woodinout.net\/no\/#website"},"datePublished":"2020-06-23T17:48:29+00:00","dateModified":"2022-04-28T08:20:55+00:00","description":"L\u00e6r \u00e5 fortelle tiden for barn med denne superkule treklokken. Naturlige materialer, h\u00e5ndlagde og pedagogiske - Inspirerte Montessori-leker.","breadcrumb":{"@id":"https:\/\/woodinout.net\/no\/product\/ved-klokke-fortelling-tid\/#breadcrumb"},"inLanguage":"nb-NO","potentialAction":[{"@type":"ReadAction","target":["https:\/\/woodinout.net\/no\/product\/ved-klokke-fortelling-tid\/"]}]},{"@type":"BreadcrumbList","@id":"https:\/\/woodinout.net\/no\/product\/ved-klokke-fortelling-tid\/#breadcrumb","itemListElement":[{"@type":"ListItem","position":1,"name":"Home","item":"https:\/\/woodinout.net\/no\/"},{"@type":"ListItem","position":2,"name":"Shop","item":"https:\/\/woodinout.net\/shop\/"},{"@type":"ListItem","position":3,"name":"Klokke av tre"}]},{"@type":"WebSite","@id":"https:\/\/woodinout.net\/no\/#website","url":"https:\/\/woodinout.net\/no\/","name":"Woodinout \u00a9","description":"Wooden Montessori toys, gifts, home and events decor details","potentialAction":[{"@type":"SearchAction","target":{"@type":"EntryPoint","urlTemplate":"https:\/\/woodinout.net\/no\/?s={search_term_string}"},"query-input":"required name=search_term_string"}],"inLanguage":"nb-NO"}]}},"_links":{"self":[{"href":"https:\/\/woodinout.net\/no\/wp-json\/wp\/v2\/product\/21250"}],"collection":[{"href":"https:\/\/woodinout.net\/no\/wp-json\/wp\/v2\/product"}],"about":[{"href":"https:\/\/woodinout.net\/no\/wp-json\/wp\/v2\/types\/product"}],"wp:featuredmedia":[{"embeddable":true,"href":"https:\/\/woodinout.net\/no\/wp-json\/wp\/v2\/media\/17659"}],"wp:attachment":[{"href":"https:\/\/woodinout.net\/no\/wp-json\/wp\/v2\/media?parent=21250"}],"wp:term":[{"taxonomy":"product_cat","embeddable":true,"href":"https:\/\/woodinout.net\/no\/wp-json\/wp\/v2\/product_cat?post=21250"},{"taxonomy":"product_tag","embeddable":true,"href":"https:\/\/woodinout.net\/no\/wp-json\/wp\/v2\/product_tag?post=21250"}],"curies":[{"name":"wp","href":"https:\/\/api.w.org\/{rel}","templated":true}]}}