{"id":21249,"date":"2020-06-23T23:22:33","date_gmt":"2020-06-23T20:22:33","guid":{"rendered":"https:\/\/woodinout.net\/product\/naturlige-trebokstaver\/"},"modified":"2022-04-28T11:37:35","modified_gmt":"2022-04-28T08:37:35","slug":"trebokstaver-smabarnsgaver","status":"publish","type":"product","link":"https:\/\/woodinout.net\/no\/product\/trebokstaver-smabarnsgaver\/","title":{"rendered":"Naturlige trebokstaver"},"content":{"rendered":"<p>Trebokstaver er de beste sm\u00e5barnsgavene. Vi presenterer for deg laserkuttede bokstaver som ikke bare ser stilige ut, men som er kjent over hele verden som Montessori-leker. Legg sammen trebokstaver til treord og l\u00e6r staving p\u00e5 den morsomste m\u00e5ten. Denne alfabetiske barnehagekunsten gj\u00f8r hjemmeundervisning ENKEL! Jeg kan ikke tenke meg bedre gaver til barn. Waldorfleker &#8211; L\u00e6releker &#8211; F\u00f8rskoleleker &#8211; Dette er det vi gj\u00f8r best p\u00e5 Woodinout! Bli med i familien av forn\u00f8yde kunder N\u00c5 ved \u00e5 f\u00e5 dette trebokstavsettet.<\/p>\n<p>Settet inneholder:<br \/>\n26 ABC trebokstaver laget av massivt tre<\/p>\n<p>DIMENSJONER<\/p>\n<p>Bokstaver<br \/>\nH\u00f8yde: ~2,7 tommer<br \/>\nTykkelse: ~0,6 tommer<\/p>\n<p>FARGER OG MATERIALE<br \/>\nFarge: m\u00f8rkebrun eller naturlig oljet.<br \/>\nLeket\u00f8yet er laget av NATURLIG MASSIVT TRE og milj\u00f8vennlig maling\/olje.<br \/>\nV\u00e6r oppmerksom p\u00e5 at farger kan variere p\u00e5 grunn av innstillinger for dataskjerm og lys.<\/p>\n<div style=\"width: 1080px;\" class=\"wp-video\"><!--[if lt IE 9]><script>document.createElement('video');<\/script><![endif]-->\n<video class=\"wp-video-shortcode\" id=\"video-21249-1\" width=\"1080\" height=\"810\" preload=\"metadata\" controls=\"controls\"><source type=\"video\/mp4\" src=\"http:\/\/woodinout.net\/wp-content\/uploads\/2020\/06\/MEDINIS_17.mp4?_=1\" \/><a href=\"http:\/\/woodinout.net\/wp-content\/uploads\/2020\/06\/MEDINIS_17.mp4\">http:\/\/woodinout.net\/wp-content\/uploads\/2020\/06\/MEDINIS_17.mp4<\/a><\/video><\/div>\n","protected":false},"excerpt":{"rendered":"<p>Trebokstaver er de beste sm\u00e5barnsgavene. Vi presenterer for deg laserkuttede bokstaver som ikke bare ser stilige ut, men som er kjent over hele verden som Montessori-leker. Legg sammen trebokstaver til treord og l\u00e6r staving p\u00e5 den morsomste m\u00e5ten. Denne alfabetiske barnehagekunsten gj\u00f8r hjemmeundervisning ENKEL! Jeg kan ikke tenke meg bedre gaver til barn. Waldorfleker &#8211; [&hellip;]<\/p>\n","protected":false},"featured_media":18067,"template":"","meta":{"_monsterinsights_skip_tracking":false,"_monsterinsights_sitenote_active":false,"_monsterinsights_sitenote_note":"","_monsterinsights_sitenote_category":0},"product_cat":[1478,1477],"product_tag":[2042,1505,1511,1500,1494,1484,1489,1524,1518,2041,1480],"yoast_head":"<!-- This site is optimized with the Yoast SEO plugin v22.1 - https:\/\/yoast.com\/wordpress\/plugins\/seo\/ -->\n<title>Naturlige trebokstaver - Woodinout \u00a9<\/title>\n<meta name=\"description\" content=\"Montessorigodkjent - Milj\u00f8vennlig - Sikker - H\u00e5ndlaget. Dette alfabetbokstavsettet er perfekt l\u00e6releke for sm\u00e5barn og f\u00f8rskolebarn.\" \/>\n<meta name=\"robots\" content=\"index, follow, max-snippet:-1, max-image-preview:large, max-video-preview:-1\" \/>\n<link rel=\"canonical\" href=\"https:\/\/woodinout.net\/no\/product\/trebokstaver-smabarnsgaver\/\" \/>\n<meta property=\"og:locale\" content=\"nb_NO\" \/>\n<meta property=\"og:type\" content=\"article\" \/>\n<meta property=\"og:title\" content=\"Naturlige trebokstaver - Woodinout \u00a9\" \/>\n<meta property=\"og:description\" content=\"Montessorigodkjent - Milj\u00f8vennlig - Sikker - H\u00e5ndlaget. Dette alfabetbokstavsettet er perfekt l\u00e6releke for sm\u00e5barn og f\u00f8rskolebarn.\" \/>\n<meta property=\"og:url\" content=\"https:\/\/woodinout.net\/no\/product\/trebokstaver-smabarnsgaver\/\" \/>\n<meta property=\"og:site_name\" content=\"Woodinout \u00a9\" \/>\n<meta property=\"article:modified_time\" content=\"2022-04-28T08:37:35+00:00\" \/>\n<meta property=\"og:image\" content=\"https:\/\/woodinout.net\/wp-content\/uploads\/2020\/06\/Wooden-letters-1.jpg\" \/>\n\t<meta property=\"og:image:width\" content=\"853\" \/>\n\t<meta property=\"og:image:height\" content=\"1280\" \/>\n\t<meta property=\"og:image:type\" content=\"image\/jpeg\" \/>\n<meta name=\"twitter:card\" content=\"summary_large_image\" \/>\n<meta name=\"twitter:label1\" content=\"Ansl. lesetid\" \/>\n\t<meta name=\"twitter:data1\" content=\"1 minutt\" \/>\n<script type=\"application\/ld+json\" class=\"yoast-schema-graph\">{\"@context\":\"https:\/\/schema.org\",\"@graph\":[{\"@type\":\"WebPage\",\"@id\":\"https:\/\/woodinout.net\/no\/product\/trebokstaver-smabarnsgaver\/\",\"url\":\"https:\/\/woodinout.net\/no\/product\/trebokstaver-smabarnsgaver\/\",\"name\":\"Naturlige trebokstaver - Woodinout \u00a9\",\"isPartOf\":{\"@id\":\"https:\/\/woodinout.net\/no\/#website\"},\"datePublished\":\"2020-06-23T20:22:33+00:00\",\"dateModified\":\"2022-04-28T08:37:35+00:00\",\"description\":\"Montessorigodkjent - Milj\u00f8vennlig - Sikker - H\u00e5ndlaget. Dette alfabetbokstavsettet er perfekt l\u00e6releke for sm\u00e5barn og f\u00f8rskolebarn.\",\"breadcrumb\":{\"@id\":\"https:\/\/woodinout.net\/no\/product\/trebokstaver-smabarnsgaver\/#breadcrumb\"},\"inLanguage\":\"nb-NO\",\"potentialAction\":[{\"@type\":\"ReadAction\",\"target\":[\"https:\/\/woodinout.net\/no\/product\/trebokstaver-smabarnsgaver\/\"]}]},{\"@type\":\"BreadcrumbList\",\"@id\":\"https:\/\/woodinout.net\/no\/product\/trebokstaver-smabarnsgaver\/#breadcrumb\",\"itemListElement\":[{\"@type\":\"ListItem\",\"position\":1,\"name\":\"Home\",\"item\":\"https:\/\/woodinout.net\/no\/\"},{\"@type\":\"ListItem\",\"position\":2,\"name\":\"Shop\",\"item\":\"https:\/\/woodinout.net\/shop\/\"},{\"@type\":\"ListItem\",\"position\":3,\"name\":\"Naturlige trebokstaver\"}]},{\"@type\":\"WebSite\",\"@id\":\"https:\/\/woodinout.net\/no\/#website\",\"url\":\"https:\/\/woodinout.net\/no\/\",\"name\":\"Woodinout \u00a9\",\"description\":\"Wooden Montessori toys, gifts, home and events decor details\",\"potentialAction\":[{\"@type\":\"SearchAction\",\"target\":{\"@type\":\"EntryPoint\",\"urlTemplate\":\"https:\/\/woodinout.net\/no\/?s={search_term_string}\"},\"query-input\":\"required name=search_term_string\"}],\"inLanguage\":\"nb-NO\"}]}<\/script>\n<!-- \/ Yoast SEO plugin. -->","yoast_head_json":{"title":"Naturlige trebokstaver - Woodinout \u00a9","description":"Montessorigodkjent - Milj\u00f8vennlig - Sikker - H\u00e5ndlaget. Dette alfabetbokstavsettet er perfekt l\u00e6releke for sm\u00e5barn og f\u00f8rskolebarn.","robots":{"index":"index","follow":"follow","max-snippet":"max-snippet:-1","max-image-preview":"max-image-preview:large","max-video-preview":"max-video-preview:-1"},"canonical":"https:\/\/woodinout.net\/no\/product\/trebokstaver-smabarnsgaver\/","og_locale":"nb_NO","og_type":"article","og_title":"Naturlige trebokstaver - Woodinout \u00a9","og_description":"Montessorigodkjent - Milj\u00f8vennlig - Sikker - H\u00e5ndlaget. Dette alfabetbokstavsettet er perfekt l\u00e6releke for sm\u00e5barn og f\u00f8rskolebarn.","og_url":"https:\/\/woodinout.net\/no\/product\/trebokstaver-smabarnsgaver\/","og_site_name":"Woodinout \u00a9","article_modified_time":"2022-04-28T08:37:35+00:00","og_image":[{"width":853,"height":1280,"url":"https:\/\/woodinout.net\/wp-content\/uploads\/2020\/06\/Wooden-letters-1.jpg","type":"image\/jpeg"}],"twitter_card":"summary_large_image","twitter_misc":{"Ansl. lesetid":"1 minutt"},"schema":{"@context":"https:\/\/schema.org","@graph":[{"@type":"WebPage","@id":"https:\/\/woodinout.net\/no\/product\/trebokstaver-smabarnsgaver\/","url":"https:\/\/woodinout.net\/no\/product\/trebokstaver-smabarnsgaver\/","name":"Naturlige trebokstaver - Woodinout \u00a9","isPartOf":{"@id":"https:\/\/woodinout.net\/no\/#website"},"datePublished":"2020-06-23T20:22:33+00:00","dateModified":"2022-04-28T08:37:35+00:00","description":"Montessorigodkjent - Milj\u00f8vennlig - Sikker - H\u00e5ndlaget. Dette alfabetbokstavsettet er perfekt l\u00e6releke for sm\u00e5barn og f\u00f8rskolebarn.","breadcrumb":{"@id":"https:\/\/woodinout.net\/no\/product\/trebokstaver-smabarnsgaver\/#breadcrumb"},"inLanguage":"nb-NO","potentialAction":[{"@type":"ReadAction","target":["https:\/\/woodinout.net\/no\/product\/trebokstaver-smabarnsgaver\/"]}]},{"@type":"BreadcrumbList","@id":"https:\/\/woodinout.net\/no\/product\/trebokstaver-smabarnsgaver\/#breadcrumb","itemListElement":[{"@type":"ListItem","position":1,"name":"Home","item":"https:\/\/woodinout.net\/no\/"},{"@type":"ListItem","position":2,"name":"Shop","item":"https:\/\/woodinout.net\/shop\/"},{"@type":"ListItem","position":3,"name":"Naturlige trebokstaver"}]},{"@type":"WebSite","@id":"https:\/\/woodinout.net\/no\/#website","url":"https:\/\/woodinout.net\/no\/","name":"Woodinout \u00a9","description":"Wooden Montessori toys, gifts, home and events decor details","potentialAction":[{"@type":"SearchAction","target":{"@type":"EntryPoint","urlTemplate":"https:\/\/woodinout.net\/no\/?s={search_term_string}"},"query-input":"required name=search_term_string"}],"inLanguage":"nb-NO"}]}},"_links":{"self":[{"href":"https:\/\/woodinout.net\/no\/wp-json\/wp\/v2\/product\/21249"}],"collection":[{"href":"https:\/\/woodinout.net\/no\/wp-json\/wp\/v2\/product"}],"about":[{"href":"https:\/\/woodinout.net\/no\/wp-json\/wp\/v2\/types\/product"}],"wp:featuredmedia":[{"embeddable":true,"href":"https:\/\/woodinout.net\/no\/wp-json\/wp\/v2\/media\/18067"}],"wp:attachment":[{"href":"https:\/\/woodinout.net\/no\/wp-json\/wp\/v2\/media?parent=21249"}],"wp:term":[{"taxonomy":"product_cat","embeddable":true,"href":"https:\/\/woodinout.net\/no\/wp-json\/wp\/v2\/product_cat?post=21249"},{"taxonomy":"product_tag","embeddable":true,"href":"https:\/\/woodinout.net\/no\/wp-json\/wp\/v2\/product_tag?post=21249"}],"curies":[{"name":"wp","href":"https:\/\/api.w.org\/{rel}","templated":true}]}}