{"id":21248,"date":"2020-06-30T22:51:44","date_gmt":"2020-06-30T19:51:44","guid":{"rendered":"https:\/\/woodinout.net\/product\/mattesirkel-matematikkmanipulasjoner-i-tre\/"},"modified":"2022-04-22T12:29:58","modified_gmt":"2022-04-22T09:29:58","slug":"matte-ring-for-tall-og-telling","status":"publish","type":"product","link":"https:\/\/woodinout.net\/no\/product\/matte-ring-for-tall-og-telling\/","title":{"rendered":"Mattesirkel (matematikkmanipulasjoner i tre)"},"content":{"rendered":"<p>Montessori matematiske manipulasjoner inspirerte oss til \u00e5 lage denne matematiske ringen\/sirkelen i tre. L\u00e6releker er alltid de beste h\u00e5ndlagde gavene til barn. Leter du etter mattegaver &#8211; skaff deg dette multiplikasjonsbrettet og det er garantert G\u00d8Y LEK med tall og telling! En.. to.. TI teller med GLEDE! Legg til, trekk fra, multipliser &#8211; alt p\u00e5 ett trehjul. H\u00e5ndlaget og n\u00f8ye malt med milj\u00f8vennlig maling &#8211; trygt \u00e5 spille. Montessori-l\u00e6ringsleker er v\u00e5r lidenskap &#8211; dette er det vi gj\u00f8r BEST. Bli med familien av forn\u00f8yde kunder p\u00e5 Woodinout.<\/p>\n<p>Settet inneholder:<br \/>\nMultiplikasjonsbrett av tre<br \/>\nTresirkel med matematiske symboler<br \/>\n12 sirkelblokker av tre med tall fra 1 til 12<br \/>\n144 enheter av tremynter med tall fra 1 til 144<\/p>\n<p>DIMENSJONER<\/p>\n<p>Hovedkort<br \/>\nDiameter: ~6,7 tommer<br \/>\nTykkelse: ~0,6 tommer<\/p>\n<p>FARGER OG MATERIALE<br \/>\nFarge: m\u00f8rkebrun og naturlig oljet.<br \/>\nLeket\u00f8y er laget av NATURLIG MASSIVT TRE og kryssfiner.<br \/>\nV\u00e6r oppmerksom p\u00e5 at farger kan variere p\u00e5 grunn av innstillinger for dataskjerm og lys.<\/p>\n<div style=\"width: 1080px;\" class=\"wp-video\"><!--[if lt IE 9]><script>document.createElement('video');<\/script><![endif]-->\n<video class=\"wp-video-shortcode\" id=\"video-21248-1\" width=\"1080\" height=\"810\" preload=\"metadata\" controls=\"controls\"><source type=\"video\/mp4\" src=\"http:\/\/woodinout.net\/wp-content\/uploads\/2020\/06\/MEDINIS_19.mp4?_=1\" \/><a href=\"http:\/\/woodinout.net\/wp-content\/uploads\/2020\/06\/MEDINIS_19.mp4\">http:\/\/woodinout.net\/wp-content\/uploads\/2020\/06\/MEDINIS_19.mp4<\/a><\/video><\/div>\n","protected":false},"excerpt":{"rendered":"<p>Montessori matematiske manipulasjoner inspirerte oss til \u00e5 lage denne matematiske ringen\/sirkelen i tre. L\u00e6releker er alltid de beste h\u00e5ndlagde gavene til barn. Leter du etter mattegaver &#8211; skaff deg dette multiplikasjonsbrettet og det er garantert G\u00d8Y LEK med tall og telling! En.. to.. TI teller med GLEDE! Legg til, trekk fra, multipliser &#8211; alt p\u00e5 [&hellip;]<\/p>\n","protected":false},"featured_media":18275,"template":"","meta":{"_monsterinsights_skip_tracking":false,"_monsterinsights_sitenote_active":false,"_monsterinsights_sitenote_note":"","_monsterinsights_sitenote_category":0},"product_cat":[1523,1477],"product_tag":[1505,1511,1500,2047,1540,1561,1541,2049,1494,1542,1484,1489,1480],"yoast_head":"<!-- This site is optimized with the Yoast SEO plugin v22.1 - https:\/\/yoast.com\/wordpress\/plugins\/seo\/ -->\n<title>Mattesirkel (matematikkmanipulasjoner i tre) - Woodinout \u00a9<\/title>\n<meta name=\"description\" content=\"Matesirkel h\u00e5ndlaget av massivt tre for gledelig mattel\u00e6ring. Legg til, trekk fra, multipliser, del \u2013 alt i ett Montessori-inspirert leket\u00f8y.\" \/>\n<meta name=\"robots\" content=\"index, follow, max-snippet:-1, max-image-preview:large, max-video-preview:-1\" \/>\n<link rel=\"canonical\" href=\"https:\/\/woodinout.net\/no\/product\/matte-ring-for-tall-og-telling\/\" \/>\n<meta property=\"og:locale\" content=\"nb_NO\" \/>\n<meta property=\"og:type\" content=\"article\" \/>\n<meta property=\"og:title\" content=\"Mattesirkel (matematikkmanipulasjoner i tre) - Woodinout \u00a9\" \/>\n<meta property=\"og:description\" content=\"Matesirkel h\u00e5ndlaget av massivt tre for gledelig mattel\u00e6ring. Legg til, trekk fra, multipliser, del \u2013 alt i ett Montessori-inspirert leket\u00f8y.\" \/>\n<meta property=\"og:url\" content=\"https:\/\/woodinout.net\/no\/product\/matte-ring-for-tall-og-telling\/\" \/>\n<meta property=\"og:site_name\" content=\"Woodinout \u00a9\" \/>\n<meta property=\"article:modified_time\" content=\"2022-04-22T09:29:58+00:00\" \/>\n<meta property=\"og:image\" content=\"https:\/\/woodinout.net\/wp-content\/uploads\/2020\/06\/Math-ring-for-numbers-and-counting-1.jpg\" \/>\n\t<meta property=\"og:image:width\" content=\"853\" \/>\n\t<meta property=\"og:image:height\" content=\"1280\" \/>\n\t<meta property=\"og:image:type\" content=\"image\/jpeg\" \/>\n<meta name=\"twitter:card\" content=\"summary_large_image\" \/>\n<meta name=\"twitter:label1\" content=\"Ansl. lesetid\" \/>\n\t<meta name=\"twitter:data1\" content=\"1 minutt\" \/>\n<script type=\"application\/ld+json\" class=\"yoast-schema-graph\">{\"@context\":\"https:\/\/schema.org\",\"@graph\":[{\"@type\":\"WebPage\",\"@id\":\"https:\/\/woodinout.net\/no\/product\/matte-ring-for-tall-og-telling\/\",\"url\":\"https:\/\/woodinout.net\/no\/product\/matte-ring-for-tall-og-telling\/\",\"name\":\"Mattesirkel (matematikkmanipulasjoner i tre) - Woodinout \u00a9\",\"isPartOf\":{\"@id\":\"https:\/\/woodinout.net\/no\/#website\"},\"datePublished\":\"2020-06-30T19:51:44+00:00\",\"dateModified\":\"2022-04-22T09:29:58+00:00\",\"description\":\"Matesirkel h\u00e5ndlaget av massivt tre for gledelig mattel\u00e6ring. Legg til, trekk fra, multipliser, del \u2013 alt i ett Montessori-inspirert leket\u00f8y.\",\"breadcrumb\":{\"@id\":\"https:\/\/woodinout.net\/no\/product\/matte-ring-for-tall-og-telling\/#breadcrumb\"},\"inLanguage\":\"nb-NO\",\"potentialAction\":[{\"@type\":\"ReadAction\",\"target\":[\"https:\/\/woodinout.net\/no\/product\/matte-ring-for-tall-og-telling\/\"]}]},{\"@type\":\"BreadcrumbList\",\"@id\":\"https:\/\/woodinout.net\/no\/product\/matte-ring-for-tall-og-telling\/#breadcrumb\",\"itemListElement\":[{\"@type\":\"ListItem\",\"position\":1,\"name\":\"Home\",\"item\":\"https:\/\/woodinout.net\/no\/\"},{\"@type\":\"ListItem\",\"position\":2,\"name\":\"Shop\",\"item\":\"https:\/\/woodinout.net\/shop\/\"},{\"@type\":\"ListItem\",\"position\":3,\"name\":\"Mattesirkel (matematikkmanipulasjoner i tre)\"}]},{\"@type\":\"WebSite\",\"@id\":\"https:\/\/woodinout.net\/no\/#website\",\"url\":\"https:\/\/woodinout.net\/no\/\",\"name\":\"Woodinout \u00a9\",\"description\":\"Wooden Montessori toys, gifts, home and events decor details\",\"potentialAction\":[{\"@type\":\"SearchAction\",\"target\":{\"@type\":\"EntryPoint\",\"urlTemplate\":\"https:\/\/woodinout.net\/no\/?s={search_term_string}\"},\"query-input\":\"required name=search_term_string\"}],\"inLanguage\":\"nb-NO\"}]}<\/script>\n<!-- \/ Yoast SEO plugin. -->","yoast_head_json":{"title":"Mattesirkel (matematikkmanipulasjoner i tre) - Woodinout \u00a9","description":"Matesirkel h\u00e5ndlaget av massivt tre for gledelig mattel\u00e6ring. Legg til, trekk fra, multipliser, del \u2013 alt i ett Montessori-inspirert leket\u00f8y.","robots":{"index":"index","follow":"follow","max-snippet":"max-snippet:-1","max-image-preview":"max-image-preview:large","max-video-preview":"max-video-preview:-1"},"canonical":"https:\/\/woodinout.net\/no\/product\/matte-ring-for-tall-og-telling\/","og_locale":"nb_NO","og_type":"article","og_title":"Mattesirkel (matematikkmanipulasjoner i tre) - Woodinout \u00a9","og_description":"Matesirkel h\u00e5ndlaget av massivt tre for gledelig mattel\u00e6ring. Legg til, trekk fra, multipliser, del \u2013 alt i ett Montessori-inspirert leket\u00f8y.","og_url":"https:\/\/woodinout.net\/no\/product\/matte-ring-for-tall-og-telling\/","og_site_name":"Woodinout \u00a9","article_modified_time":"2022-04-22T09:29:58+00:00","og_image":[{"width":853,"height":1280,"url":"https:\/\/woodinout.net\/wp-content\/uploads\/2020\/06\/Math-ring-for-numbers-and-counting-1.jpg","type":"image\/jpeg"}],"twitter_card":"summary_large_image","twitter_misc":{"Ansl. lesetid":"1 minutt"},"schema":{"@context":"https:\/\/schema.org","@graph":[{"@type":"WebPage","@id":"https:\/\/woodinout.net\/no\/product\/matte-ring-for-tall-og-telling\/","url":"https:\/\/woodinout.net\/no\/product\/matte-ring-for-tall-og-telling\/","name":"Mattesirkel (matematikkmanipulasjoner i tre) - Woodinout \u00a9","isPartOf":{"@id":"https:\/\/woodinout.net\/no\/#website"},"datePublished":"2020-06-30T19:51:44+00:00","dateModified":"2022-04-22T09:29:58+00:00","description":"Matesirkel h\u00e5ndlaget av massivt tre for gledelig mattel\u00e6ring. Legg til, trekk fra, multipliser, del \u2013 alt i ett Montessori-inspirert leket\u00f8y.","breadcrumb":{"@id":"https:\/\/woodinout.net\/no\/product\/matte-ring-for-tall-og-telling\/#breadcrumb"},"inLanguage":"nb-NO","potentialAction":[{"@type":"ReadAction","target":["https:\/\/woodinout.net\/no\/product\/matte-ring-for-tall-og-telling\/"]}]},{"@type":"BreadcrumbList","@id":"https:\/\/woodinout.net\/no\/product\/matte-ring-for-tall-og-telling\/#breadcrumb","itemListElement":[{"@type":"ListItem","position":1,"name":"Home","item":"https:\/\/woodinout.net\/no\/"},{"@type":"ListItem","position":2,"name":"Shop","item":"https:\/\/woodinout.net\/shop\/"},{"@type":"ListItem","position":3,"name":"Mattesirkel (matematikkmanipulasjoner i tre)"}]},{"@type":"WebSite","@id":"https:\/\/woodinout.net\/no\/#website","url":"https:\/\/woodinout.net\/no\/","name":"Woodinout \u00a9","description":"Wooden Montessori toys, gifts, home and events decor details","potentialAction":[{"@type":"SearchAction","target":{"@type":"EntryPoint","urlTemplate":"https:\/\/woodinout.net\/no\/?s={search_term_string}"},"query-input":"required name=search_term_string"}],"inLanguage":"nb-NO"}]}},"_links":{"self":[{"href":"https:\/\/woodinout.net\/no\/wp-json\/wp\/v2\/product\/21248"}],"collection":[{"href":"https:\/\/woodinout.net\/no\/wp-json\/wp\/v2\/product"}],"about":[{"href":"https:\/\/woodinout.net\/no\/wp-json\/wp\/v2\/types\/product"}],"wp:featuredmedia":[{"embeddable":true,"href":"https:\/\/woodinout.net\/no\/wp-json\/wp\/v2\/media\/18275"}],"wp:attachment":[{"href":"https:\/\/woodinout.net\/no\/wp-json\/wp\/v2\/media?parent=21248"}],"wp:term":[{"taxonomy":"product_cat","embeddable":true,"href":"https:\/\/woodinout.net\/no\/wp-json\/wp\/v2\/product_cat?post=21248"},{"taxonomy":"product_tag","embeddable":true,"href":"https:\/\/woodinout.net\/no\/wp-json\/wp\/v2\/product_tag?post=21248"}],"curies":[{"name":"wp","href":"https:\/\/api.w.org\/{rel}","templated":true}]}}