{"id":21244,"date":"2020-06-30T23:00:01","date_gmt":"2020-06-30T20:00:01","guid":{"rendered":"https:\/\/woodinout.net\/product\/hammerleke-i-tre-med-deig-og-tall\/"},"modified":"2022-04-22T12:29:18","modified_gmt":"2022-04-22T09:29:18","slug":"gravert-hammer-med-navn-tre-tall-waldorf-tre-sett","status":"publish","type":"product","link":"https:\/\/woodinout.net\/no\/product\/gravert-hammer-med-navn-tre-tall-waldorf-tre-sett\/","title":{"rendered":"Hammerleke i tre med deig og tall"},"content":{"rendered":"<p>Dette Waldorf-tresettet med hammerleket\u00f8y med inngravert navn og bittesm\u00e5 tall p\u00e5 stjerner er uten tvil v\u00e5r bestselger n\u00e5r vi snakker om gutteleker. Morsom m\u00e5te \u00e5 begynne \u00e5 l\u00e6re tall og telle. L\u00e6releker er fortsatt LEKER for barn. Matematikkgaver til barn er alltid verdsatt av foreldre og med personlig hammer vil du vinne hjertet til hver liten gutt! Montessori-leker er det vi ELSKER \u00e5 gj\u00f8re, og vi garanterer deg den beste opplevelsen.<\/p>\n<p>Settet inneholder:<br \/>\nHovedtavle med lekedeig<br \/>\n10 trestjerner med bittesm\u00e5 tall<br \/>\n12 treplugger<br \/>\n1 trehammer<\/p>\n<p>BRETTEDIMENSJONER<br \/>\nLengde: ~9 tommer<br \/>\nH\u00f8yde: ~2,4 tommer<br \/>\nTykkelse: ~1,6 tommer<\/p>\n<p>FARGER OG MATERIALE<br \/>\nFarge: naturlig eller brunoljet.<br \/>\nPlaten er laget av NATURLIG MASSIVTRE.<br \/>\nV\u00e6r oppmerksom p\u00e5 at farger kan variere p\u00e5 grunn av innstillinger for dataskjerm og lys.<\/p>\n","protected":false},"excerpt":{"rendered":"<p>Dette Waldorf-tresettet med hammerleket\u00f8y med inngravert navn og bittesm\u00e5 tall p\u00e5 stjerner er uten tvil v\u00e5r bestselger n\u00e5r vi snakker om gutteleker. Morsom m\u00e5te \u00e5 begynne \u00e5 l\u00e6re tall og telle. L\u00e6releker er fortsatt LEKER for barn. Matematikkgaver til barn er alltid verdsatt av foreldre og med personlig hammer vil du vinne hjertet til hver [&hellip;]<\/p>\n","protected":false},"featured_media":18307,"template":"","meta":{"_monsterinsights_skip_tracking":false,"_monsterinsights_sitenote_active":false,"_monsterinsights_sitenote_note":"","_monsterinsights_sitenote_category":0},"product_cat":[1523,1477],"product_tag":[1505,1511,2038,2036,1500,1494,1484,1489,2037,1480],"yoast_head":"<!-- This site is optimized with the Yoast SEO plugin v22.1 - https:\/\/yoast.com\/wordpress\/plugins\/seo\/ -->\n<title>Hammerleke i tre med deig og tall - Woodinout \u00a9<\/title>\n<meta name=\"description\" content=\"Hammerleket\u00f8y av tre med inngravert navn og bittesm\u00e5 tall p\u00e5 stjerner er uten tvil v\u00e5r bestselger n\u00e5r vi snakker om gutteleker.\" \/>\n<meta name=\"robots\" content=\"index, follow, max-snippet:-1, max-image-preview:large, max-video-preview:-1\" \/>\n<link rel=\"canonical\" href=\"https:\/\/woodinout.net\/no\/product\/gravert-hammer-med-navn-tre-tall-waldorf-tre-sett\/\" \/>\n<meta property=\"og:locale\" content=\"nb_NO\" \/>\n<meta property=\"og:type\" content=\"article\" \/>\n<meta property=\"og:title\" content=\"Hammerleke i tre med deig og tall - Woodinout \u00a9\" \/>\n<meta property=\"og:description\" content=\"Hammerleket\u00f8y av tre med inngravert navn og bittesm\u00e5 tall p\u00e5 stjerner er uten tvil v\u00e5r bestselger n\u00e5r vi snakker om gutteleker.\" \/>\n<meta property=\"og:url\" content=\"https:\/\/woodinout.net\/no\/product\/gravert-hammer-med-navn-tre-tall-waldorf-tre-sett\/\" \/>\n<meta property=\"og:site_name\" content=\"Woodinout \u00a9\" \/>\n<meta property=\"article:modified_time\" content=\"2022-04-22T09:29:18+00:00\" \/>\n<meta property=\"og:image\" content=\"https:\/\/woodinout.net\/wp-content\/uploads\/2020\/06\/Engraved-hammer-with-name-wood-numbers-Waldorf-wood-set-1.jpg\" \/>\n\t<meta property=\"og:image:width\" content=\"853\" \/>\n\t<meta property=\"og:image:height\" content=\"1280\" \/>\n\t<meta property=\"og:image:type\" content=\"image\/jpeg\" \/>\n<meta name=\"twitter:card\" content=\"summary_large_image\" \/>\n<meta name=\"twitter:label1\" content=\"Ansl. lesetid\" \/>\n\t<meta name=\"twitter:data1\" content=\"1 minutt\" \/>\n<script type=\"application\/ld+json\" class=\"yoast-schema-graph\">{\"@context\":\"https:\/\/schema.org\",\"@graph\":[{\"@type\":\"WebPage\",\"@id\":\"https:\/\/woodinout.net\/no\/product\/gravert-hammer-med-navn-tre-tall-waldorf-tre-sett\/\",\"url\":\"https:\/\/woodinout.net\/no\/product\/gravert-hammer-med-navn-tre-tall-waldorf-tre-sett\/\",\"name\":\"Hammerleke i tre med deig og tall - Woodinout \u00a9\",\"isPartOf\":{\"@id\":\"https:\/\/woodinout.net\/no\/#website\"},\"datePublished\":\"2020-06-30T20:00:01+00:00\",\"dateModified\":\"2022-04-22T09:29:18+00:00\",\"description\":\"Hammerleket\u00f8y av tre med inngravert navn og bittesm\u00e5 tall p\u00e5 stjerner er uten tvil v\u00e5r bestselger n\u00e5r vi snakker om gutteleker.\",\"breadcrumb\":{\"@id\":\"https:\/\/woodinout.net\/no\/product\/gravert-hammer-med-navn-tre-tall-waldorf-tre-sett\/#breadcrumb\"},\"inLanguage\":\"nb-NO\",\"potentialAction\":[{\"@type\":\"ReadAction\",\"target\":[\"https:\/\/woodinout.net\/no\/product\/gravert-hammer-med-navn-tre-tall-waldorf-tre-sett\/\"]}]},{\"@type\":\"BreadcrumbList\",\"@id\":\"https:\/\/woodinout.net\/no\/product\/gravert-hammer-med-navn-tre-tall-waldorf-tre-sett\/#breadcrumb\",\"itemListElement\":[{\"@type\":\"ListItem\",\"position\":1,\"name\":\"Home\",\"item\":\"https:\/\/woodinout.net\/no\/\"},{\"@type\":\"ListItem\",\"position\":2,\"name\":\"Shop\",\"item\":\"https:\/\/woodinout.net\/shop\/\"},{\"@type\":\"ListItem\",\"position\":3,\"name\":\"Hammerleke i tre med deig og tall\"}]},{\"@type\":\"WebSite\",\"@id\":\"https:\/\/woodinout.net\/no\/#website\",\"url\":\"https:\/\/woodinout.net\/no\/\",\"name\":\"Woodinout \u00a9\",\"description\":\"Wooden Montessori toys, gifts, home and events decor details\",\"potentialAction\":[{\"@type\":\"SearchAction\",\"target\":{\"@type\":\"EntryPoint\",\"urlTemplate\":\"https:\/\/woodinout.net\/no\/?s={search_term_string}\"},\"query-input\":\"required name=search_term_string\"}],\"inLanguage\":\"nb-NO\"}]}<\/script>\n<!-- \/ Yoast SEO plugin. -->","yoast_head_json":{"title":"Hammerleke i tre med deig og tall - Woodinout \u00a9","description":"Hammerleket\u00f8y av tre med inngravert navn og bittesm\u00e5 tall p\u00e5 stjerner er uten tvil v\u00e5r bestselger n\u00e5r vi snakker om gutteleker.","robots":{"index":"index","follow":"follow","max-snippet":"max-snippet:-1","max-image-preview":"max-image-preview:large","max-video-preview":"max-video-preview:-1"},"canonical":"https:\/\/woodinout.net\/no\/product\/gravert-hammer-med-navn-tre-tall-waldorf-tre-sett\/","og_locale":"nb_NO","og_type":"article","og_title":"Hammerleke i tre med deig og tall - Woodinout \u00a9","og_description":"Hammerleket\u00f8y av tre med inngravert navn og bittesm\u00e5 tall p\u00e5 stjerner er uten tvil v\u00e5r bestselger n\u00e5r vi snakker om gutteleker.","og_url":"https:\/\/woodinout.net\/no\/product\/gravert-hammer-med-navn-tre-tall-waldorf-tre-sett\/","og_site_name":"Woodinout \u00a9","article_modified_time":"2022-04-22T09:29:18+00:00","og_image":[{"width":853,"height":1280,"url":"https:\/\/woodinout.net\/wp-content\/uploads\/2020\/06\/Engraved-hammer-with-name-wood-numbers-Waldorf-wood-set-1.jpg","type":"image\/jpeg"}],"twitter_card":"summary_large_image","twitter_misc":{"Ansl. lesetid":"1 minutt"},"schema":{"@context":"https:\/\/schema.org","@graph":[{"@type":"WebPage","@id":"https:\/\/woodinout.net\/no\/product\/gravert-hammer-med-navn-tre-tall-waldorf-tre-sett\/","url":"https:\/\/woodinout.net\/no\/product\/gravert-hammer-med-navn-tre-tall-waldorf-tre-sett\/","name":"Hammerleke i tre med deig og tall - Woodinout \u00a9","isPartOf":{"@id":"https:\/\/woodinout.net\/no\/#website"},"datePublished":"2020-06-30T20:00:01+00:00","dateModified":"2022-04-22T09:29:18+00:00","description":"Hammerleket\u00f8y av tre med inngravert navn og bittesm\u00e5 tall p\u00e5 stjerner er uten tvil v\u00e5r bestselger n\u00e5r vi snakker om gutteleker.","breadcrumb":{"@id":"https:\/\/woodinout.net\/no\/product\/gravert-hammer-med-navn-tre-tall-waldorf-tre-sett\/#breadcrumb"},"inLanguage":"nb-NO","potentialAction":[{"@type":"ReadAction","target":["https:\/\/woodinout.net\/no\/product\/gravert-hammer-med-navn-tre-tall-waldorf-tre-sett\/"]}]},{"@type":"BreadcrumbList","@id":"https:\/\/woodinout.net\/no\/product\/gravert-hammer-med-navn-tre-tall-waldorf-tre-sett\/#breadcrumb","itemListElement":[{"@type":"ListItem","position":1,"name":"Home","item":"https:\/\/woodinout.net\/no\/"},{"@type":"ListItem","position":2,"name":"Shop","item":"https:\/\/woodinout.net\/shop\/"},{"@type":"ListItem","position":3,"name":"Hammerleke i tre med deig og tall"}]},{"@type":"WebSite","@id":"https:\/\/woodinout.net\/no\/#website","url":"https:\/\/woodinout.net\/no\/","name":"Woodinout \u00a9","description":"Wooden Montessori toys, gifts, home and events decor details","potentialAction":[{"@type":"SearchAction","target":{"@type":"EntryPoint","urlTemplate":"https:\/\/woodinout.net\/no\/?s={search_term_string}"},"query-input":"required name=search_term_string"}],"inLanguage":"nb-NO"}]}},"_links":{"self":[{"href":"https:\/\/woodinout.net\/no\/wp-json\/wp\/v2\/product\/21244"}],"collection":[{"href":"https:\/\/woodinout.net\/no\/wp-json\/wp\/v2\/product"}],"about":[{"href":"https:\/\/woodinout.net\/no\/wp-json\/wp\/v2\/types\/product"}],"wp:featuredmedia":[{"embeddable":true,"href":"https:\/\/woodinout.net\/no\/wp-json\/wp\/v2\/media\/18307"}],"wp:attachment":[{"href":"https:\/\/woodinout.net\/no\/wp-json\/wp\/v2\/media?parent=21244"}],"wp:term":[{"taxonomy":"product_cat","embeddable":true,"href":"https:\/\/woodinout.net\/no\/wp-json\/wp\/v2\/product_cat?post=21244"},{"taxonomy":"product_tag","embeddable":true,"href":"https:\/\/woodinout.net\/no\/wp-json\/wp\/v2\/product_tag?post=21244"}],"curies":[{"name":"wp","href":"https:\/\/api.w.org\/{rel}","templated":true}]}}