{"id":21243,"date":"2020-06-30T23:05:16","date_gmt":"2020-06-30T20:05:16","guid":{"rendered":"https:\/\/woodinout.net\/product\/broker-laere-leketoy\/"},"modified":"2022-04-22T12:27:56","modified_gmt":"2022-04-22T09:27:56","slug":"montessori-matte-broker-laeringsleker","status":"publish","type":"product","link":"https:\/\/woodinout.net\/no\/product\/montessori-matte-broker-laeringsleker\/","title":{"rendered":"Br\u00f8ker l\u00e6re leket\u00f8y"},"content":{"rendered":"<h1>Br\u00f8ker l\u00e6re leket\u00f8y<\/h1>\n<p>er en av v\u00e5re Montessori-matteleker i tre. Dette er det vi gj\u00f8r BEST. Absolutt stilig og riktig h\u00e5ndlaget med materialer av beste kvalitet. Tre l\u00e6ringsmatematikkspill for barn er garantert de beste matematikkgavene i f\u00f8rskolealder til barn, stol p\u00e5 meg at foreldre vil takke deg. Rett og slett som at trebr\u00f8ker l\u00e6releken blir vinkelplan + br\u00f8ker, tall og telleverkt\u00f8y for ENKEL, G\u00d8Y OG VERDISK lek.<\/p>\n<p>Settet inneholder:<br \/>\nTreplate<br \/>\n32 br\u00f8kdeler: 12 av 1\/12, 8 av 1\/8, 6 av 1\/6, 4 av 1\/4, 2 av 1\/2. (Plywood 0,12 tykkelse)<\/p>\n<p>DIMENSJONER<\/p>\n<p>Hovedkort<br \/>\nDiameter: ~6 tommer<br \/>\nTykkelse: ~0,6 tommer<\/p>\n<p>FARGER OG MATERIALE<br \/>\nFarge: m\u00f8rkebrun og naturlig oljet.<br \/>\nLeket\u00f8y er laget av NATURLIG MASSIVT TRE og kryssfiner.<br \/>\nV\u00e6r oppmerksom p\u00e5 at farger kan variere p\u00e5 grunn av innstillinger for dataskjerm og lys.<\/p>\n","protected":false},"excerpt":{"rendered":"<p>Br\u00f8ker l\u00e6re leket\u00f8y er en av v\u00e5re Montessori-matteleker i tre. Dette er det vi gj\u00f8r BEST. Absolutt stilig og riktig h\u00e5ndlaget med materialer av beste kvalitet. Tre l\u00e6ringsmatematikkspill for barn er garantert de beste matematikkgavene i f\u00f8rskolealder til barn, stol p\u00e5 meg at foreldre vil takke deg. Rett og slett som at trebr\u00f8ker l\u00e6releken blir [&hellip;]<\/p>\n","protected":false},"featured_media":18331,"template":"","meta":{"_monsterinsights_skip_tracking":false,"_monsterinsights_sitenote_active":false,"_monsterinsights_sitenote_note":"","_monsterinsights_sitenote_category":0},"product_cat":[1523,1477],"product_tag":[1505,1511,2034,2035,1500,1540,1561,1541,1494,1484,1489,1480],"yoast_head":"<!-- This site is optimized with the Yoast SEO plugin v22.1 - https:\/\/yoast.com\/wordpress\/plugins\/seo\/ -->\n<title>Br\u00f8ker l\u00e6re leket\u00f8y - Woodinout \u00a9 -leker<\/title>\n<meta name=\"description\" content=\"L\u00e6releke for trebr\u00f8ker blir vinkelplan + br\u00f8ker, tall og telleverkt\u00f8y for ENKEL, G\u00d8Y OG VERDISK lek.\" \/>\n<meta name=\"robots\" content=\"index, follow, max-snippet:-1, max-image-preview:large, max-video-preview:-1\" \/>\n<link rel=\"canonical\" href=\"https:\/\/woodinout.net\/no\/product\/montessori-matte-broker-laeringsleker\/\" \/>\n<meta property=\"og:locale\" content=\"nb_NO\" \/>\n<meta property=\"og:type\" content=\"article\" \/>\n<meta property=\"og:title\" content=\"Br\u00f8ker l\u00e6re leket\u00f8y - Woodinout \u00a9 -leker\" \/>\n<meta property=\"og:description\" content=\"L\u00e6releke for trebr\u00f8ker blir vinkelplan + br\u00f8ker, tall og telleverkt\u00f8y for ENKEL, G\u00d8Y OG VERDISK lek.\" \/>\n<meta property=\"og:url\" content=\"https:\/\/woodinout.net\/no\/product\/montessori-matte-broker-laeringsleker\/\" \/>\n<meta property=\"og:site_name\" content=\"Woodinout \u00a9\" \/>\n<meta property=\"article:modified_time\" content=\"2022-04-22T09:27:56+00:00\" \/>\n<meta property=\"og:image\" content=\"https:\/\/woodinout.net\/wp-content\/uploads\/2020\/06\/Montessori-math-fractions-learning-toys-1.jpg\" \/>\n\t<meta property=\"og:image:width\" content=\"853\" \/>\n\t<meta property=\"og:image:height\" content=\"1280\" \/>\n\t<meta property=\"og:image:type\" content=\"image\/jpeg\" \/>\n<meta name=\"twitter:card\" content=\"summary_large_image\" \/>\n<meta name=\"twitter:label1\" content=\"Ansl. lesetid\" \/>\n\t<meta name=\"twitter:data1\" content=\"1 minutt\" \/>\n<script type=\"application\/ld+json\" class=\"yoast-schema-graph\">{\"@context\":\"https:\/\/schema.org\",\"@graph\":[{\"@type\":\"WebPage\",\"@id\":\"https:\/\/woodinout.net\/no\/product\/montessori-matte-broker-laeringsleker\/\",\"url\":\"https:\/\/woodinout.net\/no\/product\/montessori-matte-broker-laeringsleker\/\",\"name\":\"Br\u00f8ker l\u00e6re leket\u00f8y - Woodinout \u00a9 -leker\",\"isPartOf\":{\"@id\":\"https:\/\/woodinout.net\/no\/#website\"},\"datePublished\":\"2020-06-30T20:05:16+00:00\",\"dateModified\":\"2022-04-22T09:27:56+00:00\",\"description\":\"L\u00e6releke for trebr\u00f8ker blir vinkelplan + br\u00f8ker, tall og telleverkt\u00f8y for ENKEL, G\u00d8Y OG VERDISK lek.\",\"breadcrumb\":{\"@id\":\"https:\/\/woodinout.net\/no\/product\/montessori-matte-broker-laeringsleker\/#breadcrumb\"},\"inLanguage\":\"nb-NO\",\"potentialAction\":[{\"@type\":\"ReadAction\",\"target\":[\"https:\/\/woodinout.net\/no\/product\/montessori-matte-broker-laeringsleker\/\"]}]},{\"@type\":\"BreadcrumbList\",\"@id\":\"https:\/\/woodinout.net\/no\/product\/montessori-matte-broker-laeringsleker\/#breadcrumb\",\"itemListElement\":[{\"@type\":\"ListItem\",\"position\":1,\"name\":\"Home\",\"item\":\"https:\/\/woodinout.net\/no\/\"},{\"@type\":\"ListItem\",\"position\":2,\"name\":\"Shop\",\"item\":\"https:\/\/woodinout.net\/shop\/\"},{\"@type\":\"ListItem\",\"position\":3,\"name\":\"Br\u00f8ker l\u00e6re leket\u00f8y\"}]},{\"@type\":\"WebSite\",\"@id\":\"https:\/\/woodinout.net\/no\/#website\",\"url\":\"https:\/\/woodinout.net\/no\/\",\"name\":\"Woodinout \u00a9\",\"description\":\"Wooden Montessori toys, gifts, home and events decor details\",\"potentialAction\":[{\"@type\":\"SearchAction\",\"target\":{\"@type\":\"EntryPoint\",\"urlTemplate\":\"https:\/\/woodinout.net\/no\/?s={search_term_string}\"},\"query-input\":\"required name=search_term_string\"}],\"inLanguage\":\"nb-NO\"}]}<\/script>\n<!-- \/ Yoast SEO plugin. -->","yoast_head_json":{"title":"Br\u00f8ker l\u00e6re leket\u00f8y - Woodinout \u00a9 -leker","description":"L\u00e6releke for trebr\u00f8ker blir vinkelplan + br\u00f8ker, tall og telleverkt\u00f8y for ENKEL, G\u00d8Y OG VERDISK lek.","robots":{"index":"index","follow":"follow","max-snippet":"max-snippet:-1","max-image-preview":"max-image-preview:large","max-video-preview":"max-video-preview:-1"},"canonical":"https:\/\/woodinout.net\/no\/product\/montessori-matte-broker-laeringsleker\/","og_locale":"nb_NO","og_type":"article","og_title":"Br\u00f8ker l\u00e6re leket\u00f8y - Woodinout \u00a9 -leker","og_description":"L\u00e6releke for trebr\u00f8ker blir vinkelplan + br\u00f8ker, tall og telleverkt\u00f8y for ENKEL, G\u00d8Y OG VERDISK lek.","og_url":"https:\/\/woodinout.net\/no\/product\/montessori-matte-broker-laeringsleker\/","og_site_name":"Woodinout \u00a9","article_modified_time":"2022-04-22T09:27:56+00:00","og_image":[{"width":853,"height":1280,"url":"https:\/\/woodinout.net\/wp-content\/uploads\/2020\/06\/Montessori-math-fractions-learning-toys-1.jpg","type":"image\/jpeg"}],"twitter_card":"summary_large_image","twitter_misc":{"Ansl. lesetid":"1 minutt"},"schema":{"@context":"https:\/\/schema.org","@graph":[{"@type":"WebPage","@id":"https:\/\/woodinout.net\/no\/product\/montessori-matte-broker-laeringsleker\/","url":"https:\/\/woodinout.net\/no\/product\/montessori-matte-broker-laeringsleker\/","name":"Br\u00f8ker l\u00e6re leket\u00f8y - Woodinout \u00a9 -leker","isPartOf":{"@id":"https:\/\/woodinout.net\/no\/#website"},"datePublished":"2020-06-30T20:05:16+00:00","dateModified":"2022-04-22T09:27:56+00:00","description":"L\u00e6releke for trebr\u00f8ker blir vinkelplan + br\u00f8ker, tall og telleverkt\u00f8y for ENKEL, G\u00d8Y OG VERDISK lek.","breadcrumb":{"@id":"https:\/\/woodinout.net\/no\/product\/montessori-matte-broker-laeringsleker\/#breadcrumb"},"inLanguage":"nb-NO","potentialAction":[{"@type":"ReadAction","target":["https:\/\/woodinout.net\/no\/product\/montessori-matte-broker-laeringsleker\/"]}]},{"@type":"BreadcrumbList","@id":"https:\/\/woodinout.net\/no\/product\/montessori-matte-broker-laeringsleker\/#breadcrumb","itemListElement":[{"@type":"ListItem","position":1,"name":"Home","item":"https:\/\/woodinout.net\/no\/"},{"@type":"ListItem","position":2,"name":"Shop","item":"https:\/\/woodinout.net\/shop\/"},{"@type":"ListItem","position":3,"name":"Br\u00f8ker l\u00e6re leket\u00f8y"}]},{"@type":"WebSite","@id":"https:\/\/woodinout.net\/no\/#website","url":"https:\/\/woodinout.net\/no\/","name":"Woodinout \u00a9","description":"Wooden Montessori toys, gifts, home and events decor details","potentialAction":[{"@type":"SearchAction","target":{"@type":"EntryPoint","urlTemplate":"https:\/\/woodinout.net\/no\/?s={search_term_string}"},"query-input":"required name=search_term_string"}],"inLanguage":"nb-NO"}]}},"_links":{"self":[{"href":"https:\/\/woodinout.net\/no\/wp-json\/wp\/v2\/product\/21243"}],"collection":[{"href":"https:\/\/woodinout.net\/no\/wp-json\/wp\/v2\/product"}],"about":[{"href":"https:\/\/woodinout.net\/no\/wp-json\/wp\/v2\/types\/product"}],"wp:featuredmedia":[{"embeddable":true,"href":"https:\/\/woodinout.net\/no\/wp-json\/wp\/v2\/media\/18331"}],"wp:attachment":[{"href":"https:\/\/woodinout.net\/no\/wp-json\/wp\/v2\/media?parent=21243"}],"wp:term":[{"taxonomy":"product_cat","embeddable":true,"href":"https:\/\/woodinout.net\/no\/wp-json\/wp\/v2\/product_cat?post=21243"},{"taxonomy":"product_tag","embeddable":true,"href":"https:\/\/woodinout.net\/no\/wp-json\/wp\/v2\/product_tag?post=21243"}],"curies":[{"name":"wp","href":"https:\/\/api.w.org\/{rel}","templated":true}]}}