{"id":21236,"date":"2020-06-30T23:23:12","date_gmt":"2020-06-30T20:23:12","guid":{"rendered":"https:\/\/woodinout.net\/product\/treobjekttellekort\/"},"modified":"2022-04-22T12:27:03","modified_gmt":"2022-04-22T09:27:03","slug":"tre-telle-objekt-blokker","status":"publish","type":"product","link":"https:\/\/woodinout.net\/no\/product\/tre-telle-objekt-blokker\/","title":{"rendered":"Treobjekttellekort"},"content":{"rendered":"<h1>Treobjekttellekort<\/h1>\n<p>er en morsom og enkel m\u00e5te \u00e5 undervise i matematikk, tall og telling. Bilder av objektmengder p\u00e5 Montessori-inspirerte treklosser hjelper til med \u00e5 visualisere tall og telling. En marih\u00f8ne.. Tre baller.. TI&#8230; ??? Objekttellingskort vil ogs\u00e5 bidra til \u00e5 utvikle sm\u00e5barns ordforr\u00e5d p\u00e5 den mest interessante m\u00e5ten. \u00c5 telle med 10 forskjellige bilder er mye mer spennende. Kompatibel med l\u00e6ringsspillene v\u00e5re som vi foretrekker \u00e5 bruke som <a href=\"http:\/\/woodinout.net\/product-tag\/math-manipulatives\/\">matematiske manipulasjoner<\/a> som ti rammer 2&#215;5 eller 3&#215;5.<\/p>\n<p>En av de mest verdifulle matematikkgavene for barn du kan f\u00e5 &#8211; v\u00e5re pedagogiske treleker er laget med kj\u00e6rlighet og lidenskap. H\u00c5NDLAGET av materialer av beste kvalitet v\u00e5re treleker er trygge \u00e5 ta p\u00e5, leke, f\u00f8le, til og med smake p\u00e5!<\/p>\n<p>Settet inneholder:<br \/>\n10 stk. KRYSSFINER-kort med forskjellig antall symboler<\/p>\n<p>DIMENSJONER<\/p>\n<p>H\u00f8yde: ~1,8 tommer<br \/>\nLengde: ~1,8 tommer<br \/>\nTykkelse: ~0,12 tommer<\/p>\n<p>FARGER OG MATERIALE<br \/>\nFarge: naturlig.<br \/>\nLeket\u00f8yet er laget av KRYSSFINER.<br \/>\nV\u00e6r oppmerksom p\u00e5 at farger kan variere p\u00e5 grunn av innstillinger for dataskjerm og lys.<\/p>\n<div style=\"width: 1080px;\" class=\"wp-video\"><!--[if lt IE 9]><script>document.createElement('video');<\/script><![endif]-->\n<video class=\"wp-video-shortcode\" id=\"video-21236-1\" width=\"1080\" height=\"810\" preload=\"metadata\" controls=\"controls\"><source type=\"video\/mp4\" src=\"http:\/\/woodinout.net\/wp-content\/uploads\/2020\/06\/MEDINIS_5.mp4?_=1\" \/><a href=\"http:\/\/woodinout.net\/wp-content\/uploads\/2020\/06\/MEDINIS_5.mp4\">http:\/\/woodinout.net\/wp-content\/uploads\/2020\/06\/MEDINIS_5.mp4<\/a><\/video><\/div>\n","protected":false},"excerpt":{"rendered":"<p>Treobjekttellekort er en morsom og enkel m\u00e5te \u00e5 undervise i matematikk, tall og telling. Bilder av objektmengder p\u00e5 Montessori-inspirerte treklosser hjelper til med \u00e5 visualisere tall og telling. En marih\u00f8ne.. Tre baller.. TI&#8230; ??? Objekttellingskort vil ogs\u00e5 bidra til \u00e5 utvikle sm\u00e5barns ordforr\u00e5d p\u00e5 den mest interessante m\u00e5ten. \u00c5 telle med 10 forskjellige bilder er [&hellip;]<\/p>\n","protected":false},"featured_media":18355,"template":"","meta":{"_monsterinsights_skip_tracking":false,"_monsterinsights_sitenote_active":false,"_monsterinsights_sitenote_note":"","_monsterinsights_sitenote_category":0},"product_cat":[1523,1477],"product_tag":[1505,1511,1500,1561,1494,1484,1489,2028,2027,1480],"yoast_head":"<!-- This site is optimized with the Yoast SEO plugin v22.1 - https:\/\/yoast.com\/wordpress\/plugins\/seo\/ -->\n<title>Treobjekttellekort - Woodinout \u00a9 -leker<\/title>\n<meta name=\"description\" content=\"L\u00e6r barna matematikk, tall og telling p\u00e5 en morsom m\u00e5te. Utvikle ogs\u00e5 sm\u00e5barns ordforr\u00e5d og lek med stilige h\u00e5ndlagde treklosser.\" \/>\n<meta name=\"robots\" content=\"index, follow, max-snippet:-1, max-image-preview:large, max-video-preview:-1\" \/>\n<link rel=\"canonical\" href=\"https:\/\/woodinout.net\/no\/product\/tre-telle-objekt-blokker\/\" \/>\n<meta property=\"og:locale\" content=\"nb_NO\" \/>\n<meta property=\"og:type\" content=\"article\" \/>\n<meta property=\"og:title\" content=\"Treobjekttellekort - Woodinout \u00a9 -leker\" \/>\n<meta property=\"og:description\" content=\"L\u00e6r barna matematikk, tall og telling p\u00e5 en morsom m\u00e5te. Utvikle ogs\u00e5 sm\u00e5barns ordforr\u00e5d og lek med stilige h\u00e5ndlagde treklosser.\" \/>\n<meta property=\"og:url\" content=\"https:\/\/woodinout.net\/no\/product\/tre-telle-objekt-blokker\/\" \/>\n<meta property=\"og:site_name\" content=\"Woodinout \u00a9\" \/>\n<meta property=\"article:modified_time\" content=\"2022-04-22T09:27:03+00:00\" \/>\n<meta property=\"og:image\" content=\"https:\/\/woodinout.net\/wp-content\/uploads\/2020\/06\/Montessori-math-gifts-Numbers-and-Counting-1.jpg\" \/>\n\t<meta property=\"og:image:width\" content=\"853\" \/>\n\t<meta property=\"og:image:height\" content=\"1280\" \/>\n\t<meta property=\"og:image:type\" content=\"image\/jpeg\" \/>\n<meta name=\"twitter:card\" content=\"summary_large_image\" \/>\n<meta name=\"twitter:label1\" content=\"Ansl. lesetid\" \/>\n\t<meta name=\"twitter:data1\" content=\"1 minutt\" \/>\n<script type=\"application\/ld+json\" class=\"yoast-schema-graph\">{\"@context\":\"https:\/\/schema.org\",\"@graph\":[{\"@type\":\"WebPage\",\"@id\":\"https:\/\/woodinout.net\/no\/product\/tre-telle-objekt-blokker\/\",\"url\":\"https:\/\/woodinout.net\/no\/product\/tre-telle-objekt-blokker\/\",\"name\":\"Treobjekttellekort - Woodinout \u00a9 -leker\",\"isPartOf\":{\"@id\":\"https:\/\/woodinout.net\/no\/#website\"},\"datePublished\":\"2020-06-30T20:23:12+00:00\",\"dateModified\":\"2022-04-22T09:27:03+00:00\",\"description\":\"L\u00e6r barna matematikk, tall og telling p\u00e5 en morsom m\u00e5te. Utvikle ogs\u00e5 sm\u00e5barns ordforr\u00e5d og lek med stilige h\u00e5ndlagde treklosser.\",\"breadcrumb\":{\"@id\":\"https:\/\/woodinout.net\/no\/product\/tre-telle-objekt-blokker\/#breadcrumb\"},\"inLanguage\":\"nb-NO\",\"potentialAction\":[{\"@type\":\"ReadAction\",\"target\":[\"https:\/\/woodinout.net\/no\/product\/tre-telle-objekt-blokker\/\"]}]},{\"@type\":\"BreadcrumbList\",\"@id\":\"https:\/\/woodinout.net\/no\/product\/tre-telle-objekt-blokker\/#breadcrumb\",\"itemListElement\":[{\"@type\":\"ListItem\",\"position\":1,\"name\":\"Home\",\"item\":\"https:\/\/woodinout.net\/no\/\"},{\"@type\":\"ListItem\",\"position\":2,\"name\":\"Shop\",\"item\":\"https:\/\/woodinout.net\/shop\/\"},{\"@type\":\"ListItem\",\"position\":3,\"name\":\"Treobjekttellekort\"}]},{\"@type\":\"WebSite\",\"@id\":\"https:\/\/woodinout.net\/no\/#website\",\"url\":\"https:\/\/woodinout.net\/no\/\",\"name\":\"Woodinout \u00a9\",\"description\":\"Wooden Montessori toys, gifts, home and events decor details\",\"potentialAction\":[{\"@type\":\"SearchAction\",\"target\":{\"@type\":\"EntryPoint\",\"urlTemplate\":\"https:\/\/woodinout.net\/no\/?s={search_term_string}\"},\"query-input\":\"required name=search_term_string\"}],\"inLanguage\":\"nb-NO\"}]}<\/script>\n<!-- \/ Yoast SEO plugin. -->","yoast_head_json":{"title":"Treobjekttellekort - Woodinout \u00a9 -leker","description":"L\u00e6r barna matematikk, tall og telling p\u00e5 en morsom m\u00e5te. Utvikle ogs\u00e5 sm\u00e5barns ordforr\u00e5d og lek med stilige h\u00e5ndlagde treklosser.","robots":{"index":"index","follow":"follow","max-snippet":"max-snippet:-1","max-image-preview":"max-image-preview:large","max-video-preview":"max-video-preview:-1"},"canonical":"https:\/\/woodinout.net\/no\/product\/tre-telle-objekt-blokker\/","og_locale":"nb_NO","og_type":"article","og_title":"Treobjekttellekort - Woodinout \u00a9 -leker","og_description":"L\u00e6r barna matematikk, tall og telling p\u00e5 en morsom m\u00e5te. Utvikle ogs\u00e5 sm\u00e5barns ordforr\u00e5d og lek med stilige h\u00e5ndlagde treklosser.","og_url":"https:\/\/woodinout.net\/no\/product\/tre-telle-objekt-blokker\/","og_site_name":"Woodinout \u00a9","article_modified_time":"2022-04-22T09:27:03+00:00","og_image":[{"width":853,"height":1280,"url":"https:\/\/woodinout.net\/wp-content\/uploads\/2020\/06\/Montessori-math-gifts-Numbers-and-Counting-1.jpg","type":"image\/jpeg"}],"twitter_card":"summary_large_image","twitter_misc":{"Ansl. lesetid":"1 minutt"},"schema":{"@context":"https:\/\/schema.org","@graph":[{"@type":"WebPage","@id":"https:\/\/woodinout.net\/no\/product\/tre-telle-objekt-blokker\/","url":"https:\/\/woodinout.net\/no\/product\/tre-telle-objekt-blokker\/","name":"Treobjekttellekort - Woodinout \u00a9 -leker","isPartOf":{"@id":"https:\/\/woodinout.net\/no\/#website"},"datePublished":"2020-06-30T20:23:12+00:00","dateModified":"2022-04-22T09:27:03+00:00","description":"L\u00e6r barna matematikk, tall og telling p\u00e5 en morsom m\u00e5te. Utvikle ogs\u00e5 sm\u00e5barns ordforr\u00e5d og lek med stilige h\u00e5ndlagde treklosser.","breadcrumb":{"@id":"https:\/\/woodinout.net\/no\/product\/tre-telle-objekt-blokker\/#breadcrumb"},"inLanguage":"nb-NO","potentialAction":[{"@type":"ReadAction","target":["https:\/\/woodinout.net\/no\/product\/tre-telle-objekt-blokker\/"]}]},{"@type":"BreadcrumbList","@id":"https:\/\/woodinout.net\/no\/product\/tre-telle-objekt-blokker\/#breadcrumb","itemListElement":[{"@type":"ListItem","position":1,"name":"Home","item":"https:\/\/woodinout.net\/no\/"},{"@type":"ListItem","position":2,"name":"Shop","item":"https:\/\/woodinout.net\/shop\/"},{"@type":"ListItem","position":3,"name":"Treobjekttellekort"}]},{"@type":"WebSite","@id":"https:\/\/woodinout.net\/no\/#website","url":"https:\/\/woodinout.net\/no\/","name":"Woodinout \u00a9","description":"Wooden Montessori toys, gifts, home and events decor details","potentialAction":[{"@type":"SearchAction","target":{"@type":"EntryPoint","urlTemplate":"https:\/\/woodinout.net\/no\/?s={search_term_string}"},"query-input":"required name=search_term_string"}],"inLanguage":"nb-NO"}]}},"_links":{"self":[{"href":"https:\/\/woodinout.net\/no\/wp-json\/wp\/v2\/product\/21236"}],"collection":[{"href":"https:\/\/woodinout.net\/no\/wp-json\/wp\/v2\/product"}],"about":[{"href":"https:\/\/woodinout.net\/no\/wp-json\/wp\/v2\/types\/product"}],"wp:featuredmedia":[{"embeddable":true,"href":"https:\/\/woodinout.net\/no\/wp-json\/wp\/v2\/media\/18355"}],"wp:attachment":[{"href":"https:\/\/woodinout.net\/no\/wp-json\/wp\/v2\/media?parent=21236"}],"wp:term":[{"taxonomy":"product_cat","embeddable":true,"href":"https:\/\/woodinout.net\/no\/wp-json\/wp\/v2\/product_cat?post=21236"},{"taxonomy":"product_tag","embeddable":true,"href":"https:\/\/woodinout.net\/no\/wp-json\/wp\/v2\/product_tag?post=21236"}],"curies":[{"name":"wp","href":"https:\/\/api.w.org\/{rel}","templated":true}]}}