{"id":21231,"date":"2021-03-14T22:09:04","date_gmt":"2021-03-14T20:09:04","guid":{"rendered":"https:\/\/woodinout.net\/product\/folelsene-sirkler\/"},"modified":"2022-03-13T16:46:31","modified_gmt":"2022-03-13T14:46:31","slug":"folelser-sirkel","status":"publish","type":"product","link":"https:\/\/woodinout.net\/no\/product\/folelser-sirkel\/","title":{"rendered":"F\u00f8lelsene sirkler"},"content":{"rendered":"<p>Barns f\u00f8lelser kartlegger h\u00e5ndlaget av tre \u2013 laget for de som bryr seg og forst\u00e5r hvordan barn Psykisk helse er viktig i dag. Bare ta f\u00f8lelses-f\u00f8lelseshjulet og la barnet sette pilen til f\u00f8lelsen. Det er enkelt siden hjulet er visuelt. Diskuter og g\u00e5 videre til neste eller finn det motsatte eller vis det i ansiktet ditt eller tegn det&#8230; Mulighetene er uendelige. Montessori-lekene v\u00e5re er b\u00e6rekraftige, laget av naturlige materialer &#8211; sikre for barn i alle aldre.<\/p>\n<p>DIMENSJONER<br \/>\nDiameter: ~6,9 tommer (17,5 cm)<br \/>\nTykkelse: ~0,6 tommer (1,5 cm)<\/p>\n<p>FARGER OG MATERIALE<br \/>\nFarge: naturlig og brunoljet.<br \/>\nLeket\u00f8yet er laget av NATURLIG MASSIVT TRE.<br \/>\nV\u00e6r oppmerksom p\u00e5 at farger kan variere p\u00e5 grunn av innstillinger for dataskjerm og lys.<\/p>\n<p>For flere ideer, f\u00f8lg oss p\u00e5 <a href=\"https:\/\/www.instagram.com\/woodinout\/\">INSTAGRAM<\/a> &amp; <a href=\"https:\/\/www.facebook.com\/Woodinout.net\">FACEBOOK<\/a><\/p>\n","protected":false},"excerpt":{"rendered":"<p>Barns f\u00f8lelser kartlegger h\u00e5ndlaget av tre \u2013 laget for de som bryr seg og forst\u00e5r hvordan barn Psykisk helse er viktig i dag. Bare ta f\u00f8lelses-f\u00f8lelseshjulet og la barnet sette pilen til f\u00f8lelsen. Det er enkelt siden hjulet er visuelt. Diskuter og g\u00e5 videre til neste eller finn det motsatte eller vis det i ansiktet [&hellip;]<\/p>\n","protected":false},"featured_media":18979,"template":"","meta":{"_monsterinsights_skip_tracking":false,"_monsterinsights_sitenote_active":false,"_monsterinsights_sitenote_note":"","_monsterinsights_sitenote_category":0},"product_cat":[1477,1598],"product_tag":[1505,1511,2018,1500,2033,1494,1484,1489,1480],"yoast_head":"<!-- This site is optimized with the Yoast SEO plugin v22.1 - https:\/\/yoast.com\/wordpress\/plugins\/seo\/ -->\n<title>F\u00f8lelsene sirkler - Woodinout \u00a9 l\u00e6ringsleker<\/title>\n<meta name=\"description\" content=\"L\u00e6r \u00e5 fortelle f\u00f8lelser for barn med denne superkule f\u00f8lelsesklokken i tre. Naturmaterialer, h\u00e5ndlaget og l\u00e6rerikt. Verdensomspennende frakt.\" \/>\n<meta name=\"robots\" content=\"index, follow, max-snippet:-1, max-image-preview:large, max-video-preview:-1\" \/>\n<link rel=\"canonical\" href=\"https:\/\/woodinout.net\/no\/product\/folelser-sirkel\/\" \/>\n<meta property=\"og:locale\" content=\"nb_NO\" \/>\n<meta property=\"og:type\" content=\"article\" \/>\n<meta property=\"og:title\" content=\"F\u00f8lelsene sirkler - Woodinout \u00a9 l\u00e6ringsleker\" \/>\n<meta property=\"og:description\" content=\"L\u00e6r \u00e5 fortelle f\u00f8lelser for barn med denne superkule f\u00f8lelsesklokken i tre. Naturmaterialer, h\u00e5ndlaget og l\u00e6rerikt. Verdensomspennende frakt.\" \/>\n<meta property=\"og:url\" content=\"https:\/\/woodinout.net\/no\/product\/folelser-sirkel\/\" \/>\n<meta property=\"og:site_name\" content=\"Woodinout \u00a9\" \/>\n<meta property=\"article:modified_time\" content=\"2022-03-13T14:46:31+00:00\" \/>\n<meta property=\"og:image\" content=\"https:\/\/woodinout.net\/wp-content\/uploads\/2021\/03\/Emotions_circle_2.jpg\" \/>\n\t<meta property=\"og:image:width\" content=\"1706\" \/>\n\t<meta property=\"og:image:height\" content=\"2560\" \/>\n\t<meta property=\"og:image:type\" content=\"image\/jpeg\" \/>\n<meta name=\"twitter:card\" content=\"summary_large_image\" \/>\n<meta name=\"twitter:label1\" content=\"Ansl. lesetid\" \/>\n\t<meta name=\"twitter:data1\" content=\"1 minutt\" \/>\n<script type=\"application\/ld+json\" class=\"yoast-schema-graph\">{\"@context\":\"https:\/\/schema.org\",\"@graph\":[{\"@type\":\"WebPage\",\"@id\":\"https:\/\/woodinout.net\/no\/product\/folelser-sirkel\/\",\"url\":\"https:\/\/woodinout.net\/no\/product\/folelser-sirkel\/\",\"name\":\"F\u00f8lelsene sirkler - Woodinout \u00a9 l\u00e6ringsleker\",\"isPartOf\":{\"@id\":\"https:\/\/woodinout.net\/no\/#website\"},\"datePublished\":\"2021-03-14T20:09:04+00:00\",\"dateModified\":\"2022-03-13T14:46:31+00:00\",\"description\":\"L\u00e6r \u00e5 fortelle f\u00f8lelser for barn med denne superkule f\u00f8lelsesklokken i tre. Naturmaterialer, h\u00e5ndlaget og l\u00e6rerikt. Verdensomspennende frakt.\",\"breadcrumb\":{\"@id\":\"https:\/\/woodinout.net\/no\/product\/folelser-sirkel\/#breadcrumb\"},\"inLanguage\":\"nb-NO\",\"potentialAction\":[{\"@type\":\"ReadAction\",\"target\":[\"https:\/\/woodinout.net\/no\/product\/folelser-sirkel\/\"]}]},{\"@type\":\"BreadcrumbList\",\"@id\":\"https:\/\/woodinout.net\/no\/product\/folelser-sirkel\/#breadcrumb\",\"itemListElement\":[{\"@type\":\"ListItem\",\"position\":1,\"name\":\"Home\",\"item\":\"https:\/\/woodinout.net\/no\/\"},{\"@type\":\"ListItem\",\"position\":2,\"name\":\"Shop\",\"item\":\"https:\/\/woodinout.net\/shop\/\"},{\"@type\":\"ListItem\",\"position\":3,\"name\":\"F\u00f8lelsene sirkler\"}]},{\"@type\":\"WebSite\",\"@id\":\"https:\/\/woodinout.net\/no\/#website\",\"url\":\"https:\/\/woodinout.net\/no\/\",\"name\":\"Woodinout \u00a9\",\"description\":\"Wooden Montessori toys, gifts, home and events decor details\",\"potentialAction\":[{\"@type\":\"SearchAction\",\"target\":{\"@type\":\"EntryPoint\",\"urlTemplate\":\"https:\/\/woodinout.net\/no\/?s={search_term_string}\"},\"query-input\":\"required name=search_term_string\"}],\"inLanguage\":\"nb-NO\"}]}<\/script>\n<!-- \/ Yoast SEO plugin. -->","yoast_head_json":{"title":"F\u00f8lelsene sirkler - Woodinout \u00a9 l\u00e6ringsleker","description":"L\u00e6r \u00e5 fortelle f\u00f8lelser for barn med denne superkule f\u00f8lelsesklokken i tre. Naturmaterialer, h\u00e5ndlaget og l\u00e6rerikt. Verdensomspennende frakt.","robots":{"index":"index","follow":"follow","max-snippet":"max-snippet:-1","max-image-preview":"max-image-preview:large","max-video-preview":"max-video-preview:-1"},"canonical":"https:\/\/woodinout.net\/no\/product\/folelser-sirkel\/","og_locale":"nb_NO","og_type":"article","og_title":"F\u00f8lelsene sirkler - Woodinout \u00a9 l\u00e6ringsleker","og_description":"L\u00e6r \u00e5 fortelle f\u00f8lelser for barn med denne superkule f\u00f8lelsesklokken i tre. Naturmaterialer, h\u00e5ndlaget og l\u00e6rerikt. Verdensomspennende frakt.","og_url":"https:\/\/woodinout.net\/no\/product\/folelser-sirkel\/","og_site_name":"Woodinout \u00a9","article_modified_time":"2022-03-13T14:46:31+00:00","og_image":[{"width":1706,"height":2560,"url":"https:\/\/woodinout.net\/wp-content\/uploads\/2021\/03\/Emotions_circle_2.jpg","type":"image\/jpeg"}],"twitter_card":"summary_large_image","twitter_misc":{"Ansl. lesetid":"1 minutt"},"schema":{"@context":"https:\/\/schema.org","@graph":[{"@type":"WebPage","@id":"https:\/\/woodinout.net\/no\/product\/folelser-sirkel\/","url":"https:\/\/woodinout.net\/no\/product\/folelser-sirkel\/","name":"F\u00f8lelsene sirkler - Woodinout \u00a9 l\u00e6ringsleker","isPartOf":{"@id":"https:\/\/woodinout.net\/no\/#website"},"datePublished":"2021-03-14T20:09:04+00:00","dateModified":"2022-03-13T14:46:31+00:00","description":"L\u00e6r \u00e5 fortelle f\u00f8lelser for barn med denne superkule f\u00f8lelsesklokken i tre. Naturmaterialer, h\u00e5ndlaget og l\u00e6rerikt. Verdensomspennende frakt.","breadcrumb":{"@id":"https:\/\/woodinout.net\/no\/product\/folelser-sirkel\/#breadcrumb"},"inLanguage":"nb-NO","potentialAction":[{"@type":"ReadAction","target":["https:\/\/woodinout.net\/no\/product\/folelser-sirkel\/"]}]},{"@type":"BreadcrumbList","@id":"https:\/\/woodinout.net\/no\/product\/folelser-sirkel\/#breadcrumb","itemListElement":[{"@type":"ListItem","position":1,"name":"Home","item":"https:\/\/woodinout.net\/no\/"},{"@type":"ListItem","position":2,"name":"Shop","item":"https:\/\/woodinout.net\/shop\/"},{"@type":"ListItem","position":3,"name":"F\u00f8lelsene sirkler"}]},{"@type":"WebSite","@id":"https:\/\/woodinout.net\/no\/#website","url":"https:\/\/woodinout.net\/no\/","name":"Woodinout \u00a9","description":"Wooden Montessori toys, gifts, home and events decor details","potentialAction":[{"@type":"SearchAction","target":{"@type":"EntryPoint","urlTemplate":"https:\/\/woodinout.net\/no\/?s={search_term_string}"},"query-input":"required name=search_term_string"}],"inLanguage":"nb-NO"}]}},"_links":{"self":[{"href":"https:\/\/woodinout.net\/no\/wp-json\/wp\/v2\/product\/21231"}],"collection":[{"href":"https:\/\/woodinout.net\/no\/wp-json\/wp\/v2\/product"}],"about":[{"href":"https:\/\/woodinout.net\/no\/wp-json\/wp\/v2\/types\/product"}],"wp:featuredmedia":[{"embeddable":true,"href":"https:\/\/woodinout.net\/no\/wp-json\/wp\/v2\/media\/18979"}],"wp:attachment":[{"href":"https:\/\/woodinout.net\/no\/wp-json\/wp\/v2\/media?parent=21231"}],"wp:term":[{"taxonomy":"product_cat","embeddable":true,"href":"https:\/\/woodinout.net\/no\/wp-json\/wp\/v2\/product_cat?post=21231"},{"taxonomy":"product_tag","embeddable":true,"href":"https:\/\/woodinout.net\/no\/wp-json\/wp\/v2\/product_tag?post=21231"}],"curies":[{"name":"wp","href":"https:\/\/api.w.org\/{rel}","templated":true}]}}