{"id":21230,"date":"2020-06-30T23:26:21","date_gmt":"2020-06-30T20:26:21","guid":{"rendered":"https:\/\/woodinout.net\/product\/treknagger-for-montessori-leker\/"},"modified":"2022-03-13T16:46:14","modified_gmt":"2022-03-13T14:46:14","slug":"tre-plugger-pinnebrett-knagger","status":"publish","type":"product","link":"https:\/\/woodinout.net\/no\/product\/tre-plugger-pinnebrett-knagger\/","title":{"rendered":"Treknagger for Montessori-leker"},"content":{"rendered":"<p>Naturlige treknagger elsket av barn. Treplugger eller ganske enkelt treplugger er en av de mest popul\u00e6re Montessori-lekene. Bruk den i <a href=\"http:\/\/woodinout.net\/product\/unique-sand-tray-by-montessori-waldorf-toys\/\">sandbrett<\/a> , lekedeig, tre- eller steinperler &#8211; Barn vil definitivt finne hvor de skal plugge dem, bare la fantasien vokse! V\u00c5RE pedagogiske sanseleker er H\u00c5NDLAGDE, milj\u00f8vennlige og trygge \u00e5 leke med. Spillepinner s\u00e5 enkle de ser ut som verdifulle de er! Tell dem, plugg dem inn, sorter dem, fargelegg dem! V\u00e6r kreativ og hold deg naturlig med treleker.<\/p>\n<p>Sett &#8211; 10 knagger i tre<\/p>\n<p>DIMENSJONER<\/p>\n<p>Sm\u00e5 pinner lengde 0,35 tommer<br \/>\nStore pinner lengde 1,2 tommer<\/p>\n<p>FARGER OG MATERIALE<br \/>\nFarge: naturlig<br \/>\nLeket\u00f8yet er laget av naturlig TRE.<br \/>\nV\u00e6r oppmerksom p\u00e5 at farger kan variere p\u00e5 grunn av innstillinger for dataskjerm og lys.<\/p>\n","protected":false},"excerpt":{"rendered":"<p>Naturlige treknagger elsket av barn. Treplugger eller ganske enkelt treplugger er en av de mest popul\u00e6re Montessori-lekene. Bruk den i sandbrett , lekedeig, tre- eller steinperler &#8211; Barn vil definitivt finne hvor de skal plugge dem, bare la fantasien vokse! V\u00c5RE pedagogiske sanseleker er H\u00c5NDLAGDE, milj\u00f8vennlige og trygge \u00e5 leke med. Spillepinner s\u00e5 enkle de [&hellip;]<\/p>\n","protected":false},"featured_media":18371,"template":"","meta":{"_monsterinsights_skip_tracking":false,"_monsterinsights_sitenote_active":false,"_monsterinsights_sitenote_note":"","_monsterinsights_sitenote_category":0},"product_cat":[1523,1477],"product_tag":[1505,1511,1500,1494,1484,1489,2032,2031,1480,2030],"yoast_head":"<!-- This site is optimized with the Yoast SEO plugin v22.1 - https:\/\/yoast.com\/wordpress\/plugins\/seo\/ -->\n<title>Treknagger for Montessori-leker - Woodinout \u00a9<\/title>\n<meta name=\"description\" content=\"Treknagger s\u00e5 enkle som verdifulle de er! Tell dem, plugg dem inn, sorter dem, fargelegg dem! V\u00e6r kreativ og hold deg naturlig med treleker.\" \/>\n<meta name=\"robots\" content=\"index, follow, max-snippet:-1, max-image-preview:large, max-video-preview:-1\" \/>\n<link rel=\"canonical\" href=\"https:\/\/woodinout.net\/no\/product\/tre-plugger-pinnebrett-knagger\/\" \/>\n<meta property=\"og:locale\" content=\"nb_NO\" \/>\n<meta property=\"og:type\" content=\"article\" \/>\n<meta property=\"og:title\" content=\"Treknagger for Montessori-leker - Woodinout \u00a9\" \/>\n<meta property=\"og:description\" content=\"Treknagger s\u00e5 enkle som verdifulle de er! Tell dem, plugg dem inn, sorter dem, fargelegg dem! V\u00e6r kreativ og hold deg naturlig med treleker.\" \/>\n<meta property=\"og:url\" content=\"https:\/\/woodinout.net\/no\/product\/tre-plugger-pinnebrett-knagger\/\" \/>\n<meta property=\"og:site_name\" content=\"Woodinout \u00a9\" \/>\n<meta property=\"article:modified_time\" content=\"2022-03-13T14:46:14+00:00\" \/>\n<meta property=\"og:image\" content=\"https:\/\/woodinout.net\/wp-content\/uploads\/2020\/06\/Pegboard-pegs-1.jpg\" \/>\n\t<meta property=\"og:image:width\" content=\"853\" \/>\n\t<meta property=\"og:image:height\" content=\"1280\" \/>\n\t<meta property=\"og:image:type\" content=\"image\/jpeg\" \/>\n<meta name=\"twitter:card\" content=\"summary_large_image\" \/>\n<meta name=\"twitter:label1\" content=\"Ansl. lesetid\" \/>\n\t<meta name=\"twitter:data1\" content=\"1 minutt\" \/>\n<script type=\"application\/ld+json\" class=\"yoast-schema-graph\">{\"@context\":\"https:\/\/schema.org\",\"@graph\":[{\"@type\":\"WebPage\",\"@id\":\"https:\/\/woodinout.net\/no\/product\/tre-plugger-pinnebrett-knagger\/\",\"url\":\"https:\/\/woodinout.net\/no\/product\/tre-plugger-pinnebrett-knagger\/\",\"name\":\"Treknagger for Montessori-leker - Woodinout \u00a9\",\"isPartOf\":{\"@id\":\"https:\/\/woodinout.net\/no\/#website\"},\"datePublished\":\"2020-06-30T20:26:21+00:00\",\"dateModified\":\"2022-03-13T14:46:14+00:00\",\"description\":\"Treknagger s\u00e5 enkle som verdifulle de er! Tell dem, plugg dem inn, sorter dem, fargelegg dem! V\u00e6r kreativ og hold deg naturlig med treleker.\",\"breadcrumb\":{\"@id\":\"https:\/\/woodinout.net\/no\/product\/tre-plugger-pinnebrett-knagger\/#breadcrumb\"},\"inLanguage\":\"nb-NO\",\"potentialAction\":[{\"@type\":\"ReadAction\",\"target\":[\"https:\/\/woodinout.net\/no\/product\/tre-plugger-pinnebrett-knagger\/\"]}]},{\"@type\":\"BreadcrumbList\",\"@id\":\"https:\/\/woodinout.net\/no\/product\/tre-plugger-pinnebrett-knagger\/#breadcrumb\",\"itemListElement\":[{\"@type\":\"ListItem\",\"position\":1,\"name\":\"Home\",\"item\":\"https:\/\/woodinout.net\/no\/\"},{\"@type\":\"ListItem\",\"position\":2,\"name\":\"Shop\",\"item\":\"https:\/\/woodinout.net\/shop\/\"},{\"@type\":\"ListItem\",\"position\":3,\"name\":\"Treknagger for Montessori-leker\"}]},{\"@type\":\"WebSite\",\"@id\":\"https:\/\/woodinout.net\/no\/#website\",\"url\":\"https:\/\/woodinout.net\/no\/\",\"name\":\"Woodinout \u00a9\",\"description\":\"Wooden Montessori toys, gifts, home and events decor details\",\"potentialAction\":[{\"@type\":\"SearchAction\",\"target\":{\"@type\":\"EntryPoint\",\"urlTemplate\":\"https:\/\/woodinout.net\/no\/?s={search_term_string}\"},\"query-input\":\"required name=search_term_string\"}],\"inLanguage\":\"nb-NO\"}]}<\/script>\n<!-- \/ Yoast SEO plugin. -->","yoast_head_json":{"title":"Treknagger for Montessori-leker - Woodinout \u00a9","description":"Treknagger s\u00e5 enkle som verdifulle de er! Tell dem, plugg dem inn, sorter dem, fargelegg dem! V\u00e6r kreativ og hold deg naturlig med treleker.","robots":{"index":"index","follow":"follow","max-snippet":"max-snippet:-1","max-image-preview":"max-image-preview:large","max-video-preview":"max-video-preview:-1"},"canonical":"https:\/\/woodinout.net\/no\/product\/tre-plugger-pinnebrett-knagger\/","og_locale":"nb_NO","og_type":"article","og_title":"Treknagger for Montessori-leker - Woodinout \u00a9","og_description":"Treknagger s\u00e5 enkle som verdifulle de er! Tell dem, plugg dem inn, sorter dem, fargelegg dem! V\u00e6r kreativ og hold deg naturlig med treleker.","og_url":"https:\/\/woodinout.net\/no\/product\/tre-plugger-pinnebrett-knagger\/","og_site_name":"Woodinout \u00a9","article_modified_time":"2022-03-13T14:46:14+00:00","og_image":[{"width":853,"height":1280,"url":"https:\/\/woodinout.net\/wp-content\/uploads\/2020\/06\/Pegboard-pegs-1.jpg","type":"image\/jpeg"}],"twitter_card":"summary_large_image","twitter_misc":{"Ansl. lesetid":"1 minutt"},"schema":{"@context":"https:\/\/schema.org","@graph":[{"@type":"WebPage","@id":"https:\/\/woodinout.net\/no\/product\/tre-plugger-pinnebrett-knagger\/","url":"https:\/\/woodinout.net\/no\/product\/tre-plugger-pinnebrett-knagger\/","name":"Treknagger for Montessori-leker - Woodinout \u00a9","isPartOf":{"@id":"https:\/\/woodinout.net\/no\/#website"},"datePublished":"2020-06-30T20:26:21+00:00","dateModified":"2022-03-13T14:46:14+00:00","description":"Treknagger s\u00e5 enkle som verdifulle de er! Tell dem, plugg dem inn, sorter dem, fargelegg dem! V\u00e6r kreativ og hold deg naturlig med treleker.","breadcrumb":{"@id":"https:\/\/woodinout.net\/no\/product\/tre-plugger-pinnebrett-knagger\/#breadcrumb"},"inLanguage":"nb-NO","potentialAction":[{"@type":"ReadAction","target":["https:\/\/woodinout.net\/no\/product\/tre-plugger-pinnebrett-knagger\/"]}]},{"@type":"BreadcrumbList","@id":"https:\/\/woodinout.net\/no\/product\/tre-plugger-pinnebrett-knagger\/#breadcrumb","itemListElement":[{"@type":"ListItem","position":1,"name":"Home","item":"https:\/\/woodinout.net\/no\/"},{"@type":"ListItem","position":2,"name":"Shop","item":"https:\/\/woodinout.net\/shop\/"},{"@type":"ListItem","position":3,"name":"Treknagger for Montessori-leker"}]},{"@type":"WebSite","@id":"https:\/\/woodinout.net\/no\/#website","url":"https:\/\/woodinout.net\/no\/","name":"Woodinout \u00a9","description":"Wooden Montessori toys, gifts, home and events decor details","potentialAction":[{"@type":"SearchAction","target":{"@type":"EntryPoint","urlTemplate":"https:\/\/woodinout.net\/no\/?s={search_term_string}"},"query-input":"required name=search_term_string"}],"inLanguage":"nb-NO"}]}},"_links":{"self":[{"href":"https:\/\/woodinout.net\/no\/wp-json\/wp\/v2\/product\/21230"}],"collection":[{"href":"https:\/\/woodinout.net\/no\/wp-json\/wp\/v2\/product"}],"about":[{"href":"https:\/\/woodinout.net\/no\/wp-json\/wp\/v2\/types\/product"}],"wp:featuredmedia":[{"embeddable":true,"href":"https:\/\/woodinout.net\/no\/wp-json\/wp\/v2\/media\/18371"}],"wp:attachment":[{"href":"https:\/\/woodinout.net\/no\/wp-json\/wp\/v2\/media?parent=21230"}],"wp:term":[{"taxonomy":"product_cat","embeddable":true,"href":"https:\/\/woodinout.net\/no\/wp-json\/wp\/v2\/product_cat?post=21230"},{"taxonomy":"product_tag","embeddable":true,"href":"https:\/\/woodinout.net\/no\/wp-json\/wp\/v2\/product_tag?post=21230"}],"curies":[{"name":"wp","href":"https:\/\/api.w.org\/{rel}","templated":true}]}}