{"id":21227,"date":"2021-03-14T22:12:41","date_gmt":"2021-03-14T20:12:41","guid":{"rendered":"https:\/\/woodinout.net\/product\/vaer-og-temperaturtavle\/"},"modified":"2022-03-13T16:46:25","modified_gmt":"2022-03-13T14:46:25","slug":"vaer-og-temperatur-tavle","status":"publish","type":"product","link":"https:\/\/woodinout.net\/no\/product\/vaer-og-temperatur-tavle\/","title":{"rendered":"V\u00e6r- og temperaturtavle"},"content":{"rendered":"<p>V\u00e6rstasjon for barn er et MUST i alle <a href=\"https:\/\/woodinout.net\/product-category\/wooden-toys\/science-nature-toys\/\">naturfagklasserom<\/a> i f\u00f8rskolen. Waldorf-leker er av tre, derfor b\u00e6rekraftige, milj\u00f8vennlige og sikre for barn i alle aldre. Barn l\u00e6rer for det meste gjennom lek &#8211; dette v\u00e6rhjulet i tre er her for \u00e5 gj\u00f8re det G\u00d8Y OG ENKELT. Pre-k l\u00e6ring vil aldri bli kjedelig igjen med Woodinout laget leker.<\/p>\n<p>DIMENSJONER<br \/>\nLengde: ~14,5 tommer (37 cm)<br \/>\nH\u00f8yde: ~7 tommer (18 cm)<br \/>\nTykkelse: ~0,6 tommer (1,5 cm)<\/p>\n<p>FARGER OG MATERIALE<br \/>\nFarge: naturlig og brunoljet.<br \/>\nLeket\u00f8y er laget av NATURLIG MASSIVT TRE og kryssfiner.<br \/>\nV\u00e6r oppmerksom p\u00e5 at farger kan variere p\u00e5 grunn av innstillinger for dataskjerm og lys.<\/p>\n<p>For flere ideer, f\u00f8lg oss p\u00e5 <a href=\"https:\/\/www.instagram.com\/woodinout\/\">INSTAGRAM<\/a> &amp; <a href=\"https:\/\/www.facebook.com\/Woodinout.net\">FACEBOOK<\/a><\/p>\n","protected":false},"excerpt":{"rendered":"<p>V\u00e6rstasjon for barn er et MUST i alle naturfagklasserom i f\u00f8rskolen. Waldorf-leker er av tre, derfor b\u00e6rekraftige, milj\u00f8vennlige og sikre for barn i alle aldre. Barn l\u00e6rer for det meste gjennom lek &#8211; dette v\u00e6rhjulet i tre er her for \u00e5 gj\u00f8re det G\u00d8Y OG ENKELT. Pre-k l\u00e6ring vil aldri bli kjedelig igjen med Woodinout [&hellip;]<\/p>\n","protected":false},"featured_media":19003,"template":"","meta":{"_monsterinsights_skip_tracking":false,"_monsterinsights_sitenote_active":false,"_monsterinsights_sitenote_note":"","_monsterinsights_sitenote_category":0},"product_cat":[1477,1598],"product_tag":[1505,1511,2018,1500,1494,1484,1489,1480,2023],"yoast_head":"<!-- This site is optimized with the Yoast SEO plugin v22.1 - https:\/\/yoast.com\/wordpress\/plugins\/seo\/ -->\n<title>V\u00e6r- og temperaturtavle - Woodinout \u00a9 l\u00e6ringsleker<\/title>\n<meta name=\"description\" content=\"L\u00e6r om v\u00e6r for barn med denne superkule doble klokken. Naturmaterialer, h\u00e5ndlaget og l\u00e6rerikt. Verdensomspennende frakt.\" \/>\n<meta name=\"robots\" content=\"index, follow, max-snippet:-1, max-image-preview:large, max-video-preview:-1\" \/>\n<link rel=\"canonical\" href=\"https:\/\/woodinout.net\/no\/product\/vaer-og-temperatur-tavle\/\" \/>\n<meta property=\"og:locale\" content=\"nb_NO\" \/>\n<meta property=\"og:type\" content=\"article\" \/>\n<meta property=\"og:title\" content=\"V\u00e6r- og temperaturtavle - Woodinout \u00a9 l\u00e6ringsleker\" \/>\n<meta property=\"og:description\" content=\"L\u00e6r om v\u00e6r for barn med denne superkule doble klokken. Naturmaterialer, h\u00e5ndlaget og l\u00e6rerikt. Verdensomspennende frakt.\" \/>\n<meta property=\"og:url\" content=\"https:\/\/woodinout.net\/no\/product\/vaer-og-temperatur-tavle\/\" \/>\n<meta property=\"og:site_name\" content=\"Woodinout \u00a9\" \/>\n<meta property=\"article:modified_time\" content=\"2022-03-13T14:46:25+00:00\" \/>\n<meta property=\"og:image\" content=\"https:\/\/woodinout.net\/wp-content\/uploads\/2021\/03\/Weather-and-temperature-board-1.jpg\" \/>\n\t<meta property=\"og:image:width\" content=\"1706\" \/>\n\t<meta property=\"og:image:height\" content=\"2560\" \/>\n\t<meta property=\"og:image:type\" content=\"image\/jpeg\" \/>\n<meta name=\"twitter:card\" content=\"summary_large_image\" \/>\n<meta name=\"twitter:label1\" content=\"Ansl. lesetid\" \/>\n\t<meta name=\"twitter:data1\" content=\"1 minutt\" \/>\n<script type=\"application\/ld+json\" class=\"yoast-schema-graph\">{\"@context\":\"https:\/\/schema.org\",\"@graph\":[{\"@type\":\"WebPage\",\"@id\":\"https:\/\/woodinout.net\/no\/product\/vaer-og-temperatur-tavle\/\",\"url\":\"https:\/\/woodinout.net\/no\/product\/vaer-og-temperatur-tavle\/\",\"name\":\"V\u00e6r- og temperaturtavle - Woodinout \u00a9 l\u00e6ringsleker\",\"isPartOf\":{\"@id\":\"https:\/\/woodinout.net\/no\/#website\"},\"datePublished\":\"2021-03-14T20:12:41+00:00\",\"dateModified\":\"2022-03-13T14:46:25+00:00\",\"description\":\"L\u00e6r om v\u00e6r for barn med denne superkule doble klokken. Naturmaterialer, h\u00e5ndlaget og l\u00e6rerikt. Verdensomspennende frakt.\",\"breadcrumb\":{\"@id\":\"https:\/\/woodinout.net\/no\/product\/vaer-og-temperatur-tavle\/#breadcrumb\"},\"inLanguage\":\"nb-NO\",\"potentialAction\":[{\"@type\":\"ReadAction\",\"target\":[\"https:\/\/woodinout.net\/no\/product\/vaer-og-temperatur-tavle\/\"]}]},{\"@type\":\"BreadcrumbList\",\"@id\":\"https:\/\/woodinout.net\/no\/product\/vaer-og-temperatur-tavle\/#breadcrumb\",\"itemListElement\":[{\"@type\":\"ListItem\",\"position\":1,\"name\":\"Home\",\"item\":\"https:\/\/woodinout.net\/no\/\"},{\"@type\":\"ListItem\",\"position\":2,\"name\":\"Shop\",\"item\":\"https:\/\/woodinout.net\/shop\/\"},{\"@type\":\"ListItem\",\"position\":3,\"name\":\"V\u00e6r- og temperaturtavle\"}]},{\"@type\":\"WebSite\",\"@id\":\"https:\/\/woodinout.net\/no\/#website\",\"url\":\"https:\/\/woodinout.net\/no\/\",\"name\":\"Woodinout \u00a9\",\"description\":\"Wooden Montessori toys, gifts, home and events decor details\",\"potentialAction\":[{\"@type\":\"SearchAction\",\"target\":{\"@type\":\"EntryPoint\",\"urlTemplate\":\"https:\/\/woodinout.net\/no\/?s={search_term_string}\"},\"query-input\":\"required name=search_term_string\"}],\"inLanguage\":\"nb-NO\"}]}<\/script>\n<!-- \/ Yoast SEO plugin. -->","yoast_head_json":{"title":"V\u00e6r- og temperaturtavle - Woodinout \u00a9 l\u00e6ringsleker","description":"L\u00e6r om v\u00e6r for barn med denne superkule doble klokken. Naturmaterialer, h\u00e5ndlaget og l\u00e6rerikt. Verdensomspennende frakt.","robots":{"index":"index","follow":"follow","max-snippet":"max-snippet:-1","max-image-preview":"max-image-preview:large","max-video-preview":"max-video-preview:-1"},"canonical":"https:\/\/woodinout.net\/no\/product\/vaer-og-temperatur-tavle\/","og_locale":"nb_NO","og_type":"article","og_title":"V\u00e6r- og temperaturtavle - Woodinout \u00a9 l\u00e6ringsleker","og_description":"L\u00e6r om v\u00e6r for barn med denne superkule doble klokken. Naturmaterialer, h\u00e5ndlaget og l\u00e6rerikt. Verdensomspennende frakt.","og_url":"https:\/\/woodinout.net\/no\/product\/vaer-og-temperatur-tavle\/","og_site_name":"Woodinout \u00a9","article_modified_time":"2022-03-13T14:46:25+00:00","og_image":[{"width":1706,"height":2560,"url":"https:\/\/woodinout.net\/wp-content\/uploads\/2021\/03\/Weather-and-temperature-board-1.jpg","type":"image\/jpeg"}],"twitter_card":"summary_large_image","twitter_misc":{"Ansl. lesetid":"1 minutt"},"schema":{"@context":"https:\/\/schema.org","@graph":[{"@type":"WebPage","@id":"https:\/\/woodinout.net\/no\/product\/vaer-og-temperatur-tavle\/","url":"https:\/\/woodinout.net\/no\/product\/vaer-og-temperatur-tavle\/","name":"V\u00e6r- og temperaturtavle - Woodinout \u00a9 l\u00e6ringsleker","isPartOf":{"@id":"https:\/\/woodinout.net\/no\/#website"},"datePublished":"2021-03-14T20:12:41+00:00","dateModified":"2022-03-13T14:46:25+00:00","description":"L\u00e6r om v\u00e6r for barn med denne superkule doble klokken. Naturmaterialer, h\u00e5ndlaget og l\u00e6rerikt. Verdensomspennende frakt.","breadcrumb":{"@id":"https:\/\/woodinout.net\/no\/product\/vaer-og-temperatur-tavle\/#breadcrumb"},"inLanguage":"nb-NO","potentialAction":[{"@type":"ReadAction","target":["https:\/\/woodinout.net\/no\/product\/vaer-og-temperatur-tavle\/"]}]},{"@type":"BreadcrumbList","@id":"https:\/\/woodinout.net\/no\/product\/vaer-og-temperatur-tavle\/#breadcrumb","itemListElement":[{"@type":"ListItem","position":1,"name":"Home","item":"https:\/\/woodinout.net\/no\/"},{"@type":"ListItem","position":2,"name":"Shop","item":"https:\/\/woodinout.net\/shop\/"},{"@type":"ListItem","position":3,"name":"V\u00e6r- og temperaturtavle"}]},{"@type":"WebSite","@id":"https:\/\/woodinout.net\/no\/#website","url":"https:\/\/woodinout.net\/no\/","name":"Woodinout \u00a9","description":"Wooden Montessori toys, gifts, home and events decor details","potentialAction":[{"@type":"SearchAction","target":{"@type":"EntryPoint","urlTemplate":"https:\/\/woodinout.net\/no\/?s={search_term_string}"},"query-input":"required name=search_term_string"}],"inLanguage":"nb-NO"}]}},"_links":{"self":[{"href":"https:\/\/woodinout.net\/no\/wp-json\/wp\/v2\/product\/21227"}],"collection":[{"href":"https:\/\/woodinout.net\/no\/wp-json\/wp\/v2\/product"}],"about":[{"href":"https:\/\/woodinout.net\/no\/wp-json\/wp\/v2\/types\/product"}],"wp:featuredmedia":[{"embeddable":true,"href":"https:\/\/woodinout.net\/no\/wp-json\/wp\/v2\/media\/19003"}],"wp:attachment":[{"href":"https:\/\/woodinout.net\/no\/wp-json\/wp\/v2\/media?parent=21227"}],"wp:term":[{"taxonomy":"product_cat","embeddable":true,"href":"https:\/\/woodinout.net\/no\/wp-json\/wp\/v2\/product_cat?post=21227"},{"taxonomy":"product_tag","embeddable":true,"href":"https:\/\/woodinout.net\/no\/wp-json\/wp\/v2\/product_tag?post=21227"}],"curies":[{"name":"wp","href":"https:\/\/api.w.org\/{rel}","templated":true}]}}