{"id":21222,"date":"2020-06-30T23:33:45","date_gmt":"2020-06-30T20:33:45","guid":{"rendered":"https:\/\/woodinout.net\/product\/trefargede-kuler\/"},"modified":"2022-03-13T16:45:58","modified_gmt":"2022-03-13T14:45:58","slug":"fargede-tre-baller","status":"publish","type":"product","link":"https:\/\/woodinout.net\/no\/product\/fargede-tre-baller\/","title":{"rendered":"Trefargede kuler"},"content":{"rendered":"<p>Trefargede kuler er h\u00e5ndlagde, n\u00f8ye malt med giftfri, milj\u00f8vennlig maling. Best brukt til Montessori-l\u00e6ringsspill og -leker, for eksempel <a href=\"http:\/\/woodinout.net\/product-category\/wooden-toys\/counting-and-math-toys\/\">matematikkmanipulasjoner<\/a> eller <a href=\"http:\/\/woodinout.net\/product-tag\/color-sorting-toys\/\">fargesorteringsleker<\/a> . Disse fargede ballene er perfekte sanseleker i tre &#8211; sm\u00e5, i\u00f8ynefallende farger bidrar til \u00e5 utvikle: MOTORISKE FERDIGHETER, tall- og telleevne, fargesorteringsferdigheter. Hovedpoenget med v\u00e5re Montessori-leker i naturlig tre er \u00e5 UTDANNELSE p\u00e5 den mest vennlige og naturlige m\u00e5ten. Vi er inspirert av verdenskjente Waldorf &amp; Montessori leker. Laget av tre, fargede perler er langvarige og trygge \u00e5 ta p\u00e5, f\u00f8le, til og med smake! Pr\u00f8v selv og vi garanterer deg den beste opplevelsen.<\/p>\n<p>Vi lager v\u00e5re pedagogiske spill og leker med kj\u00e6rlighet og lidenskap. Vi bryr oss like mye om dem som for v\u00e5re kunder, v\u00e6r velkommen til \u00e5 sende oss en melding. Bli en del av familien v\u00e5r og realiser din egen milj\u00f8vennlige dr\u00f8m.<\/p>\n<div style=\"width: 1080px;\" class=\"wp-video\"><!--[if lt IE 9]><script>document.createElement('video');<\/script><![endif]-->\n<video class=\"wp-video-shortcode\" id=\"video-21222-1\" width=\"1080\" height=\"810\" preload=\"metadata\" controls=\"controls\"><source type=\"video\/mp4\" src=\"http:\/\/woodinout.net\/wp-content\/uploads\/2020\/06\/MEDINIS_7.mp4?_=1\" \/><a href=\"http:\/\/woodinout.net\/wp-content\/uploads\/2020\/06\/MEDINIS_7.mp4\">http:\/\/woodinout.net\/wp-content\/uploads\/2020\/06\/MEDINIS_7.mp4<\/a><\/video><\/div>\n<h3>DIMENSJONER:<\/h3>\n<ul>\n<li>0,05 tommer dia<\/li>\n<\/ul>\n<h3>FARGER OG MATERIALE:<\/h3>\n<ul>\n<li>Farge: 10 forskjellige farger<\/li>\n<li>Leket\u00f8yet er laget av naturlig TRE.<\/li>\n<\/ul>\n<p>V\u00e6r oppmerksom p\u00e5 at farger kan variere p\u00e5 grunn av innstillinger for dataskjerm og lys.<\/p>\n<p>For flere ideer, f\u00f8lg oss p\u00e5 <a href=\"https:\/\/www.instagram.com\/woodinout\/\">INSTAGRAM<\/a> &amp; <a href=\"https:\/\/www.facebook.com\/Woodinout.net\">FACEBOOK<\/a><\/p>\n<p>\u00a9 Woodinout. Alle rettigheter forbeholdt.<\/p>\n","protected":false},"excerpt":{"rendered":"<p>Trefargede kuler er h\u00e5ndlagde, n\u00f8ye malt med giftfri, milj\u00f8vennlig maling. Best brukt til Montessori-l\u00e6ringsspill og -leker, for eksempel matematikkmanipulasjoner eller fargesorteringsleker . Disse fargede ballene er perfekte sanseleker i tre &#8211; sm\u00e5, i\u00f8ynefallende farger bidrar til \u00e5 utvikle: MOTORISKE FERDIGHETER, tall- og telleevne, fargesorteringsferdigheter. Hovedpoenget med v\u00e5re Montessori-leker i naturlig tre er \u00e5 UTDANNELSE p\u00e5 [&hellip;]<\/p>\n","protected":false},"featured_media":17779,"template":"","meta":{"_monsterinsights_skip_tracking":false,"_monsterinsights_sitenote_active":false,"_monsterinsights_sitenote_note":"","_monsterinsights_sitenote_category":0},"product_cat":[1711,1523,1477],"product_tag":[1505,1511,2020,2021,2022,1500,1494,1484,1489,2015,1480],"yoast_head":"<!-- This site is optimized with the Yoast SEO plugin v22.1 - https:\/\/yoast.com\/wordpress\/plugins\/seo\/ -->\n<title>Trefargede kuler - Woodinout \u00a9 -leker<\/title>\n<meta name=\"description\" content=\"Trefargede kuler malt med giftfri maling. Brukes til pedagogiske spill og leker. Trefargede perler er trygge \u00e5 ta p\u00e5, f\u00f8le, til og med smake!\" \/>\n<meta name=\"robots\" content=\"index, follow, max-snippet:-1, max-image-preview:large, max-video-preview:-1\" \/>\n<link rel=\"canonical\" href=\"https:\/\/woodinout.net\/no\/product\/fargede-tre-baller\/\" \/>\n<meta property=\"og:locale\" content=\"nb_NO\" \/>\n<meta property=\"og:type\" content=\"article\" \/>\n<meta property=\"og:title\" content=\"Trefargede kuler - Woodinout \u00a9 -leker\" \/>\n<meta property=\"og:description\" content=\"Trefargede kuler malt med giftfri maling. Brukes til pedagogiske spill og leker. Trefargede perler er trygge \u00e5 ta p\u00e5, f\u00f8le, til og med smake!\" \/>\n<meta property=\"og:url\" content=\"https:\/\/woodinout.net\/no\/product\/fargede-tre-baller\/\" \/>\n<meta property=\"og:site_name\" content=\"Woodinout \u00a9\" \/>\n<meta property=\"article:modified_time\" content=\"2022-03-13T14:45:58+00:00\" \/>\n<meta property=\"og:image\" content=\"https:\/\/woodinout.net\/wp-content\/uploads\/2020\/06\/colourful_wooden_balls.jpg\" \/>\n\t<meta property=\"og:image:width\" content=\"853\" \/>\n\t<meta property=\"og:image:height\" content=\"1280\" \/>\n\t<meta property=\"og:image:type\" content=\"image\/jpeg\" \/>\n<meta name=\"twitter:card\" content=\"summary_large_image\" \/>\n<meta name=\"twitter:label1\" content=\"Ansl. lesetid\" \/>\n\t<meta name=\"twitter:data1\" content=\"1 minutt\" \/>\n<script type=\"application\/ld+json\" class=\"yoast-schema-graph\">{\"@context\":\"https:\/\/schema.org\",\"@graph\":[{\"@type\":\"WebPage\",\"@id\":\"https:\/\/woodinout.net\/no\/product\/fargede-tre-baller\/\",\"url\":\"https:\/\/woodinout.net\/no\/product\/fargede-tre-baller\/\",\"name\":\"Trefargede kuler - Woodinout \u00a9 -leker\",\"isPartOf\":{\"@id\":\"https:\/\/woodinout.net\/no\/#website\"},\"datePublished\":\"2020-06-30T20:33:45+00:00\",\"dateModified\":\"2022-03-13T14:45:58+00:00\",\"description\":\"Trefargede kuler malt med giftfri maling. Brukes til pedagogiske spill og leker. Trefargede perler er trygge \u00e5 ta p\u00e5, f\u00f8le, til og med smake!\",\"breadcrumb\":{\"@id\":\"https:\/\/woodinout.net\/no\/product\/fargede-tre-baller\/#breadcrumb\"},\"inLanguage\":\"nb-NO\",\"potentialAction\":[{\"@type\":\"ReadAction\",\"target\":[\"https:\/\/woodinout.net\/no\/product\/fargede-tre-baller\/\"]}]},{\"@type\":\"BreadcrumbList\",\"@id\":\"https:\/\/woodinout.net\/no\/product\/fargede-tre-baller\/#breadcrumb\",\"itemListElement\":[{\"@type\":\"ListItem\",\"position\":1,\"name\":\"Home\",\"item\":\"https:\/\/woodinout.net\/no\/\"},{\"@type\":\"ListItem\",\"position\":2,\"name\":\"Shop\",\"item\":\"https:\/\/woodinout.net\/shop\/\"},{\"@type\":\"ListItem\",\"position\":3,\"name\":\"Trefargede kuler\"}]},{\"@type\":\"WebSite\",\"@id\":\"https:\/\/woodinout.net\/no\/#website\",\"url\":\"https:\/\/woodinout.net\/no\/\",\"name\":\"Woodinout \u00a9\",\"description\":\"Wooden Montessori toys, gifts, home and events decor details\",\"potentialAction\":[{\"@type\":\"SearchAction\",\"target\":{\"@type\":\"EntryPoint\",\"urlTemplate\":\"https:\/\/woodinout.net\/no\/?s={search_term_string}\"},\"query-input\":\"required name=search_term_string\"}],\"inLanguage\":\"nb-NO\"}]}<\/script>\n<!-- \/ Yoast SEO plugin. -->","yoast_head_json":{"title":"Trefargede kuler - Woodinout \u00a9 -leker","description":"Trefargede kuler malt med giftfri maling. Brukes til pedagogiske spill og leker. Trefargede perler er trygge \u00e5 ta p\u00e5, f\u00f8le, til og med smake!","robots":{"index":"index","follow":"follow","max-snippet":"max-snippet:-1","max-image-preview":"max-image-preview:large","max-video-preview":"max-video-preview:-1"},"canonical":"https:\/\/woodinout.net\/no\/product\/fargede-tre-baller\/","og_locale":"nb_NO","og_type":"article","og_title":"Trefargede kuler - Woodinout \u00a9 -leker","og_description":"Trefargede kuler malt med giftfri maling. Brukes til pedagogiske spill og leker. Trefargede perler er trygge \u00e5 ta p\u00e5, f\u00f8le, til og med smake!","og_url":"https:\/\/woodinout.net\/no\/product\/fargede-tre-baller\/","og_site_name":"Woodinout \u00a9","article_modified_time":"2022-03-13T14:45:58+00:00","og_image":[{"width":853,"height":1280,"url":"https:\/\/woodinout.net\/wp-content\/uploads\/2020\/06\/colourful_wooden_balls.jpg","type":"image\/jpeg"}],"twitter_card":"summary_large_image","twitter_misc":{"Ansl. lesetid":"1 minutt"},"schema":{"@context":"https:\/\/schema.org","@graph":[{"@type":"WebPage","@id":"https:\/\/woodinout.net\/no\/product\/fargede-tre-baller\/","url":"https:\/\/woodinout.net\/no\/product\/fargede-tre-baller\/","name":"Trefargede kuler - Woodinout \u00a9 -leker","isPartOf":{"@id":"https:\/\/woodinout.net\/no\/#website"},"datePublished":"2020-06-30T20:33:45+00:00","dateModified":"2022-03-13T14:45:58+00:00","description":"Trefargede kuler malt med giftfri maling. Brukes til pedagogiske spill og leker. Trefargede perler er trygge \u00e5 ta p\u00e5, f\u00f8le, til og med smake!","breadcrumb":{"@id":"https:\/\/woodinout.net\/no\/product\/fargede-tre-baller\/#breadcrumb"},"inLanguage":"nb-NO","potentialAction":[{"@type":"ReadAction","target":["https:\/\/woodinout.net\/no\/product\/fargede-tre-baller\/"]}]},{"@type":"BreadcrumbList","@id":"https:\/\/woodinout.net\/no\/product\/fargede-tre-baller\/#breadcrumb","itemListElement":[{"@type":"ListItem","position":1,"name":"Home","item":"https:\/\/woodinout.net\/no\/"},{"@type":"ListItem","position":2,"name":"Shop","item":"https:\/\/woodinout.net\/shop\/"},{"@type":"ListItem","position":3,"name":"Trefargede kuler"}]},{"@type":"WebSite","@id":"https:\/\/woodinout.net\/no\/#website","url":"https:\/\/woodinout.net\/no\/","name":"Woodinout \u00a9","description":"Wooden Montessori toys, gifts, home and events decor details","potentialAction":[{"@type":"SearchAction","target":{"@type":"EntryPoint","urlTemplate":"https:\/\/woodinout.net\/no\/?s={search_term_string}"},"query-input":"required name=search_term_string"}],"inLanguage":"nb-NO"}]}},"_links":{"self":[{"href":"https:\/\/woodinout.net\/no\/wp-json\/wp\/v2\/product\/21222"}],"collection":[{"href":"https:\/\/woodinout.net\/no\/wp-json\/wp\/v2\/product"}],"about":[{"href":"https:\/\/woodinout.net\/no\/wp-json\/wp\/v2\/types\/product"}],"wp:featuredmedia":[{"embeddable":true,"href":"https:\/\/woodinout.net\/no\/wp-json\/wp\/v2\/media\/17779"}],"wp:attachment":[{"href":"https:\/\/woodinout.net\/no\/wp-json\/wp\/v2\/media?parent=21222"}],"wp:term":[{"taxonomy":"product_cat","embeddable":true,"href":"https:\/\/woodinout.net\/no\/wp-json\/wp\/v2\/product_cat?post=21222"},{"taxonomy":"product_tag","embeddable":true,"href":"https:\/\/woodinout.net\/no\/wp-json\/wp\/v2\/product_tag?post=21222"}],"curies":[{"name":"wp","href":"https:\/\/api.w.org\/{rel}","templated":true}]}}