{"id":21210,"date":"2021-03-17T22:12:51","date_gmt":"2021-03-17T20:12:51","guid":{"rendered":"https:\/\/woodinout.net\/product\/klokke-av-tre\/"},"modified":"2022-03-13T16:45:58","modified_gmt":"2022-03-13T14:45:58","slug":"tre-klokke","status":"publish","type":"product","link":"https:\/\/woodinout.net\/no\/product\/tre-klokke\/","title":{"rendered":"Klokke av tre"},"content":{"rendered":"<p>Denne klokkeleken i tre er det perfekte tillegget til din Montessori-materialsamling. En morsom m\u00e5te for barnet ditt \u00e5 l\u00e6re \u00e5 fortelle tid og jobbe med tidlige matematiske ferdigheter. Bruk den p\u00e5 hjemmeskole, barnehage eller f\u00f8rskole!<\/p>\n<p>H\u00e5ndlaget av massivt tre.<\/p>\n<p>Her er en helt naturlig, enkel treklokkeleke som barnet ditt kan manipulere for \u00e5 l\u00e6re funksjonene til \u00e5 vise tid. B\u00e5de time- og minuttviserne beveger seg. Tallene er gravert inn i basen.<\/p>\n<p>DIMENSJONER<br \/>\nDiameter: ~6,9 tommer (17,5 cm)<br \/>\nTykkelse: ~0,6 tommer (1,5 cm)<\/p>\n<p>FARGER OG MATERIALE<br \/>\nFarge: naturlig og brunoljet.<br \/>\nLeket\u00f8y er laget av NATURLIG MASSIVT TRE og kryssfiner.<br \/>\nV\u00e6r oppmerksom p\u00e5 at farger kan variere p\u00e5 grunn av innstillinger for dataskjerm og lys.<\/p>\n<p>For flere ideer, f\u00f8lg oss p\u00e5 <a href=\"https:\/\/www.instagram.com\/woodinout\/\">INSTAGRAM<\/a> &amp; <a href=\"https:\/\/www.facebook.com\/Woodinout.net\">FACEBOOK<\/a><\/p>\n","protected":false},"excerpt":{"rendered":"<p>Denne klokkeleken i tre er det perfekte tillegget til din Montessori-materialsamling. En morsom m\u00e5te for barnet ditt \u00e5 l\u00e6re \u00e5 fortelle tid og jobbe med tidlige matematiske ferdigheter. Bruk den p\u00e5 hjemmeskole, barnehage eller f\u00f8rskole! H\u00e5ndlaget av massivt tre. Her er en helt naturlig, enkel treklokkeleke som barnet ditt kan manipulere for \u00e5 l\u00e6re funksjonene [&hellip;]<\/p>\n","protected":false},"featured_media":19083,"template":"","meta":{"_monsterinsights_skip_tracking":false,"_monsterinsights_sitenote_active":false,"_monsterinsights_sitenote_note":"","_monsterinsights_sitenote_category":0},"product_cat":[1477,1598],"product_tag":[1505,1511,2018,2017,1500,1540,1541,1494,1542,1484,1489,1480,2019,1609],"yoast_head":"<!-- This site is optimized with the Yoast SEO plugin v22.1 - https:\/\/yoast.com\/wordpress\/plugins\/seo\/ -->\n<title>Klokke av tre - Woodinout \u00a9 l\u00e6ringsleker<\/title>\n<meta name=\"description\" content=\"L\u00e6r \u00e5 fortelle tiden for barn med denne superkule treklokken. Naturlige materialer, h\u00e5ndlagde og pedagogiske - Inspirerte Montessori-leker.\" \/>\n<meta name=\"robots\" content=\"index, follow, max-snippet:-1, max-image-preview:large, max-video-preview:-1\" \/>\n<link rel=\"canonical\" href=\"https:\/\/woodinout.net\/no\/product\/tre-klokke\/\" \/>\n<meta property=\"og:locale\" content=\"nb_NO\" \/>\n<meta property=\"og:type\" content=\"article\" \/>\n<meta property=\"og:title\" content=\"Klokke av tre - Woodinout \u00a9 l\u00e6ringsleker\" \/>\n<meta property=\"og:description\" content=\"L\u00e6r \u00e5 fortelle tiden for barn med denne superkule treklokken. Naturlige materialer, h\u00e5ndlagde og pedagogiske - Inspirerte Montessori-leker.\" \/>\n<meta property=\"og:url\" content=\"https:\/\/woodinout.net\/no\/product\/tre-klokke\/\" \/>\n<meta property=\"og:site_name\" content=\"Woodinout \u00a9\" \/>\n<meta property=\"article:modified_time\" content=\"2022-03-13T14:45:58+00:00\" \/>\n<meta property=\"og:image\" content=\"https:\/\/woodinout.net\/wp-content\/uploads\/2021\/03\/Wooden_clock_3.jpg\" \/>\n\t<meta property=\"og:image:width\" content=\"1706\" \/>\n\t<meta property=\"og:image:height\" content=\"2560\" \/>\n\t<meta property=\"og:image:type\" content=\"image\/jpeg\" \/>\n<meta name=\"twitter:card\" content=\"summary_large_image\" \/>\n<meta name=\"twitter:label1\" content=\"Ansl. lesetid\" \/>\n\t<meta name=\"twitter:data1\" content=\"1 minutt\" \/>\n<script type=\"application\/ld+json\" class=\"yoast-schema-graph\">{\"@context\":\"https:\/\/schema.org\",\"@graph\":[{\"@type\":\"WebPage\",\"@id\":\"https:\/\/woodinout.net\/no\/product\/tre-klokke\/\",\"url\":\"https:\/\/woodinout.net\/no\/product\/tre-klokke\/\",\"name\":\"Klokke av tre - Woodinout \u00a9 l\u00e6ringsleker\",\"isPartOf\":{\"@id\":\"https:\/\/woodinout.net\/no\/#website\"},\"datePublished\":\"2021-03-17T20:12:51+00:00\",\"dateModified\":\"2022-03-13T14:45:58+00:00\",\"description\":\"L\u00e6r \u00e5 fortelle tiden for barn med denne superkule treklokken. Naturlige materialer, h\u00e5ndlagde og pedagogiske - Inspirerte Montessori-leker.\",\"breadcrumb\":{\"@id\":\"https:\/\/woodinout.net\/no\/product\/tre-klokke\/#breadcrumb\"},\"inLanguage\":\"nb-NO\",\"potentialAction\":[{\"@type\":\"ReadAction\",\"target\":[\"https:\/\/woodinout.net\/no\/product\/tre-klokke\/\"]}]},{\"@type\":\"BreadcrumbList\",\"@id\":\"https:\/\/woodinout.net\/no\/product\/tre-klokke\/#breadcrumb\",\"itemListElement\":[{\"@type\":\"ListItem\",\"position\":1,\"name\":\"Home\",\"item\":\"https:\/\/woodinout.net\/no\/\"},{\"@type\":\"ListItem\",\"position\":2,\"name\":\"Shop\",\"item\":\"https:\/\/woodinout.net\/shop\/\"},{\"@type\":\"ListItem\",\"position\":3,\"name\":\"Klokke av tre\"}]},{\"@type\":\"WebSite\",\"@id\":\"https:\/\/woodinout.net\/no\/#website\",\"url\":\"https:\/\/woodinout.net\/no\/\",\"name\":\"Woodinout \u00a9\",\"description\":\"Wooden Montessori toys, gifts, home and events decor details\",\"potentialAction\":[{\"@type\":\"SearchAction\",\"target\":{\"@type\":\"EntryPoint\",\"urlTemplate\":\"https:\/\/woodinout.net\/no\/?s={search_term_string}\"},\"query-input\":\"required name=search_term_string\"}],\"inLanguage\":\"nb-NO\"}]}<\/script>\n<!-- \/ Yoast SEO plugin. -->","yoast_head_json":{"title":"Klokke av tre - Woodinout \u00a9 l\u00e6ringsleker","description":"L\u00e6r \u00e5 fortelle tiden for barn med denne superkule treklokken. Naturlige materialer, h\u00e5ndlagde og pedagogiske - Inspirerte Montessori-leker.","robots":{"index":"index","follow":"follow","max-snippet":"max-snippet:-1","max-image-preview":"max-image-preview:large","max-video-preview":"max-video-preview:-1"},"canonical":"https:\/\/woodinout.net\/no\/product\/tre-klokke\/","og_locale":"nb_NO","og_type":"article","og_title":"Klokke av tre - Woodinout \u00a9 l\u00e6ringsleker","og_description":"L\u00e6r \u00e5 fortelle tiden for barn med denne superkule treklokken. Naturlige materialer, h\u00e5ndlagde og pedagogiske - Inspirerte Montessori-leker.","og_url":"https:\/\/woodinout.net\/no\/product\/tre-klokke\/","og_site_name":"Woodinout \u00a9","article_modified_time":"2022-03-13T14:45:58+00:00","og_image":[{"width":1706,"height":2560,"url":"https:\/\/woodinout.net\/wp-content\/uploads\/2021\/03\/Wooden_clock_3.jpg","type":"image\/jpeg"}],"twitter_card":"summary_large_image","twitter_misc":{"Ansl. lesetid":"1 minutt"},"schema":{"@context":"https:\/\/schema.org","@graph":[{"@type":"WebPage","@id":"https:\/\/woodinout.net\/no\/product\/tre-klokke\/","url":"https:\/\/woodinout.net\/no\/product\/tre-klokke\/","name":"Klokke av tre - Woodinout \u00a9 l\u00e6ringsleker","isPartOf":{"@id":"https:\/\/woodinout.net\/no\/#website"},"datePublished":"2021-03-17T20:12:51+00:00","dateModified":"2022-03-13T14:45:58+00:00","description":"L\u00e6r \u00e5 fortelle tiden for barn med denne superkule treklokken. Naturlige materialer, h\u00e5ndlagde og pedagogiske - Inspirerte Montessori-leker.","breadcrumb":{"@id":"https:\/\/woodinout.net\/no\/product\/tre-klokke\/#breadcrumb"},"inLanguage":"nb-NO","potentialAction":[{"@type":"ReadAction","target":["https:\/\/woodinout.net\/no\/product\/tre-klokke\/"]}]},{"@type":"BreadcrumbList","@id":"https:\/\/woodinout.net\/no\/product\/tre-klokke\/#breadcrumb","itemListElement":[{"@type":"ListItem","position":1,"name":"Home","item":"https:\/\/woodinout.net\/no\/"},{"@type":"ListItem","position":2,"name":"Shop","item":"https:\/\/woodinout.net\/shop\/"},{"@type":"ListItem","position":3,"name":"Klokke av tre"}]},{"@type":"WebSite","@id":"https:\/\/woodinout.net\/no\/#website","url":"https:\/\/woodinout.net\/no\/","name":"Woodinout \u00a9","description":"Wooden Montessori toys, gifts, home and events decor details","potentialAction":[{"@type":"SearchAction","target":{"@type":"EntryPoint","urlTemplate":"https:\/\/woodinout.net\/no\/?s={search_term_string}"},"query-input":"required name=search_term_string"}],"inLanguage":"nb-NO"}]}},"_links":{"self":[{"href":"https:\/\/woodinout.net\/no\/wp-json\/wp\/v2\/product\/21210"}],"collection":[{"href":"https:\/\/woodinout.net\/no\/wp-json\/wp\/v2\/product"}],"about":[{"href":"https:\/\/woodinout.net\/no\/wp-json\/wp\/v2\/types\/product"}],"wp:featuredmedia":[{"embeddable":true,"href":"https:\/\/woodinout.net\/no\/wp-json\/wp\/v2\/media\/19083"}],"wp:attachment":[{"href":"https:\/\/woodinout.net\/no\/wp-json\/wp\/v2\/media?parent=21210"}],"wp:term":[{"taxonomy":"product_cat","embeddable":true,"href":"https:\/\/woodinout.net\/no\/wp-json\/wp\/v2\/product_cat?post=21210"},{"taxonomy":"product_tag","embeddable":true,"href":"https:\/\/woodinout.net\/no\/wp-json\/wp\/v2\/product_tag?post=21210"}],"curies":[{"name":"wp","href":"https:\/\/api.w.org\/{rel}","templated":true}]}}