{"id":21189,"date":"2020-06-30T23:36:25","date_gmt":"2020-06-30T20:36:25","guid":{"rendered":"https:\/\/woodinout.net\/product\/sma-trekuler\/"},"modified":"2022-03-13T16:46:41","modified_gmt":"2022-03-13T14:46:41","slug":"naturlige-tre-kuler","status":"publish","type":"product","link":"https:\/\/woodinout.net\/no\/product\/naturlige-tre-kuler\/","title":{"rendered":"Sm\u00e5 trekuler"},"content":{"rendered":"<p>H\u00e5ndlagde, milj\u00f8vennlige, NATURLIGE sm\u00e5 trekuler &#8211; dette er et tillegg til v\u00e5re Waldorf &amp; Montessori-inspirerte leker. Treperler ser ikke bare stilige ut, men har mange form\u00e5l: \u00c5 l\u00e6re tall og telle med perler er MORO OG ENKELT. Kan enkle trekuler v\u00e6re pedagogiske leker? L\u00e6re spill? JA, og barna vil ikke engang merke at de leker og L\u00c6RER. Lek, ber\u00f8r, sorter, tell &#8211; naturlige tre Montessori-leker er her for \u00e5 holde deg opptatt en stund. V\u00e6r fri til \u00e5 bruke ballene separat eller kombinere dem med v\u00e5re milj\u00f8vennlige <a href=\"http:\/\/woodinout.net\/product-tag\/math-manipulatives\/\">matematiske manipulasjoner.<\/a><\/p>\n<p>Vi lager v\u00e5re pedagogiske spill og leker med kj\u00e6rlighet og lidenskap. Vi bryr oss like mye om dem som for v\u00e5re kunder, v\u00e6r velkommen til \u00e5 sende oss en melding. Bli en del av familien v\u00e5r og realiser din egen milj\u00f8vennlige dr\u00f8m.<\/p>\n<div style=\"width: 1080px;\" class=\"wp-video\"><!--[if lt IE 9]><script>document.createElement('video');<\/script><![endif]-->\n<video class=\"wp-video-shortcode\" id=\"video-21189-1\" width=\"1080\" height=\"810\" preload=\"metadata\" controls=\"controls\"><source type=\"video\/mp4\" src=\"http:\/\/woodinout.net\/wp-content\/uploads\/2020\/06\/MEDINIS_8.mp4?_=1\" \/><a href=\"http:\/\/woodinout.net\/wp-content\/uploads\/2020\/06\/MEDINIS_8.mp4\">http:\/\/woodinout.net\/wp-content\/uploads\/2020\/06\/MEDINIS_8.mp4<\/a><\/video><\/div>\n<h3>DIMENSJONER:<\/h3>\n<ul>\n<li>0,05 tommer dia<\/li>\n<\/ul>\n<h3>FARGER OG MATERIALE:<\/h3>\n<ul>\n<li>Farge: naturlig, brun<\/li>\n<li>Leket\u00f8yet er laget av naturlig TRE.<\/li>\n<\/ul>\n<p>V\u00e6r oppmerksom p\u00e5 at farger kan variere p\u00e5 grunn av innstillinger for dataskjerm og lys.<\/p>\n<p>\u00a9 Woodinout. Alle rettigheter forbeholdt.<\/p>\n","protected":false},"excerpt":{"rendered":"<p>H\u00e5ndlagde, milj\u00f8vennlige, NATURLIGE sm\u00e5 trekuler &#8211; dette er et tillegg til v\u00e5re Waldorf &amp; Montessori-inspirerte leker. Treperler ser ikke bare stilige ut, men har mange form\u00e5l: \u00c5 l\u00e6re tall og telle med perler er MORO OG ENKELT. Kan enkle trekuler v\u00e6re pedagogiske leker? L\u00e6re spill? JA, og barna vil ikke engang merke at de leker [&hellip;]<\/p>\n","protected":false},"featured_media":18387,"template":"","meta":{"_monsterinsights_skip_tracking":false,"_monsterinsights_sitenote_active":false,"_monsterinsights_sitenote_note":"","_monsterinsights_sitenote_category":0},"product_cat":[1711,1523,1477],"product_tag":[1505,1511,1500,1561,1494,1484,1489,2015,1480,2016],"yoast_head":"<!-- This site is optimized with the Yoast SEO plugin v22.1 - https:\/\/yoast.com\/wordpress\/plugins\/seo\/ -->\n<title>Sm\u00e5 trekuler - Woodinout \u00a9 -leker<\/title>\n<meta name=\"description\" content=\"H\u00e5ndlagde, milj\u00f8vennlige, NATURLIGE sm\u00e5 trekuler - dette er et tillegg til v\u00e5re Waldorf &amp; Montessori-inspirerte leker. Tell, sorter, ber\u00f8r - Spill!\" \/>\n<meta name=\"robots\" content=\"index, follow, max-snippet:-1, max-image-preview:large, max-video-preview:-1\" \/>\n<link rel=\"canonical\" href=\"https:\/\/woodinout.net\/no\/product\/naturlige-tre-kuler\/\" \/>\n<meta property=\"og:locale\" content=\"nb_NO\" \/>\n<meta property=\"og:type\" content=\"article\" \/>\n<meta property=\"og:title\" content=\"Sm\u00e5 trekuler - Woodinout \u00a9 -leker\" \/>\n<meta property=\"og:description\" content=\"H\u00e5ndlagde, milj\u00f8vennlige, NATURLIGE sm\u00e5 trekuler - dette er et tillegg til v\u00e5re Waldorf &amp; Montessori-inspirerte leker. Tell, sorter, ber\u00f8r - Spill!\" \/>\n<meta property=\"og:url\" content=\"https:\/\/woodinout.net\/no\/product\/naturlige-tre-kuler\/\" \/>\n<meta property=\"og:site_name\" content=\"Woodinout \u00a9\" \/>\n<meta property=\"article:modified_time\" content=\"2022-03-13T14:46:41+00:00\" \/>\n<meta property=\"og:image\" content=\"https:\/\/woodinout.net\/wp-content\/uploads\/2020\/06\/Natural-Wooden-beads.jpg\" \/>\n\t<meta property=\"og:image:width\" content=\"853\" \/>\n\t<meta property=\"og:image:height\" content=\"1280\" \/>\n\t<meta property=\"og:image:type\" content=\"image\/jpeg\" \/>\n<meta name=\"twitter:card\" content=\"summary_large_image\" \/>\n<meta name=\"twitter:label1\" content=\"Ansl. lesetid\" \/>\n\t<meta name=\"twitter:data1\" content=\"1 minutt\" \/>\n<script type=\"application\/ld+json\" class=\"yoast-schema-graph\">{\"@context\":\"https:\/\/schema.org\",\"@graph\":[{\"@type\":\"WebPage\",\"@id\":\"https:\/\/woodinout.net\/no\/product\/naturlige-tre-kuler\/\",\"url\":\"https:\/\/woodinout.net\/no\/product\/naturlige-tre-kuler\/\",\"name\":\"Sm\u00e5 trekuler - Woodinout \u00a9 -leker\",\"isPartOf\":{\"@id\":\"https:\/\/woodinout.net\/no\/#website\"},\"datePublished\":\"2020-06-30T20:36:25+00:00\",\"dateModified\":\"2022-03-13T14:46:41+00:00\",\"description\":\"H\u00e5ndlagde, milj\u00f8vennlige, NATURLIGE sm\u00e5 trekuler - dette er et tillegg til v\u00e5re Waldorf & Montessori-inspirerte leker. Tell, sorter, ber\u00f8r - Spill!\",\"breadcrumb\":{\"@id\":\"https:\/\/woodinout.net\/no\/product\/naturlige-tre-kuler\/#breadcrumb\"},\"inLanguage\":\"nb-NO\",\"potentialAction\":[{\"@type\":\"ReadAction\",\"target\":[\"https:\/\/woodinout.net\/no\/product\/naturlige-tre-kuler\/\"]}]},{\"@type\":\"BreadcrumbList\",\"@id\":\"https:\/\/woodinout.net\/no\/product\/naturlige-tre-kuler\/#breadcrumb\",\"itemListElement\":[{\"@type\":\"ListItem\",\"position\":1,\"name\":\"Home\",\"item\":\"https:\/\/woodinout.net\/no\/\"},{\"@type\":\"ListItem\",\"position\":2,\"name\":\"Shop\",\"item\":\"https:\/\/woodinout.net\/shop\/\"},{\"@type\":\"ListItem\",\"position\":3,\"name\":\"Sm\u00e5 trekuler\"}]},{\"@type\":\"WebSite\",\"@id\":\"https:\/\/woodinout.net\/no\/#website\",\"url\":\"https:\/\/woodinout.net\/no\/\",\"name\":\"Woodinout \u00a9\",\"description\":\"Wooden Montessori toys, gifts, home and events decor details\",\"potentialAction\":[{\"@type\":\"SearchAction\",\"target\":{\"@type\":\"EntryPoint\",\"urlTemplate\":\"https:\/\/woodinout.net\/no\/?s={search_term_string}\"},\"query-input\":\"required name=search_term_string\"}],\"inLanguage\":\"nb-NO\"}]}<\/script>\n<!-- \/ Yoast SEO plugin. -->","yoast_head_json":{"title":"Sm\u00e5 trekuler - Woodinout \u00a9 -leker","description":"H\u00e5ndlagde, milj\u00f8vennlige, NATURLIGE sm\u00e5 trekuler - dette er et tillegg til v\u00e5re Waldorf & Montessori-inspirerte leker. Tell, sorter, ber\u00f8r - Spill!","robots":{"index":"index","follow":"follow","max-snippet":"max-snippet:-1","max-image-preview":"max-image-preview:large","max-video-preview":"max-video-preview:-1"},"canonical":"https:\/\/woodinout.net\/no\/product\/naturlige-tre-kuler\/","og_locale":"nb_NO","og_type":"article","og_title":"Sm\u00e5 trekuler - Woodinout \u00a9 -leker","og_description":"H\u00e5ndlagde, milj\u00f8vennlige, NATURLIGE sm\u00e5 trekuler - dette er et tillegg til v\u00e5re Waldorf & Montessori-inspirerte leker. Tell, sorter, ber\u00f8r - Spill!","og_url":"https:\/\/woodinout.net\/no\/product\/naturlige-tre-kuler\/","og_site_name":"Woodinout \u00a9","article_modified_time":"2022-03-13T14:46:41+00:00","og_image":[{"width":853,"height":1280,"url":"https:\/\/woodinout.net\/wp-content\/uploads\/2020\/06\/Natural-Wooden-beads.jpg","type":"image\/jpeg"}],"twitter_card":"summary_large_image","twitter_misc":{"Ansl. lesetid":"1 minutt"},"schema":{"@context":"https:\/\/schema.org","@graph":[{"@type":"WebPage","@id":"https:\/\/woodinout.net\/no\/product\/naturlige-tre-kuler\/","url":"https:\/\/woodinout.net\/no\/product\/naturlige-tre-kuler\/","name":"Sm\u00e5 trekuler - Woodinout \u00a9 -leker","isPartOf":{"@id":"https:\/\/woodinout.net\/no\/#website"},"datePublished":"2020-06-30T20:36:25+00:00","dateModified":"2022-03-13T14:46:41+00:00","description":"H\u00e5ndlagde, milj\u00f8vennlige, NATURLIGE sm\u00e5 trekuler - dette er et tillegg til v\u00e5re Waldorf & Montessori-inspirerte leker. Tell, sorter, ber\u00f8r - Spill!","breadcrumb":{"@id":"https:\/\/woodinout.net\/no\/product\/naturlige-tre-kuler\/#breadcrumb"},"inLanguage":"nb-NO","potentialAction":[{"@type":"ReadAction","target":["https:\/\/woodinout.net\/no\/product\/naturlige-tre-kuler\/"]}]},{"@type":"BreadcrumbList","@id":"https:\/\/woodinout.net\/no\/product\/naturlige-tre-kuler\/#breadcrumb","itemListElement":[{"@type":"ListItem","position":1,"name":"Home","item":"https:\/\/woodinout.net\/no\/"},{"@type":"ListItem","position":2,"name":"Shop","item":"https:\/\/woodinout.net\/shop\/"},{"@type":"ListItem","position":3,"name":"Sm\u00e5 trekuler"}]},{"@type":"WebSite","@id":"https:\/\/woodinout.net\/no\/#website","url":"https:\/\/woodinout.net\/no\/","name":"Woodinout \u00a9","description":"Wooden Montessori toys, gifts, home and events decor details","potentialAction":[{"@type":"SearchAction","target":{"@type":"EntryPoint","urlTemplate":"https:\/\/woodinout.net\/no\/?s={search_term_string}"},"query-input":"required name=search_term_string"}],"inLanguage":"nb-NO"}]}},"_links":{"self":[{"href":"https:\/\/woodinout.net\/no\/wp-json\/wp\/v2\/product\/21189"}],"collection":[{"href":"https:\/\/woodinout.net\/no\/wp-json\/wp\/v2\/product"}],"about":[{"href":"https:\/\/woodinout.net\/no\/wp-json\/wp\/v2\/types\/product"}],"wp:featuredmedia":[{"embeddable":true,"href":"https:\/\/woodinout.net\/no\/wp-json\/wp\/v2\/media\/18387"}],"wp:attachment":[{"href":"https:\/\/woodinout.net\/no\/wp-json\/wp\/v2\/media?parent=21189"}],"wp:term":[{"taxonomy":"product_cat","embeddable":true,"href":"https:\/\/woodinout.net\/no\/wp-json\/wp\/v2\/product_cat?post=21189"},{"taxonomy":"product_tag","embeddable":true,"href":"https:\/\/woodinout.net\/no\/wp-json\/wp\/v2\/product_tag?post=21189"}],"curies":[{"name":"wp","href":"https:\/\/api.w.org\/{rel}","templated":true}]}}