{"id":21187,"date":"2021-03-19T10:23:51","date_gmt":"2021-03-19T08:23:51","guid":{"rendered":"https:\/\/woodinout.net\/product\/treplater-circle\/"},"modified":"2022-03-13T16:46:31","modified_gmt":"2022-03-13T14:46:31","slug":"tre-plater-sirkel","status":"publish","type":"product","link":"https:\/\/woodinout.net\/no\/product\/tre-plater-sirkel\/","title":{"rendered":"Treplater &#8220;Circle&#8221;"},"content":{"rendered":"<p>Rundt sansebrett &#8211; Montessoritelling, fargesortering og andre l\u00e6releker &#8211; dette sandbrettet har uendelige muligheter for Fun Play Learn-aktiviteter. Waldorf-leker i tre for sm\u00e5barn og barn fra Woodinout er b\u00e6rekraftige, trygge for barn og allsidige<\/p>\n<p>DIMENSJONER<br \/>\nDiameter: ~4,7 tommer (12 cm)<\/p>\n<p>Diameter: ~5,5 tommer (14 cm)<\/p>\n<p>Diameter: ~6,3 tommer (16 cm)<\/p>\n<p>Diameter: ~7,1 tommer (18 cm)<\/p>\n<p>Tykkelse: ~0,66 tommer (1,7 cm)<\/p>\n<p>Legg til BALLER:<\/p>\n<p>Farget: https:\/\/woodinout.net\/product\/colored-wooden-balls\/<\/p>\n<p>Naturlig: https:\/\/woodinout.net\/product\/natural-wooden-balls\/<\/p>\n<p>FARGER OG MATERIALE<br \/>\nFarge: naturlig og brunoljet.<br \/>\nLeket\u00f8yet er laget av NATURLIG MASSIVT TRE.<br \/>\nV\u00e6r oppmerksom p\u00e5 at farger kan variere p\u00e5 grunn av innstillinger for dataskjerm og lys.<\/p>\n","protected":false},"excerpt":{"rendered":"<p>Rundt sansebrett &#8211; Montessoritelling, fargesortering og andre l\u00e6releker &#8211; dette sandbrettet har uendelige muligheter for Fun Play Learn-aktiviteter. Waldorf-leker i tre for sm\u00e5barn og barn fra Woodinout er b\u00e6rekraftige, trygge for barn og allsidige DIMENSJONER Diameter: ~4,7 tommer (12 cm) Diameter: ~5,5 tommer (14 cm) Diameter: ~6,3 tommer (16 cm) Diameter: ~7,1 tommer (18 cm) [&hellip;]<\/p>\n","protected":false},"featured_media":19091,"template":"","meta":{"_monsterinsights_skip_tracking":false,"_monsterinsights_sitenote_active":false,"_monsterinsights_sitenote_note":"","_monsterinsights_sitenote_category":0},"product_cat":[1711,1523,1477],"product_tag":[1505,1511,1500,1540,1561,1541,1494,1542,1484,1489,1875,1881,1480],"yoast_head":"<!-- This site is optimized with the Yoast SEO plugin v22.1 - https:\/\/yoast.com\/wordpress\/plugins\/seo\/ -->\n<title>Treplater &quot;Circle&quot; - Woodinout \u00a9 -leker<\/title>\n<meta name=\"description\" content=\"L\u00e6ring er n\u00e5 morsomt og enkelt - Matteleker av naturlig tre for verdifull familietid. 10 sorterings- og telleplater - flere L\u00e6r og lek-m\u00e5ter.\" \/>\n<meta name=\"robots\" content=\"index, follow, max-snippet:-1, max-image-preview:large, max-video-preview:-1\" \/>\n<link rel=\"canonical\" href=\"https:\/\/woodinout.net\/no\/product\/tre-plater-sirkel\/\" \/>\n<meta property=\"og:locale\" content=\"nb_NO\" \/>\n<meta property=\"og:type\" content=\"article\" \/>\n<meta property=\"og:title\" content=\"Treplater &quot;Circle&quot; - Woodinout \u00a9 -leker\" \/>\n<meta property=\"og:description\" content=\"L\u00e6ring er n\u00e5 morsomt og enkelt - Matteleker av naturlig tre for verdifull familietid. 10 sorterings- og telleplater - flere L\u00e6r og lek-m\u00e5ter.\" \/>\n<meta property=\"og:url\" content=\"https:\/\/woodinout.net\/no\/product\/tre-plater-sirkel\/\" \/>\n<meta property=\"og:site_name\" content=\"Woodinout \u00a9\" \/>\n<meta property=\"article:modified_time\" content=\"2022-03-13T14:46:31+00:00\" \/>\n<meta property=\"og:image\" content=\"https:\/\/woodinout.net\/wp-content\/uploads\/2021\/03\/Wooden_plates_circle_1.jpg\" \/>\n\t<meta property=\"og:image:width\" content=\"1706\" \/>\n\t<meta property=\"og:image:height\" content=\"2560\" \/>\n\t<meta property=\"og:image:type\" content=\"image\/jpeg\" \/>\n<meta name=\"twitter:card\" content=\"summary_large_image\" \/>\n<script type=\"application\/ld+json\" class=\"yoast-schema-graph\">{\"@context\":\"https:\/\/schema.org\",\"@graph\":[{\"@type\":\"WebPage\",\"@id\":\"https:\/\/woodinout.net\/no\/product\/tre-plater-sirkel\/\",\"url\":\"https:\/\/woodinout.net\/no\/product\/tre-plater-sirkel\/\",\"name\":\"Treplater \\\"Circle\\\" - Woodinout \u00a9 -leker\",\"isPartOf\":{\"@id\":\"https:\/\/woodinout.net\/no\/#website\"},\"datePublished\":\"2021-03-19T08:23:51+00:00\",\"dateModified\":\"2022-03-13T14:46:31+00:00\",\"description\":\"L\u00e6ring er n\u00e5 morsomt og enkelt - Matteleker av naturlig tre for verdifull familietid. 10 sorterings- og telleplater - flere L\u00e6r og lek-m\u00e5ter.\",\"breadcrumb\":{\"@id\":\"https:\/\/woodinout.net\/no\/product\/tre-plater-sirkel\/#breadcrumb\"},\"inLanguage\":\"nb-NO\",\"potentialAction\":[{\"@type\":\"ReadAction\",\"target\":[\"https:\/\/woodinout.net\/no\/product\/tre-plater-sirkel\/\"]}]},{\"@type\":\"BreadcrumbList\",\"@id\":\"https:\/\/woodinout.net\/no\/product\/tre-plater-sirkel\/#breadcrumb\",\"itemListElement\":[{\"@type\":\"ListItem\",\"position\":1,\"name\":\"Home\",\"item\":\"https:\/\/woodinout.net\/no\/\"},{\"@type\":\"ListItem\",\"position\":2,\"name\":\"Shop\",\"item\":\"https:\/\/woodinout.net\/shop\/\"},{\"@type\":\"ListItem\",\"position\":3,\"name\":\"Treplater &laquo;Circle&raquo;\"}]},{\"@type\":\"WebSite\",\"@id\":\"https:\/\/woodinout.net\/no\/#website\",\"url\":\"https:\/\/woodinout.net\/no\/\",\"name\":\"Woodinout \u00a9\",\"description\":\"Wooden Montessori toys, gifts, home and events decor details\",\"potentialAction\":[{\"@type\":\"SearchAction\",\"target\":{\"@type\":\"EntryPoint\",\"urlTemplate\":\"https:\/\/woodinout.net\/no\/?s={search_term_string}\"},\"query-input\":\"required name=search_term_string\"}],\"inLanguage\":\"nb-NO\"}]}<\/script>\n<!-- \/ Yoast SEO plugin. -->","yoast_head_json":{"title":"Treplater \"Circle\" - Woodinout \u00a9 -leker","description":"L\u00e6ring er n\u00e5 morsomt og enkelt - Matteleker av naturlig tre for verdifull familietid. 10 sorterings- og telleplater - flere L\u00e6r og lek-m\u00e5ter.","robots":{"index":"index","follow":"follow","max-snippet":"max-snippet:-1","max-image-preview":"max-image-preview:large","max-video-preview":"max-video-preview:-1"},"canonical":"https:\/\/woodinout.net\/no\/product\/tre-plater-sirkel\/","og_locale":"nb_NO","og_type":"article","og_title":"Treplater \"Circle\" - Woodinout \u00a9 -leker","og_description":"L\u00e6ring er n\u00e5 morsomt og enkelt - Matteleker av naturlig tre for verdifull familietid. 10 sorterings- og telleplater - flere L\u00e6r og lek-m\u00e5ter.","og_url":"https:\/\/woodinout.net\/no\/product\/tre-plater-sirkel\/","og_site_name":"Woodinout \u00a9","article_modified_time":"2022-03-13T14:46:31+00:00","og_image":[{"width":1706,"height":2560,"url":"https:\/\/woodinout.net\/wp-content\/uploads\/2021\/03\/Wooden_plates_circle_1.jpg","type":"image\/jpeg"}],"twitter_card":"summary_large_image","schema":{"@context":"https:\/\/schema.org","@graph":[{"@type":"WebPage","@id":"https:\/\/woodinout.net\/no\/product\/tre-plater-sirkel\/","url":"https:\/\/woodinout.net\/no\/product\/tre-plater-sirkel\/","name":"Treplater \"Circle\" - Woodinout \u00a9 -leker","isPartOf":{"@id":"https:\/\/woodinout.net\/no\/#website"},"datePublished":"2021-03-19T08:23:51+00:00","dateModified":"2022-03-13T14:46:31+00:00","description":"L\u00e6ring er n\u00e5 morsomt og enkelt - Matteleker av naturlig tre for verdifull familietid. 10 sorterings- og telleplater - flere L\u00e6r og lek-m\u00e5ter.","breadcrumb":{"@id":"https:\/\/woodinout.net\/no\/product\/tre-plater-sirkel\/#breadcrumb"},"inLanguage":"nb-NO","potentialAction":[{"@type":"ReadAction","target":["https:\/\/woodinout.net\/no\/product\/tre-plater-sirkel\/"]}]},{"@type":"BreadcrumbList","@id":"https:\/\/woodinout.net\/no\/product\/tre-plater-sirkel\/#breadcrumb","itemListElement":[{"@type":"ListItem","position":1,"name":"Home","item":"https:\/\/woodinout.net\/no\/"},{"@type":"ListItem","position":2,"name":"Shop","item":"https:\/\/woodinout.net\/shop\/"},{"@type":"ListItem","position":3,"name":"Treplater &laquo;Circle&raquo;"}]},{"@type":"WebSite","@id":"https:\/\/woodinout.net\/no\/#website","url":"https:\/\/woodinout.net\/no\/","name":"Woodinout \u00a9","description":"Wooden Montessori toys, gifts, home and events decor details","potentialAction":[{"@type":"SearchAction","target":{"@type":"EntryPoint","urlTemplate":"https:\/\/woodinout.net\/no\/?s={search_term_string}"},"query-input":"required name=search_term_string"}],"inLanguage":"nb-NO"}]}},"_links":{"self":[{"href":"https:\/\/woodinout.net\/no\/wp-json\/wp\/v2\/product\/21187"}],"collection":[{"href":"https:\/\/woodinout.net\/no\/wp-json\/wp\/v2\/product"}],"about":[{"href":"https:\/\/woodinout.net\/no\/wp-json\/wp\/v2\/types\/product"}],"wp:featuredmedia":[{"embeddable":true,"href":"https:\/\/woodinout.net\/no\/wp-json\/wp\/v2\/media\/19091"}],"wp:attachment":[{"href":"https:\/\/woodinout.net\/no\/wp-json\/wp\/v2\/media?parent=21187"}],"wp:term":[{"taxonomy":"product_cat","embeddable":true,"href":"https:\/\/woodinout.net\/no\/wp-json\/wp\/v2\/product_cat?post=21187"},{"taxonomy":"product_tag","embeddable":true,"href":"https:\/\/woodinout.net\/no\/wp-json\/wp\/v2\/product_tag?post=21187"}],"curies":[{"name":"wp","href":"https:\/\/api.w.org\/{rel}","templated":true}]}}