{"id":21174,"date":"2021-03-19T18:00:22","date_gmt":"2021-03-19T16:00:22","guid":{"rendered":"https:\/\/woodinout.net\/product\/25-tellebrett\/"},"modified":"2021-03-19T18:00:22","modified_gmt":"2021-03-19T16:00:22","slug":"25-tellende-bord","status":"publish","type":"product","link":"https:\/\/woodinout.net\/no\/product\/25-tellende-bord\/","title":{"rendered":"25 tellebrett"},"content":{"rendered":"<p>Tre og tjuefem ramme &#8211; Montessori toddler 25 telleaktivitet er blant v\u00e5re favoritt matematikkmanipulerende, og vi anbefaler det for forh\u00e5ndsl\u00e6ring av tall og telling! I tillegg til \u00e5 styrke finmotorikken, har v\u00e5re klienters barn likt fargesortering i tillegg til \u00e5 telle og hoppe over telle\u00f8velsen p\u00e5 denne Montessori 25-rammen i tre. B\u00e6rekraftige, allsidige og naturlige Montessori-tellematerialer i Woodinout-butikken.<\/p>\n<p>Alternativer:<br \/>\nNaturlig tre og tjuefem ramme<br \/>\nBrunoljet tjuefem ramme<br \/>\nNaturlig tre og tjuefem ramme med tall inngravert 1-25<\/p>\n<p>DIMENSJONER<br \/>\nH\u00f8yde: 5,1 tommer (13 cm)<br \/>\nLengde: 5,1 tommer (13 cm)<br \/>\nTykkelse: 0,66 tommer (1,7 cm)<\/p>\n<p>FARGER OG MATERIALE<br \/>\nFarge: naturlig og brunoljet.<br \/>\nLeket\u00f8yet er laget av NATURLIG MASSIVT TRE.<br \/>\nV\u00e6r oppmerksom p\u00e5 at farger kan variere p\u00e5 grunn av innstillinger for dataskjerm og lys.<\/p>\n<p>Legg til BALLER:<\/p>\n<p>Farget: https:\/\/woodinout.net\/product\/colored-wooden-balls\/<\/p>\n<p>Naturlig: https:\/\/woodinout.net\/product\/natural-wooden-balls\/<\/p>\n<p>&nbsp;<\/p>\n","protected":false},"excerpt":{"rendered":"<p>Tre og tjuefem ramme &#8211; Montessori toddler 25 telleaktivitet er blant v\u00e5re favoritt matematikkmanipulerende, og vi anbefaler det for forh\u00e5ndsl\u00e6ring av tall og telling! I tillegg til \u00e5 styrke finmotorikken, har v\u00e5re klienters barn likt fargesortering i tillegg til \u00e5 telle og hoppe over telle\u00f8velsen p\u00e5 denne Montessori 25-rammen i tre. B\u00e6rekraftige, allsidige og naturlige [&hellip;]<\/p>\n","protected":false},"featured_media":19563,"template":"","meta":{"_monsterinsights_skip_tracking":false,"_monsterinsights_sitenote_active":false,"_monsterinsights_sitenote_note":"","_monsterinsights_sitenote_category":0},"product_cat":[1523,1477],"product_tag":[1505,1511,1500,1540,1561,1541,1494,1542,1484,1489,1881,1480],"yoast_head":"<!-- This site is optimized with the Yoast SEO plugin v22.1 - https:\/\/yoast.com\/wordpress\/plugins\/seo\/ -->\n<title>25 tellebrett - Montessori Woodinout \u00a9<\/title>\n<meta name=\"description\" content=\"L\u00e6ring er n\u00e5 morsomt og enkelt - Matteleker av naturlig tre for verdifull familietid. 25 tellebrett for sortering og telling. Verdensomspennende frakt.\" \/>\n<meta name=\"robots\" content=\"index, follow, max-snippet:-1, max-image-preview:large, max-video-preview:-1\" \/>\n<link rel=\"canonical\" href=\"https:\/\/woodinout.net\/no\/product\/25-tellende-bord\/\" \/>\n<meta property=\"og:locale\" content=\"nb_NO\" \/>\n<meta property=\"og:type\" content=\"article\" \/>\n<meta property=\"og:title\" content=\"25 tellebrett - Montessori Woodinout \u00a9\" \/>\n<meta property=\"og:description\" content=\"L\u00e6ring er n\u00e5 morsomt og enkelt - Matteleker av naturlig tre for verdifull familietid. 25 tellebrett for sortering og telling. Verdensomspennende frakt.\" \/>\n<meta property=\"og:url\" content=\"https:\/\/woodinout.net\/no\/product\/25-tellende-bord\/\" \/>\n<meta property=\"og:site_name\" content=\"Woodinout \u00a9\" \/>\n<meta property=\"og:image\" content=\"https:\/\/woodinout.net\/wp-content\/uploads\/2021\/03\/4_x_25_counting_board_2.jpg\" \/>\n\t<meta property=\"og:image:width\" content=\"1706\" \/>\n\t<meta property=\"og:image:height\" content=\"2560\" \/>\n\t<meta property=\"og:image:type\" content=\"image\/jpeg\" \/>\n<meta name=\"twitter:card\" content=\"summary_large_image\" \/>\n<meta name=\"twitter:label1\" content=\"Ansl. lesetid\" \/>\n\t<meta name=\"twitter:data1\" content=\"1 minutt\" \/>\n<script type=\"application\/ld+json\" class=\"yoast-schema-graph\">{\"@context\":\"https:\/\/schema.org\",\"@graph\":[{\"@type\":\"WebPage\",\"@id\":\"https:\/\/woodinout.net\/no\/product\/25-tellende-bord\/\",\"url\":\"https:\/\/woodinout.net\/no\/product\/25-tellende-bord\/\",\"name\":\"25 tellebrett - Montessori Woodinout \u00a9\",\"isPartOf\":{\"@id\":\"https:\/\/woodinout.net\/no\/#website\"},\"datePublished\":\"2021-03-19T16:00:22+00:00\",\"dateModified\":\"2021-03-19T16:00:22+00:00\",\"description\":\"L\u00e6ring er n\u00e5 morsomt og enkelt - Matteleker av naturlig tre for verdifull familietid. 25 tellebrett for sortering og telling. Verdensomspennende frakt.\",\"breadcrumb\":{\"@id\":\"https:\/\/woodinout.net\/no\/product\/25-tellende-bord\/#breadcrumb\"},\"inLanguage\":\"nb-NO\",\"potentialAction\":[{\"@type\":\"ReadAction\",\"target\":[\"https:\/\/woodinout.net\/no\/product\/25-tellende-bord\/\"]}]},{\"@type\":\"BreadcrumbList\",\"@id\":\"https:\/\/woodinout.net\/no\/product\/25-tellende-bord\/#breadcrumb\",\"itemListElement\":[{\"@type\":\"ListItem\",\"position\":1,\"name\":\"Home\",\"item\":\"https:\/\/woodinout.net\/no\/\"},{\"@type\":\"ListItem\",\"position\":2,\"name\":\"Shop\",\"item\":\"https:\/\/woodinout.net\/shop\/\"},{\"@type\":\"ListItem\",\"position\":3,\"name\":\"25 tellebrett\"}]},{\"@type\":\"WebSite\",\"@id\":\"https:\/\/woodinout.net\/no\/#website\",\"url\":\"https:\/\/woodinout.net\/no\/\",\"name\":\"Woodinout \u00a9\",\"description\":\"Wooden Montessori toys, gifts, home and events decor details\",\"potentialAction\":[{\"@type\":\"SearchAction\",\"target\":{\"@type\":\"EntryPoint\",\"urlTemplate\":\"https:\/\/woodinout.net\/no\/?s={search_term_string}\"},\"query-input\":\"required name=search_term_string\"}],\"inLanguage\":\"nb-NO\"}]}<\/script>\n<!-- \/ Yoast SEO plugin. -->","yoast_head_json":{"title":"25 tellebrett - Montessori Woodinout \u00a9","description":"L\u00e6ring er n\u00e5 morsomt og enkelt - Matteleker av naturlig tre for verdifull familietid. 25 tellebrett for sortering og telling. Verdensomspennende frakt.","robots":{"index":"index","follow":"follow","max-snippet":"max-snippet:-1","max-image-preview":"max-image-preview:large","max-video-preview":"max-video-preview:-1"},"canonical":"https:\/\/woodinout.net\/no\/product\/25-tellende-bord\/","og_locale":"nb_NO","og_type":"article","og_title":"25 tellebrett - Montessori Woodinout \u00a9","og_description":"L\u00e6ring er n\u00e5 morsomt og enkelt - Matteleker av naturlig tre for verdifull familietid. 25 tellebrett for sortering og telling. Verdensomspennende frakt.","og_url":"https:\/\/woodinout.net\/no\/product\/25-tellende-bord\/","og_site_name":"Woodinout \u00a9","og_image":[{"width":1706,"height":2560,"url":"https:\/\/woodinout.net\/wp-content\/uploads\/2021\/03\/4_x_25_counting_board_2.jpg","type":"image\/jpeg"}],"twitter_card":"summary_large_image","twitter_misc":{"Ansl. lesetid":"1 minutt"},"schema":{"@context":"https:\/\/schema.org","@graph":[{"@type":"WebPage","@id":"https:\/\/woodinout.net\/no\/product\/25-tellende-bord\/","url":"https:\/\/woodinout.net\/no\/product\/25-tellende-bord\/","name":"25 tellebrett - Montessori Woodinout \u00a9","isPartOf":{"@id":"https:\/\/woodinout.net\/no\/#website"},"datePublished":"2021-03-19T16:00:22+00:00","dateModified":"2021-03-19T16:00:22+00:00","description":"L\u00e6ring er n\u00e5 morsomt og enkelt - Matteleker av naturlig tre for verdifull familietid. 25 tellebrett for sortering og telling. Verdensomspennende frakt.","breadcrumb":{"@id":"https:\/\/woodinout.net\/no\/product\/25-tellende-bord\/#breadcrumb"},"inLanguage":"nb-NO","potentialAction":[{"@type":"ReadAction","target":["https:\/\/woodinout.net\/no\/product\/25-tellende-bord\/"]}]},{"@type":"BreadcrumbList","@id":"https:\/\/woodinout.net\/no\/product\/25-tellende-bord\/#breadcrumb","itemListElement":[{"@type":"ListItem","position":1,"name":"Home","item":"https:\/\/woodinout.net\/no\/"},{"@type":"ListItem","position":2,"name":"Shop","item":"https:\/\/woodinout.net\/shop\/"},{"@type":"ListItem","position":3,"name":"25 tellebrett"}]},{"@type":"WebSite","@id":"https:\/\/woodinout.net\/no\/#website","url":"https:\/\/woodinout.net\/no\/","name":"Woodinout \u00a9","description":"Wooden Montessori toys, gifts, home and events decor details","potentialAction":[{"@type":"SearchAction","target":{"@type":"EntryPoint","urlTemplate":"https:\/\/woodinout.net\/no\/?s={search_term_string}"},"query-input":"required name=search_term_string"}],"inLanguage":"nb-NO"}]}},"_links":{"self":[{"href":"https:\/\/woodinout.net\/no\/wp-json\/wp\/v2\/product\/21174"}],"collection":[{"href":"https:\/\/woodinout.net\/no\/wp-json\/wp\/v2\/product"}],"about":[{"href":"https:\/\/woodinout.net\/no\/wp-json\/wp\/v2\/types\/product"}],"wp:featuredmedia":[{"embeddable":true,"href":"https:\/\/woodinout.net\/no\/wp-json\/wp\/v2\/media\/19563"}],"wp:attachment":[{"href":"https:\/\/woodinout.net\/no\/wp-json\/wp\/v2\/media?parent=21174"}],"wp:term":[{"taxonomy":"product_cat","embeddable":true,"href":"https:\/\/woodinout.net\/no\/wp-json\/wp\/v2\/product_cat?post=21174"},{"taxonomy":"product_tag","embeddable":true,"href":"https:\/\/woodinout.net\/no\/wp-json\/wp\/v2\/product_tag?post=21174"}],"curies":[{"name":"wp","href":"https:\/\/api.w.org\/{rel}","templated":true}]}}