{"id":21172,"date":"2021-03-22T13:30:16","date_gmt":"2021-03-22T11:30:16","guid":{"rendered":"https:\/\/woodinout.net\/product\/pinner-for-geoboard\/"},"modified":"2021-03-22T13:30:16","modified_gmt":"2021-03-22T11:30:16","slug":"knagger-for-geoboard","status":"publish","type":"product","link":"https:\/\/woodinout.net\/no\/product\/knagger-for-geoboard\/","title":{"rendered":"Pinner for geoboard"},"content":{"rendered":"<p>Sm\u00e5 treknagger som tillegg til geoboard av tre for barn. Dette kan v\u00e6re et perfekt ferdighetsleket\u00f8y for utviklingsmessig og kreativ lek for b\u00e5de barn og voksne. Trepinner brukes mest i Montessori-pinnebrett, men kan ogs\u00e5 brukes kreativt i mange Montessori- eller Waldorf-inspirerte aktiviteter som telling, sortering eller sensorisk.<\/p>\n<p>DIMENSJONER<br \/>\nH\u00f8yde: 1,57 tommer (4 cm)<br \/>\nTykkelse: 0,23 tommer (0,6 cm)<\/p>\n<p>FARGER OG MATERIALE<br \/>\nFarge: naturlig tre.<br \/>\nLeket\u00f8yet er laget av NATURLIG MASSIVT TRE.<br \/>\nV\u00e6r oppmerksom p\u00e5 at farger kan variere p\u00e5 grunn av innstillinger for dataskjerm og lys.<\/p>\n","protected":false},"excerpt":{"rendered":"<p>Sm\u00e5 treknagger som tillegg til geoboard av tre for barn. Dette kan v\u00e6re et perfekt ferdighetsleket\u00f8y for utviklingsmessig og kreativ lek for b\u00e5de barn og voksne. Trepinner brukes mest i Montessori-pinnebrett, men kan ogs\u00e5 brukes kreativt i mange Montessori- eller Waldorf-inspirerte aktiviteter som telling, sortering eller sensorisk. DIMENSJONER H\u00f8yde: 1,57 tommer (4 cm) Tykkelse: 0,23 [&hellip;]<\/p>\n","protected":false},"featured_media":20355,"template":"","meta":{"_monsterinsights_skip_tracking":false,"_monsterinsights_sitenote_active":false,"_monsterinsights_sitenote_note":"","_monsterinsights_sitenote_category":0},"product_cat":[1699,1477],"product_tag":[1505,1511,2046,2045,2048,1500,1561,1494,1484,1489,2028,1480],"yoast_head":"<!-- This site is optimized with the Yoast SEO plugin v22.1 - https:\/\/yoast.com\/wordpress\/plugins\/seo\/ -->\n<title>Pinner for geoboard - Woodinout \u00a9 -leker SHOP<\/title>\n<meta name=\"description\" content=\"L\u00e6r barna matematikk, tall og sortering p\u00e5 en morsom m\u00e5te. Utvikle ogs\u00e5 sm\u00e5barns fine motoriske ferdigheter og lek med stilige h\u00e5ndlagde treknagger.\" \/>\n<meta name=\"robots\" content=\"index, follow, max-snippet:-1, max-image-preview:large, max-video-preview:-1\" \/>\n<link rel=\"canonical\" href=\"https:\/\/woodinout.net\/no\/product\/knagger-for-geoboard\/\" \/>\n<meta property=\"og:locale\" content=\"nb_NO\" \/>\n<meta property=\"og:type\" content=\"article\" \/>\n<meta property=\"og:title\" content=\"Pinner for geoboard - Woodinout \u00a9 -leker SHOP\" \/>\n<meta property=\"og:description\" content=\"L\u00e6r barna matematikk, tall og sortering p\u00e5 en morsom m\u00e5te. Utvikle ogs\u00e5 sm\u00e5barns fine motoriske ferdigheter og lek med stilige h\u00e5ndlagde treknagger.\" \/>\n<meta property=\"og:url\" content=\"https:\/\/woodinout.net\/no\/product\/knagger-for-geoboard\/\" \/>\n<meta property=\"og:site_name\" content=\"Woodinout \u00a9\" \/>\n<meta property=\"og:image\" content=\"https:\/\/woodinout.net\/wp-content\/uploads\/2021\/03\/Small-wooden-Pegs.jpg\" \/>\n\t<meta property=\"og:image:width\" content=\"1140\" \/>\n\t<meta property=\"og:image:height\" content=\"1002\" \/>\n\t<meta property=\"og:image:type\" content=\"image\/jpeg\" \/>\n<meta name=\"twitter:card\" content=\"summary_large_image\" \/>\n<script type=\"application\/ld+json\" class=\"yoast-schema-graph\">{\"@context\":\"https:\/\/schema.org\",\"@graph\":[{\"@type\":\"WebPage\",\"@id\":\"https:\/\/woodinout.net\/no\/product\/knagger-for-geoboard\/\",\"url\":\"https:\/\/woodinout.net\/no\/product\/knagger-for-geoboard\/\",\"name\":\"Pinner for geoboard - Woodinout \u00a9 -leker SHOP\",\"isPartOf\":{\"@id\":\"https:\/\/woodinout.net\/no\/#website\"},\"datePublished\":\"2021-03-22T11:30:16+00:00\",\"dateModified\":\"2021-03-22T11:30:16+00:00\",\"description\":\"L\u00e6r barna matematikk, tall og sortering p\u00e5 en morsom m\u00e5te. Utvikle ogs\u00e5 sm\u00e5barns fine motoriske ferdigheter og lek med stilige h\u00e5ndlagde treknagger.\",\"breadcrumb\":{\"@id\":\"https:\/\/woodinout.net\/no\/product\/knagger-for-geoboard\/#breadcrumb\"},\"inLanguage\":\"nb-NO\",\"potentialAction\":[{\"@type\":\"ReadAction\",\"target\":[\"https:\/\/woodinout.net\/no\/product\/knagger-for-geoboard\/\"]}]},{\"@type\":\"BreadcrumbList\",\"@id\":\"https:\/\/woodinout.net\/no\/product\/knagger-for-geoboard\/#breadcrumb\",\"itemListElement\":[{\"@type\":\"ListItem\",\"position\":1,\"name\":\"Home\",\"item\":\"https:\/\/woodinout.net\/no\/\"},{\"@type\":\"ListItem\",\"position\":2,\"name\":\"Shop\",\"item\":\"https:\/\/woodinout.net\/shop\/\"},{\"@type\":\"ListItem\",\"position\":3,\"name\":\"Pinner for geoboard\"}]},{\"@type\":\"WebSite\",\"@id\":\"https:\/\/woodinout.net\/no\/#website\",\"url\":\"https:\/\/woodinout.net\/no\/\",\"name\":\"Woodinout \u00a9\",\"description\":\"Wooden Montessori toys, gifts, home and events decor details\",\"potentialAction\":[{\"@type\":\"SearchAction\",\"target\":{\"@type\":\"EntryPoint\",\"urlTemplate\":\"https:\/\/woodinout.net\/no\/?s={search_term_string}\"},\"query-input\":\"required name=search_term_string\"}],\"inLanguage\":\"nb-NO\"}]}<\/script>\n<!-- \/ Yoast SEO plugin. -->","yoast_head_json":{"title":"Pinner for geoboard - Woodinout \u00a9 -leker SHOP","description":"L\u00e6r barna matematikk, tall og sortering p\u00e5 en morsom m\u00e5te. Utvikle ogs\u00e5 sm\u00e5barns fine motoriske ferdigheter og lek med stilige h\u00e5ndlagde treknagger.","robots":{"index":"index","follow":"follow","max-snippet":"max-snippet:-1","max-image-preview":"max-image-preview:large","max-video-preview":"max-video-preview:-1"},"canonical":"https:\/\/woodinout.net\/no\/product\/knagger-for-geoboard\/","og_locale":"nb_NO","og_type":"article","og_title":"Pinner for geoboard - Woodinout \u00a9 -leker SHOP","og_description":"L\u00e6r barna matematikk, tall og sortering p\u00e5 en morsom m\u00e5te. Utvikle ogs\u00e5 sm\u00e5barns fine motoriske ferdigheter og lek med stilige h\u00e5ndlagde treknagger.","og_url":"https:\/\/woodinout.net\/no\/product\/knagger-for-geoboard\/","og_site_name":"Woodinout \u00a9","og_image":[{"width":1140,"height":1002,"url":"https:\/\/woodinout.net\/wp-content\/uploads\/2021\/03\/Small-wooden-Pegs.jpg","type":"image\/jpeg"}],"twitter_card":"summary_large_image","schema":{"@context":"https:\/\/schema.org","@graph":[{"@type":"WebPage","@id":"https:\/\/woodinout.net\/no\/product\/knagger-for-geoboard\/","url":"https:\/\/woodinout.net\/no\/product\/knagger-for-geoboard\/","name":"Pinner for geoboard - Woodinout \u00a9 -leker SHOP","isPartOf":{"@id":"https:\/\/woodinout.net\/no\/#website"},"datePublished":"2021-03-22T11:30:16+00:00","dateModified":"2021-03-22T11:30:16+00:00","description":"L\u00e6r barna matematikk, tall og sortering p\u00e5 en morsom m\u00e5te. Utvikle ogs\u00e5 sm\u00e5barns fine motoriske ferdigheter og lek med stilige h\u00e5ndlagde treknagger.","breadcrumb":{"@id":"https:\/\/woodinout.net\/no\/product\/knagger-for-geoboard\/#breadcrumb"},"inLanguage":"nb-NO","potentialAction":[{"@type":"ReadAction","target":["https:\/\/woodinout.net\/no\/product\/knagger-for-geoboard\/"]}]},{"@type":"BreadcrumbList","@id":"https:\/\/woodinout.net\/no\/product\/knagger-for-geoboard\/#breadcrumb","itemListElement":[{"@type":"ListItem","position":1,"name":"Home","item":"https:\/\/woodinout.net\/no\/"},{"@type":"ListItem","position":2,"name":"Shop","item":"https:\/\/woodinout.net\/shop\/"},{"@type":"ListItem","position":3,"name":"Pinner for geoboard"}]},{"@type":"WebSite","@id":"https:\/\/woodinout.net\/no\/#website","url":"https:\/\/woodinout.net\/no\/","name":"Woodinout \u00a9","description":"Wooden Montessori toys, gifts, home and events decor details","potentialAction":[{"@type":"SearchAction","target":{"@type":"EntryPoint","urlTemplate":"https:\/\/woodinout.net\/no\/?s={search_term_string}"},"query-input":"required name=search_term_string"}],"inLanguage":"nb-NO"}]}},"_links":{"self":[{"href":"https:\/\/woodinout.net\/no\/wp-json\/wp\/v2\/product\/21172"}],"collection":[{"href":"https:\/\/woodinout.net\/no\/wp-json\/wp\/v2\/product"}],"about":[{"href":"https:\/\/woodinout.net\/no\/wp-json\/wp\/v2\/types\/product"}],"wp:featuredmedia":[{"embeddable":true,"href":"https:\/\/woodinout.net\/no\/wp-json\/wp\/v2\/media\/20355"}],"wp:attachment":[{"href":"https:\/\/woodinout.net\/no\/wp-json\/wp\/v2\/media?parent=21172"}],"wp:term":[{"taxonomy":"product_cat","embeddable":true,"href":"https:\/\/woodinout.net\/no\/wp-json\/wp\/v2\/product_cat?post=21172"},{"taxonomy":"product_tag","embeddable":true,"href":"https:\/\/woodinout.net\/no\/wp-json\/wp\/v2\/product_tag?post=21172"}],"curies":[{"name":"wp","href":"https:\/\/api.w.org\/{rel}","templated":true}]}}