{"id":21171,"date":"2021-03-21T14:26:35","date_gmt":"2021-03-21T12:26:35","guid":{"rendered":"https:\/\/woodinout.net\/product\/snoringsleke-bird\/"},"modified":"2021-03-21T14:26:35","modified_gmt":"2021-03-21T12:26:35","slug":"snoring-leke-fugl","status":"publish","type":"product","link":"https:\/\/woodinout.net\/no\/product\/snoring-leke-fugl\/","title":{"rendered":"Sn\u00f8ringsleke &#8220;Bird&#8221;"},"content":{"rendered":"<p>Fugleleke med sn\u00f8ring i tre er en gaveide for barn, som er verdifull, godt verdsatt av foreldre og stilig! Bli seri\u00f8st kreativ med Montessori-inspirerte leker. De er velkjente over hele verden av en grunn, denne tretreningsleken er intet unntak.<\/p>\n<p>Kid vil forbedre \u00f8yeh\u00e5ndskoordinasjonen;<\/p>\n<p>Barn vil utvikle fine motoriske ferdigheter; Flere finmotoriske ferdigheter <a href=\"https:\/\/woodinout.net\/product-tag\/fine-motor-skills-activities\/\">her.<\/a><\/p>\n<p>Fugleleket\u00f8y er den beste sm\u00e5barnsgaven for dyr- og skogselskere. H\u00e5ndlagde pedagogiske leker er s\u00e5 flotte, de passer til enhver stilinnredning i lekerom for jenter eller gutter. L\u00e6releker i tre &#8211; dette er det vi gj\u00f8r best p\u00e5 Woodinout, skaff deg denne utviklende leken N\u00c5 og bli med i familien av forn\u00f8yde kunder!<\/p>\n<p>Settet inneholder:<br \/>\nTrefugl<br \/>\n3 stk. av 1 meter ledning<\/p>\n<p>DIMENSJONER p\u00e5 Bird<br \/>\nH\u00f8yde: ~4,3 tommer (11 cm)<br \/>\nLengde: ~5,5 tommer (14 cm)<br \/>\nTykkelse: ~0,66 tommer (1,7 cm)<\/p>\n<p>FARGER OG MATERIALER<br \/>\nFarge: naturlig tre<br \/>\nMateriale: Leket\u00f8yet er laget av NATURLIG MASSIVT TRE; Snor i bomull\/polyester.<br \/>\nV\u00e6r oppmerksom p\u00e5 at farger kan variere p\u00e5 grunn av innstillinger for dataskjerm og lys.<\/p>\n<p>For flere ideer, f\u00f8lg oss p\u00e5 <a href=\"https:\/\/www.instagram.com\/woodinout\/\">INSTAGRAM<\/a> &amp; <a href=\"https:\/\/www.facebook.com\/Woodinout.net\">FACEBOOK<\/a><\/p>\n","protected":false},"excerpt":{"rendered":"<p>Fugleleke med sn\u00f8ring i tre er en gaveide for barn, som er verdifull, godt verdsatt av foreldre og stilig! Bli seri\u00f8st kreativ med Montessori-inspirerte leker. De er velkjente over hele verden av en grunn, denne tretreningsleken er intet unntak. Kid vil forbedre \u00f8yeh\u00e5ndskoordinasjonen; Barn vil utvikle fine motoriske ferdigheter; Flere finmotoriske ferdigheter her. Fugleleket\u00f8y er [&hellip;]<\/p>\n","protected":false},"featured_media":19923,"template":"","meta":{"_monsterinsights_skip_tracking":false,"_monsterinsights_sitenote_active":false,"_monsterinsights_sitenote_note":"","_monsterinsights_sitenote_category":0},"product_cat":[1564,1477],"product_tag":[1505,1511,1568,1532,1500,1494,1536,1484,1489,1566,1480],"yoast_head":"<!-- This site is optimized with the Yoast SEO plugin v22.1 - https:\/\/yoast.com\/wordpress\/plugins\/seo\/ -->\n<title>Sn\u00f8ringsleke &quot;Bird&quot; - Woodinout \u00a9 -lekebutikk<\/title>\n<meta name=\"description\" content=\"Lekefugl med sn\u00f8ring - Perfekt for finmotorikk. Forbedre kreativiteten og fantasien. KUN Naturtre + lisser. Montessori-inspirert.\" \/>\n<meta name=\"robots\" content=\"index, follow, max-snippet:-1, max-image-preview:large, max-video-preview:-1\" \/>\n<link rel=\"canonical\" href=\"https:\/\/woodinout.net\/no\/product\/snoring-leke-fugl\/\" \/>\n<meta property=\"og:locale\" content=\"nb_NO\" \/>\n<meta property=\"og:type\" content=\"article\" \/>\n<meta property=\"og:title\" content=\"Sn\u00f8ringsleke &quot;Bird&quot; - Woodinout \u00a9 -lekebutikk\" \/>\n<meta property=\"og:description\" content=\"Lekefugl med sn\u00f8ring - Perfekt for finmotorikk. Forbedre kreativiteten og fantasien. KUN Naturtre + lisser. Montessori-inspirert.\" \/>\n<meta property=\"og:url\" content=\"https:\/\/woodinout.net\/no\/product\/snoring-leke-fugl\/\" \/>\n<meta property=\"og:site_name\" content=\"Woodinout \u00a9\" \/>\n<meta property=\"og:image\" content=\"https:\/\/woodinout.net\/wp-content\/uploads\/2021\/03\/Lacing_toy_Bird_3.jpg\" \/>\n\t<meta property=\"og:image:width\" content=\"1706\" \/>\n\t<meta property=\"og:image:height\" content=\"2560\" \/>\n\t<meta property=\"og:image:type\" content=\"image\/jpeg\" \/>\n<meta name=\"twitter:card\" content=\"summary_large_image\" \/>\n<meta name=\"twitter:label1\" content=\"Ansl. lesetid\" \/>\n\t<meta name=\"twitter:data1\" content=\"1 minutt\" \/>\n<script type=\"application\/ld+json\" class=\"yoast-schema-graph\">{\"@context\":\"https:\/\/schema.org\",\"@graph\":[{\"@type\":\"WebPage\",\"@id\":\"https:\/\/woodinout.net\/no\/product\/snoring-leke-fugl\/\",\"url\":\"https:\/\/woodinout.net\/no\/product\/snoring-leke-fugl\/\",\"name\":\"Sn\u00f8ringsleke \\\"Bird\\\" - Woodinout \u00a9 -lekebutikk\",\"isPartOf\":{\"@id\":\"https:\/\/woodinout.net\/no\/#website\"},\"datePublished\":\"2021-03-21T12:26:35+00:00\",\"dateModified\":\"2021-03-21T12:26:35+00:00\",\"description\":\"Lekefugl med sn\u00f8ring - Perfekt for finmotorikk. Forbedre kreativiteten og fantasien. KUN Naturtre + lisser. Montessori-inspirert.\",\"breadcrumb\":{\"@id\":\"https:\/\/woodinout.net\/no\/product\/snoring-leke-fugl\/#breadcrumb\"},\"inLanguage\":\"nb-NO\",\"potentialAction\":[{\"@type\":\"ReadAction\",\"target\":[\"https:\/\/woodinout.net\/no\/product\/snoring-leke-fugl\/\"]}]},{\"@type\":\"BreadcrumbList\",\"@id\":\"https:\/\/woodinout.net\/no\/product\/snoring-leke-fugl\/#breadcrumb\",\"itemListElement\":[{\"@type\":\"ListItem\",\"position\":1,\"name\":\"Home\",\"item\":\"https:\/\/woodinout.net\/no\/\"},{\"@type\":\"ListItem\",\"position\":2,\"name\":\"Shop\",\"item\":\"https:\/\/woodinout.net\/shop\/\"},{\"@type\":\"ListItem\",\"position\":3,\"name\":\"Sn\u00f8ringsleke &laquo;Bird&raquo;\"}]},{\"@type\":\"WebSite\",\"@id\":\"https:\/\/woodinout.net\/no\/#website\",\"url\":\"https:\/\/woodinout.net\/no\/\",\"name\":\"Woodinout \u00a9\",\"description\":\"Wooden Montessori toys, gifts, home and events decor details\",\"potentialAction\":[{\"@type\":\"SearchAction\",\"target\":{\"@type\":\"EntryPoint\",\"urlTemplate\":\"https:\/\/woodinout.net\/no\/?s={search_term_string}\"},\"query-input\":\"required name=search_term_string\"}],\"inLanguage\":\"nb-NO\"}]}<\/script>\n<!-- \/ Yoast SEO plugin. -->","yoast_head_json":{"title":"Sn\u00f8ringsleke \"Bird\" - Woodinout \u00a9 -lekebutikk","description":"Lekefugl med sn\u00f8ring - Perfekt for finmotorikk. Forbedre kreativiteten og fantasien. KUN Naturtre + lisser. Montessori-inspirert.","robots":{"index":"index","follow":"follow","max-snippet":"max-snippet:-1","max-image-preview":"max-image-preview:large","max-video-preview":"max-video-preview:-1"},"canonical":"https:\/\/woodinout.net\/no\/product\/snoring-leke-fugl\/","og_locale":"nb_NO","og_type":"article","og_title":"Sn\u00f8ringsleke \"Bird\" - Woodinout \u00a9 -lekebutikk","og_description":"Lekefugl med sn\u00f8ring - Perfekt for finmotorikk. Forbedre kreativiteten og fantasien. KUN Naturtre + lisser. Montessori-inspirert.","og_url":"https:\/\/woodinout.net\/no\/product\/snoring-leke-fugl\/","og_site_name":"Woodinout \u00a9","og_image":[{"width":1706,"height":2560,"url":"https:\/\/woodinout.net\/wp-content\/uploads\/2021\/03\/Lacing_toy_Bird_3.jpg","type":"image\/jpeg"}],"twitter_card":"summary_large_image","twitter_misc":{"Ansl. lesetid":"1 minutt"},"schema":{"@context":"https:\/\/schema.org","@graph":[{"@type":"WebPage","@id":"https:\/\/woodinout.net\/no\/product\/snoring-leke-fugl\/","url":"https:\/\/woodinout.net\/no\/product\/snoring-leke-fugl\/","name":"Sn\u00f8ringsleke \"Bird\" - Woodinout \u00a9 -lekebutikk","isPartOf":{"@id":"https:\/\/woodinout.net\/no\/#website"},"datePublished":"2021-03-21T12:26:35+00:00","dateModified":"2021-03-21T12:26:35+00:00","description":"Lekefugl med sn\u00f8ring - Perfekt for finmotorikk. Forbedre kreativiteten og fantasien. KUN Naturtre + lisser. Montessori-inspirert.","breadcrumb":{"@id":"https:\/\/woodinout.net\/no\/product\/snoring-leke-fugl\/#breadcrumb"},"inLanguage":"nb-NO","potentialAction":[{"@type":"ReadAction","target":["https:\/\/woodinout.net\/no\/product\/snoring-leke-fugl\/"]}]},{"@type":"BreadcrumbList","@id":"https:\/\/woodinout.net\/no\/product\/snoring-leke-fugl\/#breadcrumb","itemListElement":[{"@type":"ListItem","position":1,"name":"Home","item":"https:\/\/woodinout.net\/no\/"},{"@type":"ListItem","position":2,"name":"Shop","item":"https:\/\/woodinout.net\/shop\/"},{"@type":"ListItem","position":3,"name":"Sn\u00f8ringsleke &laquo;Bird&raquo;"}]},{"@type":"WebSite","@id":"https:\/\/woodinout.net\/no\/#website","url":"https:\/\/woodinout.net\/no\/","name":"Woodinout \u00a9","description":"Wooden Montessori toys, gifts, home and events decor details","potentialAction":[{"@type":"SearchAction","target":{"@type":"EntryPoint","urlTemplate":"https:\/\/woodinout.net\/no\/?s={search_term_string}"},"query-input":"required name=search_term_string"}],"inLanguage":"nb-NO"}]}},"_links":{"self":[{"href":"https:\/\/woodinout.net\/no\/wp-json\/wp\/v2\/product\/21171"}],"collection":[{"href":"https:\/\/woodinout.net\/no\/wp-json\/wp\/v2\/product"}],"about":[{"href":"https:\/\/woodinout.net\/no\/wp-json\/wp\/v2\/types\/product"}],"wp:featuredmedia":[{"embeddable":true,"href":"https:\/\/woodinout.net\/no\/wp-json\/wp\/v2\/media\/19923"}],"wp:attachment":[{"href":"https:\/\/woodinout.net\/no\/wp-json\/wp\/v2\/media?parent=21171"}],"wp:term":[{"taxonomy":"product_cat","embeddable":true,"href":"https:\/\/woodinout.net\/no\/wp-json\/wp\/v2\/product_cat?post=21171"},{"taxonomy":"product_tag","embeddable":true,"href":"https:\/\/woodinout.net\/no\/wp-json\/wp\/v2\/product_tag?post=21171"}],"curies":[{"name":"wp","href":"https:\/\/api.w.org\/{rel}","templated":true}]}}