{"id":21166,"date":"2021-03-21T19:15:28","date_gmt":"2021-03-21T17:15:28","guid":{"rendered":"https:\/\/woodinout.net\/product\/former-kort\/"},"modified":"2021-03-21T19:15:28","modified_gmt":"2021-03-21T17:15:28","slug":"figurer-kort","status":"publish","type":"product","link":"https:\/\/woodinout.net\/no\/product\/figurer-kort\/","title":{"rendered":"Former kort"},"content":{"rendered":"<p>Geoboard ordninger kryssfinerkort &#8211; tillegg til pinnebrett for barn. Alle v\u00e5re Montessori-leker er laget for \u00e5 utvikle kreativitet med naturlige treleker. F\u00f8rskolel\u00e6ring gjennom lek er svaret p\u00e5 dagens utdanning. Montessori-pinnebrettformkort handler om! Bruk den med din eller en av v\u00e5re unike geoboards.<\/p>\n<p>DIMENSJONER<br \/>\nH\u00f8yde: ~1,9 tommer (4,8 cm)<br \/>\nLengde: ~1,9 tommer (4,8 cm)<\/p>\n<p>FARGER OG MATERIALE<br \/>\nFarge: naturlig tre<br \/>\nLeket\u00f8yet er laget av NATURLIG TRE kryssfiner.<br \/>\nV\u00e6r oppmerksom p\u00e5 at farger kan variere p\u00e5 grunn av innstillinger for dataskjerm og lys.<\/p>\n","protected":false},"excerpt":{"rendered":"<p>Geoboard ordninger kryssfinerkort &#8211; tillegg til pinnebrett for barn. Alle v\u00e5re Montessori-leker er laget for \u00e5 utvikle kreativitet med naturlige treleker. F\u00f8rskolel\u00e6ring gjennom lek er svaret p\u00e5 dagens utdanning. Montessori-pinnebrettformkort handler om! Bruk den med din eller en av v\u00e5re unike geoboards. DIMENSJONER H\u00f8yde: ~1,9 tommer (4,8 cm) Lengde: ~1,9 tommer (4,8 cm) FARGER OG [&hellip;]<\/p>\n","protected":false},"featured_media":20139,"template":"","meta":{"_monsterinsights_skip_tracking":false,"_monsterinsights_sitenote_active":false,"_monsterinsights_sitenote_note":"","_monsterinsights_sitenote_category":0},"product_cat":[1699,1477],"product_tag":[1505,1511,2046,2045,2048,1500,1561,1494,1484,1489,2028,2027,1480],"yoast_head":"<!-- This site is optimized with the Yoast SEO plugin v22.1 - https:\/\/yoast.com\/wordpress\/plugins\/seo\/ -->\n<title>Former kort - Woodinout \u00a9 -leker SHOP<\/title>\n<meta name=\"description\" content=\"L\u00e6r barna geometri, probleml\u00f8sning og utvikler finmotorikk p\u00e5 en morsom m\u00e5te. Lek med stilige h\u00e5ndlagde, naturlige treklosser.\" \/>\n<meta name=\"robots\" content=\"index, follow, max-snippet:-1, max-image-preview:large, max-video-preview:-1\" \/>\n<link rel=\"canonical\" href=\"https:\/\/woodinout.net\/no\/product\/figurer-kort\/\" \/>\n<meta property=\"og:locale\" content=\"nb_NO\" \/>\n<meta property=\"og:type\" content=\"article\" \/>\n<meta property=\"og:title\" content=\"Former kort - Woodinout \u00a9 -leker SHOP\" \/>\n<meta property=\"og:description\" content=\"L\u00e6r barna geometri, probleml\u00f8sning og utvikler finmotorikk p\u00e5 en morsom m\u00e5te. Lek med stilige h\u00e5ndlagde, naturlige treklosser.\" \/>\n<meta property=\"og:url\" content=\"https:\/\/woodinout.net\/no\/product\/figurer-kort\/\" \/>\n<meta property=\"og:site_name\" content=\"Woodinout \u00a9\" \/>\n<meta property=\"og:image\" content=\"https:\/\/woodinout.net\/wp-content\/uploads\/2021\/03\/Shapes_cards_3.jpg\" \/>\n\t<meta property=\"og:image:width\" content=\"1706\" \/>\n\t<meta property=\"og:image:height\" content=\"2560\" \/>\n\t<meta property=\"og:image:type\" content=\"image\/jpeg\" \/>\n<meta name=\"twitter:card\" content=\"summary_large_image\" \/>\n<script type=\"application\/ld+json\" class=\"yoast-schema-graph\">{\"@context\":\"https:\/\/schema.org\",\"@graph\":[{\"@type\":\"WebPage\",\"@id\":\"https:\/\/woodinout.net\/no\/product\/figurer-kort\/\",\"url\":\"https:\/\/woodinout.net\/no\/product\/figurer-kort\/\",\"name\":\"Former kort - Woodinout \u00a9 -leker SHOP\",\"isPartOf\":{\"@id\":\"https:\/\/woodinout.net\/no\/#website\"},\"datePublished\":\"2021-03-21T17:15:28+00:00\",\"dateModified\":\"2021-03-21T17:15:28+00:00\",\"description\":\"L\u00e6r barna geometri, probleml\u00f8sning og utvikler finmotorikk p\u00e5 en morsom m\u00e5te. Lek med stilige h\u00e5ndlagde, naturlige treklosser.\",\"breadcrumb\":{\"@id\":\"https:\/\/woodinout.net\/no\/product\/figurer-kort\/#breadcrumb\"},\"inLanguage\":\"nb-NO\",\"potentialAction\":[{\"@type\":\"ReadAction\",\"target\":[\"https:\/\/woodinout.net\/no\/product\/figurer-kort\/\"]}]},{\"@type\":\"BreadcrumbList\",\"@id\":\"https:\/\/woodinout.net\/no\/product\/figurer-kort\/#breadcrumb\",\"itemListElement\":[{\"@type\":\"ListItem\",\"position\":1,\"name\":\"Home\",\"item\":\"https:\/\/woodinout.net\/no\/\"},{\"@type\":\"ListItem\",\"position\":2,\"name\":\"Shop\",\"item\":\"https:\/\/woodinout.net\/shop\/\"},{\"@type\":\"ListItem\",\"position\":3,\"name\":\"Former kort\"}]},{\"@type\":\"WebSite\",\"@id\":\"https:\/\/woodinout.net\/no\/#website\",\"url\":\"https:\/\/woodinout.net\/no\/\",\"name\":\"Woodinout \u00a9\",\"description\":\"Wooden Montessori toys, gifts, home and events decor details\",\"potentialAction\":[{\"@type\":\"SearchAction\",\"target\":{\"@type\":\"EntryPoint\",\"urlTemplate\":\"https:\/\/woodinout.net\/no\/?s={search_term_string}\"},\"query-input\":\"required name=search_term_string\"}],\"inLanguage\":\"nb-NO\"}]}<\/script>\n<!-- \/ Yoast SEO plugin. -->","yoast_head_json":{"title":"Former kort - Woodinout \u00a9 -leker SHOP","description":"L\u00e6r barna geometri, probleml\u00f8sning og utvikler finmotorikk p\u00e5 en morsom m\u00e5te. Lek med stilige h\u00e5ndlagde, naturlige treklosser.","robots":{"index":"index","follow":"follow","max-snippet":"max-snippet:-1","max-image-preview":"max-image-preview:large","max-video-preview":"max-video-preview:-1"},"canonical":"https:\/\/woodinout.net\/no\/product\/figurer-kort\/","og_locale":"nb_NO","og_type":"article","og_title":"Former kort - Woodinout \u00a9 -leker SHOP","og_description":"L\u00e6r barna geometri, probleml\u00f8sning og utvikler finmotorikk p\u00e5 en morsom m\u00e5te. Lek med stilige h\u00e5ndlagde, naturlige treklosser.","og_url":"https:\/\/woodinout.net\/no\/product\/figurer-kort\/","og_site_name":"Woodinout \u00a9","og_image":[{"width":1706,"height":2560,"url":"https:\/\/woodinout.net\/wp-content\/uploads\/2021\/03\/Shapes_cards_3.jpg","type":"image\/jpeg"}],"twitter_card":"summary_large_image","schema":{"@context":"https:\/\/schema.org","@graph":[{"@type":"WebPage","@id":"https:\/\/woodinout.net\/no\/product\/figurer-kort\/","url":"https:\/\/woodinout.net\/no\/product\/figurer-kort\/","name":"Former kort - Woodinout \u00a9 -leker SHOP","isPartOf":{"@id":"https:\/\/woodinout.net\/no\/#website"},"datePublished":"2021-03-21T17:15:28+00:00","dateModified":"2021-03-21T17:15:28+00:00","description":"L\u00e6r barna geometri, probleml\u00f8sning og utvikler finmotorikk p\u00e5 en morsom m\u00e5te. Lek med stilige h\u00e5ndlagde, naturlige treklosser.","breadcrumb":{"@id":"https:\/\/woodinout.net\/no\/product\/figurer-kort\/#breadcrumb"},"inLanguage":"nb-NO","potentialAction":[{"@type":"ReadAction","target":["https:\/\/woodinout.net\/no\/product\/figurer-kort\/"]}]},{"@type":"BreadcrumbList","@id":"https:\/\/woodinout.net\/no\/product\/figurer-kort\/#breadcrumb","itemListElement":[{"@type":"ListItem","position":1,"name":"Home","item":"https:\/\/woodinout.net\/no\/"},{"@type":"ListItem","position":2,"name":"Shop","item":"https:\/\/woodinout.net\/shop\/"},{"@type":"ListItem","position":3,"name":"Former kort"}]},{"@type":"WebSite","@id":"https:\/\/woodinout.net\/no\/#website","url":"https:\/\/woodinout.net\/no\/","name":"Woodinout \u00a9","description":"Wooden Montessori toys, gifts, home and events decor details","potentialAction":[{"@type":"SearchAction","target":{"@type":"EntryPoint","urlTemplate":"https:\/\/woodinout.net\/no\/?s={search_term_string}"},"query-input":"required name=search_term_string"}],"inLanguage":"nb-NO"}]}},"_links":{"self":[{"href":"https:\/\/woodinout.net\/no\/wp-json\/wp\/v2\/product\/21166"}],"collection":[{"href":"https:\/\/woodinout.net\/no\/wp-json\/wp\/v2\/product"}],"about":[{"href":"https:\/\/woodinout.net\/no\/wp-json\/wp\/v2\/types\/product"}],"wp:featuredmedia":[{"embeddable":true,"href":"https:\/\/woodinout.net\/no\/wp-json\/wp\/v2\/media\/20139"}],"wp:attachment":[{"href":"https:\/\/woodinout.net\/no\/wp-json\/wp\/v2\/media?parent=21166"}],"wp:term":[{"taxonomy":"product_cat","embeddable":true,"href":"https:\/\/woodinout.net\/no\/wp-json\/wp\/v2\/product_cat?post=21166"},{"taxonomy":"product_tag","embeddable":true,"href":"https:\/\/woodinout.net\/no\/wp-json\/wp\/v2\/product_tag?post=21166"}],"curies":[{"name":"wp","href":"https:\/\/api.w.org\/{rel}","templated":true}]}}